{"id":3727,"date":"2023-08-02T10:26:38","date_gmt":"2023-08-02T10:26:38","guid":{"rendered":"https:\/\/www.designcangencer.com\/?page_id=3727"},"modified":"2025-01-27T19:30:13","modified_gmt":"2025-01-27T19:30:13","slug":"bilboard-ve-afis-tasarimlari","status":"publish","type":"page","link":"https:\/\/www.designcangencer.com\/fr\/bilboard-et-exposition-designs\/","title":{"rendered":"Conception de panneaux d'affichage et d'affiches"},"content":{"rendered":"<p><div class=\"fusion-fullwidth fullwidth-box fusion-builder-row-1 fusion-flex-container has-pattern-background has-mask-background nonhundred-percent-fullwidth non-hundred-percent-height-scrolling\" style=\"background-color: rgba(255,255,255,0);background-position: center center;background-repeat: no-repeat;border-width: 0px 0px 0px 0px;border-color:hsla(var(--awb-color8-h),var(--awb-color8-s),var(--awb-color8-l),calc( var(--awb-color8-a) - 92% ));border-style:solid;\" ><div class=\"fusion-builder-row fusion-row fusion-flex-align-items-flex-start fusion-flex-justify-content-center\" style=\"max-width:1476.8px;margin-left: calc(-4% \/ 2 );margin-right: calc(-4% \/ 2 );\"><div class=\"fusion-layout-column fusion_builder_column fusion-builder-column-0 fusion_builder_column_1_2 1_2 fusion-flex-column\"><div class=\"fusion-column-wrapper fusion-flex-justify-content-flex-start fusion-content-layout-column\" style=\"background-position:left top;background-repeat:no-repeat;-webkit-background-size:cover;-moz-background-size:cover;-o-background-size:cover;background-size:cover;padding: 0px 0px 0px 0px;\"><div ><span class=\"fusion-imageframe imageframe-none imageframe-1 hover-type-none\" style=\"border-radius:8px;\"><img decoding=\"async\" width=\"2560\" height=\"1709\" title=\"panneau d&#039;affichage et banni\u00e8re\" src=\"https:\/\/www.designcangencer.com\/wp-content\/uploads\/2023\/12\/bilboard-ve-afis-1-scaled.jpg\" data-orig-src=\"https:\/\/www.designcangencer.com\/wp-content\/uploads\/2023\/12\/bilboard-ve-afis-1-scaled.jpg\" alt class=\"lazyload img-responsive wp-image-4400\" srcset=\"data:image\/svg+xml,%3Csvg%20xmlns%3D%27http%3A%2F%2Fwww.w3.org%2F2000%2Fsvg%27%20width%3D%272560%27%20height%3D%271709%27%20viewBox%3D%270%200%202560%201709%27%3E%3Crect%20width%3D%272560%27%20height%3D%271709%27%20fill-opacity%3D%220%22%2F%3E%3C%2Fsvg%3E\" data-srcset=\"https:\/\/www.designcangencer.com\/wp-content\/uploads\/2023\/12\/bilboard-ve-afis-1-200x133.jpg 200w, https:\/\/www.designcangencer.com\/wp-content\/uploads\/2023\/12\/bilboard-ve-afis-1-400x267.jpg 400w, https:\/\/www.designcangencer.com\/wp-content\/uploads\/2023\/12\/bilboard-ve-afis-1-600x400.jpg 600w, https:\/\/www.designcangencer.com\/wp-content\/uploads\/2023\/12\/bilboard-ve-afis-1-800x534.jpg 800w, https:\/\/www.designcangencer.com\/wp-content\/uploads\/2023\/12\/bilboard-ve-afis-1-1200x801.jpg 1200w, https:\/\/www.designcangencer.com\/wp-content\/uploads\/2023\/12\/bilboard-ve-afis-1-scaled.jpg 2560w\" data-sizes=\"auto\" data-orig-sizes=\"(max-width: 640px) 100vw, 800px\" \/><\/span><\/div><\/div><style type=\"text\/css\">.fusion-body .fusion-builder-column-0{width:50% !important;margin-top : 20px;margin-bottom : 20px;}.fusion-builder-column-0 > .fusion-column-wrapper {padding-top : 0px !important;padding-right : 0px !important;margin-right : 3.84%;padding-bottom : 0px !important;padding-left : 0px !important;margin-left : 3.84%;}@media only screen and (max-width:1024px) {.fusion-body .fusion-builder-column-0{width:50% !important;order : 0;}.fusion-builder-column-0 > .fusion-column-wrapper {margin-right : 3.84%;margin-left : 3.84%;}}@media only screen and (max-width:640px) {.fusion-body .fusion-builder-column-0{width:100% !important;order : 0;}.fusion-builder-column-0 > .fusion-column-wrapper {margin-right : 1.92%;margin-left : 1.92%;}}<\/style><\/div><div class=\"fusion-layout-column fusion_builder_column fusion-builder-column-1 fusion_builder_column_1_2 1_2 fusion-flex-column\"><div class=\"fusion-column-wrapper fusion-flex-justify-content-flex-start fusion-content-layout-column\" style=\"background-position:left top;background-repeat:no-repeat;-webkit-background-size:cover;-moz-background-size:cover;-o-background-size:cover;background-size:cover;padding: 0px 0px 0px 0px;\"><div class=\"fusion-text fusion-text-1\"><h2><strong>QU'EST-CE QU'UN PANNEAU D'AFFICHAGE ?<\/strong><\/h2>\n<\/div><div class=\"fusion-text fusion-text-2\"><p>Le panneau d'affichage est un mod\u00e8le de publicit\u00e9 ext\u00e9rieure. Il s'agit de panneaux de grande taille ayant le pouvoir d'influencer facilement les gens, expos\u00e9s avec des visuels et divers contenus publicitaires dans des zones o\u00f9 les publics cibles \u00e0 atteindre sont denses. Gr\u00e2ce aux \u00e9l\u00e9ments publicitaires, \u00e0 la taille et aux dessins qu'il contient, il garantit que les messages que l'on souhaite faire passer sur l'entreprise et le produit dans des lieux appropri\u00e9s parviennent rapidement. Dans ce type de publicit\u00e9 qui n\u00e9cessite une approche particuli\u00e8re de la conception, en tant que soci\u00e9t\u00e9 de conseil num\u00e9rique Design Can Gen\u00e7er, nous pr\u00e9parons soigneusement vos conceptions pour vous.<\/p>\n<\/div><\/div><style type=\"text\/css\">.fusion-body .fusion-builder-column-1{width:50% !important;margin-top : 20px;margin-bottom : 20px;}.fusion-builder-column-1 > .fusion-column-wrapper {padding-top : 0px !important;padding-right : 0px !important;margin-right : 3.84%;padding-bottom : 0px !important;padding-left : 0px !important;margin-left : 3.84%;}@media only screen and (max-width:1024px) {.fusion-body .fusion-builder-column-1{width:50% !important;order : 0;}.fusion-builder-column-1 > .fusion-column-wrapper {margin-right : 3.84%;margin-left : 3.84%;}}@media only screen and (max-width:640px) {.fusion-body .fusion-builder-column-1{width:100% !important;order : 0;}.fusion-builder-column-1 > .fusion-column-wrapper {margin-right : 1.92%;margin-left : 1.92%;}}<\/style><\/div><\/div><style type=\"text\/css\">.fusion-body .fusion-flex-container.fusion-builder-row-1{ padding-top : 0px;margin-top : 0px;padding-right : 0px;padding-bottom : 0px;margin-bottom : 0px;padding-left : 0px;}<\/style><\/div><div class=\"fusion-fullwidth fullwidth-box fusion-builder-row-2 fusion-flex-container has-pattern-background has-mask-background nonhundred-percent-fullwidth non-hundred-percent-height-scrolling\" style=\"background-color: rgba(255,255,255,0);background-position: center center;background-repeat: no-repeat;border-width: 0px 0px 0px 0px;border-color:hsla(var(--awb-color8-h),var(--awb-color8-s),var(--awb-color8-l),calc( var(--awb-color8-a) - 92% ));border-style:solid;\" ><div class=\"fusion-builder-row fusion-row fusion-flex-align-items-flex-start fusion-flex-justify-content-center\" style=\"max-width:1476.8px;margin-left: calc(-4% \/ 2 );margin-right: calc(-4% \/ 2 );\"><div class=\"fusion-layout-column fusion_builder_column fusion-builder-column-2 fusion_builder_column_1_1 1_1 fusion-flex-column\"><div class=\"fusion-column-wrapper fusion-flex-justify-content-flex-start fusion-content-layout-column\" style=\"background-position:left top;background-repeat:no-repeat;-webkit-background-size:cover;-moz-background-size:cover;-o-background-size:cover;background-size:cover;padding: 0px 0px 0px 0px;\"><div class=\"fusion-text fusion-text-3\"><h2><strong>QU'EST-CE QU'UNE BANNI\u00c8RE PUBLICITAIRE ?<\/strong><\/h2>\n<p>L'affiche est un mod\u00e8le de publicit\u00e9 visuelle qui est d'abord utilis\u00e9 dans les lieux publics pour annoncer ou faire conna\u00eetre un service, un produit, une organisation ou une campagne aux masses. Elle est largement utilis\u00e9e pour annoncer des campagnes, des promotions, des \u00e9v\u00e9nements.<\/p>\n<p>Pour attirer l'attention des masses, il faut utiliser des designs cr\u00e9atifs et des affiches int\u00e9ressantes. Les affiches font partie des m\u00e9thodes efficaces et fr\u00e9quemment pr\u00e9f\u00e9r\u00e9es, comme les panneaux d'affichage. En tant que soci\u00e9t\u00e9 de conseil num\u00e9rique Design Can Gen\u00e7er, nous veillons \u00e0 ce que votre travail soit \u00e0 la fois accrocheur et int\u00e9ressant.<\/p>\n<h2><strong>QU'EST-CE QU'UN PANNEAU PUBLICITAIRE ?<\/strong><\/h2>\n<p>Les panneaux publicitaires sont l'outil le plus efficace pour promouvoir une marque, une entreprise ou un produit de la mani\u00e8re la plus rapide possible. L'affichage publicitaire, con\u00e7u de mani\u00e8re r\u00e9fl\u00e9chie, est expos\u00e9 sur le panneau d'affichage, qui est lou\u00e9 \u00e0 un bon endroit o\u00f9 de nombreux publics peuvent \u00eatre atteints, ce qui garantit que le public cibl\u00e9 est pleinement atteint. Lorsque l'on parle de panneaux d'affichage, on pense \u00e0 d'immenses panneaux. Les banni\u00e8res d'affichage pr\u00e9par\u00e9es sur les panneaux situ\u00e9s dans des endroits appropri\u00e9s de la ville sont plac\u00e9es.<\/p>\n<p>Lors de la location d'un panneau d'affichage, il faut veiller \u00e0 choisir des emplacements o\u00f9 la circulation des v\u00e9hicules et des pi\u00e9tons est importante. Comme le panneau d'affichage sera vu de loin et de pr\u00e8s, sa conception doit \u00eatre appropri\u00e9e. En effet, les informations \u00e0 obtenir par la personne qui lira les \u00e9crits de loin et celle qui les lira de pr\u00e8s doivent \u00eatre pratiquement les m\u00eames. Compte tenu de la circulation des v\u00e9hicules, il n'est pas recommand\u00e9 d'utiliser des num\u00e9ros de t\u00e9l\u00e9phone sur les banni\u00e8res.<\/p>\n<h2><strong>QU'EST-CE QU'UN PANNEAU D'AFFICHAGE NUM\u00c9RIQUE ?<\/strong><\/h2>\n<p>Les panneaux d'affichage num\u00e9rique sont des cr\u00e9ations qui permettent d'atteindre instantan\u00e9ment le public cible. Ils sont con\u00e7us en fonction du public cible et du produit ou service \u00e0 promouvoir. Le panneau d'affichage num\u00e9rique est l'un des types de publicit\u00e9 ext\u00e9rieure qui permet de diffuser la publicit\u00e9 souhait\u00e9e aupr\u00e8s du public cible. Les panneaux d'affichage num\u00e9riques sont plus commun\u00e9ment connus sous le nom de panneaux d'affichage mobiles.<\/p>\n<p>En g\u00e9n\u00e9ral, les panneaux d'affichage num\u00e9rique atteignent plus facilement le public cible dans les zones \u00e0 forte fr\u00e9quentation pi\u00e9tonne telles que les a\u00e9roports, les terminaux et les gares. Mais depuis peu, les panneaux d'affichage \u00e9quip\u00e9s de lecteurs de codes carr\u00e9s figurent parmi les outils publicitaires les plus efficaces. Les raisons pour lesquelles les panneaux d'affichage num\u00e9rique sont pr\u00e9f\u00e9r\u00e9s sont qu'ils ont des couleurs vives, qu'ils sont mobiles et qu'ils sont remarquables.<\/p>\n<h2><strong>QU'EST-CE QU'UNE BANNI\u00c8RE OU UN PANNEAU D'AFFICHAGE ?<\/strong><\/h2>\n<p>Les panneaux d'affichage ont une taille qui peut \u00eatre accroch\u00e9e. Bien que les dimensions standard des panneaux d'affichage utilis\u00e9s en Turquie soient de 3,5 x 2 m\u00e8tres, des panneaux d'affichage de plus grand diam\u00e8tre sont \u00e9galement utilis\u00e9s. Les m\u00e9gapanneaux sont de grandes dimensions et sont g\u00e9n\u00e9ralement utilis\u00e9s en dehors des villes. Les m\u00e9gapanneaux, connus sous le nom de panneaux publicitaires d'arr\u00eat, mesurent g\u00e9n\u00e9ralement 118,5 x 174,5 cm. Ces panneaux sont utilis\u00e9s dans les ferries, les gares, les stations de m\u00e9tro et les arr\u00eats de bus municipaux.<\/p>\n<h2><strong>QUELS SONT LES TYPES DE PANNEAUX D'AFFICHAGE ?<\/strong><\/h2>\n<p>Les panneaux d'affichage, qui varient en fonction du but de leur utilisation et du secteur, doivent \u00eatre orient\u00e9s vers les types de panneaux qui permettent d'atteindre le public cible d'une mani\u00e8re courte et facile. Par exemple, si une entreprise offre ses services la nuit, il est pr\u00e9f\u00e9rable d'opter pour des panneaux d'affichage lumineux.<\/p>\n<p><strong><em>Les types de panneaux d'affichage les plus couramment utilis\u00e9s :<\/em><\/strong><\/p>\n<p><strong>1-<\/strong>Affiche Panneau d'affichage<\/p>\n<p><strong>2-<\/strong>Panneau d'affichage lumineux<\/p>\n<p><strong>3-<\/strong>Panneau d'affichage du menu<\/p>\n<p><strong>4-<\/strong>Panneau d'affichage sur pied et \u00e9clair\u00e9<\/p>\n<p><strong>5-<\/strong>Panneau d'affichage \u00e0 embo\u00eetement pour le snowboard<\/p>\n<p><strong>6-<\/strong>Bo\u00eete \u00e0 lumi\u00e8re<\/p>\n<p><strong>7-<\/strong>Vis de r\u00e9servoir d'eau<\/p>\n<p><strong>8-<\/strong>Courb\u00e9<\/p>\n<p><strong>9-<\/strong>Snaplight<\/p>\n<p><strong>10-<\/strong>Bo\u00eete \u00e0 lumi\u00e8re convexe<\/p>\n<p><strong>11-<\/strong>Tableau d'affichage<\/p>\n<p><strong> <img decoding=\"async\" class=\"lazyload alignnone size-full wp-image-4673\" src=\"https:\/\/www.designcangencer.com\/wp-content\/uploads\/2025\/01\/802d6f24483587.57291eb441d70.jpg\" data-orig-src=\"https:\/\/www.designcangencer.com\/wp-content\/uploads\/2025\/01\/802d6f24483587.57291eb441d70.jpg\" alt=\"\" width=\"1920\" height=\"1280\" srcset=\"data:image\/svg+xml,%3Csvg%20xmlns%3D%27http%3A%2F%2Fwww.w3.org%2F2000%2Fsvg%27%20width%3D%271920%27%20height%3D%271280%27%20viewBox%3D%270%200%201920%201280%27%3E%3Crect%20width%3D%271920%27%20height%3D%271280%27%20fill-opacity%3D%220%22%2F%3E%3C%2Fsvg%3E\" data-srcset=\"https:\/\/www.designcangencer.com\/wp-content\/uploads\/2025\/01\/802d6f24483587.57291eb441d70-200x133.jpg 200w, https:\/\/www.designcangencer.com\/wp-content\/uploads\/2025\/01\/802d6f24483587.57291eb441d70-300x200.jpg 300w, https:\/\/www.designcangencer.com\/wp-content\/uploads\/2025\/01\/802d6f24483587.57291eb441d70-400x267.jpg 400w, https:\/\/www.designcangencer.com\/wp-content\/uploads\/2025\/01\/802d6f24483587.57291eb441d70-600x400.jpg 600w, https:\/\/www.designcangencer.com\/wp-content\/uploads\/2025\/01\/802d6f24483587.57291eb441d70-768x512.jpg 768w, https:\/\/www.designcangencer.com\/wp-content\/uploads\/2025\/01\/802d6f24483587.57291eb441d70-800x533.jpg 800w, https:\/\/www.designcangencer.com\/wp-content\/uploads\/2025\/01\/802d6f24483587.57291eb441d70-1024x683.jpg 1024w, https:\/\/www.designcangencer.com\/wp-content\/uploads\/2025\/01\/802d6f24483587.57291eb441d70-1200x800.jpg 1200w, https:\/\/www.designcangencer.com\/wp-content\/uploads\/2025\/01\/802d6f24483587.57291eb441d70-1536x1024.jpg 1536w, https:\/\/www.designcangencer.com\/wp-content\/uploads\/2025\/01\/802d6f24483587.57291eb441d70.jpg 1920w\" data-sizes=\"auto\" data-orig-sizes=\"(max-width: 1920px) 100vw, 1920px\" \/><\/strong><\/p>\n<h2><a href=\"https:\/\/www.designcangencer.com\/fr\/communication\/\"><strong>QUELS SONT LES TYPES DE BANNI\u00c8RES ?<\/strong><\/a><\/h2>\n<p>Pour les banni\u00e8res, o\u00f9 l'on utilise g\u00e9n\u00e9ralement des papiers couch\u00e9s brillants, les papiers couch\u00e9s sont pr\u00e9f\u00e9r\u00e9s entre 250 gr et 350 gr. L'affiche est pr\u00e9par\u00e9e en fonction de la quantit\u00e9 d'informations \u00e0 fournir. En fonction de cela, diff\u00e9rentes tailles sont pr\u00e9f\u00e9r\u00e9es. Les banderoles de 35 x 50 cm, 50 x 70 cm et 70 x 100 cm sont parmi les types d'affiches les plus populaires.  L'impression d'affiches est pr\u00e9par\u00e9e en diff\u00e9rentes tailles en fonction des endroits o\u00f9 elles seront plac\u00e9es. En g\u00e9n\u00e9ral, l'impression se fait sur une seule face, tandis que l'impression sur les deux faces se fait en fonction du type d'application et de l'emplacement. Une fois les banni\u00e8res imprim\u00e9es, elles peuvent \u00eatre recouvertes d'une cellophane mate ou brillante.<\/p>\n<h2><a href=\"https:\/\/www.instagram.com\/designcangencer\/?next=\" target=\"_blank\" rel=\"noopener\"><strong>QUELS SONT LES AVANTAGES DE L'AFFICHAGE PUBLICITAIRE ?<\/strong><\/a><\/h2>\n<ul>\n<li>Le public cible est atteint en peu de temps<\/li>\n<li>Accro\u00eetre la notori\u00e9t\u00e9 de la marque<\/li>\n<li>C'est une m\u00e9thode efficace pour la publicit\u00e9 ext\u00e9rieure<\/li>\n<li>Les panneaux d'affichage offrent un service 24 heures sur 24 et 7 jours sur 7 \u00e0 l'annonceur.<\/li>\n<li>Il est accessible au public, ne peut \u00eatre ignor\u00e9, ne peut \u00eatre contourn\u00e9 dans le domaine o\u00f9 il a \u00e9t\u00e9 \u00e9tabli et ne peut \u00eatre modifi\u00e9 \u00e0 la vol\u00e9e.<\/li>\n<\/ul>\n<p><strong>\u00a0<\/strong><\/p>\n<p><strong>\u00a0<\/strong><\/p>\n<p><strong>\u00a0<\/strong><\/p>\n<h2><strong>QUELLE DOIT \u00caTRE LA CONCEPTION DE L'AFFICHE ?<\/strong><\/h2>\n<p>Les affiches sont con\u00e7ues pour transmettre rapidement le message qu'elles v\u00e9hiculent, pour \u00eatre imm\u00e9diatement reconnaissables et int\u00e9ressantes.<\/p>\n<ul>\n<li>L'affiche doit \u00eatre perceptible au premier coup d'\u0153il. Le message doit \u00eatre rapide, percutant, \u00e9motionnel et stimulant.<\/li>\n<li>Les mots utilis\u00e9s doivent \u00eatre courts, compr\u00e9hensibles et int\u00e9ressants. Le message doit \u00eatre orient\u00e9 vers l'action.<\/li>\n<li>Il convient d'utiliser des visuels originaux et de r\u00e9duire le nombre de mots.<\/li>\n<li>Dans la typographie et le design, les d\u00e9tails inutiles doivent \u00eatre \u00e9vit\u00e9s et l'accent doit \u00eatre mis sur ce que l'on souhaite mettre en valeur.<\/li>\n<li>L'image utilis\u00e9e doit \u00eatre unique et il ne faut pas utiliser plus d'une image. L'utilisation d'\u00e9l\u00e9ments visuels inutiles fait d\u00e9vier le public cible du centre d'attention.<\/li>\n<li>Il faut veiller \u00e0 ce que la typographie soit grande et simple afin qu'elle puisse \u00eatre lue \u00e0 une distance d'au moins dix (10) m\u00e8tres.<\/li>\n<li>Le visuel doit \u00eatre mis en \u00e9vidence et l'arri\u00e8re-plan doit pr\u00e9senter un contraste de couleurs.<\/li>\n<\/ul>\n<h2><strong>QUE DOIT AVOIR UNE AFFICHE ?<\/strong><\/h2>\n<p>Vous pouvez y inclure vos produits et services, des photos de votre entreprise prises par des professionnels, des informations sur l'entreprise, un slogan percutant, une campagne et des d\u00e9tails, des informations susceptibles de soutenir la promotion g\u00e9n\u00e9rale et les ventes. Il est important que la banni\u00e8re soit remarquable, que le public cible l'examine et s'y int\u00e9resse d\u00e8s le premier coup d'\u0153il<\/p>\n<h2><strong>CE QU'IL FAUT SAVOIR SUR LES PANNEAUX PUBLICITAIRES<\/strong><\/h2>\n<p><strong>&#8211;<\/strong>La position de l'affichage publicitaire est directement li\u00e9e aux strat\u00e9gies publicitaires. Les agences d'affichage proposent les emplacements les mieux adapt\u00e9s \u00e0 la strat\u00e9gie publicitaire.<\/p>\n<p><strong>&#8211; <\/strong>L'utilisation d'un texte concis, court et clair est importante pour la publicit\u00e9 sur panneaux d'affichage.<\/p>\n<p><strong>&#8211;<\/strong>Les slogans en grands caract\u00e8res sont efficaces pour la promotion d'\u00e9v\u00e9nements, de produits et de services.<\/p>\n<p><strong>&#8211;<\/strong>Afin d'attirer l'attention et la perception du public cible, il est important que les slogans soient color\u00e9s, remarquables et humoristiques.<\/p>\n<p>-Les facteurs environnementaux doivent \u00eatre pris en consid\u00e9ration dans la conception des affiches.<\/p>\n<p>-L'histoire de l'affichage, l'un des mod\u00e8les de publicit\u00e9 ext\u00e9rieure, remonte \u00e0 l'histoire du secteur de la publicit\u00e9.<\/p>\n<\/div><\/div><style type=\"text\/css\">.fusion-body .fusion-builder-column-2{width:100% !important;margin-top : 20px;margin-bottom : 20px;}.fusion-builder-column-2 > .fusion-column-wrapper {padding-top : 0px !important;padding-right : 0px !important;margin-right : 1.92%;padding-bottom : 0px !important;padding-left : 0px !important;margin-left : 1.92%;}@media only screen and (max-width:1024px) {.fusion-body .fusion-builder-column-2{width:100% !important;order : 0;}.fusion-builder-column-2 > .fusion-column-wrapper {margin-right : 1.92%;margin-left : 1.92%;}}@media only screen and (max-width:640px) {.fusion-body .fusion-builder-column-2{width:100% !important;order : 0;}.fusion-builder-column-2 > .fusion-column-wrapper {margin-right : 1.92%;margin-left : 1.92%;}}<\/style><\/div><\/div><style type=\"text\/css\">.fusion-body .fusion-flex-container.fusion-builder-row-2{ padding-top : 0px;margin-top : 0px;padding-right : 0px;padding-bottom : 0px;margin-bottom : 0px;padding-left : 0px;}<\/style><\/div><\/p>","protected":false},"excerpt":{"rendered":"","protected":false},"author":1,"featured_media":0,"parent":0,"menu_order":0,"comment_status":"closed","ping_status":"closed","template":"100-width.php","meta":{"om_disable_all_campaigns":false,"_monsterinsights_skip_tracking":false,"_monsterinsights_sitenote_active":false,"_monsterinsights_sitenote_note":"","_monsterinsights_sitenote_category":0,"footnotes":""},"class_list":["post-3727","page","type-page","status-publish","hentry"],"aioseo_notices":[],"_links":{"self":[{"href":"https:\/\/www.designcangencer.com\/fr\/wp-json\/wp\/v2\/pages\/3727","targetHints":{"allow":["GET"]}}],"collection":[{"href":"https:\/\/www.designcangencer.com\/fr\/wp-json\/wp\/v2\/pages"}],"about":[{"href":"https:\/\/www.designcangencer.com\/fr\/wp-json\/wp\/v2\/types\/page"}],"author":[{"embeddable":true,"href":"https:\/\/www.designcangencer.com\/fr\/wp-json\/wp\/v2\/users\/1"}],"replies":[{"embeddable":true,"href":"https:\/\/www.designcangencer.com\/fr\/wp-json\/wp\/v2\/comments?post=3727"}],"version-history":[{"count":13,"href":"https:\/\/www.designcangencer.com\/fr\/wp-json\/wp\/v2\/pages\/3727\/revisions"}],"predecessor-version":[{"id":4674,"href":"https:\/\/www.designcangencer.com\/fr\/wp-json\/wp\/v2\/pages\/3727\/revisions\/4674"}],"wp:attachment":[{"href":"https:\/\/www.designcangencer.com\/fr\/wp-json\/wp\/v2\/media?parent=3727"}],"curies":[{"name":"wp","href":"https:\/\/api.w.org\/{rel}","templated":true}]}}