{"id":3711,"date":"2023-08-02T10:25:05","date_gmt":"2023-08-02T10:25:05","guid":{"rendered":"https:\/\/www.designcangencer.com\/?page_id=3711"},"modified":"2025-01-27T19:05:23","modified_gmt":"2025-01-27T19:05:23","slug":"profesyonel-instagram-icerik-uretimi","status":"publish","type":"page","link":"https:\/\/www.designcangencer.com\/fr\/production-de-contenu-professionnel-instagram\/","title":{"rendered":"Production de contenu Instagram professionnel"},"content":{"rendered":"<div class=\"fusion-fullwidth fullwidth-box fusion-builder-row-1 fusion-flex-container has-pattern-background has-mask-background nonhundred-percent-fullwidth non-hundred-percent-height-scrolling\" style=\"background-color: rgba(255,255,255,0);background-position: center center;background-repeat: no-repeat;border-width: 0px 0px 0px 0px;border-color:hsla(var(--awb-color8-h),var(--awb-color8-s),var(--awb-color8-l),calc( var(--awb-color8-a) - 92% ));border-style:solid;\" ><div class=\"fusion-builder-row fusion-row fusion-flex-align-items-flex-start\" style=\"max-width:1476.8px;margin-left: calc(-4% \/ 2 );margin-right: calc(-4% \/ 2 );\"><div class=\"fusion-layout-column fusion_builder_column fusion-builder-column-0 fusion_builder_column_1_2 1_2 fusion-flex-column\"><div class=\"fusion-column-wrapper fusion-flex-justify-content-flex-start fusion-content-layout-column\" style=\"background-position:left top;background-repeat:no-repeat;-webkit-background-size:cover;-moz-background-size:cover;-o-background-size:cover;background-size:cover;padding: 0px 0px 0px 0px;\"><div ><span class=\"fusion-imageframe imageframe-none imageframe-1 hover-type-none\" style=\"border-radius:8px;\"><img decoding=\"async\" width=\"2560\" height=\"1707\" title=\"site-instagram-ads-visual\" src=\"https:\/\/www.designcangencer.com\/wp-content\/uploads\/2023\/12\/website-instagram-reklamlari-gorsel-scaled.jpg\" data-orig-src=\"https:\/\/www.designcangencer.com\/wp-content\/uploads\/2023\/12\/website-instagram-reklamlari-gorsel-scaled.jpg\" alt class=\"lazyload img-responsive wp-image-4421\" srcset=\"data:image\/svg+xml,%3Csvg%20xmlns%3D%27http%3A%2F%2Fwww.w3.org%2F2000%2Fsvg%27%20width%3D%272560%27%20height%3D%271707%27%20viewBox%3D%270%200%202560%201707%27%3E%3Crect%20width%3D%272560%27%20height%3D%271707%27%20fill-opacity%3D%220%22%2F%3E%3C%2Fsvg%3E\" data-srcset=\"https:\/\/www.designcangencer.com\/wp-content\/uploads\/2023\/12\/website-instagram-reklamlari-gorsel-200x133.jpg 200w, https:\/\/www.designcangencer.com\/wp-content\/uploads\/2023\/12\/website-instagram-reklamlari-gorsel-400x267.jpg 400w, https:\/\/www.designcangencer.com\/wp-content\/uploads\/2023\/12\/website-instagram-reklamlari-gorsel-600x400.jpg 600w, https:\/\/www.designcangencer.com\/wp-content\/uploads\/2023\/12\/website-instagram-reklamlari-gorsel-800x533.jpg 800w, https:\/\/www.designcangencer.com\/wp-content\/uploads\/2023\/12\/website-instagram-reklamlari-gorsel-1200x800.jpg 1200w, https:\/\/www.designcangencer.com\/wp-content\/uploads\/2023\/12\/website-instagram-reklamlari-gorsel-scaled.jpg 2560w\" data-sizes=\"auto\" data-orig-sizes=\"(max-width: 640px) 100vw, 800px\" \/><\/span><\/div><\/div><style type=\"text\/css\">.fusion-body .fusion-builder-column-0{width:50% !important;margin-top : 20px;margin-bottom : 20px;}.fusion-builder-column-0 > .fusion-column-wrapper {padding-top : 0px !important;padding-right : 0px !important;margin-right : 3.84%;padding-bottom : 0px !important;padding-left : 0px !important;margin-left : 3.84%;}@media only screen and (max-width:1024px) {.fusion-body .fusion-builder-column-0{width:50% !important;order : 0;}.fusion-builder-column-0 > .fusion-column-wrapper {margin-right : 3.84%;margin-left : 3.84%;}}@media only screen and (max-width:640px) {.fusion-body .fusion-builder-column-0{width:100% !important;order : 0;}.fusion-builder-column-0 > .fusion-column-wrapper {margin-right : 1.92%;margin-left : 1.92%;}}<\/style><\/div><div class=\"fusion-layout-column fusion_builder_column fusion-builder-column-1 fusion_builder_column_1_2 1_2 fusion-flex-column\"><div class=\"fusion-column-wrapper fusion-flex-justify-content-flex-start fusion-content-layout-column\" style=\"background-position:left top;background-repeat:no-repeat;-webkit-background-size:cover;-moz-background-size:cover;-o-background-size:cover;background-size:cover;padding: 0px 0px 0px 0px;\"><div class=\"fusion-text fusion-text-1\"><p><strong>QUELLES SONT LES \u00c9TAPES \u00c0 SUIVRE POUR LA PRODUCTION DE CONTENU SUR INSTAGRAM ?<\/strong><\/p>\n<\/div><div class=\"fusion-text fusion-text-2\"><ul>\n<li><strong>D\u00c9TERMINER LE PUBLIC CIBLE :<\/strong> Tout d'abord, il est n\u00e9cessaire de d\u00e9terminer pour qui vous produisez votre contenu. Il est n\u00e9cessaire de disposer d'informations sur les caract\u00e9ristiques d\u00e9mographiques, les comportements et les int\u00e9r\u00eats de votre public cible. Le contenu est pr\u00e9par\u00e9 en fonction des attentes du public cible.<\/li>\n<li><strong>S\u00c9LECTION DU TYPE DE CONTENU :<\/strong> Lequel des diff\u00e9rents types de contenu (vid\u00e9o, visuel, texte ou audio) vous aide \u00e0 mieux communiquer avec votre public cible.<\/li>\n<li><strong>LA S\u00c9LECTION DES TH\u00c8MES :<\/strong> Il est important de d\u00e9terminer des sujets int\u00e9ressants et appropri\u00e9s pour la production de contenu. Il convient de s\u00e9lectionner des sujets qui correspondent \u00e0 l'objectif de votre marque et aux int\u00e9r\u00eats de votre public cible.<\/li>\n<li><strong>LA PLANIFICATION DU CONTENU :<\/strong> Des plans sont cr\u00e9\u00e9s pour d\u00e9terminer les jours et les heures auxquels votre contenu doit \u00eatre partag\u00e9. Ce plan garantit un partage coh\u00e9rent et r\u00e9gulier de votre contenu.<\/li>\n<\/ul>\n<\/div><\/div><style type=\"text\/css\">.fusion-body .fusion-builder-column-1{width:50% !important;margin-top : 20px;margin-bottom : 20px;}.fusion-builder-column-1 > .fusion-column-wrapper {padding-top : 0px !important;padding-right : 0px !important;margin-right : 3.84%;padding-bottom : 0px !important;padding-left : 0px !important;margin-left : 3.84%;}@media only screen and (max-width:1024px) {.fusion-body .fusion-builder-column-1{width:50% !important;order : 0;}.fusion-builder-column-1 > .fusion-column-wrapper {margin-right : 3.84%;margin-left : 3.84%;}}@media only screen and (max-width:640px) {.fusion-body .fusion-builder-column-1{width:100% !important;order : 0;}.fusion-builder-column-1 > .fusion-column-wrapper {margin-right : 1.92%;margin-left : 1.92%;}}<\/style><\/div><div class=\"fusion-layout-column fusion_builder_column fusion-builder-column-2 fusion_builder_column_1_1 1_1 fusion-flex-column\"><div class=\"fusion-column-wrapper fusion-flex-justify-content-flex-start fusion-content-layout-column\" style=\"background-position:left top;background-repeat:no-repeat;-webkit-background-size:cover;-moz-background-size:cover;-o-background-size:cover;background-size:cover;padding: 0px 0px 0px 0px;\"><div class=\"fusion-text fusion-text-3\"><ul>\n<li><strong>LA CR\u00c9ATION DE CONTENU :<\/strong> En fonction du type de contenu s\u00e9lectionn\u00e9, des processus tels que la conception visuelle, le tournage de vid\u00e9os, la cr\u00e9ation d'enregistrements audio et la r\u00e9daction de textes sont mis en \u0153uvre.<\/li>\n<li><strong>TITRES et DESCRIPTIONS ATTRACTIFS<\/strong>: En utilisant des descriptions, des titres et des balises qui soutiennent votre contenu, vous attirez l'attention du public cible.<\/li>\n<li><strong>l'esth\u00e9tique visuelle et sonore : <\/strong>Si un contenu visuel doit \u00eatre produit, les visuels doivent \u00eatre utilis\u00e9s conform\u00e9ment aux principes de conception et d'esth\u00e9tique. S'il s'agit d'un contenu audio, la qualit\u00e9 de l'enregistrement et des arrangements sonores est importante.<\/li>\n<li><strong>INTERACTION et R\u00c9PONSE :<\/strong> R\u00e9pondre aux commentaires, aux likes ou aux partages de contenu augmente l'interaction de votre entreprise. Pour cela, il faut <a href=\"https:\/\/www.designcangencer.com\/fr\/communication\/\"><strong><em>Design Can Gen\u00e7er Soci\u00e9t\u00e9 de conseil num\u00e9rique<\/em><\/strong><\/a> nous g\u00e9rons vos m\u00e9dias sociaux et augmentons vos interactions.<\/li>\n<li><strong>Suivi et analyse :<\/strong> Il est important de surveiller les performances du contenu cr\u00e9\u00e9 et de comprendre quel contenu est efficace pour le public cible. Nous examinons vos statistiques d'interaction \u00e0 l'aide d'outils d'analyse des m\u00e9dias sociaux et vous aidons \u00e0 \u00e9laborer vos strat\u00e9gies de contenu.<\/li>\n<\/ul>\n<p>La production de contenu est un processus qui demande des efforts, et il est n\u00e9cessaire de maintenir votre strat\u00e9gie de contenu constamment \u00e0 jour, d'interagir avec votre public cible, et de produire du contenu en accord avec les besoins et les int\u00e9r\u00eats de votre public cible.<\/p>\n<p><img decoding=\"async\" class=\"lazyload size-full wp-image-4657 aligncenter\" src=\"https:\/\/www.designcangencer.com\/wp-content\/uploads\/2025\/01\/ybkMd5pTTTEPEo2PCDVH1QYbYCNMqDpv86dUH1fw.jpg\" data-orig-src=\"https:\/\/www.designcangencer.com\/wp-content\/uploads\/2025\/01\/ybkMd5pTTTEPEo2PCDVH1QYbYCNMqDpv86dUH1fw.jpg\" alt=\"\" width=\"990\" height=\"595\" srcset=\"data:image\/svg+xml,%3Csvg%20xmlns%3D%27http%3A%2F%2Fwww.w3.org%2F2000%2Fsvg%27%20width%3D%27990%27%20height%3D%27595%27%20viewBox%3D%270%200%20990%20595%27%3E%3Crect%20width%3D%27990%27%20height%3D%27595%27%20fill-opacity%3D%220%22%2F%3E%3C%2Fsvg%3E\" data-srcset=\"https:\/\/www.designcangencer.com\/wp-content\/uploads\/2025\/01\/ybkMd5pTTTEPEo2PCDVH1QYbYCNMqDpv86dUH1fw-200x120.jpg 200w, https:\/\/www.designcangencer.com\/wp-content\/uploads\/2025\/01\/ybkMd5pTTTEPEo2PCDVH1QYbYCNMqDpv86dUH1fw-300x180.jpg 300w, https:\/\/www.designcangencer.com\/wp-content\/uploads\/2025\/01\/ybkMd5pTTTEPEo2PCDVH1QYbYCNMqDpv86dUH1fw-400x240.jpg 400w, https:\/\/www.designcangencer.com\/wp-content\/uploads\/2025\/01\/ybkMd5pTTTEPEo2PCDVH1QYbYCNMqDpv86dUH1fw-600x361.jpg 600w, https:\/\/www.designcangencer.com\/wp-content\/uploads\/2025\/01\/ybkMd5pTTTEPEo2PCDVH1QYbYCNMqDpv86dUH1fw-768x462.jpg 768w, https:\/\/www.designcangencer.com\/wp-content\/uploads\/2025\/01\/ybkMd5pTTTEPEo2PCDVH1QYbYCNMqDpv86dUH1fw-800x481.jpg 800w, https:\/\/www.designcangencer.com\/wp-content\/uploads\/2025\/01\/ybkMd5pTTTEPEo2PCDVH1QYbYCNMqDpv86dUH1fw.jpg 990w\" data-sizes=\"auto\" data-orig-sizes=\"(max-width: 990px) 100vw, 990px\" \/><\/p>\n<p><a href=\"https:\/\/www.instagram.com\/designcangencer\/?next=\" target=\"_blank\" rel=\"noopener\"><strong>QUELLES SONT LES TECHNIQUES DE PRODUCTION DE CONTENU SUR INSTAGRAM ?<\/strong><\/a><\/p>\n<p>Il existe de nombreuses techniques pour produire un contenu remarquable et de qualit\u00e9 sur Instagram. Il est n\u00e9cessaire d'avoir des informations sur votre compte Instagram, votre audience, vos int\u00e9r\u00eats et le contenu avec lequel vous interagissez. Analyser correctement votre profil permet de s'assurer que votre contenu est cr\u00e9\u00e9 correctement.<\/p>\n<p><em>Les techniques de g\u00e9n\u00e9ration de contenu sont les suivantes ; <\/em><\/p>\n<ul>\n<li><strong>RECONNA\u00ceTRE LES PERSONNES QUI VOUS SUIVENT :<\/strong> La premi\u00e8re priorit\u00e9 pour la planification de contenu sur Instagram est de reconna\u00eetre votre public cible. Si la cr\u00e9ation de contenu se fait sans analyser correctement vos followers, il est possible que les efforts soient gaspill\u00e9s. C'est pourquoi il est n\u00e9cessaire de d\u00e9terminer ce que votre public cible aime et ce qu'il suit. Si la planification du contenu est faite en fonction de votre public cible, votre taux d'interaction augmentera.<\/li>\n<li><strong>D\u00c9TERMINATION DU TH\u00c8ME VISUEL :<\/strong> Un ordre doit \u00eatre cr\u00e9\u00e9 pendant la phase de production du contenu sur Instagram. Il est important d'avoir de l'ordre \u00e0 la fois dans la conception et dans le processus de partage. La cr\u00e9ation d'un th\u00e8me visuel sur votre profil Instagram augmente l'interaction de votre page. Les profils ordonn\u00e9s sont remarquables. Un compte Instagram visuellement r\u00e9ussi augmente le pouvoir d'interaction. <strong><em>Design Can Gen\u00e7er Soci\u00e9t\u00e9 de conseil num\u00e9rique<\/em><\/strong> nous fournissons des services pour que votre entreprise ait un compte Instagram plus fort.<\/li>\n<li><strong>ID\u00c9ES DE CONTENU SUR VOTRE MARQUE et VOTRE PRODUIT :<\/strong> Dans votre profil d'entreprise, vos produits peuvent \u00eatre utilis\u00e9s pour d\u00e9velopper des id\u00e9es de contenu sur Instagram. Nous pouvons cr\u00e9er diff\u00e9rents contenus en pr\u00e9sentant vos produits. En outre, des id\u00e9es de contenu peuvent \u00eatre cr\u00e9\u00e9es sur la base d'exp\u00e9riences de clients ou d'avis sur des produits. Avec de tels posts, vous avez la possibilit\u00e9 de promouvoir vos produits. De cette mani\u00e8re, la notori\u00e9t\u00e9 et la fiabilit\u00e9 de la marque sont accrues. La production d'un contenu qui donne la priorit\u00e9 \u00e0 votre entreprise vous aide \u00e0 vous d\u00e9marquer parmi les pages des entreprises concurrentes. Expliquer clairement votre activit\u00e9 \u00e0 votre public cible permet d'obtenir des conversions positives. Les publics cibles sont plus int\u00e9ress\u00e9s par les marques sinc\u00e8res et sinc\u00e8res. Cette sinc\u00e9rit\u00e9 et la sinc\u00e9rit\u00e9 de votre page d'entreprise <strong><em>Design Can Gen\u00e7er Soci\u00e9t\u00e9 de conseil num\u00e9rique<\/em><\/strong> en tant que prestataire de services.<\/li>\n<li><strong>ID\u00c9ES VISUELLES :<\/strong> En planifiant \u00e0 l'avance des plans visuels pour vous, nous acc\u00e9l\u00e9rons la production de contenu sur votre compte Instagram. Nous concevons les id\u00e9es de contenu de votre entreprise de mani\u00e8re planifi\u00e9e. De cette mani\u00e8re, les travaux visuels sont pr\u00e9par\u00e9s pour que votre compte soit plus sp\u00e9cial et r\u00e9gulier. Pour votre compte Instagram, nous faisons des travaux visuels pour vous d'une mani\u00e8re qui sera sp\u00e9ciale pour chaque jour. Il y a des facteurs \u00e0 prendre en compte dans les images pr\u00e9par\u00e9es pour \u00eatre utilis\u00e9es dans le contenu de votre entreprise. L'un d'entre eux est la qualit\u00e9 des images. Il convient d'utiliser des images de haute qualit\u00e9. L'utilisation d'images de mauvaise qualit\u00e9 peut nuire \u00e0 la r\u00e9putation de votre compte professionnel. L'autre crit\u00e8re est la pertinence des images utilis\u00e9es les unes par rapport aux autres. Le th\u00e8me de la page doit \u00eatre compatible avec les images partag\u00e9es. C'est pourquoi la pertinence des images est importante.<\/li>\n<li><strong>ID\u00c9ES VID\u00c9O :<\/strong> Nous savons que les vid\u00e9os partag\u00e9es sur Instagram suscitent davantage d'interactions. C'est pourquoi il convient d'accorder de l'importance au partage de vid\u00e9os. Les contenus tels que Reels ou IGTV augmentent l'efficacit\u00e9 de votre compte professionnel. Les r\u00e9sultats des vid\u00e9os sont plus \u00e9lev\u00e9s que ceux des visuels. Ce qu'il faut prendre en compte dans les vid\u00e9os, c'est qu'elles ne soient pas ennuyeuses. Les vid\u00e9os fluides et remarquables doivent \u00eatre partag\u00e9es. De cette fa\u00e7on, votre taux d'interaction augmente et les masses qui voient vos vid\u00e9os en vous suivant peuvent les regarder jusqu'\u00e0 la fin. Les vid\u00e9os partag\u00e9es devraient \u00eatre partag\u00e9es \u00e0 nouveau dans vos histoires afin que les utilisateurs qui ne sont pas tomb\u00e9s dans votre flux vid\u00e9o puissent les voir. \u00c0 mesure que le nombre de vues de votre vid\u00e9o augmente, il augmente votre d\u00e9couverte. Par cons\u00e9quent, votre compte professionnel tombe sous les yeux d'un plus grand nombre d'utilisateurs.<\/li>\n<li><strong>LA PLANIFICATION DES TH\u00c8MES DE CONTENU :<\/strong> Le travail planifi\u00e9 des productions de contenu Instagram garantit que votre page obtient des r\u00e9sultats efficaces. Les \u00e9tudes planifi\u00e9es garantissent que vous \u00eates pr\u00eat pour les jours sp\u00e9ciaux. Puisque la production de contenu sera faite tous les jours pour votre page professionnelle, il n'y a pas besoin de prendre une d\u00e9cision de derni\u00e8re minute sur ce qu'il faut partager. Le fait que le contenu soit planifi\u00e9 \u00e0 l'avance permet de cr\u00e9er un th\u00e8me r\u00e9gulier sur votre page. Les plans peuvent \u00eatre hebdomadaires ou mensuels. Lors de l'\u00e9laboration des plans en fonction du calendrier, il faut veiller \u00e0 ne pas omettre les jours sp\u00e9ciaux. Les plans \u00e9tablis doivent \u00eatre mis \u00e0 jour r\u00e9guli\u00e8rement. Dans le cas contraire, les utilisateurs qui vous suivent risquent de se lasser de voir le m\u00eame contenu, ce qui entra\u00eenera une baisse du taux d'interaction de votre page.<\/li>\n<li><strong>RACONTER DES HISTOIRES :<\/strong> Vos contenus partag\u00e9s sur Instagram ne se r\u00e9sument pas \u00e0 des images ou des vid\u00e9os. Les textes \u00e0 r\u00e9diger sous vos posts sont au moins aussi importants que les images et les vid\u00e9os. Votre page doit avoir une histoire. Elle ne doit pas \u00eatre pass\u00e9e avec des phrases simples. Votre contenu doit mentionner l'histoire et transmettre quelque chose aux utilisateurs potentiels qui vous suivent ou vous suivent. L'attention peut \u00eatre attir\u00e9e avec des articles instructifs, int\u00e9ressants ou divertissants. La plupart des utilisateurs sur Instagram interagissent en fonction des articles. Les histoires \u00e0 raconter sur votre page de marque ou d'entreprise renforcent votre contenu et augmentent votre interaction. La sinc\u00e9rit\u00e9 et l'honn\u00eatet\u00e9 sont importantes dans les histoires \u00e0 raconter.<\/li>\n<li><strong>FAIRE APPEL AUX \u00c9MOTIONS :<\/strong> Les m\u00e9dias sociaux ne se limitent pas au partage. Ces plateformes sont devenues un lieu o\u00f9 les utilisateurs partagent leur bonheur ou leurs probl\u00e8mes. C'est aussi une plateforme o\u00f9 l'on discute des \u00e9v\u00e9nements qui se d\u00e9roulent dans le monde. Dans ce domaine, il est important de partager les m\u00eames sentiments et le m\u00eame langage avec les utilisateurs. Il est important d'\u00eatre sensible aux situations d\u00e9licates v\u00e9cues. Vous montrez ainsi aux utilisateurs que vous soutenez votre page et que vous avez les m\u00eames sentiments sensibles. Pour un travail plus professionnel, nous sommes \u00e0 votre service en tant que Design Can Gen\u00e7er Digital Consultancy Company.<\/li>\n<\/ul>\n<\/div><\/div><style type=\"text\/css\">.fusion-body .fusion-builder-column-2{width:100% !important;margin-top : 20px;margin-bottom : 20px;}.fusion-builder-column-2 > .fusion-column-wrapper {padding-top : 0px !important;padding-right : 0px !important;margin-right : 1.92%;padding-bottom : 0px !important;padding-left : 0px !important;margin-left : 1.92%;}@media only screen and (max-width:1024px) {.fusion-body .fusion-builder-column-2{width:100% !important;order : 0;}.fusion-builder-column-2 > .fusion-column-wrapper {margin-right : 1.92%;margin-left : 1.92%;}}@media only screen and (max-width:640px) {.fusion-body .fusion-builder-column-2{width:100% !important;order : 0;}.fusion-builder-column-2 > .fusion-column-wrapper {margin-right : 1.92%;margin-left : 1.92%;}}<\/style><\/div><\/div><style type=\"text\/css\">.fusion-body .fusion-flex-container.fusion-builder-row-1{ padding-top : 0px;margin-top : 0px;padding-right : 0px;padding-bottom : 0px;margin-bottom : 0px;padding-left : 0px;}<\/style><\/div>","protected":false},"excerpt":{"rendered":"","protected":false},"author":1,"featured_media":0,"parent":0,"menu_order":0,"comment_status":"closed","ping_status":"closed","template":"100-width.php","meta":{"om_disable_all_campaigns":false,"_monsterinsights_skip_tracking":false,"_monsterinsights_sitenote_active":false,"_monsterinsights_sitenote_note":"","_monsterinsights_sitenote_category":0,"footnotes":""},"class_list":["post-3711","page","type-page","status-publish","hentry"],"aioseo_notices":[],"_links":{"self":[{"href":"https:\/\/www.designcangencer.com\/fr\/wp-json\/wp\/v2\/pages\/3711","targetHints":{"allow":["GET"]}}],"collection":[{"href":"https:\/\/www.designcangencer.com\/fr\/wp-json\/wp\/v2\/pages"}],"about":[{"href":"https:\/\/www.designcangencer.com\/fr\/wp-json\/wp\/v2\/types\/page"}],"author":[{"embeddable":true,"href":"https:\/\/www.designcangencer.com\/fr\/wp-json\/wp\/v2\/users\/1"}],"replies":[{"embeddable":true,"href":"https:\/\/www.designcangencer.com\/fr\/wp-json\/wp\/v2\/comments?post=3711"}],"version-history":[{"count":8,"href":"https:\/\/www.designcangencer.com\/fr\/wp-json\/wp\/v2\/pages\/3711\/revisions"}],"predecessor-version":[{"id":4658,"href":"https:\/\/www.designcangencer.com\/fr\/wp-json\/wp\/v2\/pages\/3711\/revisions\/4658"}],"wp:attachment":[{"href":"https:\/\/www.designcangencer.com\/fr\/wp-json\/wp\/v2\/media?parent=3711"}],"curies":[{"name":"wp","href":"https:\/\/api.w.org\/{rel}","templated":true}]}}