{"id":3695,"date":"2023-08-02T10:19:55","date_gmt":"2023-08-02T10:19:55","guid":{"rendered":"https:\/\/www.designcangencer.com\/?page_id=3695"},"modified":"2025-01-27T18:40:54","modified_gmt":"2025-01-27T18:40:54","slug":"youtube-short-icin-profesyonel-video-edit","status":"publish","type":"page","link":"https:\/\/www.designcangencer.com\/fr\/youtube-short-pour-le-montage-video-professionnel\/","title":{"rendered":"Montage vid\u00e9o professionnel pour un court m\u00e9trage Youtube"},"content":{"rendered":"<div class=\"fusion-fullwidth fullwidth-box fusion-builder-row-1 fusion-flex-container has-pattern-background has-mask-background nonhundred-percent-fullwidth non-hundred-percent-height-scrolling\" style=\"background-color: rgba(255,255,255,0);background-position: center center;background-repeat: no-repeat;border-width: 0px 0px 0px 0px;border-color:hsla(var(--awb-color8-h),var(--awb-color8-s),var(--awb-color8-l),calc( var(--awb-color8-a) - 92% ));border-style:solid;\" ><div class=\"fusion-builder-row fusion-row fusion-flex-align-items-flex-start\" style=\"max-width:1476.8px;margin-left: calc(-4% \/ 2 );margin-right: calc(-4% \/ 2 );\"><div class=\"fusion-layout-column fusion_builder_column fusion-builder-column-0 fusion_builder_column_1_1 1_1 fusion-flex-column\"><div class=\"fusion-column-wrapper fusion-flex-justify-content-flex-start fusion-content-layout-column\" style=\"background-position:left top;background-repeat:no-repeat;-webkit-background-size:cover;-moz-background-size:cover;-o-background-size:cover;background-size:cover;padding: 0px 0px 0px 0px;\"><div class=\"fusion-text fusion-text-1\"><h2><img decoding=\"async\" class=\"lazyload size-full wp-image-4446 aligncenter\" src=\"https:\/\/www.designcangencer.com\/wp-content\/uploads\/2024\/01\/youyube-shorts-gorsel.jpg\" data-orig-src=\"https:\/\/www.designcangencer.com\/wp-content\/uploads\/2024\/01\/youyube-shorts-gorsel.jpg\" alt=\"\" width=\"800\" height=\"533\" srcset=\"data:image\/svg+xml,%3Csvg%20xmlns%3D%27http%3A%2F%2Fwww.w3.org%2F2000%2Fsvg%27%20width%3D%27800%27%20height%3D%27533%27%20viewBox%3D%270%200%20800%20533%27%3E%3Crect%20width%3D%27800%27%20height%3D%27533%27%20fill-opacity%3D%220%22%2F%3E%3C%2Fsvg%3E\" data-srcset=\"https:\/\/www.designcangencer.com\/wp-content\/uploads\/2024\/01\/youyube-shorts-gorsel-200x133.jpg 200w, https:\/\/www.designcangencer.com\/wp-content\/uploads\/2024\/01\/youyube-shorts-gorsel-300x200.jpg 300w, https:\/\/www.designcangencer.com\/wp-content\/uploads\/2024\/01\/youyube-shorts-gorsel-400x267.jpg 400w, https:\/\/www.designcangencer.com\/wp-content\/uploads\/2024\/01\/youyube-shorts-gorsel-600x400.jpg 600w, https:\/\/www.designcangencer.com\/wp-content\/uploads\/2024\/01\/youyube-shorts-gorsel-768x512.jpg 768w, https:\/\/www.designcangencer.com\/wp-content\/uploads\/2024\/01\/youyube-shorts-gorsel.jpg 800w\" data-sizes=\"auto\" data-orig-sizes=\"(max-width: 800px) 100vw, 800px\" \/><\/h2>\n<h2><strong>QU'EST-CE QU'UN COURT M\u00c9TRAGE SUR YOUTUBE ?<\/strong><\/h2>\n<p>Youtube est une plateforme gratuite de diffusion de vid\u00e9os, populaire en Turquie et dans le monde entier. Shorts, une nouvelle fonctionnalit\u00e9 de Youtube, signifie \"vid\u00e9os courtes\". La diff\u00e9rence entre les vid\u00e9os publi\u00e9es dans Shorts et les vid\u00e9os Youtube est qu'elles durent 60 secondes. Il est possible d'ajouter de la musique \u00e0 ces vid\u00e9os et d'ajuster la vitesse de la vid\u00e9o. Les Shorts sont publi\u00e9es en format vertical.<\/p>\n<p>Alors que les vid\u00e9os courtes et amusantes sont entr\u00e9es dans nos vies avec TikTok, la fonction Reels d'Instagram a \u00e9galement rejoint ces tendances. Parmi ces plateformes de contenu qui attirent la jeune g\u00e9n\u00e9ration, Youtube a rejoint Shorts.<\/p>\n<h2><a href=\"https:\/\/www.instagram.com\/designcangencer\/?next=\" target=\"_blank\" rel=\"noopener\"><strong>COMMENT UTILISER LES COURTS M\u00c9TRAGES DE YOUTUBE ?<\/strong><\/a><\/h2>\n<p>Pour utiliser les fonctionnalit\u00e9s de Youtube Shorts, vous devez d'abord vous connecter \u00e0 partir de la version mobile de l'application Youtube. Ensuite, il faut cliquer sur l'ic\u00f4ne + en bas de l'application, c'est-\u00e0-dire sur l'option \"cr\u00e9er\". Apr\u00e8s avoir cliqu\u00e9 sur l'ic\u00f4ne de cr\u00e9ation, l'option \"cr\u00e9er une courte vid\u00e9o\" appara\u00eet. Vous verrez alors appara\u00eetre la cam\u00e9ra Shorts. Sur l'\u00e9cran entrant, il faut appuyer sur le cercle rouge et le maintenir enfonc\u00e9 pour d\u00e9marrer l'enregistrement vid\u00e9o.<\/p>\n<p>Ensuite, avec l'option suivante, votre contenu peut \u00eatre revu \u00e0 partir de la section de pr\u00e9visualisation. Vous pouvez ensuite ajouter des d\u00e9tails \u00e0 votre contenu en cliquant \u00e0 nouveau sur \"suivant\". Apr\u00e8s toutes ces \u00e9tapes, cliquez sur \"upload\" pour t\u00e9l\u00e9charger votre contenu.<\/p>\n<h2><strong>T\u00c9L\u00c9CHARGEMENT DE CONTENU SUR SHORTS<\/strong><\/h2>\n<p>Il existe deux m\u00e9thodes pour t\u00e9l\u00e9charger du contenu sur Youtube Shorts.<\/p>\n<p><strong>M\u00c9THODE PREMI\u00c8RE :<\/strong> Cr\u00e9ation de vid\u00e9os via Youtube.<\/p>\n<ul>\n<li>Tout d'abord, vous devez avoir un compte Youtube. Si vous souhaitez pr\u00e9parer une vid\u00e9o de Shorts sur votre compte Youtube, vous devez vous connecter \u00e0 partir d'un appareil mobile.<\/li>\n<li>En bas et au centre de l'application, cliquez sur \"cr\u00e9er une courte vid\u00e9o\" (+).<\/li>\n<li>Si vous souhaitez que votre courte vid\u00e9o dure plus de 15 secondes, vous pouvez modifier la dur\u00e9e d'enregistrement pour la porter \u00e0 60 secondes en appuyant sur l'option 15 secondes au-dessus de l'option d'enregistrement.<\/li>\n<li>L'\u00e9cran Shorts Camera s'affiche alors<\/li>\n<li>Pour commencer l'enregistrement, il faut toucher le cercle rouge en bas.<\/li>\n<li>Apr\u00e8s avoir appuy\u00e9 sur le bouton d'enregistrement, vous pouvez revoir l'aper\u00e7u de votre contenu en cliquant sur suivant et ajouter des d\u00e9tails en cliquant \u00e0 nouveau sur suivant.<\/li>\n<li>Appuyez sur Vitesse si vous souhaitez ralentir ou acc\u00e9l\u00e9rer votre enregistrement.<\/li>\n<li>Si un enregistrement confortable est souhait\u00e9, touchez l'option Minuterie. L'option de compte \u00e0 rebours peut \u00eatre utilis\u00e9e pour s\u00e9lectionner le moment o\u00f9 l'enregistrement s'arr\u00eatera automatiquement.<\/li>\n<li>Appuyez sur Suivant pour ajouter des d\u00e9tails \u00e0 la vid\u00e9o. Dans cet \u00e9cran, vous pouvez ajouter un titre \u00e0 votre vid\u00e9o (1000 caract\u00e8res maximum) et s\u00e9lectionner des param\u00e8tres tels que la confidentialit\u00e9 de la vid\u00e9o.<\/li>\n<li>Le public peut \u00eatre s\u00e9lectionn\u00e9 avant la publication de la vid\u00e9o. En d'autres termes, le public souhait\u00e9 est d\u00e9fini en s\u00e9lectionnant l'une des options suivantes : \"oui, sp\u00e9cial pour les enfants\" ou \"non, pas sp\u00e9cial pour les enfants\".<\/li>\n<li>Une fois que toutes ces \u00e9tapes sont termin\u00e9es, que les ajouts et les modifications n\u00e9cessaires ont \u00e9t\u00e9 effectu\u00e9s, cliquez sur l'option de t\u00e9l\u00e9chargement pour t\u00e9l\u00e9charger le contenu.<\/li>\n<\/ul>\n<p><strong>M\u00c9THODE DEUX :<\/strong> Une fois vos montages vid\u00e9o pr\u00e9par\u00e9s, vous pouvez t\u00e9l\u00e9charger une vid\u00e9o sur Shorts comme vous le feriez pour une vid\u00e9o standard sur Youtube. Pour t\u00e9l\u00e9charger une vid\u00e9o sur Youtube Shorts, la dur\u00e9e doit \u00eatre inf\u00e9rieure \u00e0 60 secondes.<\/p>\n<h2><strong>QUELLES SONT LES CARACT\u00c9RISTIQUES DES COURTS M\u00c9TRAGES DE YOUTUBE ?<\/strong><\/h2>\n<ul>\n<li>Youtube Shorts permet de partager des vid\u00e9os en format vertical.<\/li>\n<li>L'application est bas\u00e9e sur le divertissement, l'information et la musique.<\/li>\n<li>Lors de la cr\u00e9ation de vid\u00e9os dans Shorts, les chansons de la biblioth\u00e8que Youtube peuvent \u00eatre utilis\u00e9es sans droits d'auteur.<\/li>\n<li>Il est possible d'acc\u00e9l\u00e9rer ou de ralentir l'enregistrement vid\u00e9o.<\/li>\n<li>Il est possible d'ajouter des sous-titres et des filtres \u00e0 la vid\u00e9o.<\/li>\n<li>Plusieurs vid\u00e9os peuvent \u00eatre combin\u00e9es et partag\u00e9es comme une seule vid\u00e9o,<\/li>\n<\/ul>\n<h2><a href=\"https:\/\/www.designcangencer.com\/fr\/communication\/\"><strong>QUI DOIT UTILISER LES COURTS M\u00c9TRAGES DE YOUTUBE ?<\/strong><\/a><\/h2>\n<p>Les courts m\u00e9trages de Youtube repr\u00e9sentent une grande opportunit\u00e9 pour les entreprises et les producteurs de contenu. Par rapport aux vid\u00e9os Youtube ordinaires, le nombre de courts m\u00e9trages Youtube est plus faible. Experts en technologie, cha\u00eene familiale, vlogger, gourou de la beaut\u00e9, critique de jouets ou joueur. Quel que soit votre domaine d'activit\u00e9, les courts m\u00e9trages sur Youtube peuvent \u00eatre utilis\u00e9s par tous les cr\u00e9ateurs de contenu. Les entreprises et les marques peuvent cr\u00e9er des courts m\u00e9trages et commercialiser leurs produits et services gr\u00e2ce \u00e0 ces vid\u00e9os.<\/p>\n<p>Dans cette section, en tant que Design Can Gen\u00e7er Digital Consultancy Company, nous vous aidons \u00e0 cr\u00e9er des vid\u00e9os Youtube Shorts. Gr\u00e2ce \u00e0 Youtube Shorts, vous pouvez pr\u00e9parer de nombreuses vid\u00e9os qui permettront aux masses de cliquer et de s'abonner \u00e0 la cha\u00eene et d'augmenter le taux d'interaction.<\/p>\n<h2><strong>Pourquoi les propri\u00e9taires d'entreprises et les producteurs de contenu devraient-ils utiliser les courts m\u00e9trages YOUTUBE ?<\/strong><\/h2>\n<p>T\u00e9l\u00e9charger du contenu sur Youtube Shorts de mani\u00e8re correcte et de qualit\u00e9 permet d'accro\u00eetre la visibilit\u00e9 de votre entreprise et de mon\u00e9tiser votre contenu. Le partage des vid\u00e9os Shorts sur votre cha\u00eene Youtube augmente votre nombre de vues. Plus votre cha\u00eene est visionn\u00e9e, plus le taux d'augmentation des abonnements et des interactions est \u00e9lev\u00e9. Si les producteurs de contenu tirent parti de cette fonctionnalit\u00e9 offerte par Youtube, ils b\u00e9n\u00e9ficient d'une forte augmentation du nombre de visionnages de leurs vid\u00e9os et de leur profil. Quel que soit votre nombre d'abonn\u00e9s, vous pouvez gagner de l'argent gr\u00e2ce \u00e0 Youtube Shorts.<\/p>\n<\/div><\/div><style type=\"text\/css\">.fusion-body .fusion-builder-column-0{width:100% !important;margin-top : 20px;margin-bottom : 20px;}.fusion-builder-column-0 > .fusion-column-wrapper {padding-top : 0px !important;padding-right : 0px !important;margin-right : 1.92%;padding-bottom : 0px !important;padding-left : 0px !important;margin-left : 1.92%;}@media only screen and (max-width:1024px) {.fusion-body .fusion-builder-column-0{width:100% !important;order : 0;}.fusion-builder-column-0 > .fusion-column-wrapper {margin-right : 1.92%;margin-left : 1.92%;}}@media only screen and (max-width:640px) {.fusion-body .fusion-builder-column-0{width:100% !important;order : 0;}.fusion-builder-column-0 > .fusion-column-wrapper {margin-right : 1.92%;margin-left : 1.92%;}}<\/style><\/div><\/div><style type=\"text\/css\">.fusion-body .fusion-flex-container.fusion-builder-row-1{ padding-top : 0px;margin-top : 0px;padding-right : 0px;padding-bottom : 0px;margin-bottom : 0px;padding-left : 0px;}<\/style><\/div>","protected":false},"excerpt":{"rendered":"","protected":false},"author":1,"featured_media":0,"parent":0,"menu_order":0,"comment_status":"closed","ping_status":"closed","template":"100-width.php","meta":{"om_disable_all_campaigns":false,"_monsterinsights_skip_tracking":false,"_monsterinsights_sitenote_active":false,"_monsterinsights_sitenote_note":"","_monsterinsights_sitenote_category":0,"footnotes":""},"class_list":["post-3695","page","type-page","status-publish","hentry"],"aioseo_notices":[],"_links":{"self":[{"href":"https:\/\/www.designcangencer.com\/fr\/wp-json\/wp\/v2\/pages\/3695","targetHints":{"allow":["GET"]}}],"collection":[{"href":"https:\/\/www.designcangencer.com\/fr\/wp-json\/wp\/v2\/pages"}],"about":[{"href":"https:\/\/www.designcangencer.com\/fr\/wp-json\/wp\/v2\/types\/page"}],"author":[{"embeddable":true,"href":"https:\/\/www.designcangencer.com\/fr\/wp-json\/wp\/v2\/users\/1"}],"replies":[{"embeddable":true,"href":"https:\/\/www.designcangencer.com\/fr\/wp-json\/wp\/v2\/comments?post=3695"}],"version-history":[{"count":6,"href":"https:\/\/www.designcangencer.com\/fr\/wp-json\/wp\/v2\/pages\/3695\/revisions"}],"predecessor-version":[{"id":4654,"href":"https:\/\/www.designcangencer.com\/fr\/wp-json\/wp\/v2\/pages\/3695\/revisions\/4654"}],"wp:attachment":[{"href":"https:\/\/www.designcangencer.com\/fr\/wp-json\/wp\/v2\/media?parent=3695"}],"curies":[{"name":"wp","href":"https:\/\/api.w.org\/{rel}","templated":true}]}}