{"id":3693,"date":"2023-08-02T10:19:50","date_gmt":"2023-08-02T10:19:50","guid":{"rendered":"https:\/\/www.designcangencer.com\/?page_id=3693"},"modified":"2025-02-07T19:39:24","modified_gmt":"2025-02-07T19:39:24","slug":"facebook-reels-icin-profesyonel-video-edit","status":"publish","type":"page","link":"https:\/\/www.designcangencer.com\/fr\/montage-video-professionnel-pour-les-bobines-facebook\/","title":{"rendered":"Montage vid\u00e9o professionnel pour les bobines Facebook"},"content":{"rendered":"<div class=\"fusion-fullwidth fullwidth-box fusion-builder-row-1 fusion-flex-container has-pattern-background has-mask-background nonhundred-percent-fullwidth non-hundred-percent-height-scrolling\" style=\"background-color: rgba(255,255,255,0);background-position: center center;background-repeat: no-repeat;border-width: 0px 0px 0px 0px;border-color:hsla(var(--awb-color8-h),var(--awb-color8-s),var(--awb-color8-l),calc( var(--awb-color8-a) - 92% ));border-style:solid;\" ><div class=\"fusion-builder-row fusion-row fusion-flex-align-items-flex-start\" style=\"max-width:1476.8px;margin-left: calc(-4% \/ 2 );margin-right: calc(-4% \/ 2 );\"><div class=\"fusion-layout-column fusion_builder_column fusion-builder-column-0 fusion_builder_column_1_1 1_1 fusion-flex-column\"><div class=\"fusion-column-wrapper fusion-flex-justify-content-flex-start fusion-content-layout-column\" style=\"background-position:left top;background-repeat:no-repeat;-webkit-background-size:cover;-moz-background-size:cover;-o-background-size:cover;background-size:cover;padding: 0px 0px 0px 0px;\"><div class=\"fusion-text fusion-text-1\"><h2><img decoding=\"async\" class=\"lazyload size-full wp-image-4442 aligncenter\" src=\"https:\/\/www.designcangencer.com\/wp-content\/uploads\/2024\/01\/facebook-reels-gorsel.jpg\" data-orig-src=\"https:\/\/www.designcangencer.com\/wp-content\/uploads\/2024\/01\/facebook-reels-gorsel.jpg\" alt=\"\" width=\"800\" height=\"533\" srcset=\"data:image\/svg+xml,%3Csvg%20xmlns%3D%27http%3A%2F%2Fwww.w3.org%2F2000%2Fsvg%27%20width%3D%27800%27%20height%3D%27533%27%20viewBox%3D%270%200%20800%20533%27%3E%3Crect%20width%3D%27800%27%20height%3D%27533%27%20fill-opacity%3D%220%22%2F%3E%3C%2Fsvg%3E\" data-srcset=\"https:\/\/www.designcangencer.com\/wp-content\/uploads\/2024\/01\/facebook-reels-gorsel-200x133.jpg 200w, https:\/\/www.designcangencer.com\/wp-content\/uploads\/2024\/01\/facebook-reels-gorsel-300x200.jpg 300w, https:\/\/www.designcangencer.com\/wp-content\/uploads\/2024\/01\/facebook-reels-gorsel-400x267.jpg 400w, https:\/\/www.designcangencer.com\/wp-content\/uploads\/2024\/01\/facebook-reels-gorsel-600x400.jpg 600w, https:\/\/www.designcangencer.com\/wp-content\/uploads\/2024\/01\/facebook-reels-gorsel-768x512.jpg 768w, https:\/\/www.designcangencer.com\/wp-content\/uploads\/2024\/01\/facebook-reels-gorsel.jpg 800w\" data-sizes=\"auto\" data-orig-sizes=\"(max-width: 800px) 100vw, 800px\" \/><\/h2>\n<h2><strong>QU'EST-CE QUE FACEBOOK REELS ?<\/strong><\/h2>\n<p>Facebook a pr\u00e9sent\u00e9 la fonction Reels pour la premi\u00e8re fois en 2021 et l'a lanc\u00e9e en f\u00e9vrier 2022. Les Reels Facebook sont de courtes vid\u00e9os partag\u00e9es sur la plateforme Facebook, \u00e0 l'instar des Reels Instagram et de TikTok. Les cr\u00e9ateurs de contenu, les influenceurs et les sp\u00e9cialistes du marketing peuvent publier des vid\u00e9os de 60 secondes avec de la musique, des effets et des clips audio viraux. Tout le monde peut cr\u00e9er des Reels, mais ils ont \u00e9t\u00e9 commercialis\u00e9s comme un moyen suppl\u00e9mentaire pour les cr\u00e9ateurs de contenu et les influenceurs de s'engager aupr\u00e8s de nouveaux publics et d'atteindre des cibles.<\/p>\n<p>Introduite pour la premi\u00e8re fois sur Instagram, Reels offre des bonus aux cr\u00e9ateurs de contenu en fonction de leurs performances.<\/p>\n<h2><strong>PRODUIRE DU CONTENU VID\u00c9O POUR FACEBOOK<\/strong><\/h2>\n<p>La vid\u00e9o est le meilleur format de contenu pour les marques ou les entreprises qui font du marketing sur Facebook. Elle est tr\u00e8s utile pour les utilisateurs qui personnalisent les entreprises, produisent du contenu mobile, offrent une exp\u00e9rience et r\u00e9agissent de mani\u00e8re \u00e9motionnelle et forte. La production de vid\u00e9os sur Facebook est un type de contenu qui est plus appr\u00e9ci\u00e9 que les autres types de contenu et qui augmente le temps pass\u00e9 sur l'application. Dans le rapport publi\u00e9 par Facebook, 45 % des utilisateurs interrog\u00e9s d\u00e9clarent qu'ils consommeront davantage de vid\u00e9os Facebook \u00e0 l'avenir.<\/p>\n<p>Le nombre de contenus pr\u00e9par\u00e9s au format vid\u00e9o augmente chaque jour sur Facebook. Par cons\u00e9quent, les entreprises devront produire davantage de contenu vid\u00e9o \u00e0 l'avenir. Les entreprises qui souhaitent utiliser tous les avantages offerts par le contenu vid\u00e9o pour atteindre leurs objectifs de marketing ont besoin d'une \u00e9quipe d'experts pour cr\u00e9er un contenu vid\u00e9o efficace sur Facebook. \u00c0 cet \u00e9gard, <strong><em>Design Can Gen\u00e7er Soci\u00e9t\u00e9 de conseil num\u00e9rique <\/em><\/strong>en vous fournissant un service.<\/p>\n<p>Pour garder une longueur d'avance sur vos concurrents, il est important de comparer vos performances vid\u00e9o \u00e0 celles du march\u00e9 et d'identifier vos forces et vos faiblesses.<\/p>\n<h2><a href=\"https:\/\/www.instagram.com\/designcangencer\/?next=\" target=\"_blank\" rel=\"noopener\"><strong>COMMENT LES BOBINES SONT-ELLES FABRIQU\u00c9ES SUR FACEBOOK ?<\/strong><\/a><\/h2>\n<p><strong>Montage vid\u00e9o:<\/strong> \u00c0 l'instar des Reels d'Instagram et de TikTok, plusieurs clips peuvent \u00eatre combin\u00e9s en un seul Reels dans l'application.<\/p>\n<p><strong>Biblioth\u00e8que musicale et sonore:<\/strong> Vous pouvez ajouter de la musique \u00e0 partir de la biblioth\u00e8que propos\u00e9e par Facebook et utiliser les sons cr\u00e9\u00e9s par d'autres utilisateurs.<\/p>\n<p><strong>Longueur:<\/strong> Une vid\u00e9o de bobine peut durer jusqu'\u00e0 60 secondes.<\/p>\n<p><strong>Vitesse :<\/strong> La vitesse de lecture de votre vid\u00e9o peut \u00eatre ralentie d'un facteur 1 ou acc\u00e9l\u00e9r\u00e9e d'un facteur 3 par rapport \u00e0 sa vitesse d'origine.<\/p>\n<p><strong>Effets:<\/strong> Des filtres peuvent \u00eatre ajout\u00e9s \u00e0 votre vid\u00e9o en examinant les effets propos\u00e9s par Facebook. Certains sont cr\u00e9\u00e9s par Facebook, d'autres par les utilisateurs.<\/p>\n<p><strong>Minuterie<\/strong> Vous pouvez enregistrer vos bobines en toute libert\u00e9 gr\u00e2ce \u00e0 des comptes \u00e0 rebours int\u00e9gr\u00e9s \u00e0 l'application.<\/p>\n<p><strong>\u00c9cran vert :<\/strong> Si vous souhaitez appliquer un arri\u00e8re-plan provenant de la bobine de film, utilisez l'effet d'\u00e9cran vert de la biblioth\u00e8que d'effets.<\/p>\n<p>En termes de fonctionnalit\u00e9s, Facebook Reels est similaire \u00e0 d'autres plateformes vid\u00e9o. Ce qui les diff\u00e9rencie, c'est leur public.<\/p>\n<p>Les bobines TikTok et Instagram sont surtout pr\u00e9f\u00e9r\u00e9es par les jeunes. Les bobines Fcaebook sont g\u00e9n\u00e9ralement pr\u00e9f\u00e9r\u00e9es par les utilisateurs plus \u00e2g\u00e9s.<\/p>\n<p>Les marques devraient modifier leur approche en fonction des publics cibles. Alors qu'Instagram met l'accent sur l'esth\u00e9tique, TikTok est principalement ax\u00e9 sur la libert\u00e9. \u00c9tant donn\u00e9 que les bobines Facebook sont nouvelles par rapport aux autres plateformes, il n'est pas \u00e9vident de savoir ce que le public recherche. Cependant, il y a une place importante au centre.<\/p>\n<h2><a href=\"https:\/\/www.designcangencer.com\/fr\/communication\/\"><strong>QUE FAUT-IL PRENDRE EN COMPTE DANS LA PRODUCTION DE CONTENU POUR LES M\u00c9DIAS SOCIAUX ?<\/strong><\/a><\/h2>\n<p>Plusieurs points doivent \u00eatre pris en compte avant de produire du contenu sur les m\u00e9dias sociaux.<\/p>\n<p><strong>RECONNA\u00ceTRE LE PUBLIC CIBLE :<\/strong> Avant de commencer la production de contenu, il est n\u00e9cessaire de conna\u00eetre le public cible. Il faut conna\u00eetre ses caract\u00e9ristiques d\u00e9mographiques, ses comportements, ses besoins et ses int\u00e9r\u00eats. Il faut adapter le contenu aux attentes du public cible \u00e0 partir des informations obtenues.<\/p>\n<p><strong>TITRE ET DESCRIPTIONS EN VIGUEUR :<\/strong> Pour que le contenu attire l'attention, les descriptions et les titres doivent \u00eatre efficaces. Un bon titre augmente le nombre de clics sur le contenu.<\/p>\n<p><strong>qualit\u00e9 visuelle et sonore :<\/strong> Si vous souhaitez produire un contenu visuel, il convient d'utiliser des visuels int\u00e9ressants et de haute qualit\u00e9. Si vous souhaitez produire un contenu audio, vous devez pr\u00eater attention \u00e0 la qualit\u00e9 du son. Un contenu de qualit\u00e9 attire facilement l'attention des auditeurs ou des t\u00e9l\u00e9spectateurs.<\/p>\n<p><strong>SOMMAIRE et R\u00c9SUM\u00c9 :<\/strong> Les plateformes de m\u00e9dias sociaux sont g\u00e9n\u00e9ralement utilis\u00e9es pour une consommation rapide. Il est donc important que votre contenu soit f\u00e9minin et concis. Pour attirer l'attention des utilisateurs, la communication doit \u00eatre \u00e9tablie rapidement et efficacement.<\/p>\n<p><strong>DIVERSIT\u00c9 :<\/strong> La diversit\u00e9 des types de contenu est importante. En utilisant diff\u00e9rents formats tels que le visuel, le texte, l'audio, la vid\u00e9o, nous offrons diff\u00e9rentes exp\u00e9riences visuelles et de contenu \u00e0 votre public cible.<\/p>\n<p><strong>PLAISIR et VALEUR :<\/strong> Votre contenu doit \u00eatre amusant. Il est important que votre public cible ait le sentiment qu'il apporte une valeur ajout\u00e9e. Un contenu amusant vous permet d'obtenir plus d'interaction de la part de votre public cible.<\/p>\n<p><strong>POSTES R\u00c9GULIERS :<\/strong> Le partage r\u00e9gulier de contenu permet \u00e0 vos followers et \u00e0 vos t\u00e9l\u00e9spectateurs de rester en contact avec vous. Nous cr\u00e9ons un calendrier pour la production de contenu et partageons vos posts de mani\u00e8re coh\u00e9rente.<\/p>\n<p><strong>INTERACTION et SURVEILLANCE :<\/strong> R\u00e9pondre aux commentaires, aux \"j'aime\" et aux partages de votre contenu augmente votre engagement. En outre, le suivi et l'analyse des performances de votre contenu vous permettent de savoir quel contenu suscite le plus d'engagement de la part du public.<\/p>\n<p><strong>L'IDENTIT\u00c9 DE LA MARQUE :<\/strong> Votre contenu doit \u00eatre conforme \u00e0 l'identit\u00e9 de votre entreprise ou de votre marque. Il doit refl\u00e9ter les valeurs de votre entreprise ou de votre marque, telles que le logo, les couleurs, le langage et le style.<\/p>\n<p><strong>INNOVATION :<\/strong> Les m\u00e9dias sociaux \u00e9tant un environnement en constante \u00e9volution, il est tr\u00e8s important de produire des id\u00e9es de contenu innovantes et nouvelles. Nous maintenons votre contenu \u00e0 jour en suivant la mode et les tendances.<\/p>\n<\/div><\/div><style type=\"text\/css\">.fusion-body .fusion-builder-column-0{width:100% !important;margin-top : 20px;margin-bottom : 20px;}.fusion-builder-column-0 > .fusion-column-wrapper {padding-top : 0px !important;padding-right : 0px !important;margin-right : 1.92%;padding-bottom : 0px !important;padding-left : 0px !important;margin-left : 1.92%;}@media only screen and (max-width:1024px) {.fusion-body .fusion-builder-column-0{width:100% !important;order : 0;}.fusion-builder-column-0 > .fusion-column-wrapper {margin-right : 1.92%;margin-left : 1.92%;}}@media only screen and (max-width:640px) {.fusion-body .fusion-builder-column-0{width:100% !important;order : 0;}.fusion-builder-column-0 > .fusion-column-wrapper {margin-right : 1.92%;margin-left : 1.92%;}}<\/style><\/div><\/div><style type=\"text\/css\">.fusion-body .fusion-flex-container.fusion-builder-row-1{ padding-top : 0px;margin-top : 0px;padding-right : 0px;padding-bottom : 0px;margin-bottom : 0px;padding-left : 0px;}<\/style><\/div>","protected":false},"excerpt":{"rendered":"","protected":false},"author":1,"featured_media":0,"parent":0,"menu_order":0,"comment_status":"closed","ping_status":"closed","template":"100-width.php","meta":{"om_disable_all_campaigns":false,"_monsterinsights_skip_tracking":false,"_monsterinsights_sitenote_active":false,"_monsterinsights_sitenote_note":"","_monsterinsights_sitenote_category":0,"footnotes":""},"class_list":["post-3693","page","type-page","status-publish","hentry"],"aioseo_notices":[],"_links":{"self":[{"href":"https:\/\/www.designcangencer.com\/fr\/wp-json\/wp\/v2\/pages\/3693","targetHints":{"allow":["GET"]}}],"collection":[{"href":"https:\/\/www.designcangencer.com\/fr\/wp-json\/wp\/v2\/pages"}],"about":[{"href":"https:\/\/www.designcangencer.com\/fr\/wp-json\/wp\/v2\/types\/page"}],"author":[{"embeddable":true,"href":"https:\/\/www.designcangencer.com\/fr\/wp-json\/wp\/v2\/users\/1"}],"replies":[{"embeddable":true,"href":"https:\/\/www.designcangencer.com\/fr\/wp-json\/wp\/v2\/comments?post=3693"}],"version-history":[{"count":8,"href":"https:\/\/www.designcangencer.com\/fr\/wp-json\/wp\/v2\/pages\/3693\/revisions"}],"predecessor-version":[{"id":4699,"href":"https:\/\/www.designcangencer.com\/fr\/wp-json\/wp\/v2\/pages\/3693\/revisions\/4699"}],"wp:attachment":[{"href":"https:\/\/www.designcangencer.com\/fr\/wp-json\/wp\/v2\/media?parent=3693"}],"curies":[{"name":"wp","href":"https:\/\/api.w.org\/{rel}","templated":true}]}}