{"id":3718,"date":"2023-08-02T10:25:21","date_gmt":"2023-08-02T10:25:21","guid":{"rendered":"https:\/\/www.designcangencer.com\/?page_id=3718"},"modified":"2025-01-27T19:26:59","modified_gmt":"2025-01-27T19:26:59","slug":"logo-tasarimi","status":"publish","type":"page","link":"https:\/\/www.designcangencer.com\/es\/diseno-de-logotipos\/","title":{"rendered":"Dise\u00f1o de logotipos"},"content":{"rendered":"<div class=\"fusion-fullwidth fullwidth-box fusion-builder-row-1 fusion-flex-container has-pattern-background has-mask-background nonhundred-percent-fullwidth non-hundred-percent-height-scrolling\" style=\"background-color: rgba(255,255,255,0);background-position: center center;background-repeat: no-repeat;border-width: 0px 0px 0px 0px;border-color:hsla(var(--awb-color8-h),var(--awb-color8-s),var(--awb-color8-l),calc( var(--awb-color8-a) - 92% ));border-style:solid;\" ><div class=\"fusion-builder-row fusion-row fusion-flex-align-items-flex-start\" style=\"max-width:1476.8px;margin-left: calc(-4% \/ 2 );margin-right: calc(-4% \/ 2 );\"><div class=\"fusion-layout-column fusion_builder_column fusion-builder-column-0 fusion_builder_column_1_2 1_2 fusion-flex-column\"><div class=\"fusion-column-wrapper fusion-flex-justify-content-flex-start fusion-content-layout-column\" style=\"background-position:left top;background-repeat:no-repeat;-webkit-background-size:cover;-moz-background-size:cover;-o-background-size:cover;background-size:cover;padding: 0px 0px 0px 0px;\"><div ><span class=\"fusion-imageframe imageframe-none imageframe-1 hover-type-none\" style=\"border-radius:8px;\"><img decoding=\"async\" width=\"2560\" height=\"1707\" title=\"p\u00e1gina web-logo-imagen\" src=\"https:\/\/www.designcangencer.com\/wp-content\/uploads\/2023\/12\/website-logo-gorsel-scaled.jpg\" data-orig-src=\"https:\/\/www.designcangencer.com\/wp-content\/uploads\/2023\/12\/website-logo-gorsel-scaled.jpg\" alt class=\"lazyload img-responsive wp-image-4404\" srcset=\"data:image\/svg+xml,%3Csvg%20xmlns%3D%27http%3A%2F%2Fwww.w3.org%2F2000%2Fsvg%27%20width%3D%272560%27%20height%3D%271707%27%20viewBox%3D%270%200%202560%201707%27%3E%3Crect%20width%3D%272560%27%20height%3D%271707%27%20fill-opacity%3D%220%22%2F%3E%3C%2Fsvg%3E\" data-srcset=\"https:\/\/www.designcangencer.com\/wp-content\/uploads\/2023\/12\/website-logo-gorsel-200x133.jpg 200w, https:\/\/www.designcangencer.com\/wp-content\/uploads\/2023\/12\/website-logo-gorsel-400x267.jpg 400w, https:\/\/www.designcangencer.com\/wp-content\/uploads\/2023\/12\/website-logo-gorsel-600x400.jpg 600w, https:\/\/www.designcangencer.com\/wp-content\/uploads\/2023\/12\/website-logo-gorsel-800x533.jpg 800w, https:\/\/www.designcangencer.com\/wp-content\/uploads\/2023\/12\/website-logo-gorsel-1200x800.jpg 1200w, https:\/\/www.designcangencer.com\/wp-content\/uploads\/2023\/12\/website-logo-gorsel-scaled.jpg 2560w\" data-sizes=\"auto\" data-orig-sizes=\"(max-width: 640px) 100vw, 800px\" \/><\/span><\/div><\/div><style type=\"text\/css\">.fusion-body .fusion-builder-column-0{width:50% !important;margin-top : 20px;margin-bottom : 20px;}.fusion-builder-column-0 > .fusion-column-wrapper {padding-top : 0px !important;padding-right : 0px !important;margin-right : 3.84%;padding-bottom : 0px !important;padding-left : 0px !important;margin-left : 3.84%;}@media only screen and (max-width:1024px) {.fusion-body .fusion-builder-column-0{width:50% !important;order : 0;}.fusion-builder-column-0 > .fusion-column-wrapper {margin-right : 3.84%;margin-left : 3.84%;}}@media only screen and (max-width:640px) {.fusion-body .fusion-builder-column-0{width:100% !important;order : 0;}.fusion-builder-column-0 > .fusion-column-wrapper {margin-right : 1.92%;margin-left : 1.92%;}}<\/style><\/div><div class=\"fusion-layout-column fusion_builder_column fusion-builder-column-1 fusion_builder_column_1_2 1_2 fusion-flex-column\"><div class=\"fusion-column-wrapper fusion-flex-justify-content-flex-start fusion-content-layout-column\" style=\"background-position:left top;background-repeat:no-repeat;-webkit-background-size:cover;-moz-background-size:cover;-o-background-size:cover;background-size:cover;padding: 0px 0px 0px 0px;\"><div class=\"fusion-text fusion-text-1\"><h2><strong>\u00bfQU\u00c9 ES EL DISE\u00d1O DE LOGOTIPOS?<\/strong><\/h2>\n<\/div><div class=\"fusion-text fusion-text-2\"><p>El dise\u00f1o de logotipos son los elementos visuales creados a partir de figuras dise\u00f1adas digitalmente, im\u00e1genes, elementos visuales y diversas formas para la instituci\u00f3n, organizaci\u00f3n o formaci\u00f3n personal. Logotipo; Desempe\u00f1a un papel importante a la hora de crear una identidad corporativa que refleje las caracter\u00edsticas, la estructura y la imagen de la empresa.<\/p>\n<p>El dise\u00f1o de logotipos tambi\u00e9n puede realizarse en soporte digital en forma de carboncillo. Los emblemas que no pueden dise\u00f1arse solos deben integrar el logotipo. Debe tener algo que representar. El uso entrelazado de logotipo y emblema se denomina trabajo de dise\u00f1o de logotipo.<\/p>\n<p>Cuanto m\u00e1s memorable y especial sea el dise\u00f1o de su logotipo, m\u00e1s se diferenciar\u00e1n su marca o sus productos de los de la competencia.<\/p>\n<\/div><\/div><style type=\"text\/css\">.fusion-body .fusion-builder-column-1{width:50% !important;margin-top : 20px;margin-bottom : 20px;}.fusion-builder-column-1 > .fusion-column-wrapper {padding-top : 0px !important;padding-right : 0px !important;margin-right : 3.84%;padding-bottom : 0px !important;padding-left : 0px !important;margin-left : 3.84%;}@media only screen and (max-width:1024px) {.fusion-body .fusion-builder-column-1{width:50% !important;order : 0;}.fusion-builder-column-1 > .fusion-column-wrapper {margin-right : 3.84%;margin-left : 3.84%;}}@media only screen and (max-width:640px) {.fusion-body .fusion-builder-column-1{width:100% !important;order : 0;}.fusion-builder-column-1 > .fusion-column-wrapper {margin-right : 1.92%;margin-left : 1.92%;}}<\/style><\/div><div class=\"fusion-layout-column fusion_builder_column fusion-builder-column-2 fusion_builder_column_1_1 1_1 fusion-flex-column\"><div class=\"fusion-column-wrapper fusion-flex-justify-content-flex-start fusion-content-layout-column\" style=\"background-position:left top;background-repeat:no-repeat;-webkit-background-size:cover;-moz-background-size:cover;-o-background-size:cover;background-size:cover;padding: 0px 0px 0px 0px;\"><div class=\"fusion-text fusion-text-3\"><h2><strong>\u00bfCu\u00e1l es la diferencia entre LOGO y emblema?<\/strong><\/h2>\n<p>La diferencia m\u00e1s importante entre logotipo y emblema; el dise\u00f1o del logotipo consiste \u00fanicamente en convertir texto y texto en diferentes formas, mientras que el emblema se compone de n\u00fameros, letras, l\u00edneas y s\u00edmbolos que pueden utilizarse en su totalidad, incluido el logotipo. El logotipo se muestra con su dise\u00f1o visual, el emblema destaca por su pegadizo.<\/p>\n<h2><strong>\u00bfQU\u00c9 ES UN LOGOTIPO?<\/strong><\/h2>\n<p>Significa dise\u00f1ar una marca como logotipo. Se visualiza el nombre de la marca o instituci\u00f3n y se garantiza su integridad. Facilita a las empresas o marcas de reciente creaci\u00f3n la difusi\u00f3n del nombre entre el p\u00fablico y su integraci\u00f3n con la identidad de la marca.<\/p>\n<p>Es importante aportar ideas creativas utilizando el nombre de la marca en el logotipo. Si el logotipo no est\u00e1 directamente relacionado con los productos\/servicios que ofrece la marca, puede que no sea lo bastante eficaz como para proporcionar reconocimiento o integridad.<\/p>\n<h2><strong>\u00bfPARA QU\u00c9 SIRVE EL DISE\u00d1O DE UN LOGOTIPO?<\/strong><\/h2>\n<p>Ayuda a crear la marca del producto, servicio, persona o empresa. El trabajo de dise\u00f1o del logotipo es de gran importancia en este punto. Es su emblema lo primero que llama la atenci\u00f3n en su sitio web, tarjetas, cuentas de redes sociales. Es necesario asegurarse de que las personas que vean el emblema sientan confianza a primera vista.<\/p>\n<p>Necesitar\u00e1 el dise\u00f1o de logotipos en dise\u00f1os de p\u00e1ginas web, cat\u00e1logos, dise\u00f1os de folletos, inventarios como r\u00f3tulos, tarjetas de visita y campa\u00f1as publicitarias. Por este motivo, su primera prioridad es contar con un trabajo de dise\u00f1o de logotipos e identidad corporativa que pueda utilizar en todo tipo de \u00e1mbitos. Esta iniciativa constituye el primer paso de su branding.<\/p>\n<h2><strong>\u00bfD\u00d3NDE y C\u00d3MO DEBE UTILIZARSE EL LOGO?<\/strong><\/h2>\n<p><strong>1) En las tarjetas de visita:<\/strong> La tarjeta de visita dise\u00f1ada con un logotipo preparado profesionalmente representa con \u00e9xito a su marca y a usted, a la vez que promociona su marca en entornos de eventos como reuniones y conferencias, a la vez que desempe\u00f1a un papel importante en cuanto a su prestigio.<\/p>\n<p><strong>2) En las p\u00e1ginas web:<\/strong> Una vez finalizado el dise\u00f1o del logotipo, uno de los pasos m\u00e1s importantes para existir en el mundo digital es disponer de una p\u00e1gina web. La forma m\u00e1s r\u00e1pida de difundir el producto\/servicio o marca ofrecida es asegurar su presencia en entornos online. El inter\u00e9s creado permite que la marca presentada con el logotipo en todos los \u00e1mbitos de los entornos en l\u00ednea obtenga un gran reconocimiento en poco tiempo.<\/p>\n<p><strong>3) En embalaje:<\/strong> Los tipos de letra y los colores utilizados en los productos ofrecidos por la marca deben proporcionar integridad con la identidad corporativa de la marca. El factor m\u00e1s importante en su dise\u00f1o es el logotipo.  La presencia de la marca fabricante en el envase crear\u00e1 reconocimiento y fiabilidad, adem\u00e1s de ayudar a que el dise\u00f1o del envase sea elegante y armonioso. En algunos casos en los que el producto estar\u00e1 delante de la marca, el logotipo en el producto contribuye al desarrollo de la marca y aporta beneficios a la instituci\u00f3n en la fase de comercializaci\u00f3n.<\/p>\n<p><strong>4) En Documentos en l\u00ednea:<\/strong> Utilizar la p\u00e1gina web de forma clara y comprensible en todos los \u00e1mbitos, como portadas de redes sociales, correos electr\u00f3nicos, anuncios de adwords, que se muestran como presencia en l\u00ednea, aumenta la familiaridad de los socios comerciales y los clientes con la marca y les permite confiar en ella.<\/p>\n<p><strong>5) En eventos:<\/strong> Logotipo; Los materiales impresos como carteles, folletos y stands utilizados en zonas de eventos tambi\u00e9n son herramientas publicitarias. Los logotipos, que se utilizan para atraer al p\u00fablico objetivo dando informaci\u00f3n suficiente y breve sobre la marca, hacen que la marca sea visible con su ventaja competitiva en entornos abarrotados.<\/p>\n<p><strong>6) Otros \u00e1mbitos: <\/strong>La estrategia de marketing adecuada consiste en utilizar el logotipo para todos los productos\/servicios de la marca en medios digitales o impresos o en lugares donde la marca tenga presencia.<\/p>\n<p><img decoding=\"async\" class=\"lazyload alignnone size-full wp-image-4670\" src=\"https:\/\/www.designcangencer.com\/wp-content\/uploads\/2025\/01\/7fa40a038b56306b885446503daa80e1.jpg\" data-orig-src=\"https:\/\/www.designcangencer.com\/wp-content\/uploads\/2025\/01\/7fa40a038b56306b885446503daa80e1.jpg\" alt=\"\" width=\"1024\" height=\"768\" srcset=\"data:image\/svg+xml,%3Csvg%20xmlns%3D%27http%3A%2F%2Fwww.w3.org%2F2000%2Fsvg%27%20width%3D%271024%27%20height%3D%27768%27%20viewBox%3D%270%200%201024%20768%27%3E%3Crect%20width%3D%271024%27%20height%3D%27768%27%20fill-opacity%3D%220%22%2F%3E%3C%2Fsvg%3E\" data-srcset=\"https:\/\/www.designcangencer.com\/wp-content\/uploads\/2025\/01\/7fa40a038b56306b885446503daa80e1-200x150.jpg 200w, https:\/\/www.designcangencer.com\/wp-content\/uploads\/2025\/01\/7fa40a038b56306b885446503daa80e1-300x225.jpg 300w, https:\/\/www.designcangencer.com\/wp-content\/uploads\/2025\/01\/7fa40a038b56306b885446503daa80e1-400x300.jpg 400w, https:\/\/www.designcangencer.com\/wp-content\/uploads\/2025\/01\/7fa40a038b56306b885446503daa80e1-600x450.jpg 600w, https:\/\/www.designcangencer.com\/wp-content\/uploads\/2025\/01\/7fa40a038b56306b885446503daa80e1-768x576.jpg 768w, https:\/\/www.designcangencer.com\/wp-content\/uploads\/2025\/01\/7fa40a038b56306b885446503daa80e1-800x600.jpg 800w, https:\/\/www.designcangencer.com\/wp-content\/uploads\/2025\/01\/7fa40a038b56306b885446503daa80e1.jpg 1024w\" data-sizes=\"auto\" data-orig-sizes=\"(max-width: 1024px) 100vw, 1024px\" \/><\/p>\n<h2><a href=\"https:\/\/www.designcangencer.com\/es\/comunicacion\/\"><strong>\u00bfQU\u00c9 HAY QUE TENER EN CUENTA EN EL DISE\u00d1O DE UN LOGOTIPO?<\/strong><\/a><\/h2>\n<p>Puesto que su marca ser\u00e1 la cara de sus productos y servicios, su logotipo debe dise\u00f1arse teniendo en cuenta la imagen de su instituci\u00f3n u organizaci\u00f3n.<\/p>\n<p>Y somos <strong>Design Can Gen\u00e7er Empresa de Consultor\u00eda Digital<\/strong> hemos determinado qu\u00e9 debe tenerse en cuenta en un dise\u00f1o de logotipo interesante e impactante que muestre la visi\u00f3n de su marca.<\/p>\n<ul>\n<li>Para que el logotipo se identifique f\u00e1cilmente con la marca, en los dise\u00f1os deben utilizarse fuentes sencillas y elementos visuales m\u00ednimos. Los elementos utilizados deben apelar a la identidad y la imagen corporativas.<\/li>\n<li>Los colores deben estar en armon\u00eda para que el dise\u00f1o del logotipo sea sencillo. En el logotipo deben utilizarse un m\u00e1ximo de 3 colores. Deben evitarse la complejidad y la exageraci\u00f3n. El uso de s\u00edmbolos pegadizos en el logotipo es eficaz para crear una imagen adecuada.<\/li>\n<li>Es importante que los tipos de letra sean legibles. Deben preferirse los tipos de letra que reflejen la visi\u00f3n, la misi\u00f3n y la identidad de la marca. De este modo, el mensaje que se quiere dar al p\u00fablico destinatario puede transmitirse con mayor claridad y nitidez.<\/li>\n<li>El logotipo no debe evocar a ninguna otra instituci\u00f3n u organizaci\u00f3n. Hay que tener cuidado de no utilizar logotipos connotativos que puedan da\u00f1ar gravemente la imagen corporativa. Los tipos de letra y las im\u00e1genes utilizadas en el logotipo deben ser originales y resultar atractivos para el p\u00fablico destinatario.<\/li>\n<li>Las dimensiones son muy importantes en el dise\u00f1o de logotipos. Dado que los logotipos dise\u00f1ados se utilizar\u00e1n en entornos digitales, carteles, r\u00f3tulos o vallas publicitarias, la configuraci\u00f3n de la resoluci\u00f3n se ajusta teniendo en cuenta las plataformas que se van a utilizar.<\/li>\n<\/ul>\n<h2><strong><a href=\"https:\/\/www.instagram.com\/designcangencer\/?next=\" target=\"_blank\" rel=\"noopener\">PROCESO DE DISE\u00d1O DEL LOGOTIPO<\/a> <\/strong><\/h2>\n<ul>\n<li><strong>Debe determinarse por qu\u00e9 se necesita el logotipo:<\/strong> La primera impresi\u00f3n que se desea crear de la marca es el logotipo, que es el \u00fanico elemento que representa a la marca en el momento en que los clientes ven por primera vez el dise\u00f1o del logotipo, que es el punto de partida, y se forman las primeras impresiones sobre la marca. La presencia del logotipo en el entorno competitivo sectorial es una gran ventaja.<\/li>\n<li><strong>Finalizaci\u00f3n de la identidad de marca:<\/strong> En primer lugar, una vez que la identidad de la marca est\u00e1 totalmente determinada, es necesario pasar a la fase de dise\u00f1o del logotipo. Si la identidad de marca est\u00e1 bien explicada, permite aumentar la originalidad y la creatividad durante el dise\u00f1o del logotipo, crear una identidad \u00fanica y que la marca destaque.<\/li>\n<li><strong>Encontrar la fuente de inspiraci\u00f3n o el punto de partida del dise\u00f1o: <\/strong>Captar un punto de partida es la parte m\u00e1s dif\u00edcil del dise\u00f1o de un logotipo. Una vez finalizado el debate y el an\u00e1lisis reuniendo distintas ideas e integr\u00e1ndolas con los deseos del p\u00fablico destinatario, se pueden recoger ciertas ideas para el dise\u00f1o del logotipo.<\/li>\n<li><strong>An\u00e1lisis de la competencia:<\/strong> Se revisan los caminos seguidos por las empresas rivales no s\u00f3lo en el dise\u00f1o del logotipo, sino tambi\u00e9n en cada producto y en cada etapa desde la creaci\u00f3n de la empresa. Se analizan los \u00e9xitos y los fracasos.<\/li>\n<li><strong>Determinaci\u00f3n del estilo de dise\u00f1o:<\/strong> Los logotipos atraen a distintos p\u00fablicos creando diferentes significados con sus estilos de dibujo. Tener en cuenta la identidad de la marca es importante para determinar el estilo en el dise\u00f1o.<\/li>\n<li><strong>Encontrar el tipo de logotipo adecuado<\/strong>: Se seleccionan formas de logotipo adecuadas, como logotipo, abstracto, emblema, monograma. Se garantiza la integridad con la marca.<\/li>\n<li><strong>Selecci\u00f3n de colores:<\/strong> Cada color tiene un significado diferente. Cada sector tiene su propia escala de colores e ir m\u00e1s all\u00e1 de los colores que deben utilizarse no siempre tiene malos resultados. Un logotipo que no cumpla los criterios de color pero tenga un dise\u00f1o creativo y diferente puede tener \u00e9xito. El dise\u00f1o puede completarse teniendo en cuenta los significados emocionales y sectoriales de los colores o utilizando colores apropiados para la marca. Adem\u00e1s de los colores principales que deben utilizarse en el logotipo, los colores complementarios determinados en la identidad corporativa no deben contradecir la integridad de la marca.<\/li>\n<li><strong>Determinaci\u00f3n de la fuente:<\/strong> La estrategia se determina eligiendo entre las categor\u00edas b\u00e1sicas de fuentes con t\u00edtulos principales como Serif, Sans, Serif, Script, Display. A continuaci\u00f3n se determinan las fuentes auxiliares.<\/li>\n<li><strong>Identificaci\u00f3n del dise\u00f1o:<\/strong> Despu\u00e9s de preparar el dise\u00f1o del logotipo como borrador, se completa el dise\u00f1o del logotipo tras a\u00f1adir los detalles espec\u00edficos de la marca o del cliente como resultado del intercambio de informaci\u00f3n con el cliente.<\/li>\n<li><strong>Combinaci\u00f3n de dise\u00f1o y marca:<\/strong> La base del logotipo de la marca se crea una vez finalizado el dise\u00f1o del logotipo, tras determinar las formas adecuadas para el formato digital e impreso.<\/li>\n<\/ul>\n<\/div><\/div><style type=\"text\/css\">.fusion-body .fusion-builder-column-2{width:100% !important;margin-top : 20px;margin-bottom : 20px;}.fusion-builder-column-2 > .fusion-column-wrapper {padding-top : 0px !important;padding-right : 0px !important;margin-right : 1.92%;padding-bottom : 0px !important;padding-left : 0px !important;margin-left : 1.92%;}@media only screen and (max-width:1024px) {.fusion-body .fusion-builder-column-2{width:100% !important;order : 0;}.fusion-builder-column-2 > .fusion-column-wrapper {margin-right : 1.92%;margin-left : 1.92%;}}@media only screen and (max-width:640px) {.fusion-body .fusion-builder-column-2{width:100% !important;order : 0;}.fusion-builder-column-2 > .fusion-column-wrapper {margin-right : 1.92%;margin-left : 1.92%;}}<\/style><\/div><\/div><style type=\"text\/css\">.fusion-body .fusion-flex-container.fusion-builder-row-1{ padding-top : 0px;margin-top : 0px;padding-right : 0px;padding-bottom : 0px;margin-bottom : 0px;padding-left : 0px;}<\/style><\/div>","protected":false},"excerpt":{"rendered":"","protected":false},"author":1,"featured_media":0,"parent":0,"menu_order":0,"comment_status":"closed","ping_status":"closed","template":"100-width.php","meta":{"om_disable_all_campaigns":false,"_monsterinsights_skip_tracking":false,"_monsterinsights_sitenote_active":false,"_monsterinsights_sitenote_note":"","_monsterinsights_sitenote_category":0,"footnotes":""},"class_list":["post-3718","page","type-page","status-publish","hentry"],"aioseo_notices":[],"_links":{"self":[{"href":"https:\/\/www.designcangencer.com\/es\/wp-json\/wp\/v2\/pages\/3718","targetHints":{"allow":["GET"]}}],"collection":[{"href":"https:\/\/www.designcangencer.com\/es\/wp-json\/wp\/v2\/pages"}],"about":[{"href":"https:\/\/www.designcangencer.com\/es\/wp-json\/wp\/v2\/types\/page"}],"author":[{"embeddable":true,"href":"https:\/\/www.designcangencer.com\/es\/wp-json\/wp\/v2\/users\/1"}],"replies":[{"embeddable":true,"href":"https:\/\/www.designcangencer.com\/es\/wp-json\/wp\/v2\/comments?post=3718"}],"version-history":[{"count":7,"href":"https:\/\/www.designcangencer.com\/es\/wp-json\/wp\/v2\/pages\/3718\/revisions"}],"predecessor-version":[{"id":4672,"href":"https:\/\/www.designcangencer.com\/es\/wp-json\/wp\/v2\/pages\/3718\/revisions\/4672"}],"wp:attachment":[{"href":"https:\/\/www.designcangencer.com\/es\/wp-json\/wp\/v2\/media?parent=3718"}],"curies":[{"name":"wp","href":"https:\/\/api.w.org\/{rel}","templated":true}]}}