{"id":3716,"date":"2023-08-02T10:25:18","date_gmt":"2023-08-02T10:25:18","guid":{"rendered":"https:\/\/www.designcangencer.com\/?page_id=3716"},"modified":"2025-01-27T19:20:54","modified_gmt":"2025-01-27T19:20:54","slug":"katalog-tasarimi","status":"publish","type":"page","link":"https:\/\/www.designcangencer.com\/es\/catalogo-diseno\/","title":{"rendered":"Dise\u00f1o de cat\u00e1logos"},"content":{"rendered":"<div class=\"fusion-fullwidth fullwidth-box fusion-builder-row-1 fusion-flex-container has-pattern-background has-mask-background nonhundred-percent-fullwidth non-hundred-percent-height-scrolling\" style=\"background-color: rgba(255,255,255,0);background-position: center center;background-repeat: no-repeat;border-width: 0px 0px 0px 0px;border-color:hsla(var(--awb-color8-h),var(--awb-color8-s),var(--awb-color8-l),calc( var(--awb-color8-a) - 92% ));border-style:solid;\" ><div class=\"fusion-builder-row fusion-row fusion-flex-align-items-flex-start\" style=\"max-width:1476.8px;margin-left: calc(-4% \/ 2 );margin-right: calc(-4% \/ 2 );\"><div class=\"fusion-layout-column fusion_builder_column fusion-builder-column-0 fusion_builder_column_1_2 1_2 fusion-flex-column\"><div class=\"fusion-column-wrapper fusion-flex-justify-content-flex-start fusion-content-layout-column\" style=\"background-position:left top;background-repeat:no-repeat;-webkit-background-size:cover;-moz-background-size:cover;-o-background-size:cover;background-size:cover;padding: 0px 0px 0px 0px;\"><div ><span class=\"fusion-imageframe imageframe-none imageframe-1 hover-type-none\" style=\"border-radius:8px;\"><img decoding=\"async\" width=\"2560\" height=\"1707\" title=\"sitio web-cat\u00e1logo-visual\" src=\"https:\/\/www.designcangencer.com\/wp-content\/uploads\/2023\/12\/website-katolog-gorsel-scaled.jpg\" data-orig-src=\"https:\/\/www.designcangencer.com\/wp-content\/uploads\/2023\/12\/website-katolog-gorsel-scaled.jpg\" alt class=\"lazyload img-responsive wp-image-4410\" srcset=\"data:image\/svg+xml,%3Csvg%20xmlns%3D%27http%3A%2F%2Fwww.w3.org%2F2000%2Fsvg%27%20width%3D%272560%27%20height%3D%271707%27%20viewBox%3D%270%200%202560%201707%27%3E%3Crect%20width%3D%272560%27%20height%3D%271707%27%20fill-opacity%3D%220%22%2F%3E%3C%2Fsvg%3E\" data-srcset=\"https:\/\/www.designcangencer.com\/wp-content\/uploads\/2023\/12\/website-katolog-gorsel-200x133.jpg 200w, https:\/\/www.designcangencer.com\/wp-content\/uploads\/2023\/12\/website-katolog-gorsel-400x267.jpg 400w, https:\/\/www.designcangencer.com\/wp-content\/uploads\/2023\/12\/website-katolog-gorsel-600x400.jpg 600w, https:\/\/www.designcangencer.com\/wp-content\/uploads\/2023\/12\/website-katolog-gorsel-800x533.jpg 800w, https:\/\/www.designcangencer.com\/wp-content\/uploads\/2023\/12\/website-katolog-gorsel-1200x800.jpg 1200w, https:\/\/www.designcangencer.com\/wp-content\/uploads\/2023\/12\/website-katolog-gorsel-scaled.jpg 2560w\" data-sizes=\"auto\" data-orig-sizes=\"(max-width: 640px) 100vw, 800px\" \/><\/span><\/div><\/div><style type=\"text\/css\">.fusion-body .fusion-builder-column-0{width:50% !important;margin-top : 20px;margin-bottom : 20px;}.fusion-builder-column-0 > .fusion-column-wrapper {padding-top : 0px !important;padding-right : 0px !important;margin-right : 3.84%;padding-bottom : 0px !important;padding-left : 0px !important;margin-left : 3.84%;}@media only screen and (max-width:1024px) {.fusion-body .fusion-builder-column-0{width:50% !important;order : 0;}.fusion-builder-column-0 > .fusion-column-wrapper {margin-right : 3.84%;margin-left : 3.84%;}}@media only screen and (max-width:640px) {.fusion-body .fusion-builder-column-0{width:100% !important;order : 0;}.fusion-builder-column-0 > .fusion-column-wrapper {margin-right : 1.92%;margin-left : 1.92%;}}<\/style><\/div><div class=\"fusion-layout-column fusion_builder_column fusion-builder-column-1 fusion_builder_column_1_2 1_2 fusion-flex-column\"><div class=\"fusion-column-wrapper fusion-flex-justify-content-flex-start fusion-content-layout-column\" style=\"background-position:left top;background-repeat:no-repeat;-webkit-background-size:cover;-moz-background-size:cover;-o-background-size:cover;background-size:cover;padding: 0px 0px 0px 0px;\"><div class=\"fusion-text fusion-text-1\"><h2><strong>\u00bfQU\u00c9 ES EL DISE\u00d1O DE CAT\u00c1LOGOS?<\/strong><\/h2>\n<\/div><div class=\"fusion-text fusion-text-2\"><p>Las marcas o instituciones suelen utilizar cat\u00e1logos para promocionarse. Los cat\u00e1logos son dise\u00f1os compuestos por elementos visuales y textos que elaboramos para que sus clientes dispongan de informaci\u00f3n sobre sus productos, su marca o su cartera. Al mismo tiempo, le ayuda a ganarse un lugar permanente en la mente de la gente, a ser reconocido correctamente y bien, a lograr la imagen deseada, por lo que debe preferirse un buen dise\u00f1o de cat\u00e1logo. El dise\u00f1o de cat\u00e1logos, que presenta detalladamente los servicios que presta su marca, es una herramienta de informaci\u00f3n y publicidad. Se denomina dise\u00f1o de cat\u00e1logo al proceso de preparaci\u00f3n y edici\u00f3n de textos y, finalmente, a su publicaci\u00f3n.<\/p>\n<\/div><\/div><style type=\"text\/css\">.fusion-body .fusion-builder-column-1{width:50% !important;margin-top : 20px;margin-bottom : 20px;}.fusion-builder-column-1 > .fusion-column-wrapper {padding-top : 0px !important;padding-right : 0px !important;margin-right : 3.84%;padding-bottom : 0px !important;padding-left : 0px !important;margin-left : 3.84%;}@media only screen and (max-width:1024px) {.fusion-body .fusion-builder-column-1{width:50% !important;order : 0;}.fusion-builder-column-1 > .fusion-column-wrapper {margin-right : 3.84%;margin-left : 3.84%;}}@media only screen and (max-width:640px) {.fusion-body .fusion-builder-column-1{width:100% !important;order : 0;}.fusion-builder-column-1 > .fusion-column-wrapper {margin-right : 1.92%;margin-left : 1.92%;}}<\/style><\/div><div class=\"fusion-layout-column fusion_builder_column fusion-builder-column-2 fusion_builder_column_1_1 1_1 fusion-flex-column\"><div class=\"fusion-column-wrapper fusion-flex-justify-content-flex-start fusion-content-layout-column\" style=\"background-position:left top;background-repeat:no-repeat;-webkit-background-size:cover;-moz-background-size:cover;-o-background-size:cover;background-size:cover;padding: 0px 0px 0px 0px;\"><div class=\"fusion-text fusion-text-3\"><p>Al dise\u00f1ar un cat\u00e1logo, hay que prestar atenci\u00f3n a los colores que se van a utilizar, los productos que se muestran, los tipos de letra del cat\u00e1logo, la armon\u00eda y la integridad visual. Para las empresas que no pueden dedicar tiempo a la edici\u00f3n, preparar un directorio de cat\u00e1logos, enviarlo a imprimir y realizar ajustes en el contenido supone una p\u00e9rdida de costes. Por esta raz\u00f3n, le servimos como Design Can Gen\u00e7er Company, que es un experto en su negocio con el fin de no perder el tiempo.<\/p>\n<h2><a href=\"https:\/\/www.designcangencer.com\/es\/comunicacion\/\"><strong>\u00bfC\u00d3MO DEBE SER EL DISE\u00d1O DE UN CAT\u00c1LOGO?<\/strong><\/a><\/h2>\n<p>Nos preparamos cuidadosamente para reflejar la identidad de su marca de forma completa para atraer la atenci\u00f3n del cliente.<\/p>\n<ul>\n<li><strong>Dise\u00f1o y tama\u00f1o del cat\u00e1logo: <\/strong>Podemos preparar grandes cat\u00e1logos de varias p\u00e1ginas en forma de revista, donde pueden lucirse grandes dise\u00f1os, y podemos crear cat\u00e1logos de tama\u00f1o manual que todo el mundo puede llevar f\u00e1cilmente. Lo m\u00e1s importante es que su cat\u00e1logo tenga una disposici\u00f3n de dise\u00f1o. El mensaje que quiere dar se da en un orden regular y de acuerdo con el concepto. Las personas que reciban el cat\u00e1logo deben poder establecer una conexi\u00f3n al pasar las p\u00e1ginas, deben poder encontrar algo propio.<\/li>\n<li><strong>Colocaci\u00f3n de im\u00e1genes y textos en el formato adecuado: <\/strong>La caracter\u00edstica de los cat\u00e1logos es impresionar a los clientes con elementos visuales. Hacemos una selecci\u00f3n visual profesional en el dise\u00f1o de cat\u00e1logos y creamos conceptos adecuados para su marca. Hay que conocer bien al p\u00fablico objetivo y tener en cuenta los detalles que le gustan. Una vez seleccionadas las im\u00e1genes especiales, se colocan en el cat\u00e1logo con una composici\u00f3n adecuada para ellas.<\/li>\n<\/ul>\n<p><strong>Aparte de esto, los textos que servir\u00e1n de apoyo a los elementos visuales deben estar bien ajustados.<\/strong> Los cat\u00e1logos compuestos \u00fanicamente de elementos visuales no pueden transmitir el mensaje que quieren dar, por lo que no consiguen atraer la atenci\u00f3n de los clientes. Nuestro objetivo es apoyar con \u00e9xito los elementos visuales con un texto armonioso y s\u00f3lido. A\u00f1adimos todas las im\u00e1genes y textos a los cat\u00e1logos en los tama\u00f1os y partes adecuados. Un cat\u00e1logo elegante e interesante servir\u00e1 sin duda a su prop\u00f3sito.<\/p>\n<ul>\n<li><strong>Colores e identidad de marca: <\/strong>Los colores utilizados al crear un concepto durante el dise\u00f1o de un cat\u00e1logo son importantes. Por ejemplo, el color rojo, expectaci\u00f3n y entusiasmo. Mientras que el color verde refleja tranquilidad, el azul evoca confianza y libertad. Al crear los colores, los elementos visuales y la composici\u00f3n, hay que respetar la identidad de la marca. Hay que analizar bien el p\u00fablico objetivo y utilizar esl\u00f3ganes que reflejen la identidad de la marca. Le ayudamos a crear conceptos armoniosos y cercanos para que sus productos sean adoptados por el p\u00fablico objetivo. Como resultado, a la vez que se representa la identidad de su marca, se garantiza el \u00e9xito de los cat\u00e1logos estableciendo una estrecha relaci\u00f3n con sus clientes.<\/li>\n<\/ul>\n<h2><strong>\u00bfPOR QU\u00c9 ES NECESARIO EL DISE\u00d1O DE CAT\u00c1LOGOS? <\/strong><\/h2>\n<p>Los dise\u00f1os de cat\u00e1logos con descripciones detalladas y datos t\u00e9cnicos satisfacen la necesidad de forma exhaustiva de un modo diferente a los folletos. En cuanto a productos y servicios, el cat\u00e1logo puede clasificarse seg\u00fan los productos \/ servicios que ofrece la empresa. De este modo, los productos \/ servicios de las empresas se encuentran en un \u00fanico dise\u00f1o de cat\u00e1logo. Proporciona importantes ventajas a las empresas para llegar a clientes potenciales y aumentar el volumen de negocio.<\/p>\n<h2><a href=\"https:\/\/www.instagram.com\/designcangencer\/?next=\" target=\"_blank\" rel=\"noopener\"><strong>\u00bfQU\u00c9 DEBE FIGURAR EN EL CAT\u00c1LOGO?<\/strong><\/a><\/h2>\n<p>El dise\u00f1o de los cat\u00e1logos debe ser compatible con la identidad corporativa. Los cat\u00e1logos corporativos est\u00e1n en primera l\u00ednea. Cuando el cat\u00e1logo es pegadizo, hay que asegurarse de que sea comprensible y f\u00e1cil de entender cuando hace asociaciones con la gente, que tenga un uso visual de calidad y que represente correctamente a la marca. Cuidamos de incluir diferencias comparativas, informaci\u00f3n de uso e informaci\u00f3n t\u00e9cnica de los productos \/ servicios ofrecidos.<\/p>\n<p>Los dise\u00f1os que trabajamos con visuales de calidad han tenido efectos positivos en las ventas. Los dise\u00f1os con dise\u00f1os sencillos populares y ricos en contenido han proporcionado transformaciones muy positivas en la promoci\u00f3n de las marcas. Como resultado, se crea un v\u00ednculo entre la marca y el cliente y hace que permanezca en su memoria.<\/p>\n<h2><strong>\u00bfCU\u00c1LES SON LAS ETAPAS DEL DISE\u00d1O DE UN CAT\u00c1LOGO?<\/strong><\/h2>\n<p><strong>&#8211;<\/strong>Dise\u00f1o de la cubierta del cat\u00e1logo<\/p>\n<p><strong>&#8211;<\/strong>Cat\u00e1logo de dise\u00f1o<\/p>\n<p><strong>&#8211;<\/strong>Preparaci\u00f3n de contenidos escritos y visuales para el cat\u00e1logo<\/p>\n<p><strong>&#8211;<\/strong>Montaje y compilaci\u00f3n internos del cat\u00e1logo<\/p>\n<p><strong>&#8211;<\/strong>Determinaci\u00f3n de las funciones relacionadas con el cat\u00e1logo<\/p>\n<p><strong>&#8211;<\/strong>Caracter\u00edsticas del cat\u00e1logo en dise\u00f1o<\/p>\n<p><strong>&#8211;<\/strong>Gesti\u00f3n del dise\u00f1o de cat\u00e1logos<\/p>\n<p><strong>&#8211;<\/strong>Preparaci\u00f3n del cat\u00e1logo para su impresi\u00f3n<\/p>\n<p><img decoding=\"async\" class=\"lazyload alignnone size-full wp-image-4666\" src=\"https:\/\/www.designcangencer.com\/wp-content\/uploads\/2025\/01\/panelium-honeycomb-kompozit-panel-katalog-tasarim-21-scaled.jpg\" data-orig-src=\"https:\/\/www.designcangencer.com\/wp-content\/uploads\/2025\/01\/panelium-honeycomb-kompozit-panel-katalog-tasarim-21-scaled.jpg\" alt=\"\" width=\"2560\" height=\"1707\" srcset=\"data:image\/svg+xml,%3Csvg%20xmlns%3D%27http%3A%2F%2Fwww.w3.org%2F2000%2Fsvg%27%20width%3D%272560%27%20height%3D%271707%27%20viewBox%3D%270%200%202560%201707%27%3E%3Crect%20width%3D%272560%27%20height%3D%271707%27%20fill-opacity%3D%220%22%2F%3E%3C%2Fsvg%3E\" data-srcset=\"https:\/\/www.designcangencer.com\/wp-content\/uploads\/2025\/01\/panelium-honeycomb-kompozit-panel-katalog-tasarim-21-200x133.jpg 200w, https:\/\/www.designcangencer.com\/wp-content\/uploads\/2025\/01\/panelium-honeycomb-kompozit-panel-katalog-tasarim-21-300x200.jpg 300w, https:\/\/www.designcangencer.com\/wp-content\/uploads\/2025\/01\/panelium-honeycomb-kompozit-panel-katalog-tasarim-21-400x267.jpg 400w, https:\/\/www.designcangencer.com\/wp-content\/uploads\/2025\/01\/panelium-honeycomb-kompozit-panel-katalog-tasarim-21-600x400.jpg 600w, https:\/\/www.designcangencer.com\/wp-content\/uploads\/2025\/01\/panelium-honeycomb-kompozit-panel-katalog-tasarim-21-768x512.jpg 768w, https:\/\/www.designcangencer.com\/wp-content\/uploads\/2025\/01\/panelium-honeycomb-kompozit-panel-katalog-tasarim-21-800x533.jpg 800w, https:\/\/www.designcangencer.com\/wp-content\/uploads\/2025\/01\/panelium-honeycomb-kompozit-panel-katalog-tasarim-21-1024x683.jpg 1024w, https:\/\/www.designcangencer.com\/wp-content\/uploads\/2025\/01\/panelium-honeycomb-kompozit-panel-katalog-tasarim-21-1200x800.jpg 1200w, https:\/\/www.designcangencer.com\/wp-content\/uploads\/2025\/01\/panelium-honeycomb-kompozit-panel-katalog-tasarim-21-1536x1024.jpg 1536w, https:\/\/www.designcangencer.com\/wp-content\/uploads\/2025\/01\/panelium-honeycomb-kompozit-panel-katalog-tasarim-21-scaled.jpg 2560w\" data-sizes=\"auto\" data-orig-sizes=\"(max-width: 2560px) 100vw, 2560px\" \/><\/p>\n<h2><strong>\u00bfQU\u00c9 DEBE TENERSE EN CUENTA EN EL DISE\u00d1O DE UN CAT\u00c1LOGO?<\/strong><\/h2>\n<p><strong>El inter\u00e9s del cliente se ve atra\u00eddo por los t\u00edtulos que usted da a su contenido: <\/strong>Los t\u00edtulos del cat\u00e1logo se eligen para atraer la atenci\u00f3n del lector all\u00ed donde se desea atraerla. Los t\u00edtulos intrigantes ayudan a no pasar por alto el \u00e1rea en cuesti\u00f3n. Ser sincero es la \u00fanica manera de atraer el inter\u00e9s. Se procura tranquilizar a los lectores. Ser audaz e incluir ofertas atractivas tiene como objetivo permanecer en la mente de los clientes.<\/p>\n<p><strong>Difer\u00e9nciese de sus competidores:<\/strong> Se siguen diferentes caminos para captar la atenci\u00f3n que se quiere atraer. A\u00f1adimos una perspectiva diferente a tus dise\u00f1os y te ayudamos a ser creativo.<\/p>\n<p><strong>Se utilizan fotograf\u00edas tomadas desde un \u00e1ngulo profesional: <\/strong>Para que los clientes compren su producto, son importantes las fotos tomadas desde el \u00e1ngulo correcto con la luz adecuada, que es un indicador de profesionalidad. Un producto con un aspecto inadecuado no dejar\u00e1 una buena impresi\u00f3n.<\/p>\n<p><strong>No exagere en su dise\u00f1o: <\/strong>Incluir en su cat\u00e1logo un m\u00ednimo de cosas relevantes para su marca resultar\u00e1 aburrido para quienes lo revisen. Si el dise\u00f1o es complejo, pierde inter\u00e9s. La apariencia debe ser sencilla.<\/p>\n<p><strong>Destaque su producto m\u00e1s rentable: <\/strong>Es importante que en su cat\u00e1logo est\u00e9 el producto con el que obtiene m\u00e1s beneficios, no el m\u00e1s vendido. Es un elemento importante colocar los productos rentables en los rincones que m\u00e1s llamen la atenci\u00f3n de los clientes.<\/p>\n<p><strong>Debe haber una organizaci\u00f3n pr\u00e1ctica: <\/strong>Es importante que su informaci\u00f3n de contacto sea pr\u00e1ctica en forma de p\u00e1gina web, tel\u00e9fono, direcci\u00f3n y m\u00e9todos de pedido en lugar de estar abarrotada.<\/p>\n<h2><strong>\u00bfCU\u00c1LES SON LOS PUNTOS IMPORTANTES EN EL DISE\u00d1O DE UN CAT\u00c1LOGO?<\/strong><\/h2>\n<p>El dise\u00f1o de cat\u00e1logos, los resultados que se producir\u00e1n al realizarlo crean un efecto en este contexto. Cuando se trata de marketing, el cat\u00e1logo es una poderosa herramienta para promocionar productos \/ servicios. Es importante realizar dise\u00f1os que se adapten a la situaci\u00f3n. Si el dise\u00f1o no se realiza correctamente, es posible que los resultados que se produzcan no cumplan las expectativas.<\/p>\n<p>Si el rendimiento del cat\u00e1logo se dise\u00f1a correctamente, el efecto estar\u00e1 en la proporci\u00f3n adecuada. Es muy importante dise\u00f1ar el cat\u00e1logo de forma que atraiga al p\u00fablico objetivo. Si el p\u00fablico objetivo es joven, hay que utilizar detalles, palabras, im\u00e1genes, colores y otros detalles que atraigan a los j\u00f3venes. Si su p\u00fablico objetivo no atrae a un grupo de edad concreto, le ayudamos a aprovechar las m\u00faltiples opciones de dise\u00f1o que ofrece.<\/p>\n<p>Hay que ajustar correctamente el formato, el n\u00famero de p\u00e1ginas y lo que el p\u00fablico objetivo puede pensar del cat\u00e1logo. La selecci\u00f3n de colores e im\u00e1genes es, por supuesto, muy importante en t\u00e9rminos de dise\u00f1o. Utilizar im\u00e1genes de alta calidad, elegir im\u00e1genes libres de derechos para los productos \/ servicios son algunas de las partes m\u00e1s importantes. Si se van a incluir fotograf\u00edas en el cat\u00e1logo, prestamos atenci\u00f3n al uso de fotograf\u00edas que pertenezcan \u00edntegramente a la marca. Con estas etapas, le ayudamos a reflejar con \u00e9xito los resultados deseados en el dise\u00f1o del cat\u00e1logo.<\/p>\n<h2><strong>\u00bfCU\u00c1LES SON LOS TIPOS DE CAT\u00c1LOGOS?<\/strong><\/h2>\n<ul>\n<li>Cat\u00e1logos de Business World<\/li>\n<li>Cat\u00e1logos de venta<\/li>\n<li>Cat\u00e1logos de marketing<\/li>\n<li>Cat\u00e1logos de educaci\u00f3n<\/li>\n<li>Cat\u00e1logos de productos promocionales<\/li>\n<\/ul>\n<h2><strong>\u00bfQU\u00c9 SIGNIFICA CAT\u00c1LOGO EN L\u00cdNEA EN EL DISE\u00d1O DE CAT\u00c1LOGOS?<\/strong><\/h2>\n<p>La visualizaci\u00f3n del cat\u00e1logo en formato PDF que hemos dise\u00f1ado en el visor se denomina E-Cat\u00e1logo o Cat\u00e1logo Online. Al compartir s\u00f3lo el enlace sin necesidad de adjuntarlo al correo electr\u00f3nico, puede evitar que sus correos caigan en la carpeta de spam y permitir que los usuarios vean su cat\u00e1logo c\u00f3modamente. Al mismo tiempo, es la opci\u00f3n preferida de la mayor\u00eda de las empresas porque no hay costes de impresi\u00f3n. El cat\u00e1logo en l\u00ednea puede ser preferido tanto por empresas como por particulares.<\/p>\n<h2><strong>\u00bfCU\u00c1LES SON LAS VENTAJAS DEL CAT\u00c1LOGO EN L\u00cdNEA?<\/strong><\/h2>\n<ul>\n<li>Importante para la institucionalizaci\u00f3n<\/li>\n<li>Es m\u00e1s rentable que los cat\u00e1logos impresos. Puede utilizarlos tanto impresos como en l\u00ednea<\/li>\n<li>Ofrece una plataforma apta para todos los usos<\/li>\n<li>Puede cambiar todo tipo de contenido como desee. Usted tiene la oportunidad de mostrar en plataformas en l\u00ednea.<\/li>\n<li>El env\u00edo por correo electr\u00f3nico s\u00f3lo es posible compartiendo enlaces.<\/li>\n<li>Todo el que entra en su sitio web tiene la oportunidad de ver y revisar el cat\u00e1logo en l\u00ednea.<\/li>\n<\/ul>\n<\/div><\/div><style type=\"text\/css\">.fusion-body .fusion-builder-column-2{width:100% !important;margin-top : 20px;margin-bottom : 20px;}.fusion-builder-column-2 > .fusion-column-wrapper {padding-top : 0px !important;padding-right : 0px !important;margin-right : 1.92%;padding-bottom : 0px !important;padding-left : 0px !important;margin-left : 1.92%;}@media only screen and (max-width:1024px) {.fusion-body .fusion-builder-column-2{width:100% !important;order : 0;}.fusion-builder-column-2 > .fusion-column-wrapper {margin-right : 1.92%;margin-left : 1.92%;}}@media only screen and (max-width:640px) {.fusion-body .fusion-builder-column-2{width:100% !important;order : 0;}.fusion-builder-column-2 > .fusion-column-wrapper {margin-right : 1.92%;margin-left : 1.92%;}}<\/style><\/div><\/div><style type=\"text\/css\">.fusion-body .fusion-flex-container.fusion-builder-row-1{ padding-top : 0px;margin-top : 0px;padding-right : 0px;padding-bottom : 0px;margin-bottom : 0px;padding-left : 0px;}<\/style><\/div>","protected":false},"excerpt":{"rendered":"","protected":false},"author":1,"featured_media":0,"parent":0,"menu_order":0,"comment_status":"closed","ping_status":"closed","template":"100-width.php","meta":{"om_disable_all_campaigns":false,"_monsterinsights_skip_tracking":false,"_monsterinsights_sitenote_active":false,"_monsterinsights_sitenote_note":"","_monsterinsights_sitenote_category":0,"footnotes":""},"class_list":["post-3716","page","type-page","status-publish","hentry"],"aioseo_notices":[],"_links":{"self":[{"href":"https:\/\/www.designcangencer.com\/es\/wp-json\/wp\/v2\/pages\/3716","targetHints":{"allow":["GET"]}}],"collection":[{"href":"https:\/\/www.designcangencer.com\/es\/wp-json\/wp\/v2\/pages"}],"about":[{"href":"https:\/\/www.designcangencer.com\/es\/wp-json\/wp\/v2\/types\/page"}],"author":[{"embeddable":true,"href":"https:\/\/www.designcangencer.com\/es\/wp-json\/wp\/v2\/users\/1"}],"replies":[{"embeddable":true,"href":"https:\/\/www.designcangencer.com\/es\/wp-json\/wp\/v2\/comments?post=3716"}],"version-history":[{"count":6,"href":"https:\/\/www.designcangencer.com\/es\/wp-json\/wp\/v2\/pages\/3716\/revisions"}],"predecessor-version":[{"id":4667,"href":"https:\/\/www.designcangencer.com\/es\/wp-json\/wp\/v2\/pages\/3716\/revisions\/4667"}],"wp:attachment":[{"href":"https:\/\/www.designcangencer.com\/es\/wp-json\/wp\/v2\/media?parent=3716"}],"curies":[{"name":"wp","href":"https:\/\/api.w.org\/{rel}","templated":true}]}}