{"id":3715,"date":"2023-08-02T10:25:16","date_gmt":"2023-08-02T10:25:16","guid":{"rendered":"https:\/\/www.designcangencer.com\/?page_id=3715"},"modified":"2025-01-27T19:17:38","modified_gmt":"2025-01-27T19:17:38","slug":"kurumsal-kimlik","status":"publish","type":"page","link":"https:\/\/www.designcangencer.com\/es\/identidad-corporativa\/","title":{"rendered":"Identidad corporativa"},"content":{"rendered":"<div class=\"fusion-fullwidth fullwidth-box fusion-builder-row-1 fusion-flex-container has-pattern-background has-mask-background nonhundred-percent-fullwidth non-hundred-percent-height-scrolling\" style=\"background-color: rgba(255,255,255,0);background-position: center center;background-repeat: no-repeat;border-width: 0px 0px 0px 0px;border-color:hsla(var(--awb-color8-h),var(--awb-color8-s),var(--awb-color8-l),calc( var(--awb-color8-a) - 92% ));border-style:solid;\" ><div class=\"fusion-builder-row fusion-row fusion-flex-align-items-flex-start\" style=\"max-width:1476.8px;margin-left: calc(-4% \/ 2 );margin-right: calc(-4% \/ 2 );\"><div class=\"fusion-layout-column fusion_builder_column fusion-builder-column-0 fusion_builder_column_1_2 1_2 fusion-flex-column\"><div class=\"fusion-column-wrapper fusion-flex-justify-content-flex-start fusion-content-layout-column\" style=\"background-position:left top;background-repeat:no-repeat;-webkit-background-size:cover;-moz-background-size:cover;-o-background-size:cover;background-size:cover;padding: 0px 0px 0px 0px;\"><div ><span class=\"fusion-imageframe imageframe-none imageframe-1 hover-type-none\" style=\"border-radius:8px;\"><img decoding=\"async\" width=\"2560\" height=\"1707\" title=\"website-corporate-identity-visual\" src=\"https:\/\/www.designcangencer.com\/wp-content\/uploads\/2023\/12\/website-kurumsal-kimlik-gorsel-scaled.jpg\" data-orig-src=\"https:\/\/www.designcangencer.com\/wp-content\/uploads\/2023\/12\/website-kurumsal-kimlik-gorsel-scaled.jpg\" alt class=\"lazyload img-responsive wp-image-4413\" srcset=\"data:image\/svg+xml,%3Csvg%20xmlns%3D%27http%3A%2F%2Fwww.w3.org%2F2000%2Fsvg%27%20width%3D%272560%27%20height%3D%271707%27%20viewBox%3D%270%200%202560%201707%27%3E%3Crect%20width%3D%272560%27%20height%3D%271707%27%20fill-opacity%3D%220%22%2F%3E%3C%2Fsvg%3E\" data-srcset=\"https:\/\/www.designcangencer.com\/wp-content\/uploads\/2023\/12\/website-kurumsal-kimlik-gorsel-200x133.jpg 200w, https:\/\/www.designcangencer.com\/wp-content\/uploads\/2023\/12\/website-kurumsal-kimlik-gorsel-400x267.jpg 400w, https:\/\/www.designcangencer.com\/wp-content\/uploads\/2023\/12\/website-kurumsal-kimlik-gorsel-600x400.jpg 600w, https:\/\/www.designcangencer.com\/wp-content\/uploads\/2023\/12\/website-kurumsal-kimlik-gorsel-800x533.jpg 800w, https:\/\/www.designcangencer.com\/wp-content\/uploads\/2023\/12\/website-kurumsal-kimlik-gorsel-1200x800.jpg 1200w, https:\/\/www.designcangencer.com\/wp-content\/uploads\/2023\/12\/website-kurumsal-kimlik-gorsel-scaled.jpg 2560w\" data-sizes=\"auto\" data-orig-sizes=\"(max-width: 640px) 100vw, 800px\" \/><\/span><\/div><\/div><style type=\"text\/css\">.fusion-body .fusion-builder-column-0{width:50% !important;margin-top : 20px;margin-bottom : 20px;}.fusion-builder-column-0 > .fusion-column-wrapper {padding-top : 0px !important;padding-right : 0px !important;margin-right : 3.84%;padding-bottom : 0px !important;padding-left : 0px !important;margin-left : 3.84%;}@media only screen and (max-width:1024px) {.fusion-body .fusion-builder-column-0{width:50% !important;order : 0;}.fusion-builder-column-0 > .fusion-column-wrapper {margin-right : 3.84%;margin-left : 3.84%;}}@media only screen and (max-width:640px) {.fusion-body .fusion-builder-column-0{width:100% !important;order : 0;}.fusion-builder-column-0 > .fusion-column-wrapper {margin-right : 1.92%;margin-left : 1.92%;}}<\/style><\/div><div class=\"fusion-layout-column fusion_builder_column fusion-builder-column-1 fusion_builder_column_1_2 1_2 fusion-flex-column\"><div class=\"fusion-column-wrapper fusion-flex-justify-content-flex-start fusion-content-layout-column\" style=\"background-position:left top;background-repeat:no-repeat;-webkit-background-size:cover;-moz-background-size:cover;-o-background-size:cover;background-size:cover;padding: 0px 0px 0px 0px;\"><div class=\"fusion-text fusion-text-1\"><h2><strong>\u00bfQU\u00c9 ES LA IDENTIDAD CORPORATIVA?<\/strong><\/h2>\n<\/div><div class=\"fusion-text fusion-text-2\"><p>Es el concepto que representa el comportamiento, la postura y la imagen de cualquier empresa, instituci\u00f3n u organizaci\u00f3n, tanto dentro como fuera de la empresa, es decir, la identidad de la empresa. Las necesidades y expectativas de las empresas son importantes en el proceso de identidad corporativa. Determinamos c\u00f3mo quiere ser la empresa y creamos una identidad corporativa adecuada.<\/p>\n<p>La identidad corporativa es la cara de la empresa ante el mundo interno y externo. La identidad corporativa elimina la confusi\u00f3n de identidad que puede surgir en las empresas. Una identidad corporativa bien dise\u00f1ada permite a las instituciones ganar prestigio a los ojos de los clientes o del p\u00fablico objetivo y aumenta el prestigio de las instituciones. Cuando las empresas adoptan identidades pegadizas y eficaces, aumenta la confianza de las empresas a ojos de los clientes. Se permite a las empresas ganar m\u00e1s espacio en la mente.<\/p>\n<\/div><\/div><style type=\"text\/css\">.fusion-body .fusion-builder-column-1{width:50% !important;margin-top : 20px;margin-bottom : 20px;}.fusion-builder-column-1 > .fusion-column-wrapper {padding-top : 0px !important;padding-right : 0px !important;margin-right : 3.84%;padding-bottom : 0px !important;padding-left : 0px !important;margin-left : 3.84%;}@media only screen and (max-width:1024px) {.fusion-body .fusion-builder-column-1{width:50% !important;order : 0;}.fusion-builder-column-1 > .fusion-column-wrapper {margin-right : 3.84%;margin-left : 3.84%;}}@media only screen and (max-width:640px) {.fusion-body .fusion-builder-column-1{width:100% !important;order : 0;}.fusion-builder-column-1 > .fusion-column-wrapper {margin-right : 1.92%;margin-left : 1.92%;}}<\/style><\/div><div class=\"fusion-layout-column fusion_builder_column fusion-builder-column-2 fusion_builder_column_1_1 1_1 fusion-flex-column\"><div class=\"fusion-column-wrapper fusion-flex-justify-content-flex-start fusion-content-layout-column\" style=\"background-position:left top;background-repeat:no-repeat;-webkit-background-size:cover;-moz-background-size:cover;-o-background-size:cover;background-size:cover;padding: 0px 0px 0px 0px;\"><div class=\"fusion-text fusion-text-3\"><h2><strong>\u00bfC\u00d3MO CREAR UNA IDENTIDAD CORPORATIVA?<\/strong><\/h2>\n<p>En el proceso de creaci\u00f3n de la identidad corporativa, las empresas deben prestar atenci\u00f3n a los dise\u00f1os. La empresa Design Can Gen\u00e7er, experta en su campo, ofrece un servicio profesional. La identidad corporativa tiene m\u00e1s de un elemento. Hay muchos elementos de la identidad corporativa, incluidos los productos y envases de productos producidos por las empresas, exposiciones y ferias organizadas por las empresas, membretes, sobres y archivos, tarjetas de visita, cartas de cobro, certificados, letreros pertenecientes a la empresa, anuncios, cat\u00e1logos y folletos de la empresa.<\/p>\n<p>Dado que la identidad corporativa sirve como firma de las organizaciones, una vez que se empieza a utilizar, la gente asociar\u00e1 las empresas con la identidad corporativa creada. Despu\u00e9s, volver a crear una identidad corporativa ser\u00e1 un proceso muy dif\u00edcil y problem\u00e1tico para las empresas.<\/p>\n<p>Los estudios de identidad corporativa tambi\u00e9n tienen un aspecto digital. Los sitios web de las organizaciones y los distintos m\u00e9todos digitales tambi\u00e9n pueden evaluarse en el proceso de identidad corporativa.<\/p>\n<p><strong>\u00a0<\/strong><\/p>\n<h2><a href=\"https:\/\/www.instagram.com\/designcangencer\/?next=\" target=\"_blank\" rel=\"noopener\"><strong>\u00bfCU\u00c1LES SON LAS ETAPAS DE LA CREACI\u00d3N DE UNA IDENTIDAD CORPORATIVA?<\/strong><\/a><\/h2>\n<p>1) Una vez que las organizaciones deciden lo que quieren, se determina y aprueba el trabajo que debe realizarse. La planificaci\u00f3n detallada debe hacerse antes de iniciar el proceso de dise\u00f1o.<br \/>\n2) En el proceso de creaci\u00f3n de dise\u00f1os, se debe actuar de acuerdo con las exigencias de la \u00e9poca. Los elementos de identidad corporativa deben ir en paralelo con las expectativas de la \u00e9poca. El objetivo es que la empresa adquiera una imagen contempor\u00e1nea y aceptable.<br \/>\n3) Una vez que los dise\u00f1os est\u00e1n listos para su presentaci\u00f3n, se debe dar el visto bueno tras revisar las presentaciones con los responsables de la empresa con la que trabajamos. Las presentaciones que reciban la aprobaci\u00f3n de la empresa podr\u00e1n empezar a utilizarse.<br \/>\n4) Se realizan cambios en los dise\u00f1os de acuerdo con las peticiones de los responsables de la empresa. El dise\u00f1o se realiza de acuerdo con los deseos y expectativas de la empresa.<\/p>\n<p>5) Por \u00faltimo, los dise\u00f1os preparados se imprimen en todas las zonas necesarias y luego se difunden. En el proceso de creaci\u00f3n de una identidad corporativa, es importante determinar el p\u00fablico objetivo y el calendario. De lo contrario, el proceso acabar\u00e1 en fracaso. De lo contrario, tambi\u00e9n existe la posibilidad de que la empresa pierda prestigio.<\/p>\n<h2><a href=\"https:\/\/www.designcangencer.com\/es\/comunicacion\/\"><strong>\u00bfPOR QU\u00c9 ES IMPORTANTE LA IDENTIDAD CORPORATIVA?<\/strong><\/a><\/h2>\n<p>1) La verdadera identidad de la marca se refleja de la mejor manera.<\/p>\n<p>2) Se garantiza que la marca tenga una imagen ante la sociedad y los usuarios.<\/p>\n<p>3) Sit\u00faa a la marca por delante en el entorno competitivo.<\/p>\n<p>4) Ayuda a los empleados de la marca a desarrollar su sentido de pertenencia.<\/p>\n<p>5) Cuando se crean elementos de identidad corporativa, deben estar protegidos por un certificado de patente obtenido en la Oficina Turca de Patentes y Marcas. De este modo, evitamos que los elementos visuales de la empresa puedan ser vendidos o reproducidos por terceros.<\/p>\n<p><img decoding=\"async\" class=\"lazyload alignnone size-full wp-image-4664\" src=\"https:\/\/www.designcangencer.com\/wp-content\/uploads\/2025\/01\/0858e222835795.5631925620aa9.jpg\" data-orig-src=\"https:\/\/www.designcangencer.com\/wp-content\/uploads\/2025\/01\/0858e222835795.5631925620aa9.jpg\" alt=\"\" width=\"1920\" height=\"1010\" srcset=\"data:image\/svg+xml,%3Csvg%20xmlns%3D%27http%3A%2F%2Fwww.w3.org%2F2000%2Fsvg%27%20width%3D%271920%27%20height%3D%271010%27%20viewBox%3D%270%200%201920%201010%27%3E%3Crect%20width%3D%271920%27%20height%3D%271010%27%20fill-opacity%3D%220%22%2F%3E%3C%2Fsvg%3E\" data-srcset=\"https:\/\/www.designcangencer.com\/wp-content\/uploads\/2025\/01\/0858e222835795.5631925620aa9-200x105.jpg 200w, https:\/\/www.designcangencer.com\/wp-content\/uploads\/2025\/01\/0858e222835795.5631925620aa9-300x158.jpg 300w, https:\/\/www.designcangencer.com\/wp-content\/uploads\/2025\/01\/0858e222835795.5631925620aa9-400x210.jpg 400w, https:\/\/www.designcangencer.com\/wp-content\/uploads\/2025\/01\/0858e222835795.5631925620aa9-600x316.jpg 600w, https:\/\/www.designcangencer.com\/wp-content\/uploads\/2025\/01\/0858e222835795.5631925620aa9-768x404.jpg 768w, https:\/\/www.designcangencer.com\/wp-content\/uploads\/2025\/01\/0858e222835795.5631925620aa9-800x421.jpg 800w, https:\/\/www.designcangencer.com\/wp-content\/uploads\/2025\/01\/0858e222835795.5631925620aa9-1024x539.jpg 1024w, https:\/\/www.designcangencer.com\/wp-content\/uploads\/2025\/01\/0858e222835795.5631925620aa9-1200x631.jpg 1200w, https:\/\/www.designcangencer.com\/wp-content\/uploads\/2025\/01\/0858e222835795.5631925620aa9-1536x808.jpg 1536w, https:\/\/www.designcangencer.com\/wp-content\/uploads\/2025\/01\/0858e222835795.5631925620aa9.jpg 1920w\" data-sizes=\"auto\" data-orig-sizes=\"(max-width: 1920px) 100vw, 1920px\" \/><\/p>\n<h2><strong>\u00bfQU\u00c9 IMPORTANCIA TIENEN LA IDENTIDAD CORPORATIVA Y LOS REGISTROS DE PATENTES Y MARCAS?<\/strong><\/h2>\n<p>Revela la diferencia de cualquier empresa con respecto a las empresas competidoras del sector. Muchos consumidores prefieren marcas fiables a la hora de adquirir productos o servicios. La protecci\u00f3n de las marcas, es decir, su registro, es extremadamente importante. Registro de marcas; Es importante para las empresas proteger sus derechos de marca y evitar la copia por parte de terceros.<\/p>\n<p>Oficina Turca de Patentes y Marcas; Llama la atenci\u00f3n por ser la instituci\u00f3n que concede el registro de marcas en Turqu\u00eda. El logotipo, el envase y muchos detalles de dise\u00f1o entre los elementos de identidad corporativa se unen para formar la marca. Los elementos de dise\u00f1o deben estar protegidos por el certificado de patente que se obtiene en la Oficina Turca de Patentes y Marcas. As\u00ed es como se obtiene la m\u00e1xima eficacia de los estudios de identidad corporativa.<\/p>\n<h2><strong>\u00bfEN QU\u00c9 CONSISTE UN ESTUDIO DE IDENTIDAD CORPORATIVA?<\/strong><\/h2>\n<p>El dise\u00f1o de identidad corporativa es la plasmaci\u00f3n de todo lo que se le pueda ocurrir a la marca o instituci\u00f3n con un est\u00e1ndar visual integr\u00e1ndose con la filosof\u00eda de dicha marca. No es correcto considerar el trabajo de identidad corporativa \u00fanicamente como el dise\u00f1o de tarjetas de visita o membretes. Una identidad corporativa preparada para la marca relacionada con el trabajo de identidad corporativa se presenta con una gu\u00eda de normas de identidad corporativa.<\/p>\n<p>Los incluidos en las normas de identidad corporativa;<\/p>\n<ul>\n<li><strong>Uso del logotipo y normas de color: <\/strong>La secci\u00f3n que contiene el logotipo, el uso y las normas de color dise\u00f1adas para la marca. Los colores crean una respuesta que va m\u00e1s all\u00e1 de la lengua y la cultura. La continuidad en el uso de los colores es un factor importante para la adopci\u00f3n de la marca tanto en el pa\u00eds donde opera como en las geograf\u00edas donde comercia. El logotipo de la marca debe tener versiones de color rgb, cmyk, pantone, hexadecimal y blanco y negro para utilizarlas en entornos de impresi\u00f3n y digitales con el fin de ahorrar dinero en costosos trabajos de impresi\u00f3n.<\/li>\n<\/ul>\n<p><strong>Deben incluirse versiones del logotipo en colores contrastados.<\/strong> De este modo no se pierde la nitidez del logotipo sobre fondos de color oscuro.<\/p>\n<p><strong>Las normas de uso del logotipo deben incluir ejemplos de c\u00f3mo debe utilizarse y variaciones.<\/strong> El logotipo utilizado debe ser funcional y poder aplicarse en todos los \u00e1mbitos sin problemas. El dise\u00f1o del logotipo, que es un criterio importante, debe tener un dise\u00f1o que exprese la cara de la marca.<\/p>\n<p><strong>\u00a0<\/strong><\/p>\n<ul>\n<li><strong>Fuentes y familia de fuentes: <\/strong>Es uno de los elementos que debe incluir la identidad corporativa creada por la marca en los dise\u00f1os de documentos utilizados en la correspondencia interna y externa y en los \u00e1mbitos en los que se ofrece comunicaci\u00f3n visual. Familia tipogr\u00e1fica; Debe ser sencilla, integrarse con la marca y ser legible.<\/li>\n<\/ul>\n<p>El tipo de letra elegido para la marca debe crear una sensaci\u00f3n de frescura y ligereza, los espacios necesarios entre las l\u00edneas del texto no deben estar ni demasiado cerca ni demasiado lejos.<\/p>\n<p>Debe haber un espacio de 1 l\u00ednea entre p\u00e1rrafos.<\/p>\n<ul>\n<li><strong>Materiales para el dise\u00f1o de la identidad corporativa: <\/strong>Se trata de materiales utilizados por instituciones peque\u00f1as y medianas que constan de contenidos que parecen est\u00e1ndar y pueden calificarse de bajo coste. El dise\u00f1o de los documentos var\u00eda en funci\u00f3n del sector en el que operan las instituciones u organizaciones.<\/li>\n<\/ul>\n<p><strong>-Tarjeta de visita<\/strong> Es un material funcional que cumple las normas mundiales de medici\u00f3n y ayuda a comunicar con claridad la informaci\u00f3n de contacto de la marca. El logotipo se encuentra en la esquina superior izquierda; si se trata de una tarjeta de visita del personal, la informaci\u00f3n del personal se sit\u00faa en la parte central derecha y la informaci\u00f3n de contacto en la parte inferior. El tama\u00f1o est\u00e1ndar de la tarjeta de visita es de 85 mm de ancho y 55 mm de alto.<\/p>\n<p><strong>\u00a0<\/strong><\/p>\n<p><strong>-Papel impreso: <\/strong>Material funcional preparado para la comunicaci\u00f3n con la informaci\u00f3n de contacto y el logotipo de la marca en 21 cm de ancho y 29,7 cm de alto en est\u00e1ndares de tama\u00f1o globales.<\/p>\n<p><strong>-Papel de Continuaci\u00f3n: <\/strong>Un material de comunicaci\u00f3n corporativa funcional que crea una imagen profesional. La diferencia con el papel con membrete es que en el papel continuo no hay informaci\u00f3n de contacto. Tras el papel con membrete utilizado, en este papel se escriben los contenidos en curso o los textos de la segunda o tercera p\u00e1gina.<\/p>\n<p><strong>-Sobre Diplomat <\/strong>Es un tipo de sobre utilizado para la correspondencia interna y externa dentro de la identidad corporativa. Los tipos de sobres diplom\u00e1ticos se dividen en dos: con ventana y sin ventana. El logotipo se sit\u00faa en la esquina superior izquierda del sobre, y la informaci\u00f3n de contacto comienza 1,5 cm por encima de la esquina inferior izquierda.<\/p>\n<p><strong>\u00a0<\/strong><\/p>\n<p><strong>-Fichero de presentaci\u00f3n: <\/strong>Material funcional que crea una imagen profesional. El tama\u00f1o est\u00e1ndar del archivo es de 440 mm de ancho y 310 mm de alto. La impresi\u00f3n puede aplicarse en el interior y el exterior del archivo de presentaci\u00f3n. El logotipo de la marca se coloca en el anverso de la carpeta y la informaci\u00f3n de contacto en el reverso. Se pueden hacer dise\u00f1os especiales de cuchillas seg\u00fan las necesidades de la marca. En la cara interior pueden a\u00f1adirse secciones como tarjeta de visita, soporte para CD y portabol\u00edgrafos.<\/p>\n<h3><\/h3>\n<h3><strong>Documentos oficiales necesarios en la identidad corporativa: <\/strong><strong>\u00a0<\/strong><\/h3>\n<p><strong>-Factura: <\/strong>Documento oficial creado para dar una imagen profesional. El logotipo de la marca se sit\u00faa en la parte superior derecha de la factura, y el contacto y otros datos de la marca en la parte inferior. Tambi\u00e9n se dise\u00f1a en una hoja de ruta seg\u00fan las necesidades de la instituci\u00f3n. Las facturas que se utilizan constantemente de forma deben tener el mismo tama\u00f1o que el papel utilizado por las impresoras que imprimen<strong>.<\/strong><\/p>\n<p><strong>-Conocimiento de embarque: <\/strong>Material documental oficial funcional que crea una imagen profesional. El logotipo de la marca se encuentra en el lado derecho del albar\u00e1n y debajo de la informaci\u00f3n oficial. La informaci\u00f3n de correspondencia en el lado izquierdo y otra informaci\u00f3n oficial en el centro. El albar\u00e1n consta de cuatro ep\u00edgrafes: descripci\u00f3n, cantidad, unidad y estado del embalaje. En la parte inferior del albar\u00e1n figuran los datos y la fecha de entrega y recepci\u00f3n.<\/p>\n<p><strong><em>&#8211;<\/em><\/strong><strong>Recibo de cobro: <\/strong>Normas generales de maquetaci\u00f3n, como en todos los Evran, el dise\u00f1o de este documento debe ser el mismo. El tama\u00f1o se suele utilizar en tama\u00f1o A5.<\/p>\n<p><strong>-Br\u00fajula de gastos: <\/strong>Son formularios que ayudan a las empresas e instituciones a llevar un registro oficial de los gastos que no pueden gravarse.<\/p>\n<p><strong>-Formulario de certificaci\u00f3n de gastos: <\/strong>Es uno de los dise\u00f1os de formulario que ayudan a mantener los gastos internos de forma oficial. Suele utilizarse en tama\u00f1o A5. El impreso incluye los detalles de los gastos realizados, la fecha, el nombre y apellidos de la persona que expide el documento y la firma. Los datos de la empresa figuran en la parte superior izquierda.<\/p>\n<p><strong>-N\u00f3mina de cheques <\/strong>Sus dise\u00f1os tienen un contenido normalizado. Lo utilizan las instituciones que exigen que las fechas de los cheques consten por escrito.<\/p>\n<p><strong>-En efectivo: <\/strong>Es un tipo de sello que las marcas y las instituciones utilizan para firmar y aprobar. Los dise\u00f1os de sellos se dise\u00f1an en diferentes tama\u00f1os y contenidos en funci\u00f3n de los \u00e1mbitos en los que se vayan a utilizar. El nombre de la empresa, la informaci\u00f3n de contacto y la informaci\u00f3n de identificaci\u00f3n fiscal se incluyen en los dise\u00f1os de sello que las marcas utilizar\u00e1n legalmente en documentos oficiales. El logotipo puede utilizarse en color para garantizar la integridad con el dise\u00f1o de la identidad corporativa.<\/p>\n<\/div><\/div><style type=\"text\/css\">.fusion-body .fusion-builder-column-2{width:100% !important;margin-top : 20px;margin-bottom : 20px;}.fusion-builder-column-2 > .fusion-column-wrapper {padding-top : 0px !important;padding-right : 0px !important;margin-right : 1.92%;padding-bottom : 0px !important;padding-left : 0px !important;margin-left : 1.92%;}@media only screen and (max-width:1024px) {.fusion-body .fusion-builder-column-2{width:100% !important;order : 0;}.fusion-builder-column-2 > .fusion-column-wrapper {margin-right : 1.92%;margin-left : 1.92%;}}@media only screen and (max-width:640px) {.fusion-body .fusion-builder-column-2{width:100% !important;order : 0;}.fusion-builder-column-2 > .fusion-column-wrapper {margin-right : 1.92%;margin-left : 1.92%;}}<\/style><\/div><\/div><style type=\"text\/css\">.fusion-body .fusion-flex-container.fusion-builder-row-1{ padding-top : 0px;margin-top : 0px;padding-right : 0px;padding-bottom : 0px;margin-bottom : 0px;padding-left : 0px;}<\/style><\/div>","protected":false},"excerpt":{"rendered":"","protected":false},"author":1,"featured_media":0,"parent":0,"menu_order":0,"comment_status":"closed","ping_status":"closed","template":"100-width.php","meta":{"om_disable_all_campaigns":false,"_monsterinsights_skip_tracking":false,"_monsterinsights_sitenote_active":false,"_monsterinsights_sitenote_note":"","_monsterinsights_sitenote_category":0,"footnotes":""},"class_list":["post-3715","page","type-page","status-publish","hentry"],"aioseo_notices":[],"_links":{"self":[{"href":"https:\/\/www.designcangencer.com\/es\/wp-json\/wp\/v2\/pages\/3715","targetHints":{"allow":["GET"]}}],"collection":[{"href":"https:\/\/www.designcangencer.com\/es\/wp-json\/wp\/v2\/pages"}],"about":[{"href":"https:\/\/www.designcangencer.com\/es\/wp-json\/wp\/v2\/types\/page"}],"author":[{"embeddable":true,"href":"https:\/\/www.designcangencer.com\/es\/wp-json\/wp\/v2\/users\/1"}],"replies":[{"embeddable":true,"href":"https:\/\/www.designcangencer.com\/es\/wp-json\/wp\/v2\/comments?post=3715"}],"version-history":[{"count":9,"href":"https:\/\/www.designcangencer.com\/es\/wp-json\/wp\/v2\/pages\/3715\/revisions"}],"predecessor-version":[{"id":4665,"href":"https:\/\/www.designcangencer.com\/es\/wp-json\/wp\/v2\/pages\/3715\/revisions\/4665"}],"wp:attachment":[{"href":"https:\/\/www.designcangencer.com\/es\/wp-json\/wp\/v2\/media?parent=3715"}],"curies":[{"name":"wp","href":"https:\/\/api.w.org\/{rel}","templated":true}]}}