{"id":3714,"date":"2023-08-02T10:25:14","date_gmt":"2023-08-02T10:25:14","guid":{"rendered":"https:\/\/www.designcangencer.com\/?page_id=3714"},"modified":"2025-01-27T19:10:42","modified_gmt":"2025-01-27T19:10:42","slug":"profesyonel-video-cekimi","status":"publish","type":"page","link":"https:\/\/www.designcangencer.com\/es\/video-profesional\/","title":{"rendered":"Grabaci\u00f3n de v\u00eddeo profesional"},"content":{"rendered":"<div class=\"fusion-fullwidth fullwidth-box fusion-builder-row-1 fusion-flex-container has-pattern-background has-mask-background nonhundred-percent-fullwidth non-hundred-percent-height-scrolling\" style=\"background-color: rgba(255,255,255,0);background-position: center center;background-repeat: no-repeat;border-width: 0px 0px 0px 0px;border-color:hsla(var(--awb-color8-h),var(--awb-color8-s),var(--awb-color8-l),calc( var(--awb-color8-a) - 92% ));border-style:solid;\" ><div class=\"fusion-builder-row fusion-row fusion-flex-align-items-flex-start\" style=\"max-width:1476.8px;margin-left: calc(-4% \/ 2 );margin-right: calc(-4% \/ 2 );\"><div class=\"fusion-layout-column fusion_builder_column fusion-builder-column-0 fusion_builder_column_1_2 1_2 fusion-flex-column\"><div class=\"fusion-column-wrapper fusion-flex-justify-content-flex-start fusion-content-layout-column\" style=\"background-position:left top;background-repeat:no-repeat;-webkit-background-size:cover;-moz-background-size:cover;-o-background-size:cover;background-size:cover;padding: 0px 0px 0px 0px;\"><div ><span class=\"fusion-imageframe imageframe-none imageframe-1 hover-type-none\" style=\"border-radius:8px;\"><img decoding=\"async\" width=\"800\" height=\"533\" title=\"grabaci\u00f3n de v\u00eddeo\" src=\"https:\/\/www.designcangencer.com\/wp-content\/uploads\/2024\/01\/video-cekim-1.jpg\" data-orig-src=\"https:\/\/www.designcangencer.com\/wp-content\/uploads\/2024\/01\/video-cekim-1.jpg\" alt class=\"lazyload img-responsive wp-image-4456\" srcset=\"data:image\/svg+xml,%3Csvg%20xmlns%3D%27http%3A%2F%2Fwww.w3.org%2F2000%2Fsvg%27%20width%3D%27800%27%20height%3D%27533%27%20viewBox%3D%270%200%20800%20533%27%3E%3Crect%20width%3D%27800%27%20height%3D%27533%27%20fill-opacity%3D%220%22%2F%3E%3C%2Fsvg%3E\" data-srcset=\"https:\/\/www.designcangencer.com\/wp-content\/uploads\/2024\/01\/video-cekim-1-200x133.jpg 200w, https:\/\/www.designcangencer.com\/wp-content\/uploads\/2024\/01\/video-cekim-1-400x267.jpg 400w, https:\/\/www.designcangencer.com\/wp-content\/uploads\/2024\/01\/video-cekim-1-600x400.jpg 600w, https:\/\/www.designcangencer.com\/wp-content\/uploads\/2024\/01\/video-cekim-1.jpg 800w\" data-sizes=\"auto\" data-orig-sizes=\"(max-width: 640px) 100vw, 800px\" \/><\/span><\/div><\/div><style type=\"text\/css\">.fusion-body .fusion-builder-column-0{width:50% !important;margin-top : 20px;margin-bottom : 20px;}.fusion-builder-column-0 > .fusion-column-wrapper {padding-top : 0px !important;padding-right : 0px !important;margin-right : 3.84%;padding-bottom : 0px !important;padding-left : 0px !important;margin-left : 3.84%;}@media only screen and (max-width:1024px) {.fusion-body .fusion-builder-column-0{width:50% !important;order : 0;}.fusion-builder-column-0 > .fusion-column-wrapper {margin-right : 3.84%;margin-left : 3.84%;}}@media only screen and (max-width:640px) {.fusion-body .fusion-builder-column-0{width:100% !important;order : 0;}.fusion-builder-column-0 > .fusion-column-wrapper {margin-right : 1.92%;margin-left : 1.92%;}}<\/style><\/div><div class=\"fusion-layout-column fusion_builder_column fusion-builder-column-1 fusion_builder_column_1_2 1_2 fusion-flex-column\"><div class=\"fusion-column-wrapper fusion-flex-justify-content-flex-start fusion-content-layout-column\" style=\"background-position:left top;background-repeat:no-repeat;-webkit-background-size:cover;-moz-background-size:cover;-o-background-size:cover;background-size:cover;padding: 0px 0px 0px 0px;\"><style type=\"text\/css\">@media only screen and (max-width:1024px) {.fusion-title.fusion-title-1{margin-top:12px!important; margin-right:0px!important;margin-bottom:24px!important;margin-left:0px!important;}}@media only screen and (max-width:640px) {.fusion-title.fusion-title-1{margin-top:12px!important; margin-right:0px!important;margin-bottom:24px!important; margin-left:0px!important;}}<\/style><div class=\"fusion-title title fusion-title-1 fusion-sep-none fusion-title-text fusion-title-size-one\" style=\"margin-top:12px;margin-right:0px;margin-bottom:24px;margin-left:0px;\"><h1 class=\"title-heading-left fusion-responsive-typography-calculated\" style=\"margin:0;--fontSize:26;line-height:var(--awb-typography1-line-height);\"><strong>GRABACI\u00d3N DE V\u00cdDEO PROFESIONAL <\/strong><\/h1><\/div><div class=\"fusion-text fusion-text-1\"><p>Creaci\u00f3n de un v\u00eddeo profesional y elegante para impresionar a su p\u00fablico objetivo<strong> Dise\u00f1o<\/strong> <strong>Can Gen\u00e7er Empresa de Consultor\u00eda Digital <\/strong>es m\u00e1s f\u00e1cil con. Si quieres conseguir un aspecto profesional, debes preocuparte m\u00e1s por las t\u00e9cnicas que por las herramientas utilizadas.<\/p>\n<\/div><\/div><style type=\"text\/css\">.fusion-body .fusion-builder-column-1{width:50% !important;margin-top : 20px;margin-bottom : 20px;}.fusion-builder-column-1 > .fusion-column-wrapper {padding-top : 0px !important;padding-right : 0px !important;margin-right : 3.84%;padding-bottom : 0px !important;padding-left : 0px !important;margin-left : 3.84%;}@media only screen and (max-width:1024px) {.fusion-body .fusion-builder-column-1{width:50% !important;order : 0;}.fusion-builder-column-1 > .fusion-column-wrapper {margin-right : 3.84%;margin-left : 3.84%;}}@media only screen and (max-width:640px) {.fusion-body .fusion-builder-column-1{width:100% !important;order : 0;}.fusion-builder-column-1 > .fusion-column-wrapper {margin-right : 1.92%;margin-left : 1.92%;}}<\/style><\/div><div class=\"fusion-layout-column fusion_builder_column fusion-builder-column-2 fusion_builder_column_1_1 1_1 fusion-flex-column\"><div class=\"fusion-column-wrapper fusion-flex-justify-content-flex-start fusion-content-layout-column\" style=\"background-position:left top;background-repeat:no-repeat;-webkit-background-size:cover;-moz-background-size:cover;-o-background-size:cover;background-size:cover;padding: 0px 0px 0px 0px;\"><div class=\"fusion-text fusion-text-2\"><h2><strong>\u00bfQU\u00c9 SON LAS T\u00c9CNICAS PROFESIONALES DE GRABACI\u00d3N DE V\u00cdDEO?<\/strong><\/h2>\n<p>Creaci\u00f3n de un v\u00eddeo profesional y elegante para impresionar a su p\u00fablico objetivo<strong> Dise\u00f1o<\/strong> <strong>Can Gen\u00e7er Empresa de Consultor\u00eda Digital <\/strong>es m\u00e1s f\u00e1cil con. Si quieres conseguir un aspecto profesional, debes preocuparte m\u00e1s por las t\u00e9cnicas que por las herramientas utilizadas.<\/p>\n<h2><strong>\u00bfC\u00d3MO CONSEGUIR QUE LOS V\u00cdDEOS TENGAN UN ASPECTO PROFESIONAL?<\/strong><\/h2>\n<ul>\n<li><strong>ABUNDANTE USO DE LA LUZ:<\/strong> La iluminaci\u00f3n marca una diferencia notable en la calidad de un v\u00eddeo grabado profesionalmente. Por eso, la iluminaci\u00f3n es una de nuestras prioridades durante la grabaci\u00f3n de v\u00eddeo. Si no se utiliza suficiente luz, el v\u00eddeo tendr\u00e1 un aspecto de aficionado, por muy bueno que sea. La raz\u00f3n es que la luz es insuficiente o mala durante la grabaci\u00f3n del v\u00eddeo.<\/li>\n<\/ul>\n<p>El sol es una de las mejores fuentes de luz natural para el v\u00eddeo. Si grabas con luz natural, hacerlo por la ma\u00f1ana o al atardecer, cuando la luz es suave, es bueno para la imagen. La luz del mediod\u00eda puede proyectar sombras duras sobre los sujetos, por lo que por la ma\u00f1ana o por la tarde es m\u00e1s eficaz utilizar la luz natural. Si tienes que fotografiar en pleno d\u00eda, es mejor hacerlo en una zona sombreada o en un d\u00eda nublado para obtener una luz suave.<\/p>\n<p>Si el rodaje se va a realizar en interiores, es importante d\u00f3nde colocar los tipos de luz que se van a utilizar. Las ventanas son fuentes de luz natural. Si es necesario, se pueden utilizar una o dos l\u00e1mparas grandes para reflejar el tipo de luz deseado.<\/p>\n<p>Antes de la instalaci\u00f3n de la fuente de luz, es necesario determinar los efectos que se van a realizar en el v\u00eddeo.<\/p>\n<p>Hace que las sombras en los v\u00eddeos parezcan muy posibles, dram\u00e1ticas. El dramatismo puede distraer en los v\u00eddeos grabados profesionalmente. Menos uso de sombras crea un ambiente claro y abierto, que a menudo es mejor para los videos de marketing y de negocios.<\/p>\n<p>Si es necesario utilizar luz plana en el v\u00eddeo, se a\u00f1aden fuentes de luz y se equilibran a ambos lados de la c\u00e1mara. \u00c9stas pueden colocarse inmediatamente delante o detr\u00e1s de la c\u00e1mara.<\/p>\n<ul>\n<li><strong>USO DE FONDO LIMPIO: <\/strong>Hay que ser consciente del fondo que se debe utilizar para filmar. Los fondos desordenados o que distraen no tienen un aspecto profesional. La forma m\u00e1s f\u00e1cil de conseguir un aspecto profesional para el v\u00eddeo es utilizar un fondo de un solo color.<\/li>\n<li>El uso de s\u00e1banas, paredes o papel de fondo grande son buenas opciones. El objeto debe estar a unos metros del suelo para evitar sombras. Es una buena idea grabar un v\u00eddeo en un entorno profesional.<\/li>\n<\/ul>\n<p>No debe haber ninguna superficie reflectante o ventana en el fondo del entorno donde se grabar\u00e1 el v\u00eddeo. La c\u00e1mara puede aparecer en el reflejo. La presencia de una fuente de luz, como una ventana, en el fondo de la zona de grabaci\u00f3n hace que \u00e9sta aparezca ensombrecida y oscura.<\/p>\n<ul>\n<li><strong>EL USO DE UN BUEN PROGRAMA DE EDICI\u00d3N DE V\u00cdDEO: <\/strong>Los programas de edici\u00f3n de v\u00eddeo ayudan a editar las secuencias en bruto. Adobe Premiere Pro es una de las opciones profesionales.<\/li>\n<\/ul>\n<p>Aspectos a tener en cuenta al editar v\u00eddeo;<\/p>\n<ul>\n<li>Posibilidad de a\u00f1adir texto al v\u00eddeo<\/li>\n<li>Posibilidad de recortar v\u00eddeos<\/li>\n<li>Transiciones de escenas<\/li>\n<li>Posibilidad de cambiar la relaci\u00f3n de aspecto<\/li>\n<li>Capacidad para fabricar filtros y revestimientos<\/li>\n<li><strong>Biblioteca de audios y v\u00eddeos de archivo<\/strong><\/li>\n<\/ul>\n<p><img decoding=\"async\" class=\"lazyload alignnone size-full wp-image-4659\" src=\"https:\/\/www.designcangencer.com\/wp-content\/uploads\/2025\/01\/5d144b29c9de3d1f40103ff4.webp\" data-orig-src=\"https:\/\/www.designcangencer.com\/wp-content\/uploads\/2025\/01\/5d144b29c9de3d1f40103ff4.webp\" alt=\"\" width=\"975\" height=\"582\" srcset=\"data:image\/svg+xml,%3Csvg%20xmlns%3D%27http%3A%2F%2Fwww.w3.org%2F2000%2Fsvg%27%20width%3D%27975%27%20height%3D%27582%27%20viewBox%3D%270%200%20975%20582%27%3E%3Crect%20width%3D%27975%27%20height%3D%27582%27%20fill-opacity%3D%220%22%2F%3E%3C%2Fsvg%3E\" data-srcset=\"https:\/\/www.designcangencer.com\/wp-content\/uploads\/2025\/01\/5d144b29c9de3d1f40103ff4-200x119.webp 200w, https:\/\/www.designcangencer.com\/wp-content\/uploads\/2025\/01\/5d144b29c9de3d1f40103ff4-300x179.webp 300w, https:\/\/www.designcangencer.com\/wp-content\/uploads\/2025\/01\/5d144b29c9de3d1f40103ff4-400x239.webp 400w, https:\/\/www.designcangencer.com\/wp-content\/uploads\/2025\/01\/5d144b29c9de3d1f40103ff4-600x358.webp 600w, https:\/\/www.designcangencer.com\/wp-content\/uploads\/2025\/01\/5d144b29c9de3d1f40103ff4-768x458.webp 768w, https:\/\/www.designcangencer.com\/wp-content\/uploads\/2025\/01\/5d144b29c9de3d1f40103ff4-800x478.webp 800w, https:\/\/www.designcangencer.com\/wp-content\/uploads\/2025\/01\/5d144b29c9de3d1f40103ff4.webp 975w\" data-sizes=\"auto\" data-orig-sizes=\"(max-width: 975px) 100vw, 975px\" \/><\/p>\n<p><strong>\u00a0<\/strong><\/p>\n<ul>\n<li><strong>MANTENIENDO EL ARREGLO SIMPLE: <\/strong>Probar diferentes efectos en el proceso de edici\u00f3n de v\u00eddeo puede producir resultados divertidos. Se crea una imagen profesional de edici\u00f3n limpia y sencilla.<\/li>\n<\/ul>\n<p><a href=\"https:\/\/www.instagram.com\/designcangencer\/?next=\" target=\"_blank\" rel=\"noopener\"><strong>Aspectos a tener en cuenta durante la fase de edici\u00f3n;<\/strong><\/a><\/p>\n<ul>\n<li>Eliminaci\u00f3n del ruido de fondo y uso de la cancelaci\u00f3n de ruido,<\/li>\n<li>Utilizaci\u00f3n de iluminaci\u00f3n cuando sea necesario,<\/li>\n<li>Eliminaci\u00f3n de pausas y momentos de silencio innecesarios,<\/li>\n<li>Adici\u00f3n de transiciones y m\u00fasica de fondo.<\/li>\n<\/ul>\n<p>Al realizar transiciones de escenas en v\u00eddeos grabados por profesionales, es necesario saltar cuando hay movimiento en ambas secciones.<\/p>\n<ul>\n<li><strong>EVITAR LAS IM\u00c1GENES PESADAS: <\/strong>Las tomas movidas hacen que los v\u00eddeos parezcan pel\u00edculas caseras. Es dif\u00edcil mantener la c\u00e1mara fija en la mano. Utilizar un tr\u00edpode o colocarla sobre una superficie estable ayuda a que la grabaci\u00f3n de v\u00eddeo sea m\u00e1s profesional.<\/li>\n<\/ul>\n<p>Una vez colocada la c\u00e1mara, no te muevas a menos que sea necesario. Estar en movimiento mientras se graba un v\u00eddeo reduce la apariencia profesional. Cuando sea necesario cambiar la perspectiva, es m\u00e1s apropiado pasar de una toma a otra en lugar de mover la c\u00e1mara.<\/p>\n<p>Si, a pesar de todas las precauciones, la grabaci\u00f3n de v\u00eddeo sale movida, estas sacudidas se regulan con programas de estabilizaci\u00f3n de v\u00eddeo. Algunos modelos de c\u00e1mara incorporan estabilizaci\u00f3n durante la grabaci\u00f3n. Ayuda a reducir, ralentizar y hacer menos pronunciadas las sacudidas en la grabaci\u00f3n de v\u00eddeo.<\/p>\n<p><strong>\u00a0<\/strong><\/p>\n<ul>\n<li><strong>REGLA DE LOS TERCIOS: <\/strong>El principio m\u00e1s b\u00e1sico de las posiciones de filmaci\u00f3n es la posici\u00f3n de un tercio. Imagina que se coloca una cuadr\u00edcula de 3 por 3 sobre la zona que se va a filmar. En lugar de situar al sujeto en el centro de la toma, el sujeto se coloca en una de las l\u00edneas de la cuadr\u00edcula. Los puntos en los que se cruzan las l\u00edneas son las zonas de enfoque. Los elementos importantes que se van a utilizar en el v\u00eddeo se colocan en el centro. No es necesario aplicar continuamente la regla de los tercios.<\/li>\n<\/ul>\n<p><strong>\u00a0<\/strong><\/p>\n<ul>\n<li><strong>DISPARANDO DESDE VARIOS \u00c1NGULOS: <\/strong>Cambiar de un \u00e1ngulo a otro durante la grabaci\u00f3n de un v\u00eddeo es una forma sencilla y buena de crear una capa de inter\u00e9s visual en los v\u00eddeos profesionales. Es importante rodar desde distintos \u00e1ngulos en v\u00eddeos promocionales, v\u00eddeos de satisfacci\u00f3n, rodajes para tu empresa. El rodaje de B-roll debe hacerse para cada v\u00eddeo, para que tengas la oportunidad de utilizarlo m\u00e1s tarde. Desplazar las perspectivas al menos 45 grados al cambiar de perspectiva y los peque\u00f1os cambios proporcionales de perspectiva no crean el efecto deseado.<\/li>\n<\/ul>\n<p><strong>\u00a0<\/strong><\/p>\n<p><strong>\u00a0<\/strong><\/p>\n<ul>\n<li><strong>PLANIFICACI\u00d3N PREVIA DE LOS V\u00cdDEOS: <\/strong>Las t\u00e9cnicas deficientes en la grabaci\u00f3n de v\u00eddeo no son el \u00fanico factor que hace que parezca amateur. La falta de planificaci\u00f3n tambi\u00e9n puede hacer que los clientes se aburran con el producto final. Antes de empezar la producci\u00f3n, hay que dedicar tiempo a planificar detalladamente el v\u00eddeo que se va a grabar. Esta planificaci\u00f3n garantiza la calidad del contenido y de la toma.<\/li>\n<\/ul>\n<p>Hay que definir el objetivo al crear cada v\u00eddeo. En las t\u00e9cnicas de grabaci\u00f3n de v\u00eddeo, tras determinar el p\u00fablico al que va dirigido, hay que asegurarse de que el v\u00eddeo hable especialmente al p\u00fablico.<\/p>\n<p>Una vez determinados los objetivos de los v\u00eddeos, se crea un gui\u00f3n gr\u00e1fico y se redacta un gui\u00f3n. Las secciones que no funcionan se sobrescriben. Mantener los v\u00eddeos cortos y ajustados evita que los espectadores se aburran.<\/p>\n<p>Como Design Can Gen\u00e7er Digital Consultancy Company, nos aseguramos de que sus v\u00eddeos tengan un aspecto profesional y creativo.<\/p>\n<p><strong>\u00a0<\/strong><\/p>\n<h2><strong>RODAJE DE LA C\u00c1MARA y NORMAS DE RODAJE<\/strong><\/h2>\n<p>Los rodajes de c\u00e1maras deben realizarse en el marco de perspectivas profesionales y de ciertas reglas. La primera de las reglas que hay que adoptar en el rodaje de v\u00eddeo es la de mirar primero y luego disparar.<\/p>\n<p>Es una ventaja importante ir con antelaci\u00f3n a los lugares donde se va a rodar un seminario de empresa, una pel\u00edcula promocional, un clip o un evento y hacer un descubrimiento. De este modo, se pueden determinar las luces, los materiales de sonido y los \u00e1ngulos de c\u00e1mara necesarios y advertir de antemano los errores que puedan producirse en el rodaje.<\/p>\n<h2><a href=\"https:\/\/www.designcangencer.com\/es\/comunicacion\/\"><strong>FACTOR C\u00c1MARA<\/strong><\/a><\/h2>\n<p>Dado que el rodaje de c\u00e1maras se utiliza en diferentes eventos, se requiere un equipo profesional para que todos los rodajes se realicen con \u00e9xito. Como Design Can Gen\u00e7er Digital Consultancy Company, le ofrecemos profesionalidad.  Para el \u00e9xito del rodaje de c\u00e1mara es importante contar con un equipo que pueda rodar de acuerdo con el presupuesto y el plazo deseados con un equipo de calidad y correcto en un anuncio, un rodaje de clip o una reuni\u00f3n.<\/p>\n<p>El presupuesto del rodaje con c\u00e1mara var\u00eda seg\u00fan el tipo de evento. Un c\u00e1mara experimentado puede llevar el proyecto a diferentes dimensiones. Los honorarios de un rodaje de un d\u00eda especial o de un evento de empresa pueden ser m\u00e1s asequibles que los de un rodaje de un clip o un anuncio. Dado que la visualidad est\u00e1 en primer plano, el coste es mayor durante el rodaje y la edici\u00f3n.<\/p>\n<h2><strong>7 ELEMENTOS IMPORTANTES PARA UNA GRABACI\u00d3N DE V\u00cdDEO PROFESIONAL<\/strong><\/h2>\n<p>En el trasfondo de los contenidos de v\u00eddeo hay una fase de rodaje detallada. Detalles como el proceso de rodaje que va simult\u00e1neamente con la edici\u00f3n, la calidad de la c\u00e1mara, la experiencia del equipo son algunos de los factores que afectan a la calidad de estas fases.<\/p>\n<p><em>Los elementos que se deben poseer para la grabaci\u00f3n de v\u00eddeo profesional son los siguientes;<\/em><\/p>\n<ul>\n<li>Selecci\u00f3n de c\u00e1mara,<\/li>\n<li>Selecci\u00f3n de lentes,<\/li>\n<li>Iluminaci\u00f3n correcta,<\/li>\n<li>Grabaci\u00f3n de audio,<\/li>\n<li>Estabilizador y tr\u00edpode,<\/li>\n<li>Uso de drones,<\/li>\n<li>Herramientas de postproducci\u00f3n.<\/li>\n<\/ul>\n<p>Prestar atenci\u00f3n a estos detalles al producir contenidos de v\u00eddeo ayuda a que el producto que se cree vea su valor.<\/p>\n<\/div><\/div><style type=\"text\/css\">.fusion-body .fusion-builder-column-2{width:100% !important;margin-top : 20px;margin-bottom : 20px;}.fusion-builder-column-2 > .fusion-column-wrapper {padding-top : 0px !important;padding-right : 0px !important;margin-right : 1.92%;padding-bottom : 0px !important;padding-left : 0px !important;margin-left : 1.92%;}@media only screen and (max-width:1024px) {.fusion-body .fusion-builder-column-2{width:100% !important;order : 0;}.fusion-builder-column-2 > .fusion-column-wrapper {margin-right : 1.92%;margin-left : 1.92%;}}@media only screen and (max-width:640px) {.fusion-body .fusion-builder-column-2{width:100% !important;order : 0;}.fusion-builder-column-2 > .fusion-column-wrapper {margin-right : 1.92%;margin-left : 1.92%;}}<\/style><\/div><\/div><style type=\"text\/css\">.fusion-body .fusion-flex-container.fusion-builder-row-1{ padding-top : 0px;margin-top : 0px;padding-right : 0px;padding-bottom : 0px;margin-bottom : 0px;padding-left : 0px;}<\/style><\/div>","protected":false},"excerpt":{"rendered":"","protected":false},"author":1,"featured_media":0,"parent":0,"menu_order":0,"comment_status":"closed","ping_status":"closed","template":"100-width.php","meta":{"om_disable_all_campaigns":false,"_monsterinsights_skip_tracking":false,"_monsterinsights_sitenote_active":false,"_monsterinsights_sitenote_note":"","_monsterinsights_sitenote_category":0,"footnotes":""},"class_list":["post-3714","page","type-page","status-publish","hentry"],"aioseo_notices":[],"_links":{"self":[{"href":"https:\/\/www.designcangencer.com\/es\/wp-json\/wp\/v2\/pages\/3714","targetHints":{"allow":["GET"]}}],"collection":[{"href":"https:\/\/www.designcangencer.com\/es\/wp-json\/wp\/v2\/pages"}],"about":[{"href":"https:\/\/www.designcangencer.com\/es\/wp-json\/wp\/v2\/types\/page"}],"author":[{"embeddable":true,"href":"https:\/\/www.designcangencer.com\/es\/wp-json\/wp\/v2\/users\/1"}],"replies":[{"embeddable":true,"href":"https:\/\/www.designcangencer.com\/es\/wp-json\/wp\/v2\/comments?post=3714"}],"version-history":[{"count":6,"href":"https:\/\/www.designcangencer.com\/es\/wp-json\/wp\/v2\/pages\/3714\/revisions"}],"predecessor-version":[{"id":4661,"href":"https:\/\/www.designcangencer.com\/es\/wp-json\/wp\/v2\/pages\/3714\/revisions\/4661"}],"wp:attachment":[{"href":"https:\/\/www.designcangencer.com\/es\/wp-json\/wp\/v2\/media?parent=3714"}],"curies":[{"name":"wp","href":"https:\/\/api.w.org\/{rel}","templated":true}]}}