{"id":3693,"date":"2023-08-02T10:19:50","date_gmt":"2023-08-02T10:19:50","guid":{"rendered":"https:\/\/www.designcangencer.com\/?page_id=3693"},"modified":"2025-02-07T19:39:24","modified_gmt":"2025-02-07T19:39:24","slug":"facebook-reels-icin-profesyonel-video-edit","status":"publish","type":"page","link":"https:\/\/www.designcangencer.com\/es\/edicion-profesional-de-video-para-facebook-reels\/","title":{"rendered":"Edici\u00f3n de v\u00eddeo profesional para Facebook Reels"},"content":{"rendered":"<div class=\"fusion-fullwidth fullwidth-box fusion-builder-row-1 fusion-flex-container has-pattern-background has-mask-background nonhundred-percent-fullwidth non-hundred-percent-height-scrolling\" style=\"background-color: rgba(255,255,255,0);background-position: center center;background-repeat: no-repeat;border-width: 0px 0px 0px 0px;border-color:hsla(var(--awb-color8-h),var(--awb-color8-s),var(--awb-color8-l),calc( var(--awb-color8-a) - 92% ));border-style:solid;\" ><div class=\"fusion-builder-row fusion-row fusion-flex-align-items-flex-start\" style=\"max-width:1476.8px;margin-left: calc(-4% \/ 2 );margin-right: calc(-4% \/ 2 );\"><div class=\"fusion-layout-column fusion_builder_column fusion-builder-column-0 fusion_builder_column_1_1 1_1 fusion-flex-column\"><div class=\"fusion-column-wrapper fusion-flex-justify-content-flex-start fusion-content-layout-column\" style=\"background-position:left top;background-repeat:no-repeat;-webkit-background-size:cover;-moz-background-size:cover;-o-background-size:cover;background-size:cover;padding: 0px 0px 0px 0px;\"><div class=\"fusion-text fusion-text-1\"><h2><img decoding=\"async\" class=\"lazyload size-full wp-image-4442 aligncenter\" src=\"https:\/\/www.designcangencer.com\/wp-content\/uploads\/2024\/01\/facebook-reels-gorsel.jpg\" data-orig-src=\"https:\/\/www.designcangencer.com\/wp-content\/uploads\/2024\/01\/facebook-reels-gorsel.jpg\" alt=\"\" width=\"800\" height=\"533\" srcset=\"data:image\/svg+xml,%3Csvg%20xmlns%3D%27http%3A%2F%2Fwww.w3.org%2F2000%2Fsvg%27%20width%3D%27800%27%20height%3D%27533%27%20viewBox%3D%270%200%20800%20533%27%3E%3Crect%20width%3D%27800%27%20height%3D%27533%27%20fill-opacity%3D%220%22%2F%3E%3C%2Fsvg%3E\" data-srcset=\"https:\/\/www.designcangencer.com\/wp-content\/uploads\/2024\/01\/facebook-reels-gorsel-200x133.jpg 200w, https:\/\/www.designcangencer.com\/wp-content\/uploads\/2024\/01\/facebook-reels-gorsel-300x200.jpg 300w, https:\/\/www.designcangencer.com\/wp-content\/uploads\/2024\/01\/facebook-reels-gorsel-400x267.jpg 400w, https:\/\/www.designcangencer.com\/wp-content\/uploads\/2024\/01\/facebook-reels-gorsel-600x400.jpg 600w, https:\/\/www.designcangencer.com\/wp-content\/uploads\/2024\/01\/facebook-reels-gorsel-768x512.jpg 768w, https:\/\/www.designcangencer.com\/wp-content\/uploads\/2024\/01\/facebook-reels-gorsel.jpg 800w\" data-sizes=\"auto\" data-orig-sizes=\"(max-width: 800px) 100vw, 800px\" \/><\/h2>\n<h2><strong>\u00bfQU\u00c9 ES FACEBOOK REELS?<\/strong><\/h2>\n<p>Facebook present\u00f3 por primera vez la funci\u00f3n Reels en 2021 y la lanz\u00f3 en febrero de 2022. Facebook Reels son v\u00eddeos cortos compartidos en la plataforma de Facebook, similares a Instagram Reels y TikTok. Ofreciendo muchas de las caracter\u00edsticas que se encuentran en Instagram Reels, los creadores de contenidos, influencers y vendedores pueden publicar v\u00eddeos de 60 segundos con m\u00fasica, efectos y clips de audio virales. Cualquiera puede crear Reels, pero se comercializ\u00f3 como una forma adicional para que los creadores de contenidos y las personas influyentes se relacionen con nuevas audiencias y alcancen objetivos.<\/p>\n<p>Presentado por primera vez en Instagram, Reels ofrece bonificaciones a los creadores de contenidos en funci\u00f3n de su rendimiento.<\/p>\n<h2><strong>PRODUCCI\u00d3N DE CONTENIDOS DE V\u00cdDEO PARA FACEBOOK<\/strong><\/h2>\n<p>El v\u00eddeo es el mejor formato de contenido para las marcas o empresas que hacen marketing en Facebook. Es muy bueno para los usuarios que personalizan los negocios, producen contenido m\u00f3vil, proporcionan experiencia y reaccionan de forma emocional y contundente. Producir v\u00eddeos en Facebook es un tipo de contenido que gusta m\u00e1s que otros tipos de contenido y aumenta el tiempo de permanencia en la aplicaci\u00f3n. En el informe publicado por Facebook, el 45% de los usuarios encuestados afirma que consumir\u00e1 m\u00e1s v\u00eddeos de Facebook en el futuro.<\/p>\n<p>El n\u00famero de contenidos preparados en formato de v\u00eddeo aumenta cada d\u00eda en Facebook. Como resultado, las empresas necesitar\u00e1n producir m\u00e1s contenido de v\u00eddeo en el futuro. Las empresas que quieran aprovechar todas las ventajas que ofrecen los contenidos de v\u00eddeo para alcanzar sus objetivos de marketing necesitan un equipo de expertos que cree contenidos de v\u00eddeo para Facebook eficaces. En este sentido, <strong><em>Design Can Gen\u00e7er Empresa de Consultor\u00eda Digital <\/em><\/strong>mientras le prestamos servicio.<\/p>\n<p>Para ir por delante de la competencia, es importante comparar el rendimiento de su v\u00eddeo con el del mercado e identificar sus puntos fuertes y d\u00e9biles.<\/p>\n<h2><a href=\"https:\/\/www.instagram.com\/designcangencer\/?next=\" target=\"_blank\" rel=\"noopener\"><strong>\u00bfC\u00d3MO SE HACEN LAS BOBINAS EN FACEBOOK?<\/strong><\/a><\/h2>\n<p><strong>Edici\u00f3n de v\u00eddeo:<\/strong> De forma similar a Instagram Reels y TikTok, se pueden combinar varios clips en un solo Reels dentro de la aplicaci\u00f3n.<\/p>\n<p><strong>Biblioteca de m\u00fasica y sonido:<\/strong> Puedes a\u00f1adir m\u00fasica de la biblioteca que ofrece Facebook y utilizar los sonidos creados por otros usuarios.<\/p>\n<p><strong>Longitud:<\/strong> Un v\u00eddeo de carrete puede durar hasta 60 segundos.<\/p>\n<p><strong>Velocidad:<\/strong> La velocidad de reproducci\u00f3n de tu v\u00eddeo puede ralentizarse en un factor 1 o acelerarse en un factor 3 respecto a su velocidad original.<\/p>\n<p><strong>Efectos<\/strong> Puedes a\u00f1adir filtros a tu v\u00eddeo examinando los efectos que ofrece Facebook. Algunos de ellos son creados por Facebook, mientras que otros son realizados por los usuarios.<\/p>\n<p><strong>Temporizador<\/strong> Puedes grabar tus Reels con las manos libres gracias a los temporizadores de cuenta atr\u00e1s integrados en la aplicaci\u00f3n.<\/p>\n<p><strong>Pantalla verde:<\/strong> Si quieres aplicar un fondo del rollo de pel\u00edcula, utiliza el efecto de pantalla verde de la biblioteca de efectos.<\/p>\n<p>En cuanto a sus caracter\u00edsticas, Facebook Reels es similar a otras plataformas de v\u00eddeo. Su diferencia es la audiencia.<\/p>\n<p>Los TikTok e Instagram Reels son preferidos sobre todo por el p\u00fablico m\u00e1s joven. Los Reels de Fcaebook suelen preferirlos los usuarios de m\u00e1s edad.<\/p>\n<p>Las marcas deben cambiar su enfoque en funci\u00f3n del p\u00fablico al que se dirijan. Mientras que Instagram se centra en la est\u00e9tica, TikTok se centra sobre todo en la libertad. Como Facebook reels es nuevo en comparaci\u00f3n con otras plataformas, no est\u00e1 claro qu\u00e9 busca el p\u00fablico. Sin embargo, hay un lugar fuerte en el centro.<\/p>\n<h2><a href=\"https:\/\/www.designcangencer.com\/es\/comunicacion\/\"><strong>\u00bfQU\u00c9 HAY QUE TENER EN CUENTA EN LA PRODUCCI\u00d3N DE CONTENIDOS PARA REDES SOCIALES?<\/strong><\/a><\/h2>\n<p>Hay varios puntos que deben tenerse en cuenta antes de producir contenidos en las redes sociales.<\/p>\n<p><strong>RECONOCER AL P\u00daBLICO DESTINATARIO:<\/strong> Antes de empezar a producir contenidos, es necesario conocer al p\u00fablico objetivo. Debemos conocer sus caracter\u00edsticas demogr\u00e1ficas, comportamientos, necesidades e intereses. A partir de la informaci\u00f3n obtenida, debemos adaptar el contenido a las expectativas del p\u00fablico objetivo.<\/p>\n<p><strong>T\u00cdTULO EFECTIVO y DESCRIPCIONES:<\/strong> Para que el contenido atraiga la atenci\u00f3n, las descripciones y los t\u00edtulos deben ser eficaces. Un buen t\u00edtulo aumenta los clics en el contenido.<\/p>\n<p><strong>calidad visual y sonora:<\/strong> Si desea producir contenidos visuales, debe utilizar elementos visuales interesantes y de alta calidad. Si se quiere producir contenidos sonoros, hay que prestar atenci\u00f3n a la calidad del sonido. Los contenidos de calidad atraen f\u00e1cilmente la atenci\u00f3n de los oyentes o espectadores.<\/p>\n<p><strong>CONTENIDO BREVE y RESUMIDO:<\/strong> Las plataformas de medios sociales suelen utilizarse para un consumo r\u00e1pido. En este punto es importante que su contenido sea \u00e1gil y conciso. Para atraer la atenci\u00f3n de los usuarios, la comunicaci\u00f3n debe establecerse de forma r\u00e1pida y eficaz.<\/p>\n<p><strong>DIVERSIDAD:<\/strong> La diversidad de tipos de contenido es importante. El uso de distintos formatos (visual, texto, audio o v\u00eddeo) permite ofrecer diferentes experiencias visuales y de contenido al p\u00fablico objetivo.<\/p>\n<p><strong>DIVERSI\u00d3N y VALOR:<\/strong> Su contenido debe ser divertido. Es importante que tu p\u00fablico objetivo sienta que aporta valor. El contenido divertido te permite conseguir m\u00e1s interacci\u00f3n por parte de tu p\u00fablico objetivo.<\/p>\n<p><strong>PUESTOS REGULARES:<\/strong> Compartir contenidos con regularidad garantiza que sus seguidores y espectadores se mantengan en contacto con usted. Creamos un calendario de producci\u00f3n de contenidos y compartimos tus publicaciones con regularidad.<\/p>\n<p><strong>INTERACCI\u00d3N y SEGUIMIENTO:<\/strong> Responder a los comentarios, \"me gusta\" y \"compartir\" de los contenidos que compartes aumenta la participaci\u00f3n. Adem\u00e1s, supervisar y analizar el rendimiento de tus contenidos te ayuda a ver qu\u00e9 contenidos obtienen m\u00e1s engagement por parte de la audiencia.<\/p>\n<p><strong>IDENTIDAD DE MARCA:<\/strong> Su contenido debe estar en consonancia con la identidad de su empresa o marca. Debe reflejar los valores que representa su empresa o marca, como el logotipo, los colores, el lenguaje y el estilo.<\/p>\n<p><strong>INNOVACI\u00d3N:<\/strong> Dado que las redes sociales son un entorno en constante cambio, es muy importante producir ideas de contenido innovadoras y nuevas. Mantenemos tus contenidos actualizados para ti, al tanto de la moda y las tendencias.<\/p>\n<\/div><\/div><style type=\"text\/css\">.fusion-body .fusion-builder-column-0{width:100% !important;margin-top : 20px;margin-bottom : 20px;}.fusion-builder-column-0 > .fusion-column-wrapper {padding-top : 0px !important;padding-right : 0px !important;margin-right : 1.92%;padding-bottom : 0px !important;padding-left : 0px !important;margin-left : 1.92%;}@media only screen and (max-width:1024px) {.fusion-body .fusion-builder-column-0{width:100% !important;order : 0;}.fusion-builder-column-0 > .fusion-column-wrapper {margin-right : 1.92%;margin-left : 1.92%;}}@media only screen and (max-width:640px) {.fusion-body .fusion-builder-column-0{width:100% !important;order : 0;}.fusion-builder-column-0 > .fusion-column-wrapper {margin-right : 1.92%;margin-left : 1.92%;}}<\/style><\/div><\/div><style type=\"text\/css\">.fusion-body .fusion-flex-container.fusion-builder-row-1{ padding-top : 0px;margin-top : 0px;padding-right : 0px;padding-bottom : 0px;margin-bottom : 0px;padding-left : 0px;}<\/style><\/div>","protected":false},"excerpt":{"rendered":"","protected":false},"author":1,"featured_media":0,"parent":0,"menu_order":0,"comment_status":"closed","ping_status":"closed","template":"100-width.php","meta":{"om_disable_all_campaigns":false,"_monsterinsights_skip_tracking":false,"_monsterinsights_sitenote_active":false,"_monsterinsights_sitenote_note":"","_monsterinsights_sitenote_category":0,"footnotes":""},"class_list":["post-3693","page","type-page","status-publish","hentry"],"aioseo_notices":[],"_links":{"self":[{"href":"https:\/\/www.designcangencer.com\/es\/wp-json\/wp\/v2\/pages\/3693","targetHints":{"allow":["GET"]}}],"collection":[{"href":"https:\/\/www.designcangencer.com\/es\/wp-json\/wp\/v2\/pages"}],"about":[{"href":"https:\/\/www.designcangencer.com\/es\/wp-json\/wp\/v2\/types\/page"}],"author":[{"embeddable":true,"href":"https:\/\/www.designcangencer.com\/es\/wp-json\/wp\/v2\/users\/1"}],"replies":[{"embeddable":true,"href":"https:\/\/www.designcangencer.com\/es\/wp-json\/wp\/v2\/comments?post=3693"}],"version-history":[{"count":8,"href":"https:\/\/www.designcangencer.com\/es\/wp-json\/wp\/v2\/pages\/3693\/revisions"}],"predecessor-version":[{"id":4699,"href":"https:\/\/www.designcangencer.com\/es\/wp-json\/wp\/v2\/pages\/3693\/revisions\/4699"}],"wp:attachment":[{"href":"https:\/\/www.designcangencer.com\/es\/wp-json\/wp\/v2\/media?parent=3693"}],"curies":[{"name":"wp","href":"https:\/\/api.w.org\/{rel}","templated":true}]}}