{"id":3691,"date":"2023-08-02T10:19:45","date_gmt":"2023-08-02T10:19:45","guid":{"rendered":"https:\/\/www.designcangencer.com\/?page_id=3691"},"modified":"2025-01-27T18:38:03","modified_gmt":"2025-01-27T18:38:03","slug":"instagram-reels-icin-profesyonel-video-edit","status":"publish","type":"page","link":"https:\/\/www.designcangencer.com\/es\/profesional-video-editing-for-intagram-reels\/","title":{"rendered":"Edici\u00f3n de v\u00eddeo profesional para Instagram Reels"},"content":{"rendered":"<div class=\"fusion-fullwidth fullwidth-box fusion-builder-row-1 fusion-flex-container has-pattern-background has-mask-background nonhundred-percent-fullwidth non-hundred-percent-height-scrolling\" style=\"background-color: rgba(255,255,255,0);background-position: center center;background-repeat: no-repeat;border-width: 0px 0px 0px 0px;border-color:hsla(var(--awb-color8-h),var(--awb-color8-s),var(--awb-color8-l),calc( var(--awb-color8-a) - 92% ));border-style:solid;\" ><div class=\"fusion-builder-row fusion-row fusion-flex-align-items-flex-start\" style=\"max-width:1476.8px;margin-left: calc(-4% \/ 2 );margin-right: calc(-4% \/ 2 );\"><div class=\"fusion-layout-column fusion_builder_column fusion-builder-column-0 fusion_builder_column_1_1 1_1 fusion-flex-column\"><div class=\"fusion-column-wrapper fusion-flex-justify-content-flex-start fusion-content-layout-column\" style=\"background-position:left top;background-repeat:no-repeat;-webkit-background-size:cover;-moz-background-size:cover;-o-background-size:cover;background-size:cover;padding: 0px 0px 0px 0px;\"><div class=\"fusion-text fusion-text-1\"><h2><img decoding=\"async\" class=\"lazyload size-full wp-image-4444 aligncenter\" src=\"https:\/\/www.designcangencer.com\/wp-content\/uploads\/2024\/01\/instagram-reels-gorsel.jpg\" data-orig-src=\"https:\/\/www.designcangencer.com\/wp-content\/uploads\/2024\/01\/instagram-reels-gorsel.jpg\" alt=\"\" width=\"800\" height=\"533\" srcset=\"data:image\/svg+xml,%3Csvg%20xmlns%3D%27http%3A%2F%2Fwww.w3.org%2F2000%2Fsvg%27%20width%3D%27800%27%20height%3D%27533%27%20viewBox%3D%270%200%20800%20533%27%3E%3Crect%20width%3D%27800%27%20height%3D%27533%27%20fill-opacity%3D%220%22%2F%3E%3C%2Fsvg%3E\" data-srcset=\"https:\/\/www.designcangencer.com\/wp-content\/uploads\/2024\/01\/instagram-reels-gorsel-200x133.jpg 200w, https:\/\/www.designcangencer.com\/wp-content\/uploads\/2024\/01\/instagram-reels-gorsel-300x200.jpg 300w, https:\/\/www.designcangencer.com\/wp-content\/uploads\/2024\/01\/instagram-reels-gorsel-400x267.jpg 400w, https:\/\/www.designcangencer.com\/wp-content\/uploads\/2024\/01\/instagram-reels-gorsel-600x400.jpg 600w, https:\/\/www.designcangencer.com\/wp-content\/uploads\/2024\/01\/instagram-reels-gorsel-768x512.jpg 768w, https:\/\/www.designcangencer.com\/wp-content\/uploads\/2024\/01\/instagram-reels-gorsel.jpg 800w\" data-sizes=\"auto\" data-orig-sizes=\"(max-width: 800px) 100vw, 800px\" \/><\/h2>\n<h2><strong>PRODUCCI\u00d3N DE CONTENIDOS EN INSTAGRAM\u00a0<\/strong><\/h2>\n<p>Hay muchas t\u00e9cnicas para producir contenido notable y de calidad en Instagram. Es necesario tener informaci\u00f3n sobre tu cuenta de Instagram, audiencia, intereses y el contenido con el que interact\u00faa. Analizar correctamente tu perfil garantiza la creaci\u00f3n correcta de tus contenidos.<\/p>\n<h2><a href=\"https:\/\/www.instagram.com\/designcangencer\/?next=\" target=\"_blank\" rel=\"noopener\"><strong>\u00bfCU\u00c1LES SON LOS PASOS A SEGUIR PARA LA PRODUCCI\u00d3N DE CONTENIDOS EN INSTAGRAM?<\/strong><\/a><\/h2>\n<ul>\n<li><strong>DETERMINAR EL P\u00daBLICO DESTINATARIO:<\/strong> En primer lugar, es necesario determinar para qui\u00e9n produce sus contenidos. Es necesario disponer de informaci\u00f3n sobre las caracter\u00edsticas demogr\u00e1ficas, las pautas de comportamiento y los intereses de su p\u00fablico objetivo. Los contenidos se elaboran en funci\u00f3n de las expectativas del p\u00fablico destinatario.<\/li>\n<li><strong>SELECCI\u00d3N DEL TIPO DE CONTENIDO:<\/strong> Cu\u00e1l de los distintos tipos de contenido, como v\u00eddeo, visual, texto o audio, le ayuda a comunicarse mejor con su p\u00fablico objetivo.<\/li>\n<li><strong>SELECCI\u00d3N DE TEMAS:<\/strong> Es importante determinar temas interesantes y apropiados para la producci\u00f3n de contenidos. Deben seleccionarse temas que se adecuen al prop\u00f3sito de su marca y a los intereses de su p\u00fablico objetivo.<\/li>\n<li><strong>PLANIFICACI\u00d3N DE CONTENIDOS:<\/strong> Se crean planes sobre qu\u00e9 d\u00edas y a qu\u00e9 horas deben compartirse sus contenidos. Este plan garantiza que los contenidos se compartan de forma coherente y regular.<\/li>\n<li><strong>CREACI\u00d3N DE CONTENIDOS:<\/strong> Seg\u00fan el tipo de contenido seleccionado, se llevan a cabo procesos como el dise\u00f1o visual, el rodaje de v\u00eddeos, la creaci\u00f3n de grabaciones de audio y la redacci\u00f3n de textos.<\/li>\n<li><strong>T\u00cdTULOS y DESCRIPCIONES ATRACTIVOS<\/strong>: Al utilizar descripciones, t\u00edtulos y etiquetas que apoyen su contenido, se atrae la atenci\u00f3n del p\u00fablico objetivo.<\/li>\n<li><strong>est\u00e9tica visual y sonora: <\/strong>Si se van a producir contenidos visuales, \u00e9stos deben utilizarse de acuerdo con principios est\u00e9ticos y de dise\u00f1o. Si se van a utilizar contenidos sonoros, es importante que la grabaci\u00f3n y los arreglos de sonido sean de calidad.<\/li>\n<li><strong>INTERACCI\u00d3N y RESPUESTA:<\/strong> Responder a los comentarios, likes o shares de los contenidos compartidos aumenta la interacci\u00f3n de tu negocio. Para ello <strong><em>Design Can Gen\u00e7er Empresa de Consultor\u00eda Digital<\/em><\/strong> gestionamos sus redes sociales y aumentamos sus interacciones.<\/li>\n<li><strong>SEGUIMIENTO y AN\u00c1LISIS:<\/strong> Es importante controlar el rendimiento de los contenidos creados y comprender qu\u00e9 contenidos son eficaces para el p\u00fablico objetivo. Examinamos tus estad\u00edsticas de interacci\u00f3n con herramientas de an\u00e1lisis de redes sociales y te ayudamos a desarrollar tus estrategias de contenidos.<\/li>\n<\/ul>\n<p>La producci\u00f3n de contenidos es un proceso que requiere esfuerzo, y es necesario mantener la estrategia de contenidos constantemente actualizada, interactuar con el p\u00fablico objetivo y producir contenidos acordes con las necesidades e intereses de \u00e9ste.<\/p>\n<h2><a href=\"https:\/\/www.designcangencer.com\/es\/comunicacion\/\"><strong>\u00bfCU\u00c1LES SON LAS T\u00c9CNICAS DE PRODUCCI\u00d3N DE CONTENIDOS EN INSTAGRAM?<\/strong><\/a><\/h2>\n<p>Hay muchas t\u00e9cnicas para producir contenido notable y de calidad en Instagram. Es necesario tener informaci\u00f3n sobre tu cuenta de Instagram, audiencia, intereses y el contenido con el que interact\u00faa. Analizar correctamente tu perfil garantiza la creaci\u00f3n correcta de tus contenidos.<\/p>\n<p><em>Las t\u00e9cnicas de generaci\u00f3n de contenidos son las siguientes; <\/em><\/p>\n<ul>\n<li><strong>RECONOCER A SUS SEGUIDORES:<\/strong> La primera prioridad para la planificaci\u00f3n de contenidos en Instagram es reconocer a tu p\u00fablico objetivo. Si la creaci\u00f3n de contenidos se realiza sin analizar correctamente a tus seguidores, existe la posibilidad de que los esfuerzos sean en vano. Por esta raz\u00f3n, es necesario determinar lo que le gusta a tu p\u00fablico objetivo y lo que siguen. Si la planificaci\u00f3n de contenidos se realiza en funci\u00f3n de su p\u00fablico objetivo, su tasa de interacci\u00f3n aumentar\u00e1.<\/li>\n<li><strong>DETERMINACI\u00d3N DEL TEMA VISUAL:<\/strong> Se debe crear un orden durante la fase de producci\u00f3n de contenidos en Instagram. Es importante tener orden tanto en el dise\u00f1o como en el proceso de compartir. Crear un tema visual en tu perfil de Instagram aumenta la interacci\u00f3n de tu p\u00e1gina. Los perfiles con orden son notables. Una cuenta de Instagram visualmente exitosa aumenta el poder de interacci\u00f3n. <strong><em>Design Can Gen\u00e7er Empresa de Consultor\u00eda Digital<\/em><\/strong> proporcionamos servicios para que su negocio tenga una cuenta de Instagram m\u00e1s fuerte.<\/li>\n<li><strong>IDEAS DE CONTENIDO SOBRE SU MARCA y PRODUCTO:<\/strong> En su perfil de empresa, sus productos se pueden utilizar mediante el desarrollo de ideas de contenido en Instagram. Podemos crear diferentes contenidos presentando tus productos. Adem\u00e1s, se pueden crear ideas de contenido basadas en experiencias de clientes o rese\u00f1as de productos. Con estas publicaciones, tienes la oportunidad de promocionar tus productos. De este modo, se incrementa el conocimiento de la marca y la fiabilidad. Producir contenidos que den prioridad a su negocio le ayuda a destacar entre las p\u00e1ginas de las empresas competidoras. Explicar tu negocio con claridad a tu p\u00fablico objetivo hace que tus conversiones sean positivas. Al p\u00fablico objetivo le interesan m\u00e1s las marcas sinceras y sinceras. Esta sinceridad y sinceridad a tu p\u00e1gina de empresa <strong><em>Design Can Gen\u00e7er Empresa de Consultor\u00eda Digital<\/em><\/strong> como proveedor de servicios.<\/li>\n<li><strong>IDEAS VISUALES:<\/strong> Planificando previamente planes visuales para ti, aceleramos la producci\u00f3n de contenidos en tu cuenta de Instagram. Dise\u00f1amos las ideas de contenido de tu negocio de forma planificada. De esta manera, los trabajos visuales se preparan para que su cuenta sea m\u00e1s especial y regular. Para tu cuenta de Instagram, realizamos trabajos visuales para ti de forma que sean especiales para cada d\u00eda. Hay factores a tener en cuenta en las im\u00e1genes preparadas para utilizar en el contenido de tu negocio. Uno de ellos es la calidad de las im\u00e1genes. Deben utilizarse im\u00e1genes de alta calidad. El uso de im\u00e1genes de baja calidad puede disminuir la reputaci\u00f3n de la cuenta de su negocio. La otra es la relevancia de las im\u00e1genes utilizadas entre s\u00ed. El tema de la p\u00e1gina debe ser compatible con las im\u00e1genes compartidas. Por esta raz\u00f3n, la relevancia de las im\u00e1genes es importante.<\/li>\n<li><strong>VIDEO IDEAS:<\/strong> Sabemos que los v\u00eddeos compartidos en Instagram consiguen m\u00e1s interacci\u00f3n. Por este motivo, hay que dar importancia a los v\u00eddeos compartidos. Contenidos como Reels o IGTV aumentan la eficacia de tu cuenta de empresa. Los resultados de los v\u00eddeos son superiores a los visuales. Lo que hay que tener en cuenta en los v\u00eddeos es que no sean aburridos. Hay que compartir v\u00eddeos fluidos y notables. De esta forma, la tasa de interacci\u00f3n aumenta y las masas que ven tus v\u00eddeos sigui\u00e9ndote pueden verlos hasta el final. Los v\u00eddeos compartidos deben volver a compartirse en tus historias para que los usuarios que no han ca\u00eddo en tu flujo de v\u00eddeos puedan verlo. A medida que aumenta el n\u00famero de visualizaciones de tu v\u00eddeo, aumenta tu descubrimiento. Como resultado, tu cuenta de empresa cae delante de m\u00e1s usuarios.<\/li>\n<li><strong>PLANIFICACI\u00d3N DE TEMAS DE CONTENIDO:<\/strong> El trabajo planificado de las producciones de contenido de Instagram garantiza que su p\u00e1gina logre resultados eficientes. Los estudios planificados garantizan que est\u00e9s preparado para los d\u00edas especiales. Dado que la producci\u00f3n de contenidos se har\u00e1 todos los d\u00edas para su p\u00e1gina de negocios, no hay necesidad de tomar una decisi\u00f3n de \u00faltima hora sobre qu\u00e9 compartir. El hecho de que el contenido se planifique con antelaci\u00f3n proporciona comodidad a la hora de crear un tema regular en su p\u00e1gina. Los planes pueden ser semanales o mensuales. Al hacer los planes seg\u00fan el calendario, hay que tener cuidado de no saltarse d\u00edas especiales. Los planes realizados deben actualizarse con regularidad. De lo contrario, los usuarios que te siguen pueden aburrirse de ver el mismo contenido, lo que se traduce en una disminuci\u00f3n de la tasa de interacci\u00f3n de tu p\u00e1gina.<\/li>\n<li><strong>CONTAR HISTORIAS:<\/strong> Tu contenido compartido en Instagram no consiste en im\u00e1genes o v\u00eddeos. Los textos que escribas debajo de tus publicaciones son al menos tan importantes como las im\u00e1genes y los v\u00eddeos. Tu p\u00e1gina debe tener una historia. No debe pasarse con simples frases. Tu contenido debe mencionar la historia y transmitir algo a los usuarios potenciales que te siguen o te siguen. Se puede llamar la atenci\u00f3n con art\u00edculos instructivos, interesantes o entretenidos. La mayor\u00eda de los usuarios en Instagram interact\u00faan en funci\u00f3n de los art\u00edculos. Las historias que se cuentan en la p\u00e1gina de tu marca o negocio refuerzan tu contenido y aumentan la interacci\u00f3n. La sinceridad y la honestidad son importantes en las historias por contar.<\/li>\n<li><strong>APELAR A LAS EMOCIONES:<\/strong> Las redes sociales no s\u00f3lo consisten en compartir. Estas plataformas se han convertido en un lugar donde los usuarios comparten su felicidad o sus problemas. Tambi\u00e9n es una plataforma en la que se debaten los acontecimientos que ocurren en el mundo. En este \u00e1mbito, es importante compartir los mismos sentimientos y el mismo lenguaje con los usuarios. Es importante ser sensible a las situaciones delicadas que se viven. De este modo, demuestras a los usuarios que apoyas tu p\u00e1gina y que tienes los mismos sentimientos sensibles. Para un trabajo m\u00e1s profesional, le servimos como Design Can Gen\u00e7er Digital Consultancy Company.<\/li>\n<\/ul>\n<\/div><\/div><style type=\"text\/css\">.fusion-body .fusion-builder-column-0{width:100% !important;margin-top : 20px;margin-bottom : 20px;}.fusion-builder-column-0 > .fusion-column-wrapper {padding-top : 0px !important;padding-right : 0px !important;margin-right : 1.92%;padding-bottom : 0px !important;padding-left : 0px !important;margin-left : 1.92%;}@media only screen and (max-width:1024px) {.fusion-body .fusion-builder-column-0{width:100% !important;order : 0;}.fusion-builder-column-0 > .fusion-column-wrapper {margin-right : 1.92%;margin-left : 1.92%;}}@media only screen and (max-width:640px) {.fusion-body .fusion-builder-column-0{width:100% !important;order : 0;}.fusion-builder-column-0 > .fusion-column-wrapper {margin-right : 1.92%;margin-left : 1.92%;}}<\/style><\/div><\/div><style type=\"text\/css\">.fusion-body .fusion-flex-container.fusion-builder-row-1{ padding-top : 0px;margin-top : 0px;padding-right : 0px;padding-bottom : 0px;margin-bottom : 0px;padding-left : 0px;}<\/style><\/div>","protected":false},"excerpt":{"rendered":"","protected":false},"author":1,"featured_media":0,"parent":0,"menu_order":0,"comment_status":"closed","ping_status":"closed","template":"100-width.php","meta":{"om_disable_all_campaigns":false,"_monsterinsights_skip_tracking":false,"_monsterinsights_sitenote_active":false,"_monsterinsights_sitenote_note":"","_monsterinsights_sitenote_category":0,"footnotes":""},"class_list":["post-3691","page","type-page","status-publish","hentry"],"aioseo_notices":[],"_links":{"self":[{"href":"https:\/\/www.designcangencer.com\/es\/wp-json\/wp\/v2\/pages\/3691","targetHints":{"allow":["GET"]}}],"collection":[{"href":"https:\/\/www.designcangencer.com\/es\/wp-json\/wp\/v2\/pages"}],"about":[{"href":"https:\/\/www.designcangencer.com\/es\/wp-json\/wp\/v2\/types\/page"}],"author":[{"embeddable":true,"href":"https:\/\/www.designcangencer.com\/es\/wp-json\/wp\/v2\/users\/1"}],"replies":[{"embeddable":true,"href":"https:\/\/www.designcangencer.com\/es\/wp-json\/wp\/v2\/comments?post=3691"}],"version-history":[{"count":5,"href":"https:\/\/www.designcangencer.com\/es\/wp-json\/wp\/v2\/pages\/3691\/revisions"}],"predecessor-version":[{"id":4652,"href":"https:\/\/www.designcangencer.com\/es\/wp-json\/wp\/v2\/pages\/3691\/revisions\/4652"}],"wp:attachment":[{"href":"https:\/\/www.designcangencer.com\/es\/wp-json\/wp\/v2\/media?parent=3691"}],"curies":[{"name":"wp","href":"https:\/\/api.w.org\/{rel}","templated":true}]}}