{"id":3677,"date":"2023-08-02T10:17:12","date_gmt":"2023-08-02T10:17:12","guid":{"rendered":"https:\/\/www.designcangencer.com\/?page_id=3677"},"modified":"2025-01-27T18:20:14","modified_gmt":"2025-01-27T18:20:14","slug":"google-harita-reklamlari","status":"publish","type":"page","link":"https:\/\/www.designcangencer.com\/es\/google-map-ads\/","title":{"rendered":"Anuncios de Google Map"},"content":{"rendered":"<div class=\"fusion-fullwidth fullwidth-box fusion-builder-row-1 fusion-flex-container has-pattern-background has-mask-background nonhundred-percent-fullwidth non-hundred-percent-height-scrolling\" style=\"background-color: rgba(255,255,255,0);background-position: center center;background-repeat: no-repeat;border-width: 0px 0px 0px 0px;border-color:hsla(var(--awb-color8-h),var(--awb-color8-s),var(--awb-color8-l),calc( var(--awb-color8-a) - 92% ));border-style:solid;\" ><div class=\"fusion-builder-row fusion-row fusion-flex-align-items-flex-start\" style=\"max-width:1476.8px;margin-left: calc(-4% \/ 2 );margin-right: calc(-4% \/ 2 );\"><div class=\"fusion-layout-column fusion_builder_column fusion-builder-column-0 fusion_builder_column_1_1 1_1 fusion-flex-column\"><div class=\"fusion-column-wrapper fusion-flex-justify-content-flex-start fusion-content-layout-column\" style=\"background-position:left top;background-repeat:no-repeat;-webkit-background-size:cover;-moz-background-size:cover;-o-background-size:cover;background-size:cover;padding: 0px 0px 0px 0px;\"><div class=\"fusion-text fusion-text-1\"><h2><img decoding=\"async\" class=\"lazyload size-full wp-image-4462 aligncenter\" src=\"https:\/\/www.designcangencer.com\/wp-content\/uploads\/2024\/01\/harita.jpg\" data-orig-src=\"https:\/\/www.designcangencer.com\/wp-content\/uploads\/2024\/01\/harita.jpg\" alt=\"\" width=\"800\" height=\"533\" srcset=\"data:image\/svg+xml,%3Csvg%20xmlns%3D%27http%3A%2F%2Fwww.w3.org%2F2000%2Fsvg%27%20width%3D%27800%27%20height%3D%27533%27%20viewBox%3D%270%200%20800%20533%27%3E%3Crect%20width%3D%27800%27%20height%3D%27533%27%20fill-opacity%3D%220%22%2F%3E%3C%2Fsvg%3E\" data-srcset=\"https:\/\/www.designcangencer.com\/wp-content\/uploads\/2024\/01\/harita-200x133.jpg 200w, https:\/\/www.designcangencer.com\/wp-content\/uploads\/2024\/01\/harita-300x200.jpg 300w, https:\/\/www.designcangencer.com\/wp-content\/uploads\/2024\/01\/harita-400x267.jpg 400w, https:\/\/www.designcangencer.com\/wp-content\/uploads\/2024\/01\/harita-600x400.jpg 600w, https:\/\/www.designcangencer.com\/wp-content\/uploads\/2024\/01\/harita-768x512.jpg 768w, https:\/\/www.designcangencer.com\/wp-content\/uploads\/2024\/01\/harita.jpg 800w\" data-sizes=\"auto\" data-orig-sizes=\"(max-width: 800px) 100vw, 800px\" \/><\/h2>\n<h2>\u00bfQU\u00c9 ES GOOGLE MAPS?<\/h2>\n<p>Google Maps es una plataforma de mapas web desarrollada por Google. Google Maps ofrece im\u00e1genes por sat\u00e9lite, im\u00e1genes panor\u00e1micas de 360 grados de las calles, planificaci\u00f3n de rutas, callejeros y estado del tr\u00e1fico. En las estad\u00edsticas de Google, se anuncia que el servicio de mapas es utilizado por m\u00e1s de mil millones de personas en todo el mundo cada mes. Seg\u00fan estas estad\u00edsticas, Google Maps tiene un impacto significativo en el tr\u00e1fico. La publicidad en Google Maps es una plataforma eficaz para aprovechar el tr\u00e1fico<\/p>\n<h2>\u00bfQU\u00c9 SON LOS ANUNCIOS DE GOOGLE MAP?<\/h2>\n<p>Es un modelo publicitario que le ayuda a destacar en las b\u00fasquedas realizadas en Google Maps, que es el m\u00e1s utilizado del mundo. Permite encontrar f\u00e1cilmente su negocio, especialmente en b\u00fasquedas como \"cl\u00ednicas dentales cerca de m\u00ed\". Los anuncios de Google Maps cubren los resultados de las b\u00fasquedas en ordenadores y m\u00f3viles, as\u00ed como las b\u00fasquedas telef\u00f3nicas.<\/p>\n<h2><a href=\"https:\/\/www.designcangencer.com\/es\/comunicacion\/\">\u00bfC\u00d3MO ANUNCIARSE EN GOOGLE MAPS?<\/a><\/h2>\n<p>El poder de interacci\u00f3n de los mapas de Google, con m\u00e1s de mil millones de usuarios al mes, es enorme. Es el m\u00e9todo publicitario preferido para aprovechar este poder de interacci\u00f3n. La publicidad en Google maps es uno de los m\u00e9todos m\u00e1s eficaces que pueden utilizarse para aumentar el n\u00famero de clientes necesarios para la consecuci\u00f3n de los objetivos financieros de las empresas a largo y corto plazo.<\/p>\n<p>Para anunciarlo;<\/p>\n<p>1- Accede a tu cuenta de Google ADS y haz clic en la opci\u00f3n campa\u00f1as inteligentes de la pesta\u00f1a de creaci\u00f3n de campa\u00f1as.<\/p>\n<p>2- Seleccione el objetivo de la campa\u00f1a inteligente y especifique si son importantes las llamadas telef\u00f3nicas o las visitas a su negocio.<\/p>\n<p>3- Para poder anunciarse en Google Maps, debe tener una cuenta de Google My Business. De lo contrario, el modelo de campa\u00f1a publicitaria no se puede implementar. Despu\u00e9s de obtener una cuenta de Google My Business, Google My Business y la cuenta de Google ADS se integran.<\/p>\n<p>4- Se indica la ubicaci\u00f3n de su negocio.<\/p>\n<p>5- Se define el producto\/servicio que se ofrece al mercado.<\/p>\n<p>6- Se determina la categor\u00eda de su empresa, las palabras clave y el idioma que se utilizar\u00e1<\/p>\n<p>7- Se crea el texto del anuncio.<\/p>\n<p>8- Se a\u00f1aden los n\u00fameros de tel\u00e9fono y se realiza la verificaci\u00f3n.<\/p>\n<p>9- Se determina el presupuesto.<\/p>\n<p>10- Una vez completados los pasos, se realiza la revisi\u00f3n y se guarda.<\/p>\n<h2><a href=\"https:\/\/www.instagram.com\/designcangencer\/?next=\" target=\"_blank\" rel=\"noopener\">\u00bfCU\u00c1LES SON LAS VENTAJAS DE ANUNCIARSE EN GOOGLE MAPS?<\/a><\/h2>\n<p>Google maps permite a los usuarios ver gratuitamente las empresas y situarlas en la p\u00e1gina de resultados de b\u00fasqueda. De este modo, se obtiene conversi\u00f3n a partir de la interacci\u00f3n. Es importante que las empresas que deseen aumentar su notoriedad se registren en Google Maps. El registro de las empresas en Google Maps permite aumentar el volumen de consumidores de las empresas que aparecen en la p\u00e1gina de resultados de las b\u00fasquedas en los mapas. A trav\u00e9s de la Gu\u00eda Google que ofrece Google, se pueden editar las p\u00e1ginas de las empresas, a\u00f1adir contenido visual y compartir informaci\u00f3n.<\/p>\n<p>Los clientes actuales y potenciales de las empresas pueden compartir sus experiencias sobre la empresa escribiendo comentarios. Los comentarios y evaluaciones realizados por los clientes son una poderosa fuente de referencia para los usuarios que no disponen de informaci\u00f3n sobre el negocio. Tras registrarse en Google Maps, se pueden desarrollar estrategias de marketing digital a trav\u00e9s de los anuncios de Google Maps. El volumen de ventas puede aumentar gracias a la campa\u00f1a publicitaria organizada.<\/p>\n<p>Los anuncios de Google Map, que es el m\u00e9todo m\u00e1s eficaz para que la empresa alcance sus objetivos a largo - medio - corto plazo, proporciona un tr\u00e1fico intenso y natural a trav\u00e9s del servicio de mapas utilizado por millones de usuarios de Google todos los d\u00edas. La campa\u00f1a de anuncios de Google Map es eficaz en la publicidad digital, que es la herramienta m\u00e1s importante para que usted pueda competir con sus competidores y alcanzar los objetivos econ\u00f3micos.<\/p>\n<h2>\u00bfC\u00d3MO MOSTRAR ANUNCIOS DE LA RED DE B\u00daSQUEDA LOCAL EN GOOGLE MAPS?<\/h2>\n<p>Los propietarios de empresas recurren a los anuncios en el mapa de Google, uno de los m\u00e9todos eficaces para atraer la atenci\u00f3n de los consumidores y clientes cercanos. Si su negocio es local y quiere estar por delante de sus competidores, necesita llegar r\u00e1pidamente a los consumidores que necesitan el producto o servicio que ofrece y asegurarse de que se ven afectados. Los anuncios de b\u00fasqueda en mapas de Google le permiten obtener resultados satisfactorios en este sentido.<\/p>\n<p>En la red de b\u00fasqueda local de Google Maps se siguen los siguientes pasos;<\/p>\n<p>1- Google ADS, tras acceder a tu cuenta, activamos tus extensiones de localizaci\u00f3n.<\/p>\n<p>2- Despu\u00e9s de iniciar sesi\u00f3n en su perfil de empresa, primero se crea su perfil de empresa. Si ya has iniciado sesi\u00f3n, se comprueba la exactitud de tu informaci\u00f3n. Si tiene informaci\u00f3n que necesita cambiar, se actualiza su informaci\u00f3n.<\/p>\n<p>3- Se realiza una oferta tras dirigirse a un punto concreto. Utilizando la segmentaci\u00f3n por localizaci\u00f3n, las ofertas se realizan en funci\u00f3n de la ubicaci\u00f3n, te ayudamos a dirigirte a usuarios cercanos a tu negocio.<\/p>\n<p>4- Una vez optimizadas las palabras clave, se determinan las palabras clave consultadas localmente por los usuarios relacionados con la ubicaci\u00f3n de su campa\u00f1a publicitaria.<\/p>\n<p>La optimizaci\u00f3n de palabras clave afecta directamente al \u00e9xito de la campa\u00f1a publicitaria. En consecuencia, es muy importante a\u00f1adir las frases adecuadas en el proceso de determinaci\u00f3n de sus palabras clave.<\/p>\n<p>Los anuncios de b\u00fasqueda en los mapas de Google desempe\u00f1an un papel importante a la hora de evaluar el rendimiento, el estado y la eficacia de su negocio y de saber si su campa\u00f1a progresar\u00e1 en consonancia con los objetivos fijados. Se analizan sus datos de rendimiento. Se identifican las deficiencias y se determinan estrategias para mejorar.<\/p>\n<h2>Cu\u00e1ntos clics se dividen en<\/h2>\n<p>El \u00faltimo paso de la publicidad \"clic\" se divide en tres;<\/p>\n<p>1) Clics para obtener detalles locales: Los clics que est\u00e1n sujetos al caso en el que los usuarios hacen clic con el objetivo de ampliar los anuncios en la lista de resultados de b\u00fasqueda son clics para obtener detalles de ubicaci\u00f3n.<\/p>\n<p>2) Clics para obtener direcciones: Estos son los clics que est\u00e1n sujetos a que los usuarios hagan clic en su negocio para obtener direcciones.<\/p>\n<p>3) Clics y clics de llamada en dispositivos m\u00f3viles: Son los clics que hacen los usuarios para llamar por tel\u00e9fono a tu negocio.<\/p>\n<p>4) Clics en el sitio web: Los usuarios hacen clic en los anuncios colocados en el sitio web.<\/p>\n<p>Google maps, que cuenta con m\u00e1s de 1.000 millones de usuarios al mes, con un alto volumen de interacci\u00f3n y tr\u00e1fico, es uno de los m\u00e9todos m\u00e1s eficaces y pr\u00e1cticos para captar clientes, aumentar el volumen y proteger sus finanzas.<\/p>\n<\/div><\/div><style type=\"text\/css\">.fusion-body .fusion-builder-column-0{width:100% !important;margin-top : 20px;margin-bottom : 20px;}.fusion-builder-column-0 > .fusion-column-wrapper {padding-top : 0px !important;padding-right : 0px !important;margin-right : 1.92%;padding-bottom : 0px !important;padding-left : 0px !important;margin-left : 1.92%;}@media only screen and (max-width:1024px) {.fusion-body .fusion-builder-column-0{width:100% !important;order : 0;}.fusion-builder-column-0 > .fusion-column-wrapper {margin-right : 1.92%;margin-left : 1.92%;}}@media only screen and (max-width:640px) {.fusion-body .fusion-builder-column-0{width:100% !important;order : 0;}.fusion-builder-column-0 > .fusion-column-wrapper {margin-right : 1.92%;margin-left : 1.92%;}}<\/style><\/div><\/div><style type=\"text\/css\">.fusion-body .fusion-flex-container.fusion-builder-row-1{ padding-top : 0px;margin-top : 0px;padding-right : 0px;padding-bottom : 0px;margin-bottom : 0px;padding-left : 0px;}<\/style><\/div>","protected":false},"excerpt":{"rendered":"","protected":false},"author":1,"featured_media":0,"parent":0,"menu_order":0,"comment_status":"closed","ping_status":"closed","template":"100-width.php","meta":{"om_disable_all_campaigns":false,"_monsterinsights_skip_tracking":false,"_monsterinsights_sitenote_active":false,"_monsterinsights_sitenote_note":"","_monsterinsights_sitenote_category":0,"footnotes":""},"class_list":["post-3677","page","type-page","status-publish","hentry"],"aioseo_notices":[],"_links":{"self":[{"href":"https:\/\/www.designcangencer.com\/es\/wp-json\/wp\/v2\/pages\/3677","targetHints":{"allow":["GET"]}}],"collection":[{"href":"https:\/\/www.designcangencer.com\/es\/wp-json\/wp\/v2\/pages"}],"about":[{"href":"https:\/\/www.designcangencer.com\/es\/wp-json\/wp\/v2\/types\/page"}],"author":[{"embeddable":true,"href":"https:\/\/www.designcangencer.com\/es\/wp-json\/wp\/v2\/users\/1"}],"replies":[{"embeddable":true,"href":"https:\/\/www.designcangencer.com\/es\/wp-json\/wp\/v2\/comments?post=3677"}],"version-history":[{"count":8,"href":"https:\/\/www.designcangencer.com\/es\/wp-json\/wp\/v2\/pages\/3677\/revisions"}],"predecessor-version":[{"id":4646,"href":"https:\/\/www.designcangencer.com\/es\/wp-json\/wp\/v2\/pages\/3677\/revisions\/4646"}],"wp:attachment":[{"href":"https:\/\/www.designcangencer.com\/es\/wp-json\/wp\/v2\/media?parent=3677"}],"curies":[{"name":"wp","href":"https:\/\/api.w.org\/{rel}","templated":true}]}}