{"id":3671,"date":"2023-08-02T10:16:04","date_gmt":"2023-08-02T10:16:04","guid":{"rendered":"https:\/\/www.designcangencer.com\/?page_id=3671"},"modified":"2025-01-25T23:06:26","modified_gmt":"2025-01-25T23:06:26","slug":"instagram-reklamlari","status":"publish","type":"page","link":"https:\/\/www.designcangencer.com\/es\/instagram-ads\/","title":{"rendered":"Anuncios en Instagram"},"content":{"rendered":"<div class=\"fusion-fullwidth fullwidth-box fusion-builder-row-1 fusion-flex-container has-pattern-background has-mask-background nonhundred-percent-fullwidth non-hundred-percent-height-scrolling\" style=\"background-color: rgba(255,255,255,0);background-position: center center;background-repeat: no-repeat;border-width: 0px 0px 0px 0px;border-color:hsla(var(--awb-color8-h),var(--awb-color8-s),var(--awb-color8-l),calc( var(--awb-color8-a) - 92% ));border-style:solid;\" ><div class=\"fusion-builder-row fusion-row fusion-flex-align-items-flex-start\" style=\"max-width:1476.8px;margin-left: calc(-4% \/ 2 );margin-right: calc(-4% \/ 2 );\"><div class=\"fusion-layout-column fusion_builder_column fusion-builder-column-0 fusion_builder_column_1_1 1_1 fusion-flex-column\"><div class=\"fusion-column-wrapper fusion-flex-justify-content-flex-start fusion-content-layout-column\" style=\"background-position:left top;background-repeat:no-repeat;-webkit-background-size:cover;-moz-background-size:cover;-o-background-size:cover;background-size:cover;padding: 0px 0px 0px 0px;\"><div class=\"fusion-text fusion-text-1\"><h1><img decoding=\"async\" class=\"lazyload size-full wp-image-4448 aligncenter\" src=\"https:\/\/www.designcangencer.com\/wp-content\/uploads\/2024\/01\/instagram-reklam.jpg\" data-orig-src=\"https:\/\/www.designcangencer.com\/wp-content\/uploads\/2024\/01\/instagram-reklam.jpg\" alt=\"\" width=\"800\" height=\"533\" srcset=\"data:image\/svg+xml,%3Csvg%20xmlns%3D%27http%3A%2F%2Fwww.w3.org%2F2000%2Fsvg%27%20width%3D%27800%27%20height%3D%27533%27%20viewBox%3D%270%200%20800%20533%27%3E%3Crect%20width%3D%27800%27%20height%3D%27533%27%20fill-opacity%3D%220%22%2F%3E%3C%2Fsvg%3E\" data-srcset=\"https:\/\/www.designcangencer.com\/wp-content\/uploads\/2024\/01\/instagram-reklam-200x133.jpg 200w, https:\/\/www.designcangencer.com\/wp-content\/uploads\/2024\/01\/instagram-reklam-300x200.jpg 300w, https:\/\/www.designcangencer.com\/wp-content\/uploads\/2024\/01\/instagram-reklam-400x267.jpg 400w, https:\/\/www.designcangencer.com\/wp-content\/uploads\/2024\/01\/instagram-reklam-600x400.jpg 600w, https:\/\/www.designcangencer.com\/wp-content\/uploads\/2024\/01\/instagram-reklam-768x512.jpg 768w, https:\/\/www.designcangencer.com\/wp-content\/uploads\/2024\/01\/instagram-reklam.jpg 800w\" data-sizes=\"auto\" data-orig-sizes=\"(max-width: 800px) 100vw, 800px\" \/><\/h1>\n<h1>Ventajas de Instagram Ads<\/h1>\n<p>Permite a las marcas llegar a grandes audiencias e interactuar eficazmente. Estas son las ventajas que ofrece:<\/p>\n<ol>\n<li><strong>Gran alcance de audiencia<\/strong><br \/>\nInstagram permite a las marcas llegar a una amplia audiencia con miles de millones de usuarios en todo el mundo.<\/li>\n<li><strong>Contenido visual<\/strong><br \/>\nEn la plataforma Instagram, donde lo visual est\u00e1 en primer plano, podr\u00e1s promocionar eficazmente tus productos y servicios incluyendo anuncios visuales.<\/li>\n<li><strong>Oportunidades de selecci\u00f3n<\/strong><br \/>\nEs posible llegar al p\u00fablico objetivo que haya determinado en funci\u00f3n de sus caracter\u00edsticas demogr\u00e1ficas, intereses y comportamientos.<\/li>\n<li><strong>Retargeting<\/strong><br \/>\nAl dirigirse a los usuarios que visitan su sitio web pero no convierten, puede volver a mostrarles los anuncios.<\/li>\n<li><strong>Seguimiento de las conversiones<\/strong><br \/>\nLe ayuda a realizar un seguimiento de los datos de conversi\u00f3n permiti\u00e9ndole medir la eficacia de sus campa\u00f1as.<\/li>\n<\/ol>\n<h3><a href=\"https:\/\/www.instagram.com\/designcangencer\/?next=\" target=\"_blank\" rel=\"noopener\">\u00bfSon efectivos los anuncios de Instagram?<\/a><\/h3>\n<p>Instagram es una de las plataformas de medios sociales con mayor tasa de participaci\u00f3n. Porque los anuncios te ayudan a conseguir resultados s\u00f3lidos al combinarse con la interacci\u00f3n org\u00e1nica. Por lo tanto, puedes comunicarte eficazmente con tu p\u00fablico objetivo a trav\u00e9s de formas org\u00e1nicas y anuncios.<\/p>\n<h3><a href=\"https:\/\/www.designcangencer.com\/es\/comunicacion\/\">Encontrar clientes potenciales de forma org\u00e1nica<\/a><\/h3>\n<p>El algoritmo de Instagram te permite llegar a tu p\u00fablico objetivo utilizando las etiquetas adecuadas, m\u00e9todos para aumentar la interacci\u00f3n y publicaciones peri\u00f3dicas. De este modo, puedes aplicar lo siguiente para llegar a clientes potenciales de forma org\u00e1nica:<\/p>\n<ul>\n<li>Puede aumentar su visibilidad con las etiquetas adecuadas.<\/li>\n<li>Al interactuar, puede crear una oportunidad de caer en la secci\u00f3n de descubrir.<\/li>\n<li>Puede promocionar su marca manteniendo su perfil sencillo y comprensible.<\/li>\n<li>Si evita los contenidos irrelevantes, podr\u00e1 dirigirse al p\u00fablico objetivo adecuado.<\/li>\n<\/ul>\n<h3>M\u00e9todos de publicidad en Instagram<\/h3>\n<p>Existen diferentes opciones de publicidad en Instagram:<\/p>\n<ol>\n<li><strong>Titulares y anuncios de texto<\/strong><br \/>\nPuede atraer la atenci\u00f3n de su p\u00fablico objetivo a\u00f1adiendo t\u00edtulos y texto debajo de las im\u00e1genes.<\/li>\n<li><strong>Anuncios visuales<\/strong><br \/>\nPuede anunciar eficazmente sus productos o servicios promocion\u00e1ndolos con elementos visuales.<\/li>\n<li><strong>Anuncios de v\u00eddeo<\/strong><br \/>\nPodr\u00e1 promocionar sus productos utilizando contenidos de v\u00eddeo din\u00e1micos y notables.<\/li>\n<li><strong>Anuncios en carrusel<\/strong><br \/>\nPuede a\u00f1adir varias im\u00e1genes o v\u00eddeos a un mismo anuncio, lo que permite a los usuarios acceder a m\u00e1s contenidos.<\/li>\n<li><strong>Historias patrocinadas<\/strong><br \/>\nLos anuncios realizados en el formato de las historias de Instagram atraen r\u00e1pidamente la atenci\u00f3n de los usuarios.<\/li>\n<\/ol>\n<h3>\u00bfC\u00f3mo utilizar los anuncios de Instagram?<\/h3>\n<p>La elecci\u00f3n del modelo pertinente es muy importante. En consecuencia, puedes crear tus anuncios utilizando diversos formatos, como fotos, v\u00eddeos, tiendas o colaboraciones de creadores.<\/p>\n<h3>Opciones de segmentaci\u00f3n de anuncios de Instagram<\/h3>\n<p>Existen varias opciones de segmentaci\u00f3n para dirigirse al p\u00fablico adecuado. No obstante, puede utilizar las siguientes opciones en funci\u00f3n de sus objetivos:<\/p>\n<ul>\n<li><strong>Campa\u00f1as orientadas al tr\u00e1fico:<\/strong> Se utiliza para dirigir tr\u00e1fico a su sitio web o aplicaci\u00f3n.<\/li>\n<li><strong>Campa\u00f1as orientadas a la interacci\u00f3n:<\/strong> Impulsa la participaci\u00f3n aumentando los \"me gusta\" y los comentarios de las publicaciones.<\/li>\n<li><strong>Campa\u00f1as de b\u00fasqueda de clientes potenciales:<\/strong> Es preferible recoger r\u00e1pidamente la informaci\u00f3n de los usuarios.<\/li>\n<li><strong>Campa\u00f1as de mensajes dirigidos:<\/strong> Puede obtener informaci\u00f3n r\u00e1pida comunic\u00e1ndose directamente con los usuarios.<\/li>\n<li><strong>Campa\u00f1as de transformaci\u00f3n:<\/strong> Muestra sus anuncios al p\u00fablico objetivo con m\u00e1s probabilidades de conversi\u00f3n.<\/li>\n<li><strong>Cat\u00e1logo de campa\u00f1as:<\/strong> Le ayuda a aumentar las ventas promocionando sus productos de forma din\u00e1mica.<\/li>\n<\/ul>\n<h3>Selecci\u00f3n de im\u00e1genes y estrategias de selecci\u00f3n<\/h3>\n<p>Los elementos visuales desempe\u00f1an un papel importante en Instagram. Puedes hacer que tus anuncios llamen m\u00e1s la atenci\u00f3n utilizando im\u00e1genes y v\u00eddeos atractivos para aumentar la participaci\u00f3n. Optimizar los anuncios en funci\u00f3n de tu p\u00fablico objetivo aumenta la tasa de \u00e9xito.<\/p>\n<p>Se convierte en una poderosa herramienta de marketing cuando se aplica con la estrategia adecuada. Determinar los objetivos de la campa\u00f1a y utilizar los tipos de anuncios y las opciones de segmentaci\u00f3n m\u00e1s adecuados garantizar\u00e1 el \u00e9xito de los resultados.<\/p>\n<\/div><\/div><style type=\"text\/css\">.fusion-body .fusion-builder-column-0{width:100% !important;margin-top : 20px;margin-bottom : 20px;}.fusion-builder-column-0 > .fusion-column-wrapper {padding-top : 0px !important;padding-right : 0px !important;margin-right : 1.92%;padding-bottom : 0px !important;padding-left : 0px !important;margin-left : 1.92%;}@media only screen and (max-width:1024px) {.fusion-body .fusion-builder-column-0{width:100% !important;order : 0;}.fusion-builder-column-0 > .fusion-column-wrapper {margin-right : 1.92%;margin-left : 1.92%;}}@media only screen and (max-width:640px) {.fusion-body .fusion-builder-column-0{width:100% !important;order : 0;}.fusion-builder-column-0 > .fusion-column-wrapper {margin-right : 1.92%;margin-left : 1.92%;}}<\/style><\/div><\/div><style type=\"text\/css\">.fusion-body .fusion-flex-container.fusion-builder-row-1{ padding-top : 0px;margin-top : 0px;padding-right : 0px;padding-bottom : 0px;margin-bottom : 0px;padding-left : 0px;}<\/style><\/div>","protected":false},"excerpt":{"rendered":"","protected":false},"author":1,"featured_media":0,"parent":0,"menu_order":0,"comment_status":"closed","ping_status":"closed","template":"100-width.php","meta":{"om_disable_all_campaigns":false,"_monsterinsights_skip_tracking":false,"_monsterinsights_sitenote_active":false,"_monsterinsights_sitenote_note":"","_monsterinsights_sitenote_category":0,"footnotes":""},"class_list":["post-3671","page","type-page","status-publish","hentry"],"aioseo_notices":[],"_links":{"self":[{"href":"https:\/\/www.designcangencer.com\/es\/wp-json\/wp\/v2\/pages\/3671","targetHints":{"allow":["GET"]}}],"collection":[{"href":"https:\/\/www.designcangencer.com\/es\/wp-json\/wp\/v2\/pages"}],"about":[{"href":"https:\/\/www.designcangencer.com\/es\/wp-json\/wp\/v2\/types\/page"}],"author":[{"embeddable":true,"href":"https:\/\/www.designcangencer.com\/es\/wp-json\/wp\/v2\/users\/1"}],"replies":[{"embeddable":true,"href":"https:\/\/www.designcangencer.com\/es\/wp-json\/wp\/v2\/comments?post=3671"}],"version-history":[{"count":11,"href":"https:\/\/www.designcangencer.com\/es\/wp-json\/wp\/v2\/pages\/3671\/revisions"}],"predecessor-version":[{"id":4592,"href":"https:\/\/www.designcangencer.com\/es\/wp-json\/wp\/v2\/pages\/3671\/revisions\/4592"}],"wp:attachment":[{"href":"https:\/\/www.designcangencer.com\/es\/wp-json\/wp\/v2\/media?parent=3671"}],"curies":[{"name":"wp","href":"https:\/\/api.w.org\/{rel}","templated":true}]}}