{"id":20,"date":"2020-06-08T20:25:27","date_gmt":"2020-06-08T20:25:27","guid":{"rendered":"http:\/\/www.googleseo.click\/?page_id=20"},"modified":"2025-01-25T22:20:51","modified_gmt":"2025-01-25T22:20:51","slug":"hakkimizda","status":"publish","type":"page","link":"https:\/\/www.designcangencer.com\/es\/sobre-nosotros\/","title":{"rendered":"Qui\u00e9nes somos"},"content":{"rendered":"<p><div class=\"fusion-fullwidth fullwidth-box fusion-builder-row-1 fusion-flex-container nonhundred-percent-fullwidth non-hundred-percent-height-scrolling\" style=\"background-color: rgba(255,255,255,0);background-position: center center;background-repeat: no-repeat;border-width: 0px 0px 0px 0px;border-color:hsla(var(--awb-color8-h),var(--awb-color8-s),var(--awb-color8-l),calc( var(--awb-color8-a) - 92% ));border-style:solid;\" ><div class=\"fusion-builder-row fusion-row fusion-flex-align-items-flex-start fusion-flex-justify-content-center\" style=\"max-width:1476.8px;margin-left: calc(-4% \/ 2 );margin-right: calc(-4% \/ 2 );\"><div class=\"fusion-layout-column fusion_builder_column fusion-builder-column-0 fusion_builder_column_5_6 5_6 fusion-flex-column fusion-animated\" data-animationtype=\"fadeInDown\" data-animationduration=\"1.6\" data-animationoffset=\"top-into-view\"><div class=\"fusion-column-wrapper fusion-flex-justify-content-flex-start fusion-content-layout-column\" style=\"background-position:left top;background-repeat:no-repeat;-webkit-background-size:cover;-moz-background-size:cover;-o-background-size:cover;background-size:cover;padding: 0px 0px 0px 0px;\"><div class=\"fusion-text fusion-text-1\" style=\"text-align:center;font-size:17px;line-height:1.4em;letter-spacing:-0.02em;\"><h1 style=\"text-align: left;\"><strong><span style=\"color: #ff0000;\"><span style=\"color: #000000;\">Trabajar con el mejor equipo<\/span><\/span><\/strong><\/h1>\n<h1 style=\"text-align: left;\"><span style=\"color: #b19777;\"><strong>Te lo mereces.<\/strong><\/span><\/h1>\n<hr \/>\n<p style=\"text-align: left;\">Design Can Gencer es una empresa especializada en consultor\u00eda digital. Con soluciones innovadoras, ayudamos a las empresas a crear una fuerte presencia en el mundo digital. Tenemos experiencia en dise\u00f1o web, marketing digital y desarrollo de estrategias. En este contexto, ofrecemos a nuestros clientes estrategias creativas y eficaces para acelerar su crecimiento. Nuestro objetivo es lograr resultados m\u00e1s eficientes y exitosos en cada paso.<\/p>\n<h2 style=\"text-align: left;\">No I+D <span style=\"color: #b19777;\">Exploraci\u00f3n de Marte<\/span><\/h2>\n<p style=\"text-align: left;\">En l\u00ednea con esta visi\u00f3n, como Design Can Gencer, desarrollamos enfoques especiales para cada proyecto. En primer lugar, analizamos correctamente las necesidades y, a continuaci\u00f3n, trabajamos para ofrecer las soluciones digitales m\u00e1s adecuadas. Adem\u00e1s, al seguir de cerca la tecnolog\u00eda y las tendencias digitales, permitimos que las marcas destaquen en el mundo digital. Como resultado, medimos el \u00e9xito a trav\u00e9s de colaboraciones a largo plazo y un desarrollo continuo. Como en cada paso, estamos a su lado para encontrar la mejor soluci\u00f3n para usted.<\/p>\n<p style=\"text-align: left;\"><img decoding=\"async\" class=\"lazyload alignnone size-full wp-image-4574\" src=\"https:\/\/www.designcangencer.com\/wp-content\/uploads\/2025\/01\/de-1.png\" data-orig-src=\"https:\/\/www.designcangencer.com\/wp-content\/uploads\/2025\/01\/de-1.png\" alt=\"\" width=\"1920\" height=\"145\" srcset=\"data:image\/svg+xml,%3Csvg%20xmlns%3D%27http%3A%2F%2Fwww.w3.org%2F2000%2Fsvg%27%20width%3D%271920%27%20height%3D%27145%27%20viewBox%3D%270%200%201920%20145%27%3E%3Crect%20width%3D%271920%27%20height%3D%27145%27%20fill-opacity%3D%220%22%2F%3E%3C%2Fsvg%3E\" data-srcset=\"https:\/\/www.designcangencer.com\/wp-content\/uploads\/2025\/01\/de-1-200x15.png 200w, https:\/\/www.designcangencer.com\/wp-content\/uploads\/2025\/01\/de-1-300x23.png 300w, https:\/\/www.designcangencer.com\/wp-content\/uploads\/2025\/01\/de-1-400x30.png 400w, https:\/\/www.designcangencer.com\/wp-content\/uploads\/2025\/01\/de-1-600x45.png 600w, https:\/\/www.designcangencer.com\/wp-content\/uploads\/2025\/01\/de-1-768x58.png 768w, https:\/\/www.designcangencer.com\/wp-content\/uploads\/2025\/01\/de-1-800x60.png 800w, https:\/\/www.designcangencer.com\/wp-content\/uploads\/2025\/01\/de-1-1024x77.png 1024w, https:\/\/www.designcangencer.com\/wp-content\/uploads\/2025\/01\/de-1-1200x91.png 1200w, https:\/\/www.designcangencer.com\/wp-content\/uploads\/2025\/01\/de-1-1536x116.png 1536w, https:\/\/www.designcangencer.com\/wp-content\/uploads\/2025\/01\/de-1.png 1920w\" data-sizes=\"auto\" data-orig-sizes=\"(max-width: 1920px) 100vw, 1920px\" \/><\/p>\n<\/div><\/div><style type=\"text\/css\">.fusion-body .fusion-builder-column-0{width:83.333333333333% !important;margin-top : 10px;margin-bottom : 52px;}.fusion-builder-column-0 > .fusion-column-wrapper {padding-top : 0px !important;padding-right : 0px !important;margin-right : 2.304%;padding-bottom : 0px !important;padding-left : 0px !important;margin-left : 2.304%;}@media only screen and (max-width:1024px) {.fusion-body .fusion-builder-column-0{width:80% !important;margin-bottom : 48px;}.fusion-builder-column-0 > .fusion-column-wrapper {margin-right : 2.4%;margin-left : 2.4%;}}@media only screen and (max-width:640px) {.fusion-body .fusion-builder-column-0{width:100% !important;margin-bottom : 32px;}.fusion-builder-column-0 > .fusion-column-wrapper {margin-right : 1.92%;margin-left : 1.92%;}}<\/style><\/div><\/div><style type=\"text\/css\">.fusion-body .fusion-flex-container.fusion-builder-row-1{ padding-top : 48px;margin-top : 0px;padding-right : 0px;padding-bottom : 60px;margin-bottom : 0px;padding-left : 0px;}@media only screen and (max-width:1024px) {.fusion-body .fusion-flex-container.fusion-builder-row-1{ padding-top : 36px;padding-bottom : 42px;}}@media only screen and (max-width:640px) {.fusion-body .fusion-flex-container.fusion-builder-row-1{ padding-top : 12px;padding-bottom : 40px;}}<\/style><\/div><div class=\"fusion-fullwidth fullwidth-box fusion-builder-row-2 fusion-flex-container nonhundred-percent-fullwidth non-hundred-percent-height-scrolling\" style=\"background-color: rgba(255,255,255,0);background-position: center center;background-repeat: no-repeat;border-width: 0px 0px 0px 0px;border-color:hsla(var(--awb-color8-h),var(--awb-color8-s),var(--awb-color8-l),calc( var(--awb-color8-a) - 92% ));border-style:solid;\" ><div class=\"fusion-builder-row fusion-row fusion-flex-align-items-center\" style=\"max-width:1476.8px;margin-left: calc(-4% \/ 2 );margin-right: calc(-4% \/ 2 );\"><div class=\"fusion-layout-column fusion_builder_column fusion-builder-column-1 fusion_builder_column_1_2 1_2 fusion-flex-column fusion-animated\" data-animationtype=\"fadeInDown\" data-animationduration=\"1.6\" data-animationoffset=\"top-into-view\"><div class=\"fusion-column-wrapper fusion-flex-justify-content-flex-start fusion-content-layout-column\" style=\"background-position:left top;background-repeat:no-repeat;-webkit-background-size:cover;-moz-background-size:cover;-o-background-size:cover;background-size:cover;padding: 0px 0px 0px 0px;\"><div class=\"fusion-text fusion-text-2\"><h1><strong><a href=\"https:\/\/www.designcangencer.com\/es\/comunicacion\/\">Con nosotros <span style=\"color: #b19777;\">Cooperaci\u00f3n<\/span> Hazlo<\/a><\/strong><\/h1>\n<p>El equipo de Design Can Gencer est\u00e1 formado por profesionales experimentados especializados en consultor\u00eda digital. Nuestro objetivo es garantizar que las marcas activas tengan una presencia eficaz en el mundo digital y apoyarlas en cada paso.<\/p>\n<h3>Sabemos lo que quiere<\/h3>\n<p>Nos esforzamos continuamente por comprender las expectativas de nuestros clientes, a\u00f1adirles valor y liderar su crecimiento. En esta direcci\u00f3n, aspiramos a los m\u00e1s altos est\u00e1ndares en consultor\u00eda digital y ofrecemos soluciones personalizadas para cada proyecto.<\/p>\n<h3>\u00bfQu\u00e9 estamos haciendo?<\/h3>\n<p>Ofrecemos una amplia gama de servicios en el \u00e1mbito de la consultor\u00eda digital. Contamos con gran experiencia en numerosos \u00e1mbitos, como publicidad, software, dise\u00f1o web, optimizaci\u00f3n SEO, edici\u00f3n de v\u00eddeo, producci\u00f3n, rodajes especiales y traslado de hoteles.<\/p>\n<h3>Orientaci\u00f3n a los resultados<\/h3>\n<p>De este modo, producimos soluciones digitales funcionales y de calidad para cada necesidad de nuestros clientes. Cada uno de nuestros servicios est\u00e1 cuidadosamente dise\u00f1ado para reforzar los escaparates digitales de las marcas. Nuestro objetivo es aportar un valor duradero a nuestros clientes con las soluciones que ofrecemos.<\/p>\n<\/div><\/div><style type=\"text\/css\">.fusion-body .fusion-builder-column-1{width:50% !important;margin-top : 20px;margin-bottom : 20px;}.fusion-builder-column-1 > .fusion-column-wrapper {padding-top : 0px !important;padding-right : 0px !important;margin-right : 11.52%;padding-bottom : 0px !important;padding-left : 0px !important;margin-left : 11.52%;}@media only screen and (max-width:1024px) {.fusion-body .fusion-builder-column-1{width:50% !important;}.fusion-builder-column-1 > .fusion-column-wrapper {margin-right : 3.84%;margin-left : 3.84%;}}@media only screen and (max-width:640px) {.fusion-body .fusion-builder-column-1{width:100% !important;}.fusion-builder-column-1 > .fusion-column-wrapper {margin-right : 1.92%;margin-left : 1.92%;}}<\/style><\/div><div class=\"fusion-layout-column fusion_builder_column fusion-builder-column-2 fusion_builder_column_1_2 1_2 fusion-flex-column\"><div class=\"fusion-column-wrapper fusion-flex-justify-content-flex-start fusion-content-layout-column\" style=\"background-position:left top;background-repeat:no-repeat;-webkit-background-size:cover;-moz-background-size:cover;-o-background-size:cover;background-size:cover;padding: 0px 0px 0px 0px;\"><div ><span class=\"fusion-imageframe imageframe-none imageframe-1 hover-type-none\" style=\"border-radius:8px;\"><img decoding=\"async\" width=\"1214\" height=\"1366\" title=\"wwee\" src=\"https:\/\/www.designcangencer.com\/wp-content\/uploads\/2023\/08\/wwee.png\" data-orig-src=\"https:\/\/www.designcangencer.com\/wp-content\/uploads\/2023\/08\/wwee.png\" alt class=\"lazyload img-responsive wp-image-3867\" srcset=\"data:image\/svg+xml,%3Csvg%20xmlns%3D%27http%3A%2F%2Fwww.w3.org%2F2000%2Fsvg%27%20width%3D%271214%27%20height%3D%271366%27%20viewBox%3D%270%200%201214%201366%27%3E%3Crect%20width%3D%271214%27%20height%3D%271366%27%20fill-opacity%3D%220%22%2F%3E%3C%2Fsvg%3E\" data-srcset=\"https:\/\/www.designcangencer.com\/wp-content\/uploads\/2023\/08\/wwee-200x225.png 200w, https:\/\/www.designcangencer.com\/wp-content\/uploads\/2023\/08\/wwee-400x450.png 400w, https:\/\/www.designcangencer.com\/wp-content\/uploads\/2023\/08\/wwee-600x675.png 600w, https:\/\/www.designcangencer.com\/wp-content\/uploads\/2023\/08\/wwee-800x900.png 800w, https:\/\/www.designcangencer.com\/wp-content\/uploads\/2023\/08\/wwee-1200x1350.png 1200w, https:\/\/www.designcangencer.com\/wp-content\/uploads\/2023\/08\/wwee.png 1214w\" data-sizes=\"auto\" data-orig-sizes=\"(max-width: 640px) 100vw, 800px\" \/><\/span><\/div><\/div><style type=\"text\/css\">.fusion-body .fusion-builder-column-2{width:50% !important;margin-top : 20px;margin-bottom : 20px;}.fusion-builder-column-2 > .fusion-column-wrapper {padding-top : 0px !important;padding-right : 0px !important;margin-right : 7.68%;padding-bottom : 0px !important;padding-left : 0px !important;margin-left : 3.84%;}@media only screen and (max-width:1024px) {.fusion-body .fusion-builder-column-2{width:50% !important;order : 0;}.fusion-builder-column-2 > .fusion-column-wrapper {margin-right : 7.68%;margin-left : 3.84%;}}@media only screen and (max-width:640px) {.fusion-body .fusion-builder-column-2{width:100% !important;order : 0;}.fusion-builder-column-2 > .fusion-column-wrapper {margin-right : 1.92%;margin-left : 1.92%;}}<\/style><\/div><\/div><style type=\"text\/css\">.fusion-body .fusion-flex-container.fusion-builder-row-2{ padding-top : 4%;margin-top : 0px;padding-right : 0px;padding-bottom : 4%;margin-bottom : 0px;padding-left : 0px;}@media only screen and (max-width:1024px) {.fusion-body .fusion-flex-container.fusion-builder-row-2{ padding-top : 10px;padding-bottom : 24px;}}@media only screen and (max-width:640px) {.fusion-body .fusion-flex-container.fusion-builder-row-2{ padding-top : 0px;padding-bottom : 40px;}}<\/style><\/div><div class=\"fusion-fullwidth fullwidth-box fusion-builder-row-3 fusion-flex-container nonhundred-percent-fullwidth non-hundred-percent-height-scrolling\" style=\"background-color: rgba(255,255,255,0);background-position: center center;background-repeat: no-repeat;border-width: 0px 0px 0px 0px;border-color:hsla(var(--awb-color8-h),var(--awb-color8-s),var(--awb-color8-l),calc( var(--awb-color8-a) - 92% ));border-style:solid;\" ><div class=\"fusion-builder-row fusion-row fusion-flex-align-items-center\" style=\"max-width:1476.8px;margin-left: calc(-4% \/ 2 );margin-right: calc(-4% \/ 2 );\"><div class=\"fusion-layout-column fusion_builder_column fusion-builder-column-3 fusion_builder_column_1_1 1_1 fusion-flex-column fusion-animated\" data-animationtype=\"fadeInDown\" data-animationduration=\"1.6\" data-animationoffset=\"top-into-view\"><div class=\"fusion-column-wrapper fusion-flex-justify-content-flex-start fusion-content-layout-column\" style=\"background-position:left top;background-repeat:no-repeat;-webkit-background-size:cover;-moz-background-size:cover;-o-background-size:cover;background-size:cover;padding: 0px 0px 0px 0px;\"><style type=\"text\/css\">@media only screen and (max-width:1024px) {.fusion-title.fusion-title-1{margin-top:!important;margin-right:!important;margin-bottom:24px!important; margin-left:!important;}}@media only screen and (max-width:640px) {.fusion-title.fusion-title-1{margin-top:12px!important; margin-right:0px!important;margin-bottom:24px!important; margin-left:0px!important;}}<\/style><div class=\"fusion-title title fusion-title-1 fusion-sep-none fusion-title-text fusion-title-size-two\" style=\"margin-top:12px;margin-right:0px;margin-bottom:42px;margin-left:0px;\"><h2 class=\"title-heading-left fusion-responsive-typography-calculated\" style=\"font-family:-apple-system, BlinkMacSystemFont, &#039;Segoe UI&#039;, Roboto, Oxygen-Sans, Ubuntu, Cantarell, &#039;Helvetica Neue&#039; ,sans-serif;font-weight:700;margin:0;--fontSize:54;line-height:1.14;\"><h2 style=\"text-align: center;\"><a href=\"https:\/\/www.instagram.com\/designcangencer\/?next=\" target=\"_blank\" rel=\"noopener\">Mejor debutante del a\u00f1o <span style=\"color: #b19777;\">Empresa consultora <\/span><span style=\"color: #b19777;\"><span style=\"color: #000000;\">Dise\u00f1o Can Gencer<\/span><\/span><\/a><\/h2><\/h2><\/div><div class=\"fusion-builder-row fusion-builder-row-inner fusion-row fusion-flex-align-items-center\" style=\"width:104% !important;max-width:104% !important;margin-left: calc(-4% \/ 2 );margin-right: calc(-4% \/ 2 );\"><div class=\"fusion-layout-column fusion_builder_column_inner fusion-builder-nested-column-0 fusion_builder_column_inner_1_4 1_4 fusion-flex-column\"><div class=\"fusion-column-wrapper fusion-flex-justify-content-flex-start fusion-content-layout-column\" style=\"background-position:left top;background-repeat:no-repeat;-webkit-background-size:cover;-moz-background-size:cover;-o-background-size:cover;background-size:cover;padding: 0px 0px 0px 0px;\"><div ><span class=\"fusion-imageframe imageframe-none imageframe-2 hover-type-none\" style=\"border-radius:8px;\"><img decoding=\"async\" width=\"720\" height=\"720\" title=\"PISTOLA6653\" src=\"https:\/\/www.designcangencer.com\/wp-content\/uploads\/2023\/10\/GUN6653.jpg\" data-orig-src=\"https:\/\/www.designcangencer.com\/wp-content\/uploads\/2023\/10\/GUN6653.jpg\" alt class=\"lazyload img-responsive wp-image-4246\" srcset=\"data:image\/svg+xml,%3Csvg%20xmlns%3D%27http%3A%2F%2Fwww.w3.org%2F2000%2Fsvg%27%20width%3D%27720%27%20height%3D%27720%27%20viewBox%3D%270%200%20720%20720%27%3E%3Crect%20width%3D%27720%27%20height%3D%27720%27%20fill-opacity%3D%220%22%2F%3E%3C%2Fsvg%3E\" data-srcset=\"https:\/\/www.designcangencer.com\/wp-content\/uploads\/2023\/10\/GUN6653-200x200.jpg 200w, https:\/\/www.designcangencer.com\/wp-content\/uploads\/2023\/10\/GUN6653-400x400.jpg 400w, https:\/\/www.designcangencer.com\/wp-content\/uploads\/2023\/10\/GUN6653-600x600.jpg 600w, https:\/\/www.designcangencer.com\/wp-content\/uploads\/2023\/10\/GUN6653.jpg 720w\" data-sizes=\"auto\" data-orig-sizes=\"(max-width: 640px) 100vw, 400px\" \/><\/span><\/div><\/div><style type=\"text\/css\">.fusion-body .fusion-builder-nested-column-0{width:25% !important;margin-top : 20px;margin-bottom : 20px;}.fusion-builder-nested-column-0 > .fusion-column-wrapper {padding-top : 0px !important;padding-right : 0px !important;margin-right : 7.68%;padding-bottom : 0px !important;padding-left : 0px !important;margin-left : 7.68%;}@media only screen and (max-width:1024px) {.fusion-body .fusion-builder-nested-column-0{width:25% !important;order : 0;}.fusion-builder-nested-column-0 > .fusion-column-wrapper {margin-right : 7.68%;margin-left : 7.68%;}}@media only screen and (max-width:640px) {.fusion-body .fusion-builder-nested-column-0{width:100% !important;order : 0;}.fusion-builder-nested-column-0 > .fusion-column-wrapper {margin-right : 1.92%;margin-left : 1.92%;}}<\/style><\/div><div class=\"fusion-layout-column fusion_builder_column_inner fusion-builder-nested-column-1 fusion_builder_column_inner_1_4 1_4 fusion-flex-column\"><div class=\"fusion-column-wrapper fusion-flex-justify-content-flex-start fusion-content-layout-column\" style=\"background-position:left top;background-repeat:no-repeat;-webkit-background-size:cover;-moz-background-size:cover;-o-background-size:cover;background-size:cover;padding: 0px 0px 0px 0px;\"><div ><span class=\"fusion-imageframe imageframe-none imageframe-3 hover-type-none\" style=\"border-radius:8px;\"><img decoding=\"async\" width=\"720\" height=\"720\" title=\"BOS5675\" src=\"https:\/\/www.designcangencer.com\/wp-content\/uploads\/2023\/10\/BOS5675.jpg\" data-orig-src=\"https:\/\/www.designcangencer.com\/wp-content\/uploads\/2023\/10\/BOS5675.jpg\" alt class=\"lazyload img-responsive wp-image-4247\" srcset=\"data:image\/svg+xml,%3Csvg%20xmlns%3D%27http%3A%2F%2Fwww.w3.org%2F2000%2Fsvg%27%20width%3D%27720%27%20height%3D%27720%27%20viewBox%3D%270%200%20720%20720%27%3E%3Crect%20width%3D%27720%27%20height%3D%27720%27%20fill-opacity%3D%220%22%2F%3E%3C%2Fsvg%3E\" data-srcset=\"https:\/\/www.designcangencer.com\/wp-content\/uploads\/2023\/10\/BOS5675-200x200.jpg 200w, https:\/\/www.designcangencer.com\/wp-content\/uploads\/2023\/10\/BOS5675-400x400.jpg 400w, https:\/\/www.designcangencer.com\/wp-content\/uploads\/2023\/10\/BOS5675-600x600.jpg 600w, https:\/\/www.designcangencer.com\/wp-content\/uploads\/2023\/10\/BOS5675.jpg 720w\" data-sizes=\"auto\" data-orig-sizes=\"(max-width: 640px) 100vw, 400px\" \/><\/span><\/div><\/div><style type=\"text\/css\">.fusion-body .fusion-builder-nested-column-1{width:25% !important;margin-top : 20px;margin-bottom : 20px;}.fusion-builder-nested-column-1 > .fusion-column-wrapper {padding-top : 0px !important;padding-right : 0px !important;margin-right : 7.68%;padding-bottom : 0px !important;padding-left : 0px !important;margin-left : 7.68%;}@media only screen and (max-width:1024px) {.fusion-body .fusion-builder-nested-column-1{width:25% !important;order : 0;}.fusion-builder-nested-column-1 > .fusion-column-wrapper {margin-right : 7.68%;margin-left : 7.68%;}}@media only screen and (max-width:640px) {.fusion-body .fusion-builder-nested-column-1{width:100% !important;order : 0;}.fusion-builder-nested-column-1 > .fusion-column-wrapper {margin-right : 1.92%;margin-left : 1.92%;}}<\/style><\/div><div class=\"fusion-layout-column fusion_builder_column_inner fusion-builder-nested-column-2 fusion_builder_column_inner_1_4 1_4 fusion-flex-column\"><div class=\"fusion-column-wrapper fusion-flex-justify-content-flex-start fusion-content-layout-column\" style=\"background-position:left top;background-repeat:no-repeat;-webkit-background-size:cover;-moz-background-size:cover;-o-background-size:cover;background-size:cover;padding: 0px 0px 0px 0px;\"><div ><span class=\"fusion-imageframe imageframe-none imageframe-4 hover-type-none\" style=\"border-radius:8px;\"><img decoding=\"async\" width=\"720\" height=\"720\" title=\"GUN5665\" src=\"https:\/\/www.designcangencer.com\/wp-content\/uploads\/2023\/10\/GUN5665.jpg\" data-orig-src=\"https:\/\/www.designcangencer.com\/wp-content\/uploads\/2023\/10\/GUN5665.jpg\" alt class=\"lazyload img-responsive wp-image-4248\" srcset=\"data:image\/svg+xml,%3Csvg%20xmlns%3D%27http%3A%2F%2Fwww.w3.org%2F2000%2Fsvg%27%20width%3D%27720%27%20height%3D%27720%27%20viewBox%3D%270%200%20720%20720%27%3E%3Crect%20width%3D%27720%27%20height%3D%27720%27%20fill-opacity%3D%220%22%2F%3E%3C%2Fsvg%3E\" data-srcset=\"https:\/\/www.designcangencer.com\/wp-content\/uploads\/2023\/10\/GUN5665-200x200.jpg 200w, https:\/\/www.designcangencer.com\/wp-content\/uploads\/2023\/10\/GUN5665-400x400.jpg 400w, https:\/\/www.designcangencer.com\/wp-content\/uploads\/2023\/10\/GUN5665-600x600.jpg 600w, https:\/\/www.designcangencer.com\/wp-content\/uploads\/2023\/10\/GUN5665.jpg 720w\" data-sizes=\"auto\" data-orig-sizes=\"(max-width: 640px) 100vw, 400px\" \/><\/span><\/div><\/div><style type=\"text\/css\">.fusion-body .fusion-builder-nested-column-2{width:25% !important;margin-top : 20px;margin-bottom : 20px;}.fusion-builder-nested-column-2 > .fusion-column-wrapper {padding-top : 0px !important;padding-right : 0px !important;margin-right : 7.68%;padding-bottom : 0px !important;padding-left : 0px !important;margin-left : 7.68%;}@media only screen and (max-width:1024px) {.fusion-body .fusion-builder-nested-column-2{width:25% !important;order : 0;}.fusion-builder-nested-column-2 > .fusion-column-wrapper {margin-right : 7.68%;margin-left : 7.68%;}}@media only screen and (max-width:640px) {.fusion-body .fusion-builder-nested-column-2{width:100% !important;order : 0;}.fusion-builder-nested-column-2 > .fusion-column-wrapper {margin-right : 1.92%;margin-left : 1.92%;}}<\/style><\/div><div class=\"fusion-layout-column fusion_builder_column_inner fusion-builder-nested-column-3 fusion_builder_column_inner_1_4 1_4 fusion-flex-column\"><div class=\"fusion-column-wrapper fusion-flex-justify-content-flex-start fusion-content-layout-column\" style=\"background-position:left top;background-repeat:no-repeat;-webkit-background-size:cover;-moz-background-size:cover;-o-background-size:cover;background-size:cover;padding: 0px 0px 0px 0px;\"><div ><span class=\"fusion-imageframe imageframe-none imageframe-5 hover-type-none\" style=\"border-radius:8px;\"><img decoding=\"async\" width=\"720\" height=\"720\" title=\"IMG_6336\" src=\"https:\/\/www.designcangencer.com\/wp-content\/uploads\/2023\/10\/IMG_6336.jpg\" data-orig-src=\"https:\/\/www.designcangencer.com\/wp-content\/uploads\/2023\/10\/IMG_6336.jpg\" alt class=\"lazyload img-responsive wp-image-4249\" srcset=\"data:image\/svg+xml,%3Csvg%20xmlns%3D%27http%3A%2F%2Fwww.w3.org%2F2000%2Fsvg%27%20width%3D%27720%27%20height%3D%27720%27%20viewBox%3D%270%200%20720%20720%27%3E%3Crect%20width%3D%27720%27%20height%3D%27720%27%20fill-opacity%3D%220%22%2F%3E%3C%2Fsvg%3E\" data-srcset=\"https:\/\/www.designcangencer.com\/wp-content\/uploads\/2023\/10\/IMG_6336-200x200.jpg 200w, https:\/\/www.designcangencer.com\/wp-content\/uploads\/2023\/10\/IMG_6336-400x400.jpg 400w, https:\/\/www.designcangencer.com\/wp-content\/uploads\/2023\/10\/IMG_6336-600x600.jpg 600w, https:\/\/www.designcangencer.com\/wp-content\/uploads\/2023\/10\/IMG_6336.jpg 720w\" data-sizes=\"auto\" data-orig-sizes=\"(max-width: 640px) 100vw, 400px\" \/><\/span><\/div><\/div><style type=\"text\/css\">.fusion-body .fusion-builder-nested-column-3{width:25% !important;margin-top : 20px;margin-bottom : 20px;}.fusion-builder-nested-column-3 > .fusion-column-wrapper {padding-top : 0px !important;padding-right : 0px !important;margin-right : 7.68%;padding-bottom : 0px !important;padding-left : 0px !important;margin-left : 7.68%;}@media only screen and (max-width:1024px) {.fusion-body .fusion-builder-nested-column-3{width:25% !important;order : 0;}.fusion-builder-nested-column-3 > .fusion-column-wrapper {margin-right : 7.68%;margin-left : 7.68%;}}@media only screen and (max-width:640px) {.fusion-body .fusion-builder-nested-column-3{width:100% !important;order : 0;}.fusion-builder-nested-column-3 > .fusion-column-wrapper {margin-right : 1.92%;margin-left : 1.92%;}}<\/style><\/div><\/div><\/div><style type=\"text\/css\">.fusion-body .fusion-builder-column-3{width:100% !important;margin-top : 20px;margin-bottom : 20px;}.fusion-builder-column-3 > .fusion-column-wrapper {padding-top : 0px !important;padding-right : 0px !important;margin-right : 5.76%;padding-bottom : 0px !important;padding-left : 0px !important;margin-left : 5.76%;}@media only screen and (max-width:1024px) {.fusion-body .fusion-builder-column-3{width:50% !important;}.fusion-builder-column-3 > .fusion-column-wrapper {margin-right : 3.84%;margin-left : 3.84%;}}@media only screen and (max-width:640px) {.fusion-body .fusion-builder-column-3{width:100% !important;}.fusion-builder-column-3 > .fusion-column-wrapper {margin-right : 1.92%;margin-left : 1.92%;}}<\/style><\/div><\/div><style type=\"text\/css\">.fusion-body .fusion-flex-container.fusion-builder-row-3{ padding-top : 4%;margin-top : 0px;padding-right : 0px;padding-bottom : 4%;margin-bottom : 0px;padding-left : 0px;}@media only screen and (max-width:1024px) {.fusion-body .fusion-flex-container.fusion-builder-row-3{ padding-top : 10px;padding-bottom : 24px;}}@media only screen and (max-width:640px) {.fusion-body .fusion-flex-container.fusion-builder-row-3{ padding-top : 0px;padding-bottom : 40px;}}<\/style><\/div><\/p>","protected":false},"excerpt":{"rendered":"","protected":false},"author":1,"featured_media":0,"parent":0,"menu_order":0,"comment_status":"closed","ping_status":"closed","template":"100-width.php","meta":{"om_disable_all_campaigns":false,"_monsterinsights_skip_tracking":false,"_monsterinsights_sitenote_active":false,"_monsterinsights_sitenote_note":"","_monsterinsights_sitenote_category":0,"footnotes":""},"class_list":["post-20","page","type-page","status-publish","hentry"],"aioseo_notices":[],"_links":{"self":[{"href":"https:\/\/www.designcangencer.com\/es\/wp-json\/wp\/v2\/pages\/20","targetHints":{"allow":["GET"]}}],"collection":[{"href":"https:\/\/www.designcangencer.com\/es\/wp-json\/wp\/v2\/pages"}],"about":[{"href":"https:\/\/www.designcangencer.com\/es\/wp-json\/wp\/v2\/types\/page"}],"author":[{"embeddable":true,"href":"https:\/\/www.designcangencer.com\/es\/wp-json\/wp\/v2\/users\/1"}],"replies":[{"embeddable":true,"href":"https:\/\/www.designcangencer.com\/es\/wp-json\/wp\/v2\/comments?post=20"}],"version-history":[{"count":80,"href":"https:\/\/www.designcangencer.com\/es\/wp-json\/wp\/v2\/pages\/20\/revisions"}],"predecessor-version":[{"id":4585,"href":"https:\/\/www.designcangencer.com\/es\/wp-json\/wp\/v2\/pages\/20\/revisions\/4585"}],"wp:attachment":[{"href":"https:\/\/www.designcangencer.com\/es\/wp-json\/wp\/v2\/media?parent=20"}],"curies":[{"name":"wp","href":"https:\/\/api.w.org\/{rel}","templated":true}]}}