{"id":3717,"date":"2023-08-02T10:25:19","date_gmt":"2023-08-02T10:25:19","guid":{"rendered":"https:\/\/www.designcangencer.com\/?page_id=3717"},"modified":"2025-01-27T19:24:01","modified_gmt":"2025-01-27T19:24:01","slug":"banner-tasarimi","status":"publish","type":"page","link":"https:\/\/www.designcangencer.com\/de\/banner-design\/","title":{"rendered":"Banner-Design"},"content":{"rendered":"<div class=\"fusion-fullwidth fullwidth-box fusion-builder-row-1 fusion-flex-container has-pattern-background has-mask-background nonhundred-percent-fullwidth non-hundred-percent-height-scrolling\" style=\"background-color: rgba(255,255,255,0);background-position: center center;background-repeat: no-repeat;border-width: 0px 0px 0px 0px;border-color:hsla(var(--awb-color8-h),var(--awb-color8-s),var(--awb-color8-l),calc( var(--awb-color8-a) - 92% ));border-style:solid;\" ><div class=\"fusion-builder-row fusion-row fusion-flex-align-items-flex-start\" style=\"max-width:1476.8px;margin-left: calc(-4% \/ 2 );margin-right: calc(-4% \/ 2 );\"><div class=\"fusion-layout-column fusion_builder_column fusion-builder-column-0 fusion_builder_column_1_2 1_2 fusion-flex-column\"><div class=\"fusion-column-wrapper fusion-flex-justify-content-flex-start fusion-content-layout-column\" style=\"background-position:left top;background-repeat:no-repeat;-webkit-background-size:cover;-moz-background-size:cover;-o-background-size:cover;background-size:cover;padding: 0px 0px 0px 0px;\"><div ><span class=\"fusion-imageframe imageframe-none imageframe-1 hover-type-none\" style=\"border-radius:8px;\"><img decoding=\"async\" width=\"1322\" height=\"1060\" title=\"website-banner-bild\" src=\"https:\/\/www.designcangencer.com\/wp-content\/uploads\/2023\/12\/website-banner-gorsel.jpg\" data-orig-src=\"https:\/\/www.designcangencer.com\/wp-content\/uploads\/2023\/12\/website-banner-gorsel.jpg\" alt class=\"lazyload img-responsive wp-image-4406\" srcset=\"data:image\/svg+xml,%3Csvg%20xmlns%3D%27http%3A%2F%2Fwww.w3.org%2F2000%2Fsvg%27%20width%3D%271322%27%20height%3D%271060%27%20viewBox%3D%270%200%201322%201060%27%3E%3Crect%20width%3D%271322%27%20height%3D%271060%27%20fill-opacity%3D%220%22%2F%3E%3C%2Fsvg%3E\" data-srcset=\"https:\/\/www.designcangencer.com\/wp-content\/uploads\/2023\/12\/website-banner-gorsel-200x160.jpg 200w, https:\/\/www.designcangencer.com\/wp-content\/uploads\/2023\/12\/website-banner-gorsel-400x321.jpg 400w, https:\/\/www.designcangencer.com\/wp-content\/uploads\/2023\/12\/website-banner-gorsel-600x481.jpg 600w, https:\/\/www.designcangencer.com\/wp-content\/uploads\/2023\/12\/website-banner-gorsel-800x641.jpg 800w, https:\/\/www.designcangencer.com\/wp-content\/uploads\/2023\/12\/website-banner-gorsel-1200x962.jpg 1200w, https:\/\/www.designcangencer.com\/wp-content\/uploads\/2023\/12\/website-banner-gorsel.jpg 1322w\" data-sizes=\"auto\" data-orig-sizes=\"(max-width: 640px) 100vw, 800px\" \/><\/span><\/div><\/div><style type=\"text\/css\">.fusion-body .fusion-builder-column-0{width:50% !important;margin-top : 20px;margin-bottom : 20px;}.fusion-builder-column-0 > .fusion-column-wrapper {padding-top : 0px !important;padding-right : 0px !important;margin-right : 3.84%;padding-bottom : 0px !important;padding-left : 0px !important;margin-left : 3.84%;}@media only screen and (max-width:1024px) {.fusion-body .fusion-builder-column-0{width:50% !important;order : 0;}.fusion-builder-column-0 > .fusion-column-wrapper {margin-right : 3.84%;margin-left : 3.84%;}}@media only screen and (max-width:640px) {.fusion-body .fusion-builder-column-0{width:100% !important;order : 0;}.fusion-builder-column-0 > .fusion-column-wrapper {margin-right : 1.92%;margin-left : 1.92%;}}<\/style><\/div><div class=\"fusion-layout-column fusion_builder_column fusion-builder-column-1 fusion_builder_column_1_2 1_2 fusion-flex-column\"><div class=\"fusion-column-wrapper fusion-flex-justify-content-flex-start fusion-content-layout-column\" style=\"background-position:left top;background-repeat:no-repeat;-webkit-background-size:cover;-moz-background-size:cover;-o-background-size:cover;background-size:cover;padding: 0px 0px 0px 0px;\"><div class=\"fusion-text fusion-text-1\"><h2><strong>WAS IST EIN BANNER?<\/strong><\/h2>\n<\/div><div class=\"fusion-text fusion-text-2\"><p>Banner sind Bilder, die zu Werbezwecken erstellt und auf Websites platziert werden.<\/p>\n<p>Die Platzierung Ihres f\u00fcr Sie entworfenen Werbebildes gegen eine bestimmte Geb\u00fchr auf der Website, von der Sie glauben, dass sie Ihr Zielpublikum enth\u00e4lt, ist eine Art von Werbung, die durch Bannerwerbung erfolgt. Als Ergebnis sehen die Nutzer, die die Website betreten, Ihre Werbung. Wenn die Nutzer auf das Werbebild klicken, \u00f6ffnet sich Ihre Website auf dem Bildschirm. Das zu zahlende Entgelt richtet sich nach der vereinbarten festen Klickgeb\u00fchr oder nach einem sofort wechselnden Auktionsangebot.<\/p>\n<p>Banner werden zusammen mit dem Logo gestaltet, bereichern die Website mit ihren visuellen Elementen, ziehen die Aufmerksamkeit der Besucher auf sich und leiten sie auf die Zielseite. Banner sind nicht textbasiert. Sie sind bildbasiert und stellen eine beliebte Form der Website-Werbung dar. In Bezug auf die Visualit\u00e4t k\u00f6nnen Banner, die Ihre Website bemerkenswert machen, ein festes Bild sein oder dynamisch verwendet werden.<\/p>\n<p>Das f\u00fcr die Unternehmenskommunikation wichtige Banner befindet sich unter dem Titel der Website und wird normalerweise zusammen mit dem Logo verwendet. Seine Bedeutung f\u00fcr das Markenimage ergibt sich aus dieser Positionierung der Werbebanner. Der Zweck der Bannerwerbung besteht darin, die Marke zu f\u00f6rdern oder den Nutzern den Besuch der Website des Werbenden zu erm\u00f6glichen.<\/p>\n<\/div><\/div><style type=\"text\/css\">.fusion-body .fusion-builder-column-1{width:50% !important;margin-top : 20px;margin-bottom : 20px;}.fusion-builder-column-1 > .fusion-column-wrapper {padding-top : 0px !important;padding-right : 0px !important;margin-right : 3.84%;padding-bottom : 0px !important;padding-left : 0px !important;margin-left : 3.84%;}@media only screen and (max-width:1024px) {.fusion-body .fusion-builder-column-1{width:50% !important;order : 0;}.fusion-builder-column-1 > .fusion-column-wrapper {margin-right : 3.84%;margin-left : 3.84%;}}@media only screen and (max-width:640px) {.fusion-body .fusion-builder-column-1{width:100% !important;order : 0;}.fusion-builder-column-1 > .fusion-column-wrapper {margin-right : 1.92%;margin-left : 1.92%;}}<\/style><\/div><div class=\"fusion-layout-column fusion_builder_column fusion-builder-column-2 fusion_builder_column_1_1 1_1 fusion-flex-column\"><div class=\"fusion-column-wrapper fusion-flex-justify-content-flex-start fusion-content-layout-column\" style=\"background-position:left top;background-repeat:no-repeat;-webkit-background-size:cover;-moz-background-size:cover;-o-background-size:cover;background-size:cover;padding: 0px 0px 0px 0px;\"><div class=\"fusion-text fusion-text-3\"><h2><strong>WIE FUNKTIONIERT DAS BANNER?<\/strong><\/h2>\n<p>Banner, die vor physischen Gesch\u00e4ften zu sehen sind und Aufmerksamkeit erregen, veranlassen Sie, das Gesch\u00e4ft zu betreten. Sie weisen darauf hin, dass es einen gro\u00dfen Rabatt auf bestimmte Produkte gibt, dass es Aktionen gibt oder dass es ein neues Produkt gibt, das Ihre Neugierde weckt. Werbebanner werden oft so gestaltet, dass sie auf digitalen Plattformen denselben Effekt erzielen.<\/p>\n<h2><strong>WELCHE BANNERGR\u00d6SSEN GIBT ES?<\/strong><\/h2>\n<p>Bei der Erstellung von Bannern f\u00fcr visuelle Werbung ist unter anderem zu \u00fcberlegen, welche Gr\u00f6\u00dfen zu verwenden sind. Die Gr\u00f6\u00dfe des Banners hat einen gro\u00dfen Einfluss auf die Werbeleistung. Mit der richtigen Wahl k\u00f6nnen Sie die Wirksamkeit erh\u00f6hen.<\/p>\n<p><strong>- Halbseitiges Werbebanner (300\u00d7600): <\/strong>Es ist eine h\u00e4ufig verwendete Bannergr\u00f6\u00dfe. Obwohl es erst sp\u00e4ter zu Google Adwords hinzugef\u00fcgt wurde, hat es sich zu einer der bevorzugten Gr\u00f6\u00dfen entwickelt. Im Vergleich zu anderen Werbebannern ist der Platz, den es bietet, gr\u00f6\u00dfer. HALBSEITIGE BANNER haben mehr Ausdruckskraft und sind einfacher zu gestalten. Sie k\u00f6nnen halbseitige Banner sowohl horizontal als auch vertikal verwenden.<\/p>\n<p><strong>- Rechteckiges Inline-Banner (300\u00d7250): <\/strong>Es ist eine der bekanntesten und am h\u00e4ufigsten verwendeten Gr\u00f6\u00dfen. Der rechteckige Inline-Bannerbereich ist mit vielen mobilen Ger\u00e4ten und Websites kompatibel.<\/p>\n<p><strong>- Leaderboard-Banner (725\u00d790): <\/strong>Yatay Banner olarak da bilinen leaderboard bannerlar, k\u00fcresel kullan\u0131m envanterlerinde %25 gibi orana sahiptir. En eski reklam banner boyutlar\u0131ndand\u0131r. Google G\u00f6rsel Reklam a\u011f\u0131nda, reklam\u0131n\u0131z i\u00e7in tatmin edici alan\u0131 sa\u011flar.<\/p>\n<p><strong>- Bilboard-Banner (970\u00d7250): <\/strong>Das Billboard-Banner, das als digitale Werbetafel verwendet werden kann, wird in der Regel in den Kopfzeilen von Websites oder in den als Masthead bezeichneten Werbefl\u00e4chen eingesetzt. Youtube-Banner sind Masthead-Werbefl\u00e4chen, die in Billboard-Banner-Gr\u00f6\u00dfen gestaltet sind.<\/p>\n<p><strong>- Breites vertikales Banner \/ Skyscraper-Banner (160\u00d7600): <\/strong>Diese Werbebanner werden vertikal platziert. Manchmal k\u00f6nnen sie schmaler verarbeitet werden (120\u00d7600), aber die am h\u00e4ufigsten verwendete Gr\u00f6\u00dfe ist (160\u00d7600). Sie werden in der Seitenleiste der Website platziert.<\/p>\n<h2><strong>WAS SIND DIE STANDARDGR\u00d6SSEN F\u00dcR WEBBANNER? <\/strong><\/h2>\n<p><em>468X60 160X600 180X150 <\/em><\/p>\n<p><em>728X90 120X600 125X125<\/em><\/p>\n<p><em>336X280 120X240 120X90<\/em><\/p>\n<p><em>300X250 240X400 120X60<\/em><\/p>\n<p><em>250X250 234X60 88X31<\/em><\/p>\n<h2><strong>WAS SOLLTE BEI EINER WIRKSAMEN BANNERWERBUNG BEACHTET WERDEN?<\/strong><\/h2>\n<ul>\n<li>Vorw\u00e4rtsbewegung im Einklang mit der Markenidentit\u00e4t<\/li>\n<li>Erf\u00fcllung der Erwartungen der Zielgruppen<\/li>\n<li>Leiten von Kundenaktionen<\/li>\n<li>Genaue Informationen bereitstellen<\/li>\n<li>Verwendung von hochwertigem Bildmaterial<\/li>\n<li>Ein einfaches Erscheinungsbild pr\u00e4sentieren<\/li>\n<li>Verwendung von geeigneten Schriftarten<\/li>\n<\/ul>\n<p><strong>1-Schutz des Markenwerts: <\/strong>Die Schaffung eines Markenwerts und das Handeln in dieser Richtung ist eines der grundlegenden Elemente der Werbung. Die Einhaltung des Markenwerts wird durch die Verwendung von Symbolen, die die Marke repr\u00e4sentieren, und die verwendeten Slogans gew\u00e4hrleistet. Um die Erwartungen der Zielgruppe zu erf\u00fcllen und das richtige Banner zu erstellen, muss man wissen, was die Zielgruppe will. Es ist notwendig, Inhalte zu erstellen, die den Anforderungen entsprechen. Durch Einf\u00fchlungsverm\u00f6gen ist es m\u00f6glich, das Zielpublikum zur Interaktion oder zum Einkaufen \u00fcber das Banner zu bewegen.<\/p>\n<p><strong>2-Lenkung von Kundenaktionen: <\/strong>Da die Bannerwerbung den Fokus der Nutzer ver\u00e4ndern soll, muss versucht werden, Handlungen zu lenken. Damit diese Ausrichtung angemessen ist - nicht verpassen, kaufen, einen Rabattcode verwenden usw. - werden mobilisierende Bannerbotschaften eingesetzt. Insbesondere kurzfristige Kampagnen und Rabatte sind an dieser Stelle wirksam.<\/p>\n<p><strong>3 - Genaue Informationen geben: <\/strong>Die Richtigkeit von Aussagen ist einer der wichtigsten Punkte, die die Nutzerorientierung beeinflussen. Falsche Informationen sind effektiver als die Richtigkeit der Aussage. Mit den richtigen Informationen k\u00f6nnen Sie das Interesse der Menschen in wenigen Augenblicken erkennen. Wenn aber falsche Informationen gegeben werden und die Nutzer merken, dass man sich geirrt hat, gibt es kein Zur\u00fcck mehr.<\/p>\n<p><strong>4-Qualit\u00e4t der visuellen Nutzung: <\/strong>Visuelle Elemente sind eines der wirksamsten Mittel der digitalen Medien. Wenn sie von schlechter Qualit\u00e4t sind, wirkt sich das direkt negativ aus. Aus diesem Grund sollten die Bilder, die im Inhalt verwendet werden sollen, mit modernen Methoden bis hin zu Decoupage-Designs verwendet werden. Die Bilder sollten in hoher Qualit\u00e4t pr\u00e4sentiert werden.<\/p>\n<p><strong>5 - Ein einfaches Erscheinungsbild pr\u00e4sentieren:<\/strong> Eine schlichte Bannerwerbung wirkt professioneller und zuverl\u00e4ssiger. \u00dcbertriebener Einsatz von Farben oder sehr dunkle Bilder sollten vermieden werden. Effektiver ist es, Optionen zu verwenden, die den Farben der Marke nahe kommen.<\/p>\n<p><strong>6-Verwendung einer geeigneten Schriftart: <\/strong>Es ist sehr effektiv, dass die Texte auf der Anzeige lesbar sind und vertraute Schriftarten haben. Unleserliche Schriftarten stellen ein Problem bei der \u00dcbermittlung von Botschaften an die Nutzer dar.<\/p>\n<p><img decoding=\"async\" class=\"lazyload alignnone size-full wp-image-4668\" src=\"https:\/\/www.designcangencer.com\/wp-content\/uploads\/2025\/01\/maxresdefault.jpg\" data-orig-src=\"https:\/\/www.designcangencer.com\/wp-content\/uploads\/2025\/01\/maxresdefault.jpg\" alt=\"\" width=\"1280\" height=\"720\" srcset=\"data:image\/svg+xml,%3Csvg%20xmlns%3D%27http%3A%2F%2Fwww.w3.org%2F2000%2Fsvg%27%20width%3D%271280%27%20height%3D%27720%27%20viewBox%3D%270%200%201280%20720%27%3E%3Crect%20width%3D%271280%27%20height%3D%27720%27%20fill-opacity%3D%220%22%2F%3E%3C%2Fsvg%3E\" data-srcset=\"https:\/\/www.designcangencer.com\/wp-content\/uploads\/2025\/01\/maxresdefault-200x113.jpg 200w, https:\/\/www.designcangencer.com\/wp-content\/uploads\/2025\/01\/maxresdefault-300x169.jpg 300w, https:\/\/www.designcangencer.com\/wp-content\/uploads\/2025\/01\/maxresdefault-400x225.jpg 400w, https:\/\/www.designcangencer.com\/wp-content\/uploads\/2025\/01\/maxresdefault-600x338.jpg 600w, https:\/\/www.designcangencer.com\/wp-content\/uploads\/2025\/01\/maxresdefault-768x432.jpg 768w, https:\/\/www.designcangencer.com\/wp-content\/uploads\/2025\/01\/maxresdefault-800x450.jpg 800w, https:\/\/www.designcangencer.com\/wp-content\/uploads\/2025\/01\/maxresdefault-1024x576.jpg 1024w, https:\/\/www.designcangencer.com\/wp-content\/uploads\/2025\/01\/maxresdefault-1200x675.jpg 1200w, https:\/\/www.designcangencer.com\/wp-content\/uploads\/2025\/01\/maxresdefault.jpg 1280w\" data-sizes=\"auto\" data-orig-sizes=\"(max-width: 1280px) 100vw, 1280px\" \/><\/p>\n<h2><a href=\"https:\/\/www.designcangencer.com\/de\/kommunikation\/\"><strong>WELCHE PHASEN GIBT ES BEI DER ERSTELLUNG EINES WERBEBANNERS?<\/strong><\/a><\/h2>\n<p><strong>-Analyse des Zielpublikums: <\/strong>Das Zielpublikum, das mit der Werbung erreicht werden soll, sollte bestimmt werden. Die Bestimmung des Zielpublikums ist sehr effektiv, um die richtige Adresse f\u00fcr die Werbung zu erreichen.<\/p>\n<p><strong>-Bestimmung des Produkts oder der Dienstleistung, f\u00fcr die geworben wird: <\/strong>Sie haben die M\u00f6glichkeit, sowohl direkte Produkt-\/Dienstleistungswerbung als auch direktes Branding zu betreiben. Auf diese Weise ist die Bestimmung der Produkte\/Dienstleistungen, die Gegenstand der Werbung sein k\u00f6nnen, eine der Arbeiten, die ganz zu Beginn durchgef\u00fchrt werden m\u00fcssen. Die Botschaft wird durch das Element bestimmt, das Gegenstand der Werbung sein wird.<\/p>\n<p><strong>-Bestimmung der zu lenkenden Ma\u00dfnahme: <\/strong>Es sollte festgelegt werden, auf welche Aktion der in den Anzeigen zu setzende Link gerichtet sein soll. Bei dieser Weiterleitung wird festgelegt, dass es sich um eine Seitenmitgliedschaft oder einen Produktkauf handeln kann.<\/p>\n<p><strong>-Gestaltung: <\/strong>Dies ist die wichtigste Phase der Bannererstellung, in der der Inhalt der Werbung entworfen wird. In dieser Phase werden der Text, die Bildauswahl und die Platzierung der Werbung entworfen.<\/p>\n<p><strong>-Festlegung des Bereichs, in dem die Werbung angezeigt werden soll: <\/strong>Nach der Gestaltung der Anzeige wird festgelegt, wo das Banner auf dem Bildschirm platziert werden soll und auf welchen Seiten es angezeigt wird. Die Bewegungen des Zielpublikums sollten angemessen bestimmt werden, und die Werbung wird mit den richtigen Etiketten vermarktet.<\/p>\n<p><strong>-Ver\u00f6ffentlichungsbanner: <\/strong>Der letzte Schritt ist die Ver\u00f6ffentlichung der Anzeige. Die Anzeige funktioniert vor den Augen des Nutzers.<\/p>\n<p><strong>-Ergebnisanalyse: <\/strong>Es ist notwendig zu sehen, wie wirksam das Banner ist, um die Interaktionen zu bewerten, die in nachfolgenden Anzeigen verwendet werden sollen. Dadurch wird die Wirkung der Werbung auf den Umsatz deutlicher sichtbar.<\/p>\n<h2><a href=\"https:\/\/www.instagram.com\/designcangencer\/?next=\" target=\"_blank\" rel=\"noopener\"><strong>\u00dcBERLEGUNGEN ZUR ERSTELLUNG ANSPRECHENDER BANNERWERBUNG<\/strong><\/a><\/h2>\n<p><strong>Es ist sehr wichtig, Banner zu erstellen, die Aufmerksamkeit erregen und die Effizienz mit Bannern zu erh\u00f6hen.<\/strong><\/p>\n<ul>\n<li><strong>Aufmerksamkeit erregen <\/strong>Es sollte nicht vergessen werden, dass bei der Erstellung eines Werbebanners auch visuelle Arbeit geleistet wird. Das Design sollte ins Auge fallen. Der Ausdruck steht ebenso im Vordergrund wie die Visualit\u00e4t. Die Sprache der Ansprache sollte auff\u00e4llig und wirkungsvoll sein.<\/li>\n<li><strong>Integrit\u00e4t bewahren: <\/strong>Sie sollten nicht vergessen, dass die f\u00fcr Ihre Website erstellte Werbung Ihre Kommunikationssprache ist. Es sollte darauf geachtet werden, dass sie Ihre Unternehmensidentit\u00e4t oder Ihr Markenimage widerspiegelt. Die Sprache der Ansprache sollte nicht von der Sprache der Kommunikation mit Ihren Kunden getrennt werden. Bei der Wahl der Farben f\u00fcr den Bannerbereich sollte darauf geachtet werden, dass die Farbt\u00f6ne und Bilder zu Ihrem Logo passen. Es wird auf Schriftart und -gr\u00f6\u00dfe geachtet.<\/li>\n<li><strong>Klar sein <\/strong>Sie m\u00fcssen sich Banner wie Schilder vorstellen. Sie haben einen engen und begrenzten Raum. Komplexe Bannerdesigns sollten auf jeden Fall vermieden werden. Klare und einpr\u00e4gsame Botschaften werden bevorzugt. Die Betonung sollte nicht verteilt werden und die Marketingbotschaft wird so einfach wie m\u00f6glich verwendet.<\/li>\n<\/ul>\n<p><strong>\u00a0<\/strong><\/p>\n<p><strong>\u00a0<\/strong><\/p>\n<\/div><\/div><style type=\"text\/css\">.fusion-body .fusion-builder-column-2{width:100% !important;margin-top : 20px;margin-bottom : 20px;}.fusion-builder-column-2 > .fusion-column-wrapper {padding-top : 0px !important;padding-right : 0px !important;margin-right : 1.92%;padding-bottom : 0px !important;padding-left : 0px !important;margin-left : 1.92%;}@media only screen and (max-width:1024px) {.fusion-body .fusion-builder-column-2{width:100% !important;order : 0;}.fusion-builder-column-2 > .fusion-column-wrapper {margin-right : 1.92%;margin-left : 1.92%;}}@media only screen and (max-width:640px) {.fusion-body .fusion-builder-column-2{width:100% !important;order : 0;}.fusion-builder-column-2 > .fusion-column-wrapper {margin-right : 1.92%;margin-left : 1.92%;}}<\/style><\/div><\/div><style type=\"text\/css\">.fusion-body .fusion-flex-container.fusion-builder-row-1{ padding-top : 0px;margin-top : 0px;padding-right : 0px;padding-bottom : 0px;margin-bottom : 0px;padding-left : 0px;}<\/style><\/div>","protected":false},"excerpt":{"rendered":"","protected":false},"author":1,"featured_media":0,"parent":0,"menu_order":0,"comment_status":"closed","ping_status":"closed","template":"100-width.php","meta":{"om_disable_all_campaigns":false,"_monsterinsights_skip_tracking":false,"_monsterinsights_sitenote_active":false,"_monsterinsights_sitenote_note":"","_monsterinsights_sitenote_category":0,"footnotes":""},"class_list":["post-3717","page","type-page","status-publish","hentry"],"aioseo_notices":[],"_links":{"self":[{"href":"https:\/\/www.designcangencer.com\/de\/wp-json\/wp\/v2\/pages\/3717","targetHints":{"allow":["GET"]}}],"collection":[{"href":"https:\/\/www.designcangencer.com\/de\/wp-json\/wp\/v2\/pages"}],"about":[{"href":"https:\/\/www.designcangencer.com\/de\/wp-json\/wp\/v2\/types\/page"}],"author":[{"embeddable":true,"href":"https:\/\/www.designcangencer.com\/de\/wp-json\/wp\/v2\/users\/1"}],"replies":[{"embeddable":true,"href":"https:\/\/www.designcangencer.com\/de\/wp-json\/wp\/v2\/comments?post=3717"}],"version-history":[{"count":7,"href":"https:\/\/www.designcangencer.com\/de\/wp-json\/wp\/v2\/pages\/3717\/revisions"}],"predecessor-version":[{"id":4669,"href":"https:\/\/www.designcangencer.com\/de\/wp-json\/wp\/v2\/pages\/3717\/revisions\/4669"}],"wp:attachment":[{"href":"https:\/\/www.designcangencer.com\/de\/wp-json\/wp\/v2\/media?parent=3717"}],"curies":[{"name":"wp","href":"https:\/\/api.w.org\/{rel}","templated":true}]}}