{"id":3716,"date":"2023-08-02T10:25:18","date_gmt":"2023-08-02T10:25:18","guid":{"rendered":"https:\/\/www.designcangencer.com\/?page_id=3716"},"modified":"2025-01-27T19:20:54","modified_gmt":"2025-01-27T19:20:54","slug":"katalog-tasarimi","status":"publish","type":"page","link":"https:\/\/www.designcangencer.com\/de\/kataloggestaltung\/","title":{"rendered":"Kataloggestaltung"},"content":{"rendered":"<div class=\"fusion-fullwidth fullwidth-box fusion-builder-row-1 fusion-flex-container has-pattern-background has-mask-background nonhundred-percent-fullwidth non-hundred-percent-height-scrolling\" style=\"background-color: rgba(255,255,255,0);background-position: center center;background-repeat: no-repeat;border-width: 0px 0px 0px 0px;border-color:hsla(var(--awb-color8-h),var(--awb-color8-s),var(--awb-color8-l),calc( var(--awb-color8-a) - 92% ));border-style:solid;\" ><div class=\"fusion-builder-row fusion-row fusion-flex-align-items-flex-start\" style=\"max-width:1476.8px;margin-left: calc(-4% \/ 2 );margin-right: calc(-4% \/ 2 );\"><div class=\"fusion-layout-column fusion_builder_column fusion-builder-column-0 fusion_builder_column_1_2 1_2 fusion-flex-column\"><div class=\"fusion-column-wrapper fusion-flex-justify-content-flex-start fusion-content-layout-column\" style=\"background-position:left top;background-repeat:no-repeat;-webkit-background-size:cover;-moz-background-size:cover;-o-background-size:cover;background-size:cover;padding: 0px 0px 0px 0px;\"><div ><span class=\"fusion-imageframe imageframe-none imageframe-1 hover-type-none\" style=\"border-radius:8px;\"><img decoding=\"async\" width=\"2560\" height=\"1707\" title=\"website-katalog-visuell\" src=\"https:\/\/www.designcangencer.com\/wp-content\/uploads\/2023\/12\/website-katolog-gorsel-scaled.jpg\" data-orig-src=\"https:\/\/www.designcangencer.com\/wp-content\/uploads\/2023\/12\/website-katolog-gorsel-scaled.jpg\" alt class=\"lazyload img-responsive wp-image-4410\" srcset=\"data:image\/svg+xml,%3Csvg%20xmlns%3D%27http%3A%2F%2Fwww.w3.org%2F2000%2Fsvg%27%20width%3D%272560%27%20height%3D%271707%27%20viewBox%3D%270%200%202560%201707%27%3E%3Crect%20width%3D%272560%27%20height%3D%271707%27%20fill-opacity%3D%220%22%2F%3E%3C%2Fsvg%3E\" data-srcset=\"https:\/\/www.designcangencer.com\/wp-content\/uploads\/2023\/12\/website-katolog-gorsel-200x133.jpg 200w, https:\/\/www.designcangencer.com\/wp-content\/uploads\/2023\/12\/website-katolog-gorsel-400x267.jpg 400w, https:\/\/www.designcangencer.com\/wp-content\/uploads\/2023\/12\/website-katolog-gorsel-600x400.jpg 600w, https:\/\/www.designcangencer.com\/wp-content\/uploads\/2023\/12\/website-katolog-gorsel-800x533.jpg 800w, https:\/\/www.designcangencer.com\/wp-content\/uploads\/2023\/12\/website-katolog-gorsel-1200x800.jpg 1200w, https:\/\/www.designcangencer.com\/wp-content\/uploads\/2023\/12\/website-katolog-gorsel-scaled.jpg 2560w\" data-sizes=\"auto\" data-orig-sizes=\"(max-width: 640px) 100vw, 800px\" \/><\/span><\/div><\/div><style type=\"text\/css\">.fusion-body .fusion-builder-column-0{width:50% !important;margin-top : 20px;margin-bottom : 20px;}.fusion-builder-column-0 > .fusion-column-wrapper {padding-top : 0px !important;padding-right : 0px !important;margin-right : 3.84%;padding-bottom : 0px !important;padding-left : 0px !important;margin-left : 3.84%;}@media only screen and (max-width:1024px) {.fusion-body .fusion-builder-column-0{width:50% !important;order : 0;}.fusion-builder-column-0 > .fusion-column-wrapper {margin-right : 3.84%;margin-left : 3.84%;}}@media only screen and (max-width:640px) {.fusion-body .fusion-builder-column-0{width:100% !important;order : 0;}.fusion-builder-column-0 > .fusion-column-wrapper {margin-right : 1.92%;margin-left : 1.92%;}}<\/style><\/div><div class=\"fusion-layout-column fusion_builder_column fusion-builder-column-1 fusion_builder_column_1_2 1_2 fusion-flex-column\"><div class=\"fusion-column-wrapper fusion-flex-justify-content-flex-start fusion-content-layout-column\" style=\"background-position:left top;background-repeat:no-repeat;-webkit-background-size:cover;-moz-background-size:cover;-o-background-size:cover;background-size:cover;padding: 0px 0px 0px 0px;\"><div class=\"fusion-text fusion-text-1\"><h2><strong>WAS IST KATALOGDESIGN?<\/strong><\/h2>\n<\/div><div class=\"fusion-text fusion-text-2\"><p>Marken oder Institutionen nutzen h\u00e4ufig Kataloge, um f\u00fcr sich zu werben. Kataloge sind Designs, die aus Bildern und Texten bestehen, die wir erstellen, damit Ihre Kunden Informationen \u00fcber Ihre Produkte, Ihre Marke oder Ihr Portfolio erhalten. Gleichzeitig hilft es Ihnen, einen festen Platz in den K\u00f6pfen der Menschen zu gewinnen, richtig und gut erkannt zu werden, das gew\u00fcnschte Image zu erreichen, daher sollte ein gutes Katalogdesign bevorzugt werden. Das Katalogdesign, das die Leistungen Ihrer Marke detailliert darstellt, ist ein Informations- und Werbeinstrument. Als Katalogdesign bezeichnet man den Prozess der Erstellung und Bearbeitung von Texten und schlie\u00dflich deren Ver\u00f6ffentlichung.<\/p>\n<\/div><\/div><style type=\"text\/css\">.fusion-body .fusion-builder-column-1{width:50% !important;margin-top : 20px;margin-bottom : 20px;}.fusion-builder-column-1 > .fusion-column-wrapper {padding-top : 0px !important;padding-right : 0px !important;margin-right : 3.84%;padding-bottom : 0px !important;padding-left : 0px !important;margin-left : 3.84%;}@media only screen and (max-width:1024px) {.fusion-body .fusion-builder-column-1{width:50% !important;order : 0;}.fusion-builder-column-1 > .fusion-column-wrapper {margin-right : 3.84%;margin-left : 3.84%;}}@media only screen and (max-width:640px) {.fusion-body .fusion-builder-column-1{width:100% !important;order : 0;}.fusion-builder-column-1 > .fusion-column-wrapper {margin-right : 1.92%;margin-left : 1.92%;}}<\/style><\/div><div class=\"fusion-layout-column fusion_builder_column fusion-builder-column-2 fusion_builder_column_1_1 1_1 fusion-flex-column\"><div class=\"fusion-column-wrapper fusion-flex-justify-content-flex-start fusion-content-layout-column\" style=\"background-position:left top;background-repeat:no-repeat;-webkit-background-size:cover;-moz-background-size:cover;-o-background-size:cover;background-size:cover;padding: 0px 0px 0px 0px;\"><div class=\"fusion-text fusion-text-3\"><p>Bei der Gestaltung eines Katalogs sollte auf die zu verwendenden Farben, die abgebildeten Produkte, die Schriftarten im Katalog, die Harmonie und die visuelle Integrit\u00e4t geachtet werden. F\u00fcr Unternehmen, die keine Zeit f\u00fcr die Bearbeitung er\u00fcbrigen k\u00f6nnen, bedeutet die Erstellung eines Katalogverzeichnisses, der Versand zum Druck und die Anpassung des Inhalts einen Kostenverlust. Aus diesem Grund stehen wir Ihnen als Design Can Gen\u00e7er Company zur Verf\u00fcgung, die ein Experte auf ihrem Gebiet ist, um keine Zeit zu verlieren.<\/p>\n<h2><a href=\"https:\/\/www.designcangencer.com\/de\/kommunikation\/\"><strong>WIE SOLLTE EIN KATALOG GESTALTET SEIN?<\/strong><\/a><\/h2>\n<p>Wir bereiten alles sorgf\u00e4ltig vor, um Ihre Markenidentit\u00e4t vollst\u00e4ndig widerzuspiegeln und die Aufmerksamkeit des Kunden zu gewinnen.<\/p>\n<ul>\n<li><strong>Layout und Gr\u00f6\u00dfe des Katalogs: <\/strong>Wir k\u00f6nnen gro\u00dfe, mehrseitige Kataloge in Form von Magazinen vorbereiten, in denen gro\u00dfe Designs gezeigt werden k\u00f6nnen, und wir k\u00f6nnen Kataloge in Handgr\u00f6\u00dfe erstellen, die jeder leicht tragen kann. Das Wichtigste dabei ist, dass Ihr Katalog ein Design-Layout haben muss. Die Botschaft, die Sie vermitteln wollen, wird in einer regelm\u00e4\u00dfigen Reihenfolge und in \u00dcbereinstimmung mit dem Konzept vermittelt. Die Menschen, die den Katalog erhalten, sollen beim Durchbl\u00e4ttern eine Verbindung herstellen k\u00f6nnen, sie sollen etwas Eigenes finden k\u00f6nnen.<\/li>\n<li><strong>Bilder und Texte im richtigen Format platzieren: <\/strong>Die Funktion von Katalogen ist es, Kunden mit visuellen Elementen zu beeindrucken. Wir treffen die visuelle Auswahl im Katalogdesign professionell und erstellen Konzepte, die zu Ihrer Marke passen. Das Zielpublikum sollte bekannt sein und die Details, die es mag, sollten in Betracht gezogen werden. Nachdem spezielle Bilder ausgew\u00e4hlt wurden, werden sie im Katalog mit einer f\u00fcr diese Bilder geeigneten Komposition platziert.<\/li>\n<\/ul>\n<p><strong>Dar\u00fcber hinaus sollten die Texte, die das Bildmaterial unterst\u00fctzen, gut angepasst werden.<\/strong> Kataloge, die nur aus Bildern bestehen, k\u00f6nnen nicht die Botschaft vermitteln, die sie vermitteln wollen, und sind daher nicht in der Lage, die Aufmerksamkeit der Kunden zu erregen. Unser Ziel ist es, das Bildmaterial mit einem harmonischen und starken Text zu unterst\u00fctzen. Wir f\u00fcgen alle Bilder und Texte in den Katalogen in geeigneter Gr\u00f6\u00dfe und an geeigneten Stellen ein. Ein stilvoller, interessanter Katalog wird mit Sicherheit seinen Zweck erf\u00fcllen.<\/p>\n<ul>\n<li><strong>Farben und Markenidentit\u00e4t: <\/strong>Die Farben, die bei der Erstellung eines Konzepts f\u00fcr die Kataloggestaltung verwendet werden, sind wichtig. Die Farbe Rot zum Beispiel steht f\u00fcr Erwartung und Begeisterung. Die Farbe Gr\u00fcn spiegelt Ruhe wider, w\u00e4hrend die Farbe Blau Vertrauen und Freiheit hervorruft. Bei der Gestaltung von Farben, Bildmaterial und Komposition sollte die Markenidentit\u00e4t beachtet werden. Die Zielgruppe sollte gut analysiert werden und es sollten Slogans verwendet werden, die die Markenidentit\u00e4t widerspiegeln. Wir helfen Ihnen dabei, harmonische und schl\u00fcssige Konzepte f\u00fcr Ihre Produkte zu entwickeln, die von der Zielgruppe angenommen werden. Auf diese Weise wird sichergestellt, dass die Kataloge erfolgreich sind und eine enge Beziehung zu Ihren Kunden aufbauen, w\u00e4hrend sie gleichzeitig Ihre Markenidentit\u00e4t repr\u00e4sentieren.<\/li>\n<\/ul>\n<h2><strong>WARUM IST EIN KATALOGDESIGN NOTWENDIG? <\/strong><\/h2>\n<p>Die Gestaltung von Katalogen mit detaillierten Beschreibungen und technischen Daten wird dem Bedarf anders als bei Brosch\u00fcren umfassend gerecht. Der Katalog kann nach den Produkten und Dienstleistungen des Unternehmens sortiert werden. Auf diese Weise finden sich die Produkte \/ Dienstleistungen der Unternehmen in einem einzigen Katalogdesign wieder. Er bietet den Unternehmen wichtige Vorteile, um potenzielle Kunden zu erreichen und das Gesch\u00e4ftsvolumen zu steigern.<\/p>\n<h2><a href=\"https:\/\/www.instagram.com\/designcangencer\/?next=\" target=\"_blank\" rel=\"noopener\"><strong>WAS SOLLTE IM KATALOG STEHEN?<\/strong><\/a><\/h2>\n<p>Die Gestaltung von Katalogen muss mit der Corporate Identity vereinbar sein. Unternehmenskataloge stehen an vorderster Front. Wenn der Katalog einpr\u00e4gsam ist, muss sichergestellt werden, dass er verst\u00e4ndlich ist, wenn er Assoziationen weckt, dass er visuell hochwertig ist und die Marke korrekt repr\u00e4sentiert. Wir achten darauf, dass vergleichende Unterschiede, Nutzungsinformationen und technische Informationen zu den angebotenen Produkten\/Dienstleistungen enthalten sind.<\/p>\n<p>Die Designs, mit denen wir arbeiten, haben sich positiv auf den Verkauf ausgewirkt. Designs mit beliebten einfachen Designs und reichem Inhalt haben sehr positive Ver\u00e4nderungen in der F\u00f6rderung von Marken zur Verf\u00fcgung gestellt. Dadurch wird eine Bindung zwischen der Marke und dem Kunden geschaffen, die im Ged\u00e4chtnis bleibt.<\/p>\n<h2><strong>WAS SIND DIE PHASEN DER KATALOGGESTALTUNG?<\/strong><\/h2>\n<p><strong>&#8211;<\/strong>Katalogumschlaggestaltung<\/p>\n<p><strong>&#8211;<\/strong>Katalog im Design<\/p>\n<p><strong>&#8211;<\/strong>Vorbereitung von schriftlichen und visuellen Inhalten f\u00fcr den Katalog<\/p>\n<p><strong>&#8211;<\/strong>Katalog Interne Montage und Zusammenstellung<\/p>\n<p><strong>&#8211;<\/strong>Bestimmung der katalogbezogenen Funktionen<\/p>\n<p><strong>&#8211;<\/strong>Katalogmerkmale im Design<\/p>\n<p><strong>&#8211;<\/strong>Katalog Design Management<\/p>\n<p><strong>&#8211;<\/strong>Vorbereitung des Katalogs f\u00fcr den Druck<\/p>\n<p><img decoding=\"async\" class=\"lazyload alignnone size-full wp-image-4666\" src=\"https:\/\/www.designcangencer.com\/wp-content\/uploads\/2025\/01\/panelium-honeycomb-kompozit-panel-katalog-tasarim-21-scaled.jpg\" data-orig-src=\"https:\/\/www.designcangencer.com\/wp-content\/uploads\/2025\/01\/panelium-honeycomb-kompozit-panel-katalog-tasarim-21-scaled.jpg\" alt=\"\" width=\"2560\" height=\"1707\" srcset=\"data:image\/svg+xml,%3Csvg%20xmlns%3D%27http%3A%2F%2Fwww.w3.org%2F2000%2Fsvg%27%20width%3D%272560%27%20height%3D%271707%27%20viewBox%3D%270%200%202560%201707%27%3E%3Crect%20width%3D%272560%27%20height%3D%271707%27%20fill-opacity%3D%220%22%2F%3E%3C%2Fsvg%3E\" data-srcset=\"https:\/\/www.designcangencer.com\/wp-content\/uploads\/2025\/01\/panelium-honeycomb-kompozit-panel-katalog-tasarim-21-200x133.jpg 200w, https:\/\/www.designcangencer.com\/wp-content\/uploads\/2025\/01\/panelium-honeycomb-kompozit-panel-katalog-tasarim-21-300x200.jpg 300w, https:\/\/www.designcangencer.com\/wp-content\/uploads\/2025\/01\/panelium-honeycomb-kompozit-panel-katalog-tasarim-21-400x267.jpg 400w, https:\/\/www.designcangencer.com\/wp-content\/uploads\/2025\/01\/panelium-honeycomb-kompozit-panel-katalog-tasarim-21-600x400.jpg 600w, https:\/\/www.designcangencer.com\/wp-content\/uploads\/2025\/01\/panelium-honeycomb-kompozit-panel-katalog-tasarim-21-768x512.jpg 768w, https:\/\/www.designcangencer.com\/wp-content\/uploads\/2025\/01\/panelium-honeycomb-kompozit-panel-katalog-tasarim-21-800x533.jpg 800w, https:\/\/www.designcangencer.com\/wp-content\/uploads\/2025\/01\/panelium-honeycomb-kompozit-panel-katalog-tasarim-21-1024x683.jpg 1024w, https:\/\/www.designcangencer.com\/wp-content\/uploads\/2025\/01\/panelium-honeycomb-kompozit-panel-katalog-tasarim-21-1200x800.jpg 1200w, https:\/\/www.designcangencer.com\/wp-content\/uploads\/2025\/01\/panelium-honeycomb-kompozit-panel-katalog-tasarim-21-1536x1024.jpg 1536w, https:\/\/www.designcangencer.com\/wp-content\/uploads\/2025\/01\/panelium-honeycomb-kompozit-panel-katalog-tasarim-21-scaled.jpg 2560w\" data-sizes=\"auto\" data-orig-sizes=\"(max-width: 2560px) 100vw, 2560px\" \/><\/p>\n<h2><strong>WAS SOLLTE BEI DER KATALOGGESTALTUNG BEACHTET WERDEN?<\/strong><\/h2>\n<p><strong>Das Interesse des Kunden wird durch die Titel, die Sie Ihren Inhalten geben, geweckt: <\/strong>Die Titel des Katalogs sind so gew\u00e4hlt, dass sie die Aufmerksamkeit des Lesers dort wecken, wo Sie sie wecken wollen. Interessante \u00dcberschriften sorgen daf\u00fcr, dass der Bereich nicht \u00fcbersehen wird. Ehrlichkeit ist der einzige Weg, um Interesse zu wecken. Es wird darauf geachtet, die Leser zu beruhigen. Wer mutig ist und attraktive Angebote macht, will im Ged\u00e4chtnis der Kunden bleiben.<\/p>\n<p><strong>Unterscheiden Sie sich von Ihren Mitbewerbern:<\/strong> Es werden verschiedene Wege beschritten, um die Aufmerksamkeit zu erregen, die Sie erreichen wollen. Wir geben Ihren Entw\u00fcrfen eine andere Perspektive und helfen Ihnen, kreativ zu sein.<\/p>\n<p><strong>Es werden Fotografien verwendet, die aus einem professionellen Blickwinkel aufgenommen wurden: <\/strong>Damit die Kunden Ihr Produkt kaufen, sind Fotos wichtig, die aus dem richtigen Winkel und im richtigen Licht aufgenommen wurden, was ein Indikator f\u00fcr Professionalit\u00e4t ist. Ein Produkt, das nicht gut aussieht, hinterl\u00e4sst keinen guten Eindruck.<\/p>\n<p><strong>\u00dcbertreiben Sie es nicht mit Ihrem Entwurf: <\/strong>Wenn Sie in Ihren Katalog nur ein Minimum an markenrelevanten Dingen aufnehmen, wird er f\u00fcr diejenigen, die ihn durchsehen, langweilig. Wenn das Design komplex ist, verliert es an Interesse. Das Erscheinungsbild sollte einfach sein.<\/p>\n<p><strong>Ihr profitabelstes Produkt hervorheben: <\/strong>Es ist wichtig, dass das Produkt, mit dem Sie den gr\u00f6\u00dften Gewinn erzielen, und nicht das meistverkaufte Produkt, in Ihrem Katalog steht. Es ist wichtig, die profitablen Produkte in den Ecken zu platzieren, die den Kunden am meisten ins Auge fallen.<\/p>\n<p><strong>Es muss eine praktische Organisation geben: <\/strong>Es ist wichtig, dass Ihre Kontaktinformationen in Form von Website, Telefon, Adresse und Bestellm\u00f6glichkeiten praktisch sind und nicht \u00fcberladen wirken.<\/p>\n<h2><strong>WAS SIND DIE WICHTIGSTEN PUNKTE BEI DER KATALOGGESTALTUNG?<\/strong><\/h2>\n<p>Die Gestaltung des Katalogs und die Ergebnisse, die bei seiner Erstellung erzielt werden, sind in diesem Zusammenhang von Bedeutung. Wenn es um Marketing geht, ist der Katalog ein m\u00e4chtiges Instrument zur F\u00f6rderung von Produkten\/Dienstleistungen. Es ist wichtig, ein Design zu entwerfen, das sich an die jeweilige Situation anpasst. Wenn das Design nicht richtig gestaltet ist, k\u00f6nnen die Ergebnisse, die sich daraus ergeben, nicht den Erwartungen entsprechen.<\/p>\n<p>Wenn die Leistung des Katalogs richtig gestaltet ist, wird die Wirkung in einem angemessenen Verh\u00e4ltnis stehen. Es ist sehr wichtig, den Katalog so zu gestalten, dass er das Zielpublikum anspricht. Wenn die Zielgruppe jung ist, sollten Details, W\u00f6rter, Bilder, Farben und andere Details verwendet werden, die junge Menschen ansprechen. Wenn Ihr Zielpublikum keine bestimmte Altersgruppe anspricht, helfen wir Ihnen, die Vorteile der vielf\u00e4ltigen Gestaltungsm\u00f6glichkeiten zu nutzen.<\/p>\n<p>Das Format, die Seitenzahl und die Vorstellungen der Zielgruppe vom Katalog sollten richtig angepasst werden. Die Farb- und Bildauswahl ist nat\u00fcrlich sehr wichtig f\u00fcr die Gestaltung. Die Verwendung hochwertiger Bilder und die Auswahl lizenzfreier Bilder f\u00fcr Produkte\/Dienstleistungen geh\u00f6ren zu den wichtigsten Bestandteilen. Wenn Fotos in den Katalog aufgenommen werden sollen, achten wir auf die Verwendung von Fotos, die ganz zur Marke geh\u00f6ren. Mit diesen Schritten helfen wir Ihnen, die gew\u00fcnschten Ergebnisse im Katalogdesign erfolgreich umzusetzen.<\/p>\n<h2><strong>WELCHE ARTEN VON KATALOGEN GIBT ES?<\/strong><\/h2>\n<ul>\n<li>Kataloge der Gesch\u00e4ftswelt<\/li>\n<li>Verkaufskataloge<\/li>\n<li>Marketing Kataloge<\/li>\n<li>Bildung Kataloge<\/li>\n<li>Kataloge f\u00fcr Werbeartikel<\/li>\n<\/ul>\n<h2><strong>WAS BEDEUTET ONLINE-KATALOG IN DER KATALOGGESTALTUNG?<\/strong><\/h2>\n<p>Die Anzeige des Katalogs im PDF-Format, die wir im Viewer entworfen haben, wird E-Katalog oder Online-Katalog genannt. Indem Sie nur den Link weitergeben, ohne dass ein E-Mail-Anhang erforderlich ist, k\u00f6nnen Sie verhindern, dass Ihre E-Mails im Spam-Ordner landen, und den Benutzern erm\u00f6glichen, Ihren Katalog bequem einzusehen. Gleichzeitig ist dies die bevorzugte Wahl der meisten Unternehmen, da keine Druckkosten anfallen. Online-Kataloge k\u00f6nnen sowohl von Unternehmen als auch von Privatpersonen bevorzugt werden.<\/p>\n<h2><strong>WAS SIND DIE VORTEILE DES ONLINE-KATALOGS?<\/strong><\/h2>\n<ul>\n<li>Wichtig f\u00fcr die Institutionalisierung<\/li>\n<li>Er ist im Vergleich zu gedruckten Katalogen kosteng\u00fcnstig. Sie k\u00f6nnen sowohl gedruckt als auch online verwenden<\/li>\n<li>Bietet eine f\u00fcr alle Zwecke geeignete Plattform<\/li>\n<li>Sie k\u00f6nnen alle Arten von Inhalten nach Belieben \u00e4ndern. Sie haben die M\u00f6glichkeit, auf Online-Plattformen zu zeigen.<\/li>\n<li>Der Versand per E-Mail ist nur mit Linkfreigabe m\u00f6glich.<\/li>\n<li>Jeder, der Ihre Website betritt, hat die M\u00f6glichkeit, den Online-Katalog zu sehen und zu pr\u00fcfen.<\/li>\n<\/ul>\n<\/div><\/div><style type=\"text\/css\">.fusion-body .fusion-builder-column-2{width:100% !important;margin-top : 20px;margin-bottom : 20px;}.fusion-builder-column-2 > .fusion-column-wrapper {padding-top : 0px !important;padding-right : 0px !important;margin-right : 1.92%;padding-bottom : 0px !important;padding-left : 0px !important;margin-left : 1.92%;}@media only screen and (max-width:1024px) {.fusion-body .fusion-builder-column-2{width:100% !important;order : 0;}.fusion-builder-column-2 > .fusion-column-wrapper {margin-right : 1.92%;margin-left : 1.92%;}}@media only screen and (max-width:640px) {.fusion-body .fusion-builder-column-2{width:100% !important;order : 0;}.fusion-builder-column-2 > .fusion-column-wrapper {margin-right : 1.92%;margin-left : 1.92%;}}<\/style><\/div><\/div><style type=\"text\/css\">.fusion-body .fusion-flex-container.fusion-builder-row-1{ padding-top : 0px;margin-top : 0px;padding-right : 0px;padding-bottom : 0px;margin-bottom : 0px;padding-left : 0px;}<\/style><\/div>","protected":false},"excerpt":{"rendered":"","protected":false},"author":1,"featured_media":0,"parent":0,"menu_order":0,"comment_status":"closed","ping_status":"closed","template":"100-width.php","meta":{"om_disable_all_campaigns":false,"_monsterinsights_skip_tracking":false,"_monsterinsights_sitenote_active":false,"_monsterinsights_sitenote_note":"","_monsterinsights_sitenote_category":0,"footnotes":""},"class_list":["post-3716","page","type-page","status-publish","hentry"],"aioseo_notices":[],"_links":{"self":[{"href":"https:\/\/www.designcangencer.com\/de\/wp-json\/wp\/v2\/pages\/3716","targetHints":{"allow":["GET"]}}],"collection":[{"href":"https:\/\/www.designcangencer.com\/de\/wp-json\/wp\/v2\/pages"}],"about":[{"href":"https:\/\/www.designcangencer.com\/de\/wp-json\/wp\/v2\/types\/page"}],"author":[{"embeddable":true,"href":"https:\/\/www.designcangencer.com\/de\/wp-json\/wp\/v2\/users\/1"}],"replies":[{"embeddable":true,"href":"https:\/\/www.designcangencer.com\/de\/wp-json\/wp\/v2\/comments?post=3716"}],"version-history":[{"count":6,"href":"https:\/\/www.designcangencer.com\/de\/wp-json\/wp\/v2\/pages\/3716\/revisions"}],"predecessor-version":[{"id":4667,"href":"https:\/\/www.designcangencer.com\/de\/wp-json\/wp\/v2\/pages\/3716\/revisions\/4667"}],"wp:attachment":[{"href":"https:\/\/www.designcangencer.com\/de\/wp-json\/wp\/v2\/media?parent=3716"}],"curies":[{"name":"wp","href":"https:\/\/api.w.org\/{rel}","templated":true}]}}