{"id":3711,"date":"2023-08-02T10:25:05","date_gmt":"2023-08-02T10:25:05","guid":{"rendered":"https:\/\/www.designcangencer.com\/?page_id=3711"},"modified":"2025-01-27T19:05:23","modified_gmt":"2025-01-27T19:05:23","slug":"profesyonel-instagram-icerik-uretimi","status":"publish","type":"page","link":"https:\/\/www.designcangencer.com\/de\/professionelle-instagram-content-produktion\/","title":{"rendered":"Professionelle Produktion von Instagram-Inhalten"},"content":{"rendered":"<div class=\"fusion-fullwidth fullwidth-box fusion-builder-row-1 fusion-flex-container has-pattern-background has-mask-background nonhundred-percent-fullwidth non-hundred-percent-height-scrolling\" style=\"background-color: rgba(255,255,255,0);background-position: center center;background-repeat: no-repeat;border-width: 0px 0px 0px 0px;border-color:hsla(var(--awb-color8-h),var(--awb-color8-s),var(--awb-color8-l),calc( var(--awb-color8-a) - 92% ));border-style:solid;\" ><div class=\"fusion-builder-row fusion-row fusion-flex-align-items-flex-start\" style=\"max-width:1476.8px;margin-left: calc(-4% \/ 2 );margin-right: calc(-4% \/ 2 );\"><div class=\"fusion-layout-column fusion_builder_column fusion-builder-column-0 fusion_builder_column_1_2 1_2 fusion-flex-column\"><div class=\"fusion-column-wrapper fusion-flex-justify-content-flex-start fusion-content-layout-column\" style=\"background-position:left top;background-repeat:no-repeat;-webkit-background-size:cover;-moz-background-size:cover;-o-background-size:cover;background-size:cover;padding: 0px 0px 0px 0px;\"><div ><span class=\"fusion-imageframe imageframe-none imageframe-1 hover-type-none\" style=\"border-radius:8px;\"><img decoding=\"async\" width=\"2560\" height=\"1707\" title=\"website-instagram-anzeigen-visuell\" src=\"https:\/\/www.designcangencer.com\/wp-content\/uploads\/2023\/12\/website-instagram-reklamlari-gorsel-scaled.jpg\" data-orig-src=\"https:\/\/www.designcangencer.com\/wp-content\/uploads\/2023\/12\/website-instagram-reklamlari-gorsel-scaled.jpg\" alt class=\"lazyload img-responsive wp-image-4421\" srcset=\"data:image\/svg+xml,%3Csvg%20xmlns%3D%27http%3A%2F%2Fwww.w3.org%2F2000%2Fsvg%27%20width%3D%272560%27%20height%3D%271707%27%20viewBox%3D%270%200%202560%201707%27%3E%3Crect%20width%3D%272560%27%20height%3D%271707%27%20fill-opacity%3D%220%22%2F%3E%3C%2Fsvg%3E\" data-srcset=\"https:\/\/www.designcangencer.com\/wp-content\/uploads\/2023\/12\/website-instagram-reklamlari-gorsel-200x133.jpg 200w, https:\/\/www.designcangencer.com\/wp-content\/uploads\/2023\/12\/website-instagram-reklamlari-gorsel-400x267.jpg 400w, https:\/\/www.designcangencer.com\/wp-content\/uploads\/2023\/12\/website-instagram-reklamlari-gorsel-600x400.jpg 600w, https:\/\/www.designcangencer.com\/wp-content\/uploads\/2023\/12\/website-instagram-reklamlari-gorsel-800x533.jpg 800w, https:\/\/www.designcangencer.com\/wp-content\/uploads\/2023\/12\/website-instagram-reklamlari-gorsel-1200x800.jpg 1200w, https:\/\/www.designcangencer.com\/wp-content\/uploads\/2023\/12\/website-instagram-reklamlari-gorsel-scaled.jpg 2560w\" data-sizes=\"auto\" data-orig-sizes=\"(max-width: 640px) 100vw, 800px\" \/><\/span><\/div><\/div><style type=\"text\/css\">.fusion-body .fusion-builder-column-0{width:50% !important;margin-top : 20px;margin-bottom : 20px;}.fusion-builder-column-0 > .fusion-column-wrapper {padding-top : 0px !important;padding-right : 0px !important;margin-right : 3.84%;padding-bottom : 0px !important;padding-left : 0px !important;margin-left : 3.84%;}@media only screen and (max-width:1024px) {.fusion-body .fusion-builder-column-0{width:50% !important;order : 0;}.fusion-builder-column-0 > .fusion-column-wrapper {margin-right : 3.84%;margin-left : 3.84%;}}@media only screen and (max-width:640px) {.fusion-body .fusion-builder-column-0{width:100% !important;order : 0;}.fusion-builder-column-0 > .fusion-column-wrapper {margin-right : 1.92%;margin-left : 1.92%;}}<\/style><\/div><div class=\"fusion-layout-column fusion_builder_column fusion-builder-column-1 fusion_builder_column_1_2 1_2 fusion-flex-column\"><div class=\"fusion-column-wrapper fusion-flex-justify-content-flex-start fusion-content-layout-column\" style=\"background-position:left top;background-repeat:no-repeat;-webkit-background-size:cover;-moz-background-size:cover;-o-background-size:cover;background-size:cover;padding: 0px 0px 0px 0px;\"><div class=\"fusion-text fusion-text-1\"><p><strong>WELCHE SCHRITTE SIND BEI DER PRODUKTION VON INHALTEN AUF INSTAGRAM ZU BEACHTEN?<\/strong><\/p>\n<\/div><div class=\"fusion-text fusion-text-2\"><ul>\n<li><strong>BESTIMMUNG DES ZIELPUBLIKUMS:<\/strong> Zun\u00e4chst einmal m\u00fcssen Sie feststellen, f\u00fcr wen Sie Ihre Inhalte produzieren. Es ist notwendig, Informationen \u00fcber die demografischen Merkmale, Verhaltensmuster und Interessen Ihrer Zielgruppe zu haben. Die Inhalte werden in \u00dcbereinstimmung mit den Erwartungen der Zielgruppe erstellt.<\/li>\n<li><strong>AUSWAHL DES INHALTSTYPS:<\/strong> Welche der verschiedenen Arten, wie Video-, Bild-, Text- oder Audioinhalte, hilft Ihnen, besser mit Ihrer Zielgruppe zu kommunizieren.<\/li>\n<li><strong>THEMENAUSWAHL:<\/strong> Es ist wichtig, interessante und geeignete Themen f\u00fcr die Produktion von Inhalten zu finden. Es sollten Themen ausgew\u00e4hlt werden, die f\u00fcr den Zweck Ihrer Marke und die Interessen Ihrer Zielgruppe geeignet sind.<\/li>\n<li><strong>INHALTLICHE PLANUNG:<\/strong> Es werden Pl\u00e4ne erstellt, an welchen Tagen und zu welchen Zeiten Ihre Inhalte geteilt werden sollen. Dieser Plan gew\u00e4hrleistet eine konsistente und regelm\u00e4\u00dfige Freigabe Ihrer Inhalte.<\/li>\n<\/ul>\n<\/div><\/div><style type=\"text\/css\">.fusion-body .fusion-builder-column-1{width:50% !important;margin-top : 20px;margin-bottom : 20px;}.fusion-builder-column-1 > .fusion-column-wrapper {padding-top : 0px !important;padding-right : 0px !important;margin-right : 3.84%;padding-bottom : 0px !important;padding-left : 0px !important;margin-left : 3.84%;}@media only screen and (max-width:1024px) {.fusion-body .fusion-builder-column-1{width:50% !important;order : 0;}.fusion-builder-column-1 > .fusion-column-wrapper {margin-right : 3.84%;margin-left : 3.84%;}}@media only screen and (max-width:640px) {.fusion-body .fusion-builder-column-1{width:100% !important;order : 0;}.fusion-builder-column-1 > .fusion-column-wrapper {margin-right : 1.92%;margin-left : 1.92%;}}<\/style><\/div><div class=\"fusion-layout-column fusion_builder_column fusion-builder-column-2 fusion_builder_column_1_1 1_1 fusion-flex-column\"><div class=\"fusion-column-wrapper fusion-flex-justify-content-flex-start fusion-content-layout-column\" style=\"background-position:left top;background-repeat:no-repeat;-webkit-background-size:cover;-moz-background-size:cover;-o-background-size:cover;background-size:cover;padding: 0px 0px 0px 0px;\"><div class=\"fusion-text fusion-text-3\"><ul>\n<li><strong>ERSTELLUNG VON INHALTEN:<\/strong> Je nach ausgew\u00e4hltem Inhaltstyp werden Prozesse wie visuelle Gestaltung, Videodreh, Erstellung von Audioaufnahmen und Verfassen von Texten durchgef\u00fchrt.<\/li>\n<li><strong>ATTRAKTIVE TITEL und BESCHREIBUNGEN<\/strong>: Durch die Verwendung von Beschreibungen, Titeln und Tags, die Ihren Inhalt unterst\u00fctzen, wird die Aufmerksamkeit des Zielpublikums auf Sie gelenkt.<\/li>\n<li><strong>Bild- und Klang\u00e4sthetik: <\/strong>Wenn visuelle Inhalte produziert werden, sollte das Bildmaterial nach gestalterischen und \u00e4sthetischen Grunds\u00e4tzen verwendet werden. Wenn Audioinhalte verwendet werden sollen, sind qualitativ hochwertige Tonaufnahmen und Arrangements wichtig.<\/li>\n<li><strong>INTERAKTION und ANTWORT:<\/strong> Das Reagieren auf Kommentare, Likes oder geteilte Inhalte erh\u00f6ht die Interaktion Ihres Unternehmens. Diesbez\u00fcglich <a href=\"https:\/\/www.designcangencer.com\/de\/kommunikation\/\"><strong><em>Design Can Gen\u00e7er Digitales Beratungsunternehmen<\/em><\/strong><\/a> wir verwalten Ihre sozialen Medien und steigern Ihre Interaktionen.<\/li>\n<li><strong>\u00dcBERWACHUNG und ANALYSE:<\/strong> Es ist wichtig, die Leistung der erstellten Inhalte zu \u00fcberwachen und zu verstehen, welche Inhalte f\u00fcr das Zielpublikum effektiv sind. Wir untersuchen Ihre Interaktionsstatistiken mit Social-Media-Analysetools und helfen Ihnen bei der Entwicklung Ihrer Inhaltsstrategien.<\/li>\n<\/ul>\n<p>Die Erstellung von Inhalten ist ein m\u00fchsamer Prozess, und es ist notwendig, Ihre Inhaltsstrategie st\u00e4ndig zu aktualisieren, mit Ihrem Zielpublikum zu interagieren und Inhalte entsprechend den Bed\u00fcrfnissen und Interessen Ihrer Zielgruppe zu produzieren.<\/p>\n<p><img decoding=\"async\" class=\"lazyload size-full wp-image-4657 aligncenter\" src=\"https:\/\/www.designcangencer.com\/wp-content\/uploads\/2025\/01\/ybkMd5pTTTEPEo2PCDVH1QYbYCNMqDpv86dUH1fw.jpg\" data-orig-src=\"https:\/\/www.designcangencer.com\/wp-content\/uploads\/2025\/01\/ybkMd5pTTTEPEo2PCDVH1QYbYCNMqDpv86dUH1fw.jpg\" alt=\"\" width=\"990\" height=\"595\" srcset=\"data:image\/svg+xml,%3Csvg%20xmlns%3D%27http%3A%2F%2Fwww.w3.org%2F2000%2Fsvg%27%20width%3D%27990%27%20height%3D%27595%27%20viewBox%3D%270%200%20990%20595%27%3E%3Crect%20width%3D%27990%27%20height%3D%27595%27%20fill-opacity%3D%220%22%2F%3E%3C%2Fsvg%3E\" data-srcset=\"https:\/\/www.designcangencer.com\/wp-content\/uploads\/2025\/01\/ybkMd5pTTTEPEo2PCDVH1QYbYCNMqDpv86dUH1fw-200x120.jpg 200w, https:\/\/www.designcangencer.com\/wp-content\/uploads\/2025\/01\/ybkMd5pTTTEPEo2PCDVH1QYbYCNMqDpv86dUH1fw-300x180.jpg 300w, https:\/\/www.designcangencer.com\/wp-content\/uploads\/2025\/01\/ybkMd5pTTTEPEo2PCDVH1QYbYCNMqDpv86dUH1fw-400x240.jpg 400w, https:\/\/www.designcangencer.com\/wp-content\/uploads\/2025\/01\/ybkMd5pTTTEPEo2PCDVH1QYbYCNMqDpv86dUH1fw-600x361.jpg 600w, https:\/\/www.designcangencer.com\/wp-content\/uploads\/2025\/01\/ybkMd5pTTTEPEo2PCDVH1QYbYCNMqDpv86dUH1fw-768x462.jpg 768w, https:\/\/www.designcangencer.com\/wp-content\/uploads\/2025\/01\/ybkMd5pTTTEPEo2PCDVH1QYbYCNMqDpv86dUH1fw-800x481.jpg 800w, https:\/\/www.designcangencer.com\/wp-content\/uploads\/2025\/01\/ybkMd5pTTTEPEo2PCDVH1QYbYCNMqDpv86dUH1fw.jpg 990w\" data-sizes=\"auto\" data-orig-sizes=\"(max-width: 990px) 100vw, 990px\" \/><\/p>\n<p><a href=\"https:\/\/www.instagram.com\/designcangencer\/?next=\" target=\"_blank\" rel=\"noopener\"><strong>WELCHE TECHNIKEN GIBT ES, UM INHALTE AUF INSTAGRAM ZU PRODUZIEREN?<\/strong><\/a><\/p>\n<p>Es gibt viele Techniken, um bemerkenswerte und hochwertige Inhalte auf Instagram zu produzieren. Es ist notwendig, Informationen \u00fcber Ihr Instagram-Konto, Ihr Publikum, Ihre Interessen und die Inhalte, mit denen Sie interagieren, zu haben. Die richtige Analyse Ihres Profils stellt sicher, dass Ihre Inhalte korrekt erstellt werden.<\/p>\n<p><em>Die Techniken zur Erstellung von Inhalten sind wie folgt; <\/em><\/p>\n<ul>\n<li><strong>DIE ANERKENNUNG IHRER ANH\u00c4NGERSCHAFT:<\/strong> Die erste Priorit\u00e4t bei der Planung von Inhalten auf Instagram ist es, Ihre Zielgruppe zu erkennen. Wenn Sie Inhalte erstellen, ohne Ihre Follower richtig zu analysieren, besteht die M\u00f6glichkeit, dass die Bem\u00fchungen umsonst sind. Aus diesem Grund ist es notwendig zu bestimmen, was Ihre Zielgruppe mag und was sie verfolgt. Wenn die Planung der Inhalte auf Ihre Zielgruppe abgestimmt ist, wird sich Ihre Interaktionsrate erh\u00f6hen.<\/li>\n<li><strong>BESTIMMUNG DES VISUELLEN THEMAS:<\/strong> In der Phase der Inhaltserstellung auf Instagram sollte eine Ordnung geschaffen werden. Es ist wichtig, sowohl beim Design als auch beim Teilen Ordnung zu schaffen. Die Schaffung eines visuellen Themas auf Ihrem Instagram-Profil erh\u00f6ht die Interaktion auf Ihrer Seite. Profile mit Ordnung sind bemerkenswert. Ein visuell gelungener Instagram-Account erh\u00f6ht die Interaktionskraft. <strong><em>Design Can Gen\u00e7er Digitales Beratungsunternehmen<\/em><\/strong> bieten wir Dienstleistungen f\u00fcr Ihr Unternehmen an, um ein st\u00e4rkeres Instagram-Konto zu haben.<\/li>\n<li><strong>INHALTSIDEEN \u00dcBER IHRE MARKE und IHR PRODUKT:<\/strong> In Ihrem Unternehmensprofil k\u00f6nnen Ihre Produkte verwendet werden, um Inhaltsideen auf Instagram zu entwickeln. Wir k\u00f6nnen verschiedene Inhalte erstellen, indem wir Ihre Produkte vorstellen. Dar\u00fcber hinaus k\u00f6nnen Inhaltsideen auf der Grundlage von Kundenerfahrungen oder Produktbewertungen erstellt werden. Mit solchen Beitr\u00e4gen haben Sie die M\u00f6glichkeit, Ihre Produkte zu bewerben. Auf diese Weise werden Markenbekanntheit und Zuverl\u00e4ssigkeit erh\u00f6ht. Die Erstellung von Inhalten, die Ihr Unternehmen in den Vordergrund stellen, hilft Ihnen, sich von den Seiten konkurrierender Unternehmen abzuheben. Wenn Sie Ihrem Zielpublikum Ihr Unternehmen klar und deutlich erkl\u00e4ren, f\u00fchrt dies zu positiven Konversionen. Die Zielgruppen interessieren sich mehr f\u00fcr aufrichtige und ehrliche Marken. Diese Aufrichtigkeit und Seriosit\u00e4t auf Ihrer Unternehmensseite <strong><em>Design Can Gen\u00e7er Digitales Beratungsunternehmen<\/em><\/strong> als Dienstleistungsanbieter.<\/li>\n<li><strong>VISUELLE IDEEN:<\/strong> Indem wir visuelle Pl\u00e4ne f\u00fcr Sie vorplanen, beschleunigen wir die Produktion von Inhalten auf Ihrem Instagram-Konto. Wir entwerfen die Inhaltsideen Ihres Unternehmens auf geplante Weise. Auf diese Weise werden visuelle Arbeiten vorbereitet, damit Ihr Konto besonderer und regelm\u00e4\u00dfiger wird. F\u00fcr Ihren Instagram-Account machen wir visuelle Arbeiten f\u00fcr Sie, die jeden Tag etwas Besonderes sind. Bei den Bildern, die f\u00fcr den Inhalt Ihres Unternehmens vorbereitet werden, m\u00fcssen einige Faktoren ber\u00fccksichtigt werden. Einer von ihnen ist die Qualit\u00e4t der Bilder. Es sollten Bilder von hoher Qualit\u00e4t verwendet werden. Die Verwendung von Bildern niedriger Qualit\u00e4t kann das Ansehen Ihres Gesch\u00e4ftskontos mindern. Zum anderen m\u00fcssen die verwendeten Bilder zueinander passen. Das Thema der Seite sollte mit den geteilten Bildern kompatibel sein. Aus diesem Grund ist die Relevanz der Bilder wichtig.<\/li>\n<li><strong>VIDEO IDEEN:<\/strong> Wir wissen, dass auf Instagram geteilte Videos mehr Interaktion erhalten. Aus diesem Grund sollte dem Teilen von Videos eine gro\u00dfe Bedeutung beigemessen werden. Inhalte wie Reels oder IGTV erh\u00f6hen die Effizienz Ihres Gesch\u00e4ftskontos. Die Ergebnisse von Videos sind h\u00f6her als die von visuellen Inhalten. Bei Videos sollte darauf geachtet werden, dass sie nicht langweilig sind. Flie\u00dfende und bemerkenswerte Videos m\u00fcssen geteilt werden. Auf diese Weise erh\u00f6ht sich Ihre Interaktionsrate und die Massen, die Ihre Videos sehen und Ihnen folgen, k\u00f6nnen sie bis zum Ende ansehen. Geteilte Videos sollten in Ihren Stories erneut geteilt werden, damit auch Nutzer, die nicht in Ihren Videostream geraten sind, sie sehen k\u00f6nnen. Wenn die Anzahl der Aufrufe Ihres Videos steigt, erh\u00f6ht sich auch Ihre Entdeckung. Infolgedessen wird Ihr Gesch\u00e4ftskonto von mehr Nutzern gesehen.<\/li>\n<li><strong>PLANUNG DER INHALTLICHEN THEMEN:<\/strong> Die geplante Arbeit der Instagram-Inhaltsproduktionen sorgt daf\u00fcr, dass Ihre Seite effiziente Ergebnisse erzielt. Geplante Studien stellen sicher, dass Sie f\u00fcr besondere Tage vorbereitet sind. Da die Produktion von Inhalten f\u00fcr Ihre Unternehmensseite jeden Tag erfolgt, m\u00fcssen Sie nicht in letzter Minute entscheiden, was Sie teilen m\u00f6chten. Die Tatsache, dass die Inhalte im Voraus geplant werden, bietet die M\u00f6glichkeit, ein regelm\u00e4\u00dfiges Thema auf Ihrer Seite zu erstellen. Die Pl\u00e4ne k\u00f6nnen w\u00f6chentlich oder monatlich erstellt werden. Bei der Planung nach dem Kalender wird darauf geachtet, dass keine besonderen Tage ausgelassen werden. Die erstellten Pl\u00e4ne sollten regelm\u00e4\u00dfig aktualisiert werden. Andernfalls k\u00f6nnten die Nutzer, die Ihnen folgen, gelangweilt sein, weil sie immer die gleichen Inhalte sehen, was zu einem R\u00fcckgang der Interaktionsrate auf Ihrer Seite f\u00fchrt.<\/li>\n<li><strong>GESCHICHTEN ERZ\u00c4HLEN:<\/strong> Ihre auf Instagram geteilten Inhalte bestehen nicht nur aus Bildern oder Videos. Die Texte, die Sie unter Ihre Beitr\u00e4ge schreiben, sind mindestens genauso wichtig wie Bilder und Videos. Ihre Seite sollte eine Geschichte haben. Sie sollte nicht mit einfachen S\u00e4tzen weitergegeben werden. Ihr Inhalt sollte die Geschichte erw\u00e4hnen und den potenziellen Nutzern, die Ihnen folgen oder folgen wollen, etwas vermitteln. Die Aufmerksamkeit kann mit lehrreichen, interessanten oder unterhaltsamen Beitr\u00e4gen geweckt werden. Die meisten Nutzer auf Instagram interagieren nach den Artikeln. Geschichten, die Sie auf Ihrer Marken- oder Unternehmensseite erz\u00e4hlen, st\u00e4rken Ihre Inhalte und erh\u00f6hen die Interaktion. Aufrichtigkeit und Ehrlichkeit sind in den zu erz\u00e4hlenden Geschichten wichtig.<\/li>\n<li><strong>APPELL AN DIE EMOTIONEN:<\/strong> Soziale Medien sind nicht nur zum Teilen da. Solche Plattformen sind zu einem Ort geworden, an dem die Nutzer ihr Gl\u00fcck oder ihre Probleme teilen. Es ist auch eine Plattform, auf der Ereignisse, die sich in der Welt entwickeln, diskutiert werden. In diesem Bereich ist es wichtig, dieselben Gef\u00fchle und dieselbe Sprache mit den Nutzern zu teilen. Es ist wichtig, sensibel auf die erlebten heiklen Situationen zu reagieren. Auf diese Weise zeigen Sie den Nutzern, dass Sie hinter Ihrer Seite stehen und dieselben sensiblen Gef\u00fchle haben. F\u00fcr eine professionellere Arbeit stehen wir Ihnen als Design Can Gen\u00e7er Digital Consultancy Company zur Verf\u00fcgung.<\/li>\n<\/ul>\n<\/div><\/div><style type=\"text\/css\">.fusion-body .fusion-builder-column-2{width:100% !important;margin-top : 20px;margin-bottom : 20px;}.fusion-builder-column-2 > .fusion-column-wrapper {padding-top : 0px !important;padding-right : 0px !important;margin-right : 1.92%;padding-bottom : 0px !important;padding-left : 0px !important;margin-left : 1.92%;}@media only screen and (max-width:1024px) {.fusion-body .fusion-builder-column-2{width:100% !important;order : 0;}.fusion-builder-column-2 > .fusion-column-wrapper {margin-right : 1.92%;margin-left : 1.92%;}}@media only screen and (max-width:640px) {.fusion-body .fusion-builder-column-2{width:100% !important;order : 0;}.fusion-builder-column-2 > .fusion-column-wrapper {margin-right : 1.92%;margin-left : 1.92%;}}<\/style><\/div><\/div><style type=\"text\/css\">.fusion-body .fusion-flex-container.fusion-builder-row-1{ padding-top : 0px;margin-top : 0px;padding-right : 0px;padding-bottom : 0px;margin-bottom : 0px;padding-left : 0px;}<\/style><\/div>","protected":false},"excerpt":{"rendered":"","protected":false},"author":1,"featured_media":0,"parent":0,"menu_order":0,"comment_status":"closed","ping_status":"closed","template":"100-width.php","meta":{"om_disable_all_campaigns":false,"_monsterinsights_skip_tracking":false,"_monsterinsights_sitenote_active":false,"_monsterinsights_sitenote_note":"","_monsterinsights_sitenote_category":0,"footnotes":""},"class_list":["post-3711","page","type-page","status-publish","hentry"],"aioseo_notices":[],"_links":{"self":[{"href":"https:\/\/www.designcangencer.com\/de\/wp-json\/wp\/v2\/pages\/3711","targetHints":{"allow":["GET"]}}],"collection":[{"href":"https:\/\/www.designcangencer.com\/de\/wp-json\/wp\/v2\/pages"}],"about":[{"href":"https:\/\/www.designcangencer.com\/de\/wp-json\/wp\/v2\/types\/page"}],"author":[{"embeddable":true,"href":"https:\/\/www.designcangencer.com\/de\/wp-json\/wp\/v2\/users\/1"}],"replies":[{"embeddable":true,"href":"https:\/\/www.designcangencer.com\/de\/wp-json\/wp\/v2\/comments?post=3711"}],"version-history":[{"count":8,"href":"https:\/\/www.designcangencer.com\/de\/wp-json\/wp\/v2\/pages\/3711\/revisions"}],"predecessor-version":[{"id":4658,"href":"https:\/\/www.designcangencer.com\/de\/wp-json\/wp\/v2\/pages\/3711\/revisions\/4658"}],"wp:attachment":[{"href":"https:\/\/www.designcangencer.com\/de\/wp-json\/wp\/v2\/media?parent=3711"}],"curies":[{"name":"wp","href":"https:\/\/api.w.org\/{rel}","templated":true}]}}