{"id":3695,"date":"2023-08-02T10:19:55","date_gmt":"2023-08-02T10:19:55","guid":{"rendered":"https:\/\/www.designcangencer.com\/?page_id=3695"},"modified":"2025-01-27T18:40:54","modified_gmt":"2025-01-27T18:40:54","slug":"youtube-short-icin-profesyonel-video-edit","status":"publish","type":"page","link":"https:\/\/www.designcangencer.com\/de\/youtube-kurz-fur-professionelle-videobearbeitung\/","title":{"rendered":"Professioneller Videoschnitt f\u00fcr Youtube-Kurzfilm"},"content":{"rendered":"<div class=\"fusion-fullwidth fullwidth-box fusion-builder-row-1 fusion-flex-container has-pattern-background has-mask-background nonhundred-percent-fullwidth non-hundred-percent-height-scrolling\" style=\"background-color: rgba(255,255,255,0);background-position: center center;background-repeat: no-repeat;border-width: 0px 0px 0px 0px;border-color:hsla(var(--awb-color8-h),var(--awb-color8-s),var(--awb-color8-l),calc( var(--awb-color8-a) - 92% ));border-style:solid;\" ><div class=\"fusion-builder-row fusion-row fusion-flex-align-items-flex-start\" style=\"max-width:1476.8px;margin-left: calc(-4% \/ 2 );margin-right: calc(-4% \/ 2 );\"><div class=\"fusion-layout-column fusion_builder_column fusion-builder-column-0 fusion_builder_column_1_1 1_1 fusion-flex-column\"><div class=\"fusion-column-wrapper fusion-flex-justify-content-flex-start fusion-content-layout-column\" style=\"background-position:left top;background-repeat:no-repeat;-webkit-background-size:cover;-moz-background-size:cover;-o-background-size:cover;background-size:cover;padding: 0px 0px 0px 0px;\"><div class=\"fusion-text fusion-text-1\"><h2><img decoding=\"async\" class=\"lazyload size-full wp-image-4446 aligncenter\" src=\"https:\/\/www.designcangencer.com\/wp-content\/uploads\/2024\/01\/youyube-shorts-gorsel.jpg\" data-orig-src=\"https:\/\/www.designcangencer.com\/wp-content\/uploads\/2024\/01\/youyube-shorts-gorsel.jpg\" alt=\"\" width=\"800\" height=\"533\" srcset=\"data:image\/svg+xml,%3Csvg%20xmlns%3D%27http%3A%2F%2Fwww.w3.org%2F2000%2Fsvg%27%20width%3D%27800%27%20height%3D%27533%27%20viewBox%3D%270%200%20800%20533%27%3E%3Crect%20width%3D%27800%27%20height%3D%27533%27%20fill-opacity%3D%220%22%2F%3E%3C%2Fsvg%3E\" data-srcset=\"https:\/\/www.designcangencer.com\/wp-content\/uploads\/2024\/01\/youyube-shorts-gorsel-200x133.jpg 200w, https:\/\/www.designcangencer.com\/wp-content\/uploads\/2024\/01\/youyube-shorts-gorsel-300x200.jpg 300w, https:\/\/www.designcangencer.com\/wp-content\/uploads\/2024\/01\/youyube-shorts-gorsel-400x267.jpg 400w, https:\/\/www.designcangencer.com\/wp-content\/uploads\/2024\/01\/youyube-shorts-gorsel-600x400.jpg 600w, https:\/\/www.designcangencer.com\/wp-content\/uploads\/2024\/01\/youyube-shorts-gorsel-768x512.jpg 768w, https:\/\/www.designcangencer.com\/wp-content\/uploads\/2024\/01\/youyube-shorts-gorsel.jpg 800w\" data-sizes=\"auto\" data-orig-sizes=\"(max-width: 800px) 100vw, 800px\" \/><\/h2>\n<h2><strong>WAS SIND YOUTUBE SHORTS?<\/strong><\/h2>\n<p>Youtube ist eine kostenlose Videostreaming-Plattform, die in der T\u00fcrkei und auf der ganzen Welt beliebt ist. Shorts, eine neue Funktion von Youtube, bedeutet \"kurze Videos\". Der Unterschied zwischen den in Shorts ver\u00f6ffentlichten Videos und den Youtube-Videos besteht darin, dass sie 60 Sekunden lang sind. Es ist m\u00f6glich, diesen Videos Musik hinzuzuf\u00fcgen und die Videogeschwindigkeit anzupassen. Shorts werden im vertikalen Format ver\u00f6ffentlicht.<\/p>\n<p>W\u00e4hrend lustige und kurze Videos mit TikTok Einzug in unser Leben hielten, hat sich auch die Instagram-Funktion Reels diesen Trends angeschlossen. Zu diesen Inhaltsplattformen, die die junge Generation ansprechen, hat sich Youtube mit Shorts gesellt.<\/p>\n<h2><a href=\"https:\/\/www.instagram.com\/designcangencer\/?next=\" target=\"_blank\" rel=\"noopener\"><strong>WIE BENUTZT MAN YOUTUBE SHORTS?<\/strong><\/a><\/h2>\n<p>Um die Funktionen von Youtube Shorts nutzen zu k\u00f6nnen, m\u00fcssen Sie sich zun\u00e4chst \u00fcber die mobile Version der Youtube-Anwendung anmelden. Anschlie\u00dfend muss das +-Symbol am unteren Rand der Anwendung, d. h. die Option \"Erstellen\", angeklickt werden. Nach dem Klicken auf das Symbol \"Erstellen\" erscheint die Option \"Kurzes Video erstellen\". Dann sehen Sie die Shorts-Kamera. Auf dem Eingangsbildschirm muss der rote Kreis gedr\u00fcckt und gehalten werden, um die Videoaufnahme zu starten.<\/p>\n<p>Mit der n\u00e4chsten Option k\u00f6nnen Sie Ihren Inhalt im Vorschaubereich \u00fcberpr\u00fcfen. Dann k\u00f6nnen Sie Details zu Ihrem Inhalt hinzuf\u00fcgen, indem Sie erneut \"Weiter\" sagen, und nach all diesen Schritten klicken Sie auf \"Hochladen\", um Ihren Inhalt hochzuladen.<\/p>\n<h2><strong>HOCHLADEN VON INHALTEN AUF SHORTS<\/strong><\/h2>\n<p>Es gibt 2 Methoden zum Hochladen von Inhalten auf Youtube Shorts.<\/p>\n<p><strong>METHODE 1:<\/strong> Erstellen von Videos \u00fcber Youtube.<\/p>\n<ul>\n<li>Zun\u00e4chst einmal m\u00fcssen Sie ein Youtube-Konto haben. Wenn Sie ein Shorts-Video auf Ihrem Youtube-Konto vorbereiten m\u00f6chten, m\u00fcssen Sie sich von mobilen Ger\u00e4ten aus anmelden.<\/li>\n<li>Klicken Sie unten in der Mitte der Anwendung auf \"Kurzvideo erstellen\" (+).<\/li>\n<li>Wenn Ihr Kurzvideo l\u00e4nger als 15 Sekunden sein soll, k\u00f6nnen Sie die Aufnahmezeit auf 60 Sekunden \u00e4ndern, indem Sie auf die Option 15 Sekunden \u00fcber der Aufnahmeoption tippen.<\/li>\n<li>Dann erscheint die Kurze Kamera<\/li>\n<li>Um die Aufnahme zu starten, muss der rote Kreis am unteren Rand ber\u00fchrt werden.<\/li>\n<li>Nachdem Sie auf die Schaltfl\u00e4che \"Aufnahme\" getippt haben, k\u00f6nnen Sie die Vorschau Ihres Inhalts \u00fcberpr\u00fcfen, indem Sie auf \"Weiter\" klicken, und Details hinzuf\u00fcgen, indem Sie erneut auf \"Weiter\" klicken.<\/li>\n<li>Tippen Sie auf Geschwindigkeit, wenn Sie Ihre Aufnahme verlangsamen oder beschleunigen m\u00f6chten.<\/li>\n<li>Wenn Sie eine komfortable Aufnahme w\u00fcnschen, ber\u00fchren Sie die Option Timer. Mit der Countdown-Option k\u00f6nnen Sie ausw\u00e4hlen, wann die Aufnahme automatisch beendet werden soll.<\/li>\n<li>Tippen Sie auf Weiter, um dem Video Details hinzuzuf\u00fcgen. Auf diesem Bildschirm k\u00f6nnen Sie Ihrem Video einen Titel hinzuf\u00fcgen (maximal 1000 Zeichen) und Einstellungen wie den Videodatenschutz ausw\u00e4hlen.<\/li>\n<li>Die Zielgruppe kann ausgew\u00e4hlt werden, bevor das Video ver\u00f6ffentlicht wird. Mit anderen Worten, das gew\u00fcnschte Publikum wird durch Auswahl einer der Optionen \"ja, speziell f\u00fcr Kinder\" oder \"nein, nicht speziell f\u00fcr Kinder\" festgelegt.<\/li>\n<li>Nachdem alle diese Schritte abgeschlossen sind, klicken Sie auf die Option \"Hochladen\", um den Inhalt hochzuladen, nachdem die Erg\u00e4nzungen und erforderlichen \u00c4nderungen vorgenommen wurden.<\/li>\n<\/ul>\n<p><strong>METHODE ZWEI:<\/strong> Nachdem Sie Ihre Videos bearbeitet haben, k\u00f6nnen Sie ein Video auf Shorts hochladen, genauso wie Sie ein normales Video auf Youtube hochladen. Um ein Video auf Youtube Shorts hochzuladen, muss die Dauer k\u00fcrzer als 60 Sekunden sein.<\/p>\n<h2><strong>WAS SIND DIE MERKMALE VON YOUTUBE SHORTS?<\/strong><\/h2>\n<ul>\n<li>Youtube Shorts zeigt Videos im vertikalen Format.<\/li>\n<li>Die App setzt auf Unterhaltung, Information und Musik.<\/li>\n<li>Bei der Erstellung von Videos in Shorts k\u00f6nnen Songs aus der Youtube-Bibliothek lizenzfrei verwendet werden.<\/li>\n<li>Es ist m\u00f6glich, die Videoaufnahme zu beschleunigen oder zu verlangsamen.<\/li>\n<li>Es ist m\u00f6glich, dem Video Untertitel und Filter hinzuzuf\u00fcgen.<\/li>\n<li>Verschiedene Videos k\u00f6nnen kombiniert und als ein einziges Video freigegeben werden,<\/li>\n<\/ul>\n<h2><a href=\"https:\/\/www.designcangencer.com\/de\/kommunikation\/\"><strong>WER SOLLTE YOUTUBE SHORTS NUTZEN?<\/strong><\/a><\/h2>\n<p>Youtube Shorts sind eine gro\u00dfe Chance f\u00fcr Unternehmen und Produzenten von Inhalten. Im Vergleich zu regul\u00e4ren Youtube-Videos ist die Anzahl der Youtube-Short-Inhalte geringer. Technologieexperten, Familiensender, Vlogger, Sch\u00f6nheitsgurus, Spielzeugkritiker oder Gamer. Ganz gleich, in welchem Bereich Sie t\u00e4tig sind, Youtube Shorts k\u00f6nnen von allen Inhaltserstellern genutzt werden. Unternehmen und Marken k\u00f6nnen Kurzfilme erstellen und ihre Produkte und Dienstleistungen \u00fcber diese Videos vermarkten.<\/p>\n<p>In diesem Abschnitt helfen wir als Design Can Gen\u00e7er Digital Consultancy Company Ihnen bei der Erstellung von Youtube Shorts Videos. Dank Youtube Shorts k\u00f6nnen Sie viele Videos vorbereiten, die es den Massen erm\u00f6glichen, den Kanal anzuklicken und zu abonnieren und die Interaktionsrate zu erh\u00f6hen.<\/p>\n<h2><strong>WARUM BESITZER VON UNTERNEHMEN und INHALTSPRODUZENTEN YOUTUBE-KURZFILME BENUTZEN SOLLTEN?<\/strong><\/h2>\n<p>Das korrekte und qualitativ hochwertige Hochladen von Inhalten auf Youtube Shorts tr\u00e4gt dazu bei, die Sichtbarkeit Ihres Unternehmens zu erh\u00f6hen und Ihre Inhalte zu monetarisieren. Die Freigabe von Shorts-Videos auf Ihrem Youtube-Kanal erh\u00f6ht die Anzahl Ihrer Aufrufe. Je mehr Ihr Kanal angesehen wird, desto h\u00f6her ist die Steigerungsrate bei den Kanalabonnements und Interaktionen. Wenn Produzenten von Inhalten diese von Youtube angebotene Funktion nutzen, steigen sowohl die Anzahl der Videoaufrufe als auch die Anzahl der Aufrufe ihres Profils stark an. Unabh\u00e4ngig davon, wie viele Abonnenten Sie haben, k\u00f6nnen Sie mit Youtube Shorts Geld verdienen.<\/p>\n<\/div><\/div><style type=\"text\/css\">.fusion-body .fusion-builder-column-0{width:100% !important;margin-top : 20px;margin-bottom : 20px;}.fusion-builder-column-0 > .fusion-column-wrapper {padding-top : 0px !important;padding-right : 0px !important;margin-right : 1.92%;padding-bottom : 0px !important;padding-left : 0px !important;margin-left : 1.92%;}@media only screen and (max-width:1024px) {.fusion-body .fusion-builder-column-0{width:100% !important;order : 0;}.fusion-builder-column-0 > .fusion-column-wrapper {margin-right : 1.92%;margin-left : 1.92%;}}@media only screen and (max-width:640px) {.fusion-body .fusion-builder-column-0{width:100% !important;order : 0;}.fusion-builder-column-0 > .fusion-column-wrapper {margin-right : 1.92%;margin-left : 1.92%;}}<\/style><\/div><\/div><style type=\"text\/css\">.fusion-body .fusion-flex-container.fusion-builder-row-1{ padding-top : 0px;margin-top : 0px;padding-right : 0px;padding-bottom : 0px;margin-bottom : 0px;padding-left : 0px;}<\/style><\/div>","protected":false},"excerpt":{"rendered":"","protected":false},"author":1,"featured_media":0,"parent":0,"menu_order":0,"comment_status":"closed","ping_status":"closed","template":"100-width.php","meta":{"om_disable_all_campaigns":false,"_monsterinsights_skip_tracking":false,"_monsterinsights_sitenote_active":false,"_monsterinsights_sitenote_note":"","_monsterinsights_sitenote_category":0,"footnotes":""},"class_list":["post-3695","page","type-page","status-publish","hentry"],"aioseo_notices":[],"_links":{"self":[{"href":"https:\/\/www.designcangencer.com\/de\/wp-json\/wp\/v2\/pages\/3695","targetHints":{"allow":["GET"]}}],"collection":[{"href":"https:\/\/www.designcangencer.com\/de\/wp-json\/wp\/v2\/pages"}],"about":[{"href":"https:\/\/www.designcangencer.com\/de\/wp-json\/wp\/v2\/types\/page"}],"author":[{"embeddable":true,"href":"https:\/\/www.designcangencer.com\/de\/wp-json\/wp\/v2\/users\/1"}],"replies":[{"embeddable":true,"href":"https:\/\/www.designcangencer.com\/de\/wp-json\/wp\/v2\/comments?post=3695"}],"version-history":[{"count":6,"href":"https:\/\/www.designcangencer.com\/de\/wp-json\/wp\/v2\/pages\/3695\/revisions"}],"predecessor-version":[{"id":4654,"href":"https:\/\/www.designcangencer.com\/de\/wp-json\/wp\/v2\/pages\/3695\/revisions\/4654"}],"wp:attachment":[{"href":"https:\/\/www.designcangencer.com\/de\/wp-json\/wp\/v2\/media?parent=3695"}],"curies":[{"name":"wp","href":"https:\/\/api.w.org\/{rel}","templated":true}]}}