{"id":3694,"date":"2023-08-02T10:19:52","date_gmt":"2023-08-02T10:19:52","guid":{"rendered":"https:\/\/www.designcangencer.com\/?page_id=3694"},"modified":"2025-01-27T18:44:06","modified_gmt":"2025-01-27T18:44:06","slug":"youtube-kanali-icin-profesyonel-video-edit","status":"publish","type":"page","link":"https:\/\/www.designcangencer.com\/de\/professionelle-videobearbeitung-fur-youtube-kanal\/","title":{"rendered":"Professioneller Videoschnitt f\u00fcr Youtube-Kanal"},"content":{"rendered":"<div class=\"fusion-fullwidth fullwidth-box fusion-builder-row-1 fusion-flex-container has-pattern-background has-mask-background nonhundred-percent-fullwidth non-hundred-percent-height-scrolling\" style=\"background-color: rgba(255,255,255,0);background-position: center center;background-repeat: no-repeat;border-width: 0px 0px 0px 0px;border-color:hsla(var(--awb-color8-h),var(--awb-color8-s),var(--awb-color8-l),calc( var(--awb-color8-a) - 92% ));border-style:solid;\" ><div class=\"fusion-builder-row fusion-row fusion-flex-align-items-flex-start\" style=\"max-width:1476.8px;margin-left: calc(-4% \/ 2 );margin-right: calc(-4% \/ 2 );\"><div class=\"fusion-layout-column fusion_builder_column fusion-builder-column-0 fusion_builder_column_1_1 1_1 fusion-flex-column\"><div class=\"fusion-column-wrapper fusion-flex-justify-content-flex-start fusion-content-layout-column\" style=\"background-position:left top;background-repeat:no-repeat;-webkit-background-size:cover;-moz-background-size:cover;-o-background-size:cover;background-size:cover;padding: 0px 0px 0px 0px;\"><div class=\"fusion-text fusion-text-1\"><h2><img decoding=\"async\" class=\"lazyload size-full wp-image-4450 aligncenter\" src=\"https:\/\/www.designcangencer.com\/wp-content\/uploads\/2024\/01\/youtube-kanali.jpg\" data-orig-src=\"https:\/\/www.designcangencer.com\/wp-content\/uploads\/2024\/01\/youtube-kanali.jpg\" alt=\"\" width=\"800\" height=\"533\" srcset=\"data:image\/svg+xml,%3Csvg%20xmlns%3D%27http%3A%2F%2Fwww.w3.org%2F2000%2Fsvg%27%20width%3D%27800%27%20height%3D%27533%27%20viewBox%3D%270%200%20800%20533%27%3E%3Crect%20width%3D%27800%27%20height%3D%27533%27%20fill-opacity%3D%220%22%2F%3E%3C%2Fsvg%3E\" data-srcset=\"https:\/\/www.designcangencer.com\/wp-content\/uploads\/2024\/01\/youtube-kanali-200x133.jpg 200w, https:\/\/www.designcangencer.com\/wp-content\/uploads\/2024\/01\/youtube-kanali-300x200.jpg 300w, https:\/\/www.designcangencer.com\/wp-content\/uploads\/2024\/01\/youtube-kanali-400x267.jpg 400w, https:\/\/www.designcangencer.com\/wp-content\/uploads\/2024\/01\/youtube-kanali-600x400.jpg 600w, https:\/\/www.designcangencer.com\/wp-content\/uploads\/2024\/01\/youtube-kanali-768x512.jpg 768w, https:\/\/www.designcangencer.com\/wp-content\/uploads\/2024\/01\/youtube-kanali.jpg 800w\" data-sizes=\"auto\" data-orig-sizes=\"(max-width: 800px) 100vw, 800px\" \/><\/h2>\n<h2><strong>WAS IST YOUTUBE?<\/strong><\/h2>\n<p>Youtube ist eine Online-Videoplattform. Youtube ist die bei weitem dynamischste und beliebteste Videoplattform der Welt und bietet allen Menschen die Freiheit, Videos zu ver\u00f6ffentlichen und zu ver\u00f6ffentlichen. Im Jahr 2006 fusionierte es mit Google. Sie enth\u00e4lt Millionen von Videos, von Videoblogs bis zu Musikvideos, von Lehrvideos bis zu originellen Videos. Die Videos werden von Einzelpersonen direkt auf Youtube hochgeladen. Youtube gibt seinen Nutzern die Freiheit, Videos hochzuladen, zu kommentieren und zu teilen.<\/p>\n<p>Ihr Youtube-Kanal ist Ihre Homepage auf Youtube. Ein pers\u00f6nlicher Youtube-Kanal steht jedem zur Verf\u00fcgung, der sich als Mitglied anmeldet. Nach Eingabe und Best\u00e4tigung der Benutzerinformationen werden der Name des Kanalkontos, pers\u00f6nliche Informationen, allgemeine, vom Mitglied hochgeladene Videos und alle vom Mitglied eingegebenen Benutzerinformationen angezeigt.<\/p>\n<p>Sie haben die M\u00f6glichkeit, den Hintergrund und das Farbschema Ihres Youtube-Kanals individuell zu gestalten.<\/p>\n<h2><strong>WAS IST DER ZWECK VON YOUTUBE?<\/strong><\/h2>\n<p>Es dient dazu, dass Nutzer interaktiv Videos hochladen und austauschen k\u00f6nnen. Die Ziele werden weitgehend auf Youtube erreicht, wo Millionen von Nutzern weltweit Interesse zeigen. Jeder ist aus unterschiedlichen Motiven und Gr\u00fcnden auf Youtube.<\/p>\n<h2><a href=\"https:\/\/www.instagram.com\/designcangencer\/?next=\" target=\"_blank\" rel=\"noopener\"><strong>WIE ERSTELLE ICH EINEN PERS\u00d6NLICHEN KANAL AUF YOUTUBE?<\/strong><\/a><\/h2>\n<p>Sie k\u00f6nnen es auch ohne ein Youtube-Konto ansehen. Wenn Sie jedoch Videos hochladen, kommentieren oder Wiedergabelisten hinzuf\u00fcgen m\u00f6chten, m\u00fcssen Sie einen Youtube-Kanal einrichten.<\/p>\n<p><em>Um einen Kanal auf Youtube zu erstellen;<\/em><\/p>\n<ul>\n<li>Melden Sie sich bei Youtube mit Ihrem Google-Konto an.<\/li>\n<li>Versuchen Sie Aktionen, die einen Kanal erfordern, wie das Hochladen von Videos<\/li>\n<li>Wenn Sie es bereits haben, m\u00fcssen Sie einen Kanal erstellen.<\/li>\n<li>Ihre Angaben, einschlie\u00dflich Ihres Kontonamens und Ihres Bildes, m\u00fcssen \u00fcberpr\u00fcft und best\u00e4tigt werden.<\/li>\n<\/ul>\n<h2><a href=\"https:\/\/www.designcangencer.com\/de\/kommunikation\/\"><strong>WIE ERSTELLE ICH EINEN GESCH\u00c4FTSKANAL AUF YOUTUBE?<\/strong><\/a><\/h2>\n<p><em>Er\u00f6ffnung eines neuen Gesch\u00e4ftskanals;<\/em><\/p>\n<ul>\n<li>Ihr Youtube-Konto muss eingeloggt sein,<\/li>\n<li>Die Seite zum Wechseln des Youtube-Kanals sollte ge\u00f6ffnet werden,<\/li>\n<li>Um einen neuen Gesch\u00e4ftskanal zu er\u00f6ffnen, klicken Sie auf \"einen neuen Kanal erstellen\",<\/li>\n<li>Geben Sie den Namen des Markenkontos in das vorgesehene Feld ein und klicken Sie dann auf \"Erstellen\".<\/li>\n<\/ul>\n<h2><strong>WELCHE ARTEN VON VIDEOS K\u00d6NNEN AUF YOUTUBE HOCHGELADEN WERDEN?<\/strong><\/h2>\n<p>Alle Arten von Videos k\u00f6nnen auf YouTube hochgeladen werden. Creators erstellen YouTube-Videos, die von pers\u00f6nlichen Vlogs bis hin zu \"How-to\"-Videos, Comedy-Optionen, Reise- und Lifestyle-Lachern und vielem mehr reichen. Youtube hat jedoch Gemeinschaftsrichtlinien f\u00fcr Ersteller, die die Aufnahme von Videos verbieten, die Nacktheit, irref\u00fchrende Inhalte, Hassreden, Gewalt oder Fehlinformationen enthalten.<\/p>\n<h2><strong>IN WELCHEM FORMAT K\u00d6NNEN VIDEOS AUF YOUTUBE HOCHGELADEN WERDEN?<\/strong><\/h2>\n<p>Youtube akzeptiert nicht alle Formate. Derzeit werden nur Formate wie AVI, FLV, MP4, MOV, MPEG, WEBM, 3GPP ohne Probleme hochgeladen. Bei ungeeigneten Videoformaten kann es mit verschiedenen Konverterprogrammen in das entsprechende Format umgewandelt werden.<\/p>\n<h2><strong>WAS SIND DIE WICHTIGSTEN ELEMENTE F\u00dcR EINEN YOUTUBE-KANAL?<\/strong><\/h2>\n<p><em>Es gibt 3 Elemente, die f\u00fcr einen Youtube-Kanal ber\u00fccksichtigt werden m\u00fcssen. Diese sind<\/em><\/p>\n<ul>\n<li><strong>KANAL-NAME<\/strong>: Der Name Ihres Youtube-Kanals sollte Ihren Zuschauern eine Vorstellung davon vermitteln, worum es in Ihrem Kanal geht. Der Name Ihres Kanals kann der Name Ihres Unternehmens sein. Er kann etwas widerspiegeln, das Sie anstreben. Der Prozess der Auswahl eines Youtube-Kanalnamens kann dem Prozess der Auswahl Ihres Firmennamens \u00e4hnlich sein. Gute Marken achten auf ein Brainstorming \u00fcber Markennamen, um ihrer Zielgruppe einen Eindruck von ihren Produkten und Dienstleistungen zu vermitteln. Das Gleiche gilt f\u00fcr den Youtube-Kanal. Wenn Sie ein bestehender Unternehmer sind und Zeit damit verbracht haben, ein K\u00e4uferprofil zu erstellen, sollten Sie eine Vorstellung davon haben, wer Ihr Kernpublikum sein wird und was es von Ihren Videos erwartet.<\/li>\n<li><strong>KANALBESCHREIBUNG<\/strong>: Die Kanalbeschreibung, auch bekannt als der \"About\"-Abschnitt, hilft dem YouTube-Algorithmus. Der Youtube-Such-Crawler liest und indiziert die Beschreibung Ihres Unternehmenskanals, Videotitel, Videobeschreibungen und Video-Tags, um festzustellen, ob der Inhalt f\u00fcr die Suche eines Zuschauers relevant ist. Das Scannen der Beschreibung Ihres Youtube-Kanals hilft zu verstehen, worum es darin geht. Auf diese Weise r\u00e4umt Youtube Ihnen Vorrang ein, indem es Ihre Videos vor den Nutzern platziert, die mit den in Ihrer Beschreibung angegebenen Begriffen suchen. Es ist wichtig, Ihre Beschreibungen mit Schl\u00fcsselw\u00f6rtern zu f\u00fcllen. Es sollte eine ehrliche und verst\u00e4ndliche Kanalbeschreibung verfasst werden, die Schl\u00fcsselw\u00f6rter enth\u00e4lt und die Nutzer anspricht. Es ist bemerkenswert, dass Sie Ihre einzigartigen Wertangebote, die Sie den Nutzern anbieten, beschreiben. Es kann erkl\u00e4rt werden, warum Nutzer sich Videos auf Ihrem Youtube-Kanal ansehen sollten. Es ist wichtig, die Werte, die Ihr Zielpublikum durch das Ansehen Ihrer Videos erh\u00e4lt, klar zu formulieren.<\/li>\n<li><strong>KANAL EMAIL: <\/strong>Wenn Ihr Youtube-Kanal 10.000 Abonnenten erreicht, k\u00f6nnen Sie von Marken- oder Unternehmenssponsoren angesprochen werden, um gesponserte Inhalte zu ver\u00f6ffentlichen. Sie haben die M\u00f6glichkeit, Geld zu verdienen, indem Sie gesponserte Inhalte auf Ihrem Kanal ver\u00f6ffentlichen. Sie k\u00f6nnen die E-Mail Ihres YouTube-Kanals nutzen, um sich mit Ihrem Zielpublikum zu vernetzen und potenzielle Markendeals zu Geld zu machen. Stellen Sie sicher, dass Ihre E-Mail-Adresse angegeben ist, damit Ihr Publikum, Sponsoren und Marken Sie leicht kontaktieren k\u00f6nnen.<\/li>\n<\/ul>\n<h2><strong>WAS SIND DIE ANDEREN WICHTIGEN ELEMENTE F\u00dcR EINEN YOUTUBE-KANAL?<\/strong><\/h2>\n<p>Sie k\u00f6nnen die folgenden Elemente auf der Registerkarte \"Anpassung\" des Youtube Studios hinzuf\u00fcgen. Diese Funktionen werden auf der Startseite Ihres Youtube-Kanals angezeigt. Sie sind wichtig, um die Anzahl der Videoaufrufe zu erh\u00f6hen, Abonnenten zu gewinnen und Besucher f\u00fcr Ihre Website\/Social-Media-Profile zu gewinnen.<\/p>\n<ul>\n<li><strong>KANAL-LOGO:<\/strong> Das Logo des Youtube-Kanals erscheint neben jedem Video in den Suchergebnissen. Sie k\u00f6nnen das Logo Ihres Unternehmens oder das Foto Ihres Produkts als Logo verwenden.<\/li>\n<li><strong>VIDEO-FILTER:<\/strong> Das Video-Wasserzeichen ist das Bild, das unten rechts in Ihren Videos auf Youtube erscheint. Es wird im Allgemeinen verwendet, um mehr Abonnenten f\u00fcr Ihren Youtube-Kanal zu gewinnen. Es kann jedes beliebige Bild sein. Um die Klickrate zu erh\u00f6hen, sollte ein Bild verwendet werden, das die Aufmerksamkeit der Nutzer auf sich zieht.<\/li>\n<li><strong>WEB-SEITE und SOCIAL MEDIA LINKS:<\/strong> Sie k\u00f6nnen Links zu Ihrem Kanalbanner auf Ihrer Website und Ihren Konten auf Social-Media-Plattformen wie Instagram, Snapchat, Facebook und Pinterest hinzuf\u00fcgen. Dies hilft Ihrem Zielpublikum auf Youtube, mit Ihnen zu interagieren und sich mit Ihnen zu verbinden.<\/li>\n<li><strong>KANALBILD:<\/strong> Durch das Hinzuf\u00fcgen eines Kanalbildes zu Ihrem Profil k\u00f6nnen Sie sich selbst darstellen. Die ideale Gr\u00f6\u00dfe f\u00fcr ein Youtube-Kanalbild ist 2560\u00d71440 Pixel. Der Bereich, der auf allen Ger\u00e4ten angezeigt werden soll, betr\u00e4gt 1546\u00d7423 Pixel. Achten Sie darauf, dass alle Ihre Texte, Logos oder visuellen Schwerpunkte innerhalb dieses Bereichs bleiben.<\/li>\n<li><strong>KANAL-TRAILER:<\/strong> Angenommen, Sie haben einen YouTube-Kanal, der verschiedene Themen behandelt. Wenn YouTube-Nutzer auf Ihren Kanal sto\u00dfen, vermittelt ihnen Ihr Videotrailer einen kurzen Eindruck davon, worum es in Ihrem Video geht. Sagen Sie Nutzern, die Ihren Kanaltrailer ansehen, dass sie sich Ihre anderen Videos ansehen und Ihren Kanal abonnieren sollen, damit Sie keine neuen Videos verpassen. So k\u00f6nnen Sie die Zahl Ihrer Abonnenten erh\u00f6hen.<\/li>\n<\/ul>\n<\/div><\/div><style type=\"text\/css\">.fusion-body .fusion-builder-column-0{width:100% !important;margin-top : 20px;margin-bottom : 20px;}.fusion-builder-column-0 > .fusion-column-wrapper {padding-top : 0px !important;padding-right : 0px !important;margin-right : 1.92%;padding-bottom : 0px !important;padding-left : 0px !important;margin-left : 1.92%;}@media only screen and (max-width:1024px) {.fusion-body .fusion-builder-column-0{width:100% !important;order : 0;}.fusion-builder-column-0 > .fusion-column-wrapper {margin-right : 1.92%;margin-left : 1.92%;}}@media only screen and (max-width:640px) {.fusion-body .fusion-builder-column-0{width:100% !important;order : 0;}.fusion-builder-column-0 > .fusion-column-wrapper {margin-right : 1.92%;margin-left : 1.92%;}}<\/style><\/div><\/div><style type=\"text\/css\">.fusion-body .fusion-flex-container.fusion-builder-row-1{ padding-top : 0px;margin-top : 0px;padding-right : 0px;padding-bottom : 0px;margin-bottom : 0px;padding-left : 0px;}<\/style><\/div>","protected":false},"excerpt":{"rendered":"","protected":false},"author":1,"featured_media":0,"parent":0,"menu_order":0,"comment_status":"closed","ping_status":"closed","template":"100-width.php","meta":{"om_disable_all_campaigns":false,"_monsterinsights_skip_tracking":false,"_monsterinsights_sitenote_active":false,"_monsterinsights_sitenote_note":"","_monsterinsights_sitenote_category":0,"footnotes":""},"class_list":["post-3694","page","type-page","status-publish","hentry"],"aioseo_notices":[],"_links":{"self":[{"href":"https:\/\/www.designcangencer.com\/de\/wp-json\/wp\/v2\/pages\/3694","targetHints":{"allow":["GET"]}}],"collection":[{"href":"https:\/\/www.designcangencer.com\/de\/wp-json\/wp\/v2\/pages"}],"about":[{"href":"https:\/\/www.designcangencer.com\/de\/wp-json\/wp\/v2\/types\/page"}],"author":[{"embeddable":true,"href":"https:\/\/www.designcangencer.com\/de\/wp-json\/wp\/v2\/users\/1"}],"replies":[{"embeddable":true,"href":"https:\/\/www.designcangencer.com\/de\/wp-json\/wp\/v2\/comments?post=3694"}],"version-history":[{"count":5,"href":"https:\/\/www.designcangencer.com\/de\/wp-json\/wp\/v2\/pages\/3694\/revisions"}],"predecessor-version":[{"id":4655,"href":"https:\/\/www.designcangencer.com\/de\/wp-json\/wp\/v2\/pages\/3694\/revisions\/4655"}],"wp:attachment":[{"href":"https:\/\/www.designcangencer.com\/de\/wp-json\/wp\/v2\/media?parent=3694"}],"curies":[{"name":"wp","href":"https:\/\/api.w.org\/{rel}","templated":true}]}}