{"id":3681,"date":"2023-08-02T10:17:39","date_gmt":"2023-08-02T10:17:39","guid":{"rendered":"https:\/\/www.designcangencer.com\/?page_id=3681"},"modified":"2025-01-27T18:24:49","modified_gmt":"2025-01-27T18:24:49","slug":"trafik-cekme-reklamlari","status":"publish","type":"page","link":"https:\/\/www.designcangencer.com\/de\/traffic-pull-ads\/","title":{"rendered":"Traffic Attraction Ads"},"content":{"rendered":"<div class=\"fusion-fullwidth fullwidth-box fusion-builder-row-1 fusion-flex-container has-pattern-background has-mask-background nonhundred-percent-fullwidth non-hundred-percent-height-scrolling\" style=\"background-color: rgba(255,255,255,0);background-position: center center;background-repeat: no-repeat;border-width: 0px 0px 0px 0px;border-color:hsla(var(--awb-color8-h),var(--awb-color8-s),var(--awb-color8-l),calc( var(--awb-color8-a) - 92% ));border-style:solid;\" ><div class=\"fusion-builder-row fusion-row fusion-flex-align-items-flex-start\" style=\"max-width:1476.8px;margin-left: calc(-4% \/ 2 );margin-right: calc(-4% \/ 2 );\"><div class=\"fusion-layout-column fusion_builder_column fusion-builder-column-0 fusion_builder_column_1_1 1_1 fusion-flex-column\"><div class=\"fusion-column-wrapper fusion-flex-justify-content-flex-start fusion-content-layout-column\" style=\"background-position:left top;background-repeat:no-repeat;-webkit-background-size:cover;-moz-background-size:cover;-o-background-size:cover;background-size:cover;padding: 0px 0px 0px 0px;\"><div class=\"fusion-text fusion-text-1\"><h2><img decoding=\"async\" class=\"lazyload size-full wp-image-4464 aligncenter\" src=\"https:\/\/www.designcangencer.com\/wp-content\/uploads\/2024\/01\/trafik.jpg\" data-orig-src=\"https:\/\/www.designcangencer.com\/wp-content\/uploads\/2024\/01\/trafik.jpg\" alt=\"\" width=\"800\" height=\"533\" srcset=\"data:image\/svg+xml,%3Csvg%20xmlns%3D%27http%3A%2F%2Fwww.w3.org%2F2000%2Fsvg%27%20width%3D%27800%27%20height%3D%27533%27%20viewBox%3D%270%200%20800%20533%27%3E%3Crect%20width%3D%27800%27%20height%3D%27533%27%20fill-opacity%3D%220%22%2F%3E%3C%2Fsvg%3E\" data-srcset=\"https:\/\/www.designcangencer.com\/wp-content\/uploads\/2024\/01\/trafik-200x133.jpg 200w, https:\/\/www.designcangencer.com\/wp-content\/uploads\/2024\/01\/trafik-300x200.jpg 300w, https:\/\/www.designcangencer.com\/wp-content\/uploads\/2024\/01\/trafik-400x267.jpg 400w, https:\/\/www.designcangencer.com\/wp-content\/uploads\/2024\/01\/trafik-600x400.jpg 600w, https:\/\/www.designcangencer.com\/wp-content\/uploads\/2024\/01\/trafik-768x512.jpg 768w, https:\/\/www.designcangencer.com\/wp-content\/uploads\/2024\/01\/trafik.jpg 800w\" data-sizes=\"auto\" data-orig-sizes=\"(max-width: 800px) 100vw, 800px\" \/><\/h2>\n<h2>Traffic Attraction Ads<\/h2>\n<p>Wenn Sie wollen, dass Ihr Unternehmen in der digitalen Welt Fu\u00df fasst, m\u00fcssen Sie Besucher auf Ihre Website locken. Je mehr Besucher Ihre Unternehmenswebsite hat, desto mehr k\u00f6nnen Sie in der digitalen Welt wachsen. Je mehr Nutzer Ihre Unternehmenswebsite besuchen, desto mehr Eink\u00e4ufe werden get\u00e4tigt. Sorgen Sie bei Ihren digitalen Marketingbem\u00fchungen f\u00fcr den richtigen Verkehrsfluss <strong><em>Design Can Gen\u00e7er Digitales Beratungsunternehmen<\/em><\/strong> wie wir Ihnen helfen, Ihren Traffic zu steigern.<\/p>\n<h2><a href=\"https:\/\/www.designcangencer.com\/de\/kommunikation\/\"><strong>Welche Methoden gibt es, um den Verkehr auf der Website zu erh\u00f6hen?<\/strong><\/a><\/h2>\n<p>Es gibt zwei Methoden zur Steigerung der Besucherzahlen auf einer Website.<\/p>\n<ul>\n<li><strong>Gewinnung neuer Kunden<\/strong><\/li>\n<li><strong>Kundenbindung<\/strong><\/li>\n<\/ul>\n<p>Gewinnung neuer Kunden: Kontaktaufnahme mit Nutzern, die Ihre Website noch nicht besucht haben (z. B. Instagram-, Facebook- und Youtube-Werbung)<\/p>\n<p>Kundenbindung: Es geht darum, das Produkt oder die Dienstleistung anzubieten, die die Nutzer, die Ihre Website besuchen, suchen, und sie dazu zu bringen, wiederzukommen.<\/p>\n<h3><strong>IHRE INHALTE WERTVOLL MACHEN<\/strong><\/h3>\n<p>Die Tatsache, dass Ihr Inhalt wertvoll und reichhaltig ist, erm\u00f6glicht es den Nutzern, die Sie besuchen, wieder zu Ihnen zur\u00fcckzukehren.<\/p>\n<ul>\n<li><strong>Schl\u00fcsselw\u00f6rter:<\/strong>\u00a0Die richtigen Schl\u00fcsselw\u00f6rter m\u00fcssen ausgew\u00e4hlt werden, damit Ihre Kunden den Inhalt eingeben.<\/li>\n<li><strong>Titel Hierarchie:<\/strong>\u00a0Die Titel werden in der Reihenfolge ihrer Bedeutung festgelegt. Es wird auf Ihre Titel geachtet und es sollte darauf geachtet werden, dass sie bemerkenswert sind.<\/li>\n<li><strong>Visuell und Video:<\/strong>\u00a0Visualit\u00e4t ist f\u00fcr die Menschen auff\u00e4llig, daher sollten Bilder und Videos hinzugef\u00fcgt werden.<\/li>\n<\/ul>\n<h3><strong>IHRE WEBSITE IST MIT ALLEN GER\u00c4TEN KOMPATIBEL<\/strong><\/h3>\n<p>Das Kompatibilit\u00e4tsproblem, das bei Handys h\u00e4ufig auftritt, besteht darin, dass die Fotos nicht vollst\u00e4ndig sichtbar sind, der Text verschoben oder nicht vollst\u00e4ndig lesbar ist, was dazu f\u00fchrt, dass die Kunden die Website nicht mehr besuchen. Es ist wichtig, dass alle potenziellen Ger\u00e4te mit Ihrer Website kompatibel sind.<\/p>\n<p><strong>\u00a0<\/strong><\/p>\n<h3><strong>CDN-NUTZUNG F\u00dcR WEBSITE-GESCHWINDIGKEIT<\/strong><\/h3>\n<p>Google misst der Kundenzufriedenheit gro\u00dfe Bedeutung bei. Um an die Spitze zu gelangen, sollte auf die Geschwindigkeit der Website geachtet werden. Eine der besten M\u00f6glichkeiten, die Geschwindigkeit zu erh\u00f6hen, ist CDN. Nutzer, die Ihre Website besuchen, helfen Ihnen, den Weg zu verk\u00fcrzen, indem sie sie vom n\u00e4chstgelegenen Server senden und den Inhalt sofort erreichen.<\/p>\n<h3><strong>MODERATION VON ALTEN INHALTEN<\/strong><\/h3>\n<p>Neue Inhalte m\u00fcssen geschrieben werden, um neue Besucher anzuziehen. Die \u00dcberarbeitung Ihrer alten Inhalte ist ein wirksames Mittel, um die Besucherzahlen Ihrer Website zu erh\u00f6hen. Suchmaschinenroboter besuchen immer Websites mit neuen Inhalten. Jedes Mal, wenn Ihr alter Inhalt aktualisiert wird, wird ein Zeichen gesetzt, dass Ihre Seite erneut besucht werden soll. Die Suchmaschinen erkennen dies und bewerten das Ranking Ihrer Seite entsprechend der Aktualisierung neu.  Um schnellere Ergebnisse zu erzielen, m\u00fcssen alte Inhalte, die Besucher auf Ihre Website locken, aktualisiert werden.<\/p>\n<ul>\n<li>Rechtschreibfehler werden erkannt und korrigiert.<\/li>\n<li>Defekte Links werden behoben und mit neuen Quellen verlinkt.<\/li>\n<li>Neue Bilder, Videos oder Infografiken werden hinzugef\u00fcgt.<\/li>\n<li>Durch die Aktualisierung Ihrer alten Informationen wird die Genauigkeit des Inhalts verbessert.<\/li>\n<\/ul>\n<h3><strong>STUDIEN ZUR SUCHMASCHINENOPTIMIERUNG (SEO)<\/strong><\/h3>\n<p>SEO-Studien sind eine sehr wirksame Methode zur Steigerung der Besucherzahlen Ihrer Website. Die Optimierung Ihrer Website f\u00fcr SEO macht Ihre Website kompatibel f\u00fcr Besucher und Suchmaschinen. Die Auswertung von gut durchgef\u00fchrter SEO hilft Ihrer Website, Besucher anzuziehen und hohe Platzierungen in den Ergebnisseiten der Suchmaschinen f\u00fcr Ihre Website zu erreichen. Wenn in der Suchmaschine nach Themen aus Ihrer Branche gesucht wird, erh\u00f6ht die Top-Platzierung Ihrer Website Ihr Potenzial, die Zielgruppe auf Ihre Website zu locken, und Ihre Pr\u00e4senz in der digitalen Welt wird verst\u00e4rkt.<\/p>\n<p>Die Recherche nach Schl\u00fcsselw\u00f6rtern ist ein einfacher Weg, um mit der Optimierung Ihrer Website zu beginnen. Es sollte ermittelt werden, wie oft Nutzer nach bestimmten Schl\u00fcsselw\u00f6rtern suchen. Wenn Sie sich auf die SEO-Arbeit konzentrieren und die richtigen Ma\u00dfnahmen ergreifen, erh\u00f6hen Sie den Bekanntheitsgrad Ihres Unternehmens und sorgen daf\u00fcr, dass Sie in den Suchmaschinen bei den organischen Begriffen ganz oben rangieren und in Bezug auf Ihre Zuverl\u00e4ssigkeit an die Spitze kommen.<\/p>\n<h2>DINGE, DIE MAN TUN KANN, UM SEO ZU VERBESSERN;<\/h2>\n<ul>\n<li><strong>Titel-Tags:<\/strong>\u00a0Wir sorgen daf\u00fcr, dass die Schl\u00fcsselw\u00f6rter im Titel enthalten sind.<\/li>\n<li><strong>Meta-Beschreibungen:<\/strong>\u00a0Sie sind kurze Beschreibungen von Webseiten, die in den SERPs angezeigt werden. Sie enthalten Schl\u00fcsselw\u00f6rter wie in den Titel-Tags. Sie sind notwendig, damit Nutzer und Suchmaschinen verstehen, worum es auf Ihrer Seite geht.<\/li>\n<li><strong>\u00dcberschrift Tags:\u00a0<\/strong>Durch die Verwendung von Header-Tags machen wir Ihre Inhalte leicht lesbar.<\/li>\n<li><strong>Untertitel f\u00fcr Bildmaterial:\u00a0<\/strong>Sie wird im Internet verwendet, um Bilder zu beschreiben. Sie erm\u00f6glicht es Suchmaschinen-Robotern, Bilder zu verstehen. Bildschirmlesehilfen werden f\u00fcr sehbehinderte Benutzer verwendet.<\/li>\n<\/ul>\n<h2><a href=\"https:\/\/www.instagram.com\/designcangencer\/?next=\" target=\"_blank\" rel=\"noopener\"><strong>BESUCHER MIT SOZIALEN MEDIEN ANLOCKEN<\/strong><\/a><\/h2>\n<p>Social-Media-Plattformen sind leistungsf\u00e4hige Instrumente, um Besucher auf die Website zu locken. Wenn Sie sie effektiv nutzen, k\u00f6nnen Sie die Zahl der Nutzer, die Ihre Website besuchen, erh\u00f6hen. Es ist wichtig, dass Ihre Inhalte einfach zu teilen sind. Die Nutzer teilen die Inhalte, die sie im Internet finden, gerne mit ihrem n\u00e4heren Umfeld. Es w\u00e4re nicht richtig, von den Nutzern zu erwarten, dass sie die erstellten Inhalte teilen. Jedes Mal, wenn ein neuer Inhalt hochgeladen wird, muss er in den sozialen Netzwerken geteilt werden.<\/p>\n<ul>\n<li>Hinzuf\u00fcgen von Bildern: Die Nutzer klicken mehr auf visuell ansprechende Artikel.<\/li>\n<li>Verwendung von Tags: Nutzer, die nach dem in den Tags verwendeten Schl\u00fcsselwort suchen, gelangen leichter zu Ihren Inhalten.<\/li>\n<li>Die Wahl der richtigen Website: Jedes soziale Mediennetzwerk hat unterschiedliche Zielgruppen. W\u00e4hrend Erwachsene vor allem Facebook nutzen, bevorzugen junge Menschen Instagram und die Plattform X.<\/li>\n<\/ul>\n<h3><strong>FACEBOOK-WERBUNG<\/strong><\/h3>\n<p>Eine der besten M\u00f6glichkeiten, \u00fcber soziale Medien Besucher anzuziehen, sind Facebook-Werbeanzeigen. Wenn man die Werbekosten betrachtet, geh\u00f6rt die Tatsache, dass Facebook g\u00fcnstiger ist als Suchmaschinen, zu den bevorzugten Methoden f\u00fcr Unternehmen. Wie andere Social-Media-Plattformen auch, kostet Facebook pro Klick, so dass wir Ihre Pl\u00e4ne \u00fcber sie machen.<\/p>\n<h3><strong>TRAFFIC AUF YOUTUBE ANZIEHEN<\/strong><\/h3>\n<p>Durch die Produktion von Videos auf Youtube haben Sie die M\u00f6glichkeit, Ihr Zielpublikum zu erweitern und Ihre Website den Nutzern zu empfehlen, die das Video ansehen, w\u00e4hrend Sie f\u00fcr Ihr Unternehmen werben.  Youtube ist eine der meistgenutzten Plattformen.<\/p>\n<p>Es ist wichtig, das Zielpublikum zu erreichen und potenzielle Kunden zu gewinnen. Analysen k\u00f6nnen auf Youtube durchgef\u00fchrt werden. Sie helfen Ihnen, Ihr Unternehmen zu verbessern, indem Sie erfahren, ob Ihre Kunden zufrieden sind und welche Bed\u00fcrfnisse sie haben.<\/p>\n<h3><strong>GEWINNUNG VON BESUCHERN DURCH BACKLINKING<\/strong><\/h3>\n<p>Wir helfen Ihnen dabei, mit Ihren Links, die auf anderen Websites platziert werden, Traffic auf Ihre Unternehmenswebsite zu ziehen.<\/p>\n<h3><strong>TRAFFIC DURCH INSTAGRAM-STORYS ANLOCKEN<\/strong><\/h3>\n<p>Es ist sowohl kosteng\u00fcnstig als auch effektiv, bei der von Ihnen festgelegten Zielgruppe zu werben. Wenn Sie die Werbung richtig organisieren, erh\u00f6ht sich der Verkehr auf Ihrer Website.<\/p>\n<h3><strong>TRAFFIC MIT GOOGLE DISPLAY ADS ANLOCKEN<\/strong><\/h3>\n<p>Wenn Sie Ihre Unternehmenswebsite ausbauen und weiterentwickeln m\u00f6chten, m\u00fcssen Sie zun\u00e4chst potenzielle Kunden auf Ihre Website locken, indem Sie f\u00fcr Traffic sorgen. Eine der effektivsten Methoden sind Google Display Ads, mit denen Sie die Aufmerksamkeit Ihrer potenziellen Zielgruppe auf sich ziehen k\u00f6nnen, indem Sie Anzeigen schalten, w\u00e4hrend Sie Videos ansehen oder Nachrichten im Internet lesen. Wenn Google-Anzeigen richtig eingesetzt werden, sind die Konversionsraten recht gut. Da Google Display Ads kosteneffizient sind, k\u00f6nnen sie dazu verwendet werden, Interesse zu wecken und Besucher auf die Website zu locken.<\/p>\n<h3><strong>VERKEHRSERZEUGUNG DURCH E-MAIL-MARKETING<\/strong><\/h3>\n<p>Die E-Mail ist auch heute noch eine wirksame Marketingmethode. Wenn Ihr Zielpublikum aus kleinen und wertvollen Menschen besteht, ist es eine effektive Marketingmethode, sie per E-Mail zu aktivieren. Die Platzierung von Blog-Abschnitten in den w\u00f6chentlich zu versendenden E-Mails hilft dabei, Ihre Inhalte per E-Mail zu bewerben.<\/p>\n<\/div><\/div><style type=\"text\/css\">.fusion-body .fusion-builder-column-0{width:100% !important;margin-top : 20px;margin-bottom : 20px;}.fusion-builder-column-0 > .fusion-column-wrapper {padding-top : 0px !important;padding-right : 0px !important;margin-right : 1.92%;padding-bottom : 0px !important;padding-left : 0px !important;margin-left : 1.92%;}@media only screen and (max-width:1024px) {.fusion-body .fusion-builder-column-0{width:100% !important;order : 0;}.fusion-builder-column-0 > .fusion-column-wrapper {margin-right : 1.92%;margin-left : 1.92%;}}@media only screen and (max-width:640px) {.fusion-body .fusion-builder-column-0{width:100% !important;order : 0;}.fusion-builder-column-0 > .fusion-column-wrapper {margin-right : 1.92%;margin-left : 1.92%;}}<\/style><\/div><\/div><style type=\"text\/css\">.fusion-body .fusion-flex-container.fusion-builder-row-1{ padding-top : 0px;margin-top : 0px;padding-right : 0px;padding-bottom : 0px;margin-bottom : 0px;padding-left : 0px;}<\/style><\/div>","protected":false},"excerpt":{"rendered":"","protected":false},"author":1,"featured_media":0,"parent":0,"menu_order":0,"comment_status":"closed","ping_status":"closed","template":"100-width.php","meta":{"om_disable_all_campaigns":false,"_monsterinsights_skip_tracking":false,"_monsterinsights_sitenote_active":false,"_monsterinsights_sitenote_note":"","_monsterinsights_sitenote_category":0,"footnotes":""},"class_list":["post-3681","page","type-page","status-publish","hentry"],"aioseo_notices":[],"_links":{"self":[{"href":"https:\/\/www.designcangencer.com\/de\/wp-json\/wp\/v2\/pages\/3681","targetHints":{"allow":["GET"]}}],"collection":[{"href":"https:\/\/www.designcangencer.com\/de\/wp-json\/wp\/v2\/pages"}],"about":[{"href":"https:\/\/www.designcangencer.com\/de\/wp-json\/wp\/v2\/types\/page"}],"author":[{"embeddable":true,"href":"https:\/\/www.designcangencer.com\/de\/wp-json\/wp\/v2\/users\/1"}],"replies":[{"embeddable":true,"href":"https:\/\/www.designcangencer.com\/de\/wp-json\/wp\/v2\/comments?post=3681"}],"version-history":[{"count":6,"href":"https:\/\/www.designcangencer.com\/de\/wp-json\/wp\/v2\/pages\/3681\/revisions"}],"predecessor-version":[{"id":4648,"href":"https:\/\/www.designcangencer.com\/de\/wp-json\/wp\/v2\/pages\/3681\/revisions\/4648"}],"wp:attachment":[{"href":"https:\/\/www.designcangencer.com\/de\/wp-json\/wp\/v2\/media?parent=3681"}],"curies":[{"name":"wp","href":"https:\/\/api.w.org\/{rel}","templated":true}]}}