{"id":3675,"date":"2023-08-02T10:16:53","date_gmt":"2023-08-02T10:16:53","guid":{"rendered":"https:\/\/www.designcangencer.com\/?page_id=3675"},"modified":"2025-01-27T18:14:45","modified_gmt":"2025-01-27T18:14:45","slug":"google-arama-motoru-reklamlari","status":"publish","type":"page","link":"https:\/\/www.designcangencer.com\/de\/google-suchmaschinen-anzeigen\/","title":{"rendered":"Google-Suchmaschinen-Anzeigen"},"content":{"rendered":"<div class=\"fusion-fullwidth fullwidth-box fusion-builder-row-1 fusion-flex-container has-pattern-background has-mask-background nonhundred-percent-fullwidth non-hundred-percent-height-scrolling\" style=\"background-color: rgba(255,255,255,0);background-position: center center;background-repeat: no-repeat;border-width: 0px 0px 0px 0px;border-color:hsla(var(--awb-color8-h),var(--awb-color8-s),var(--awb-color8-l),calc( var(--awb-color8-a) - 92% ));border-style:solid;\" ><div class=\"fusion-builder-row fusion-row fusion-flex-align-items-flex-start\" style=\"max-width:1476.8px;margin-left: calc(-4% \/ 2 );margin-right: calc(-4% \/ 2 );\"><div class=\"fusion-layout-column fusion_builder_column fusion-builder-column-0 fusion_builder_column_1_1 1_1 fusion-flex-column\"><div class=\"fusion-column-wrapper fusion-flex-justify-content-flex-start fusion-content-layout-column\" style=\"background-position:left top;background-repeat:no-repeat;-webkit-background-size:cover;-moz-background-size:cover;-o-background-size:cover;background-size:cover;padding: 0px 0px 0px 0px;\"><div class=\"fusion-text fusion-text-1\"><h2><img decoding=\"async\" class=\"lazyload size-full wp-image-4460 aligncenter\" src=\"https:\/\/www.designcangencer.com\/wp-content\/uploads\/2024\/01\/google-arama-motoru.jpg\" data-orig-src=\"https:\/\/www.designcangencer.com\/wp-content\/uploads\/2024\/01\/google-arama-motoru.jpg\" alt=\"\" width=\"800\" height=\"533\" srcset=\"data:image\/svg+xml,%3Csvg%20xmlns%3D%27http%3A%2F%2Fwww.w3.org%2F2000%2Fsvg%27%20width%3D%27800%27%20height%3D%27533%27%20viewBox%3D%270%200%20800%20533%27%3E%3Crect%20width%3D%27800%27%20height%3D%27533%27%20fill-opacity%3D%220%22%2F%3E%3C%2Fsvg%3E\" data-srcset=\"https:\/\/www.designcangencer.com\/wp-content\/uploads\/2024\/01\/google-arama-motoru-200x133.jpg 200w, https:\/\/www.designcangencer.com\/wp-content\/uploads\/2024\/01\/google-arama-motoru-300x200.jpg 300w, https:\/\/www.designcangencer.com\/wp-content\/uploads\/2024\/01\/google-arama-motoru-400x267.jpg 400w, https:\/\/www.designcangencer.com\/wp-content\/uploads\/2024\/01\/google-arama-motoru-600x400.jpg 600w, https:\/\/www.designcangencer.com\/wp-content\/uploads\/2024\/01\/google-arama-motoru-768x512.jpg 768w, https:\/\/www.designcangencer.com\/wp-content\/uploads\/2024\/01\/google-arama-motoru.jpg 800w\" data-sizes=\"auto\" data-orig-sizes=\"(max-width: 800px) 100vw, 800px\" \/><\/h2>\n<h2><strong>WAS SIND GOOGLE-ANZEIGEN?<\/strong><\/h2>\n<p>Es handelt sich um eine Online-Werbeplattform, die es erm\u00f6glicht, dass das angebotene Produkt oder die angebotene Dienstleistung das Zielpublikum erreicht. Es handelt sich um eine Werbeplattform, die mit Kosten pro Klick arbeitet. Sie m\u00fcssen jedes Mal bezahlen, wenn ein Nutzer oder Besucher auf die Anzeige klickt.<\/p>\n<p>Marketingexperten vertrauen auf die Google-Werbeplattform, weil sie es ihnen erm\u00f6glicht, mehr Kunden zu erreichen, indem sie den Nutzern Anzeigen dort zeigen, wo sie vergleichbare und echte Informationen finden k\u00f6nnen. Die Situation der Werbung auf dem nationalen und internationalen Markt gew\u00e4hrleistet, dass sie die Zielgruppen zum richtigen Zeitpunkt mit anpassbaren Funktionen erreicht.<\/p>\n<p>Google ADS sorgt daf\u00fcr, dass die Anzeigen in der obersten Zeile platziert werden. Infolge der festgelegten Schl\u00fcsselw\u00f6rter k\u00f6nnen die Anzeigen auf der rechten oder unteren Seite der Suchmaschinenergebnisse platziert werden. Die von den Unternehmen zu schaltenden Anzeigen sollten ihre Budgets bei der Planung von Titel, Text und URL anpassen. Die zu erstellende Anzeige kann in der gew\u00fcnschten Region oder dem gew\u00fcnschten Land angezeigt werden. Wenn Sie m\u00f6chten, dass Ihre Anzeigen spezifischer aussehen oder wenn Sie m\u00f6chten, dass Ihr Zielpublikum Ihre Anzeigen leicht sehen kann, w\u00e4hlen wir Faktoren wie das Geschlecht und die Altersspanne des Zielpublikums durch die Werbeplattform und stellen sicher, dass Sie mit guten Konversionen werben.<\/p>\n<h3><strong><em>DIE GOOGLE-WERBEPLATTFORM IST IN ZWEI BEREICHE UNTERTEILT;<\/em><\/strong><\/h3>\n<p><strong>1) Suchanzeigen:<\/strong> Sie umfasst Textanzeigen auf der Ergebnisseite der Suchmaschine.<\/p>\n<p><strong>2) Display- und Video-Werbung:<\/strong> Display-Werbung kann auf mehreren Websites wie Youtube und Internetanwendungen angezeigt werden.<\/p>\n<h2><strong>WAS SIND GOOGLE-SUCHMASCHINEN-ANZEIGEN?<\/strong><\/h2>\n<p>Im Einklang mit den festgelegten Schl\u00fcsselw\u00f6rtern sorgt es daf\u00fcr, dass die Anzeigen nach der Suche auf der ersten Seite der organischen Ergebnisse erscheinen. Es handelt sich um ein System, das in Form einer klickbasierten Bezahlung funktioniert. Wenn der Nutzer nicht auf die Anzeige klickt, zahlt er auch keine Geb\u00fchr.<\/p>\n<p>Es gibt Gr\u00fcnde, warum Suchmaschinen beliebter sind als Fernsehwerbung oder Online-Anzeigen, um die Zielgruppe zu erreichen. Zum Beispiel kann eine Anzeige bei lokalen Suchanfragen geschaltet werden, um potenzielle Kunden in der N\u00e4he anzusprechen. Um das Budget zu optimieren, kann bei der Erstellung der Kampagne ein Limit f\u00fcr die Kosten pro Klick festgelegt werden.<\/p>\n<h2><strong>WAS SIND DIE BESTANDTEILE DER SUCHMASCHINENWERBUNG?<\/strong><\/h2>\n<p>Die Nutzer machen mit den Worten, die sie eingeben, um ein Produkt oder eine Dienstleistung zu suchen oder zu kaufen, deutlich, was sie wollen. An diesem Punkt sorgt die Suchmaschinenwerbung daf\u00fcr, dass die Kampagnen, die an die richtige Zielgruppe gerichtet werden sollen, gute Konversionsergebnisse erzielen. Diejenigen, die online werben wollen, k\u00f6nnen auf die auszuw\u00e4hlenden Schl\u00fcsselw\u00f6rter bieten. So werden die Produkte und Dienstleistungen, die in die Anzeigen aufgenommen werden sollen, den potenziellen Zielgruppen auf die richtige Weise pr\u00e4sentiert.<\/p>\n<p>Komponenten der Suchmaschine:<\/p>\n<ul>\n<li><strong>Titel:<\/strong> Das Schl\u00fcsselwort muss im Titel enthalten sein. Es sollte bemerkenswert und f\u00fcr das Thema relevant sein. Aufgrund der gro\u00dfen Schriftgr\u00f6\u00dfe ist er ein Faktor, der die Aufmerksamkeit auf sich zieht.<\/li>\n<li><strong>URL:<\/strong> Wenn die Nutzer auf die Anzeige klicken, werden sie auf die Seite mit der Adresse geleitet und k\u00f6nnen sich ein Bild von der Zielseite machen. Die Farbe ist gr\u00fcn. Sie befindet sich am unteren Ende des Titels.<\/li>\n<li><strong>Beschreibung Text:<\/strong> Es ist ein wichtiger Bereich, der f\u00fcr die Details verwendet wird, die \u00fcber die Produkte oder Dienstleistungen hervorgehoben werden sollen und die Nutzer dazu bringen sollen, auf die Anzeige zu klicken.<\/li>\n<\/ul>\n<p>Damit die Konversion der Werbekampagne gut ist, ist es wichtig, dass die Komponenten zusammen und richtig eingesetzt werden. Potenzielle Kunden, die auf eine Seite sto\u00dfen, die nach dem Anklicken nicht funktioniert, verlassen die Seite sofort. Das wirkt sich dann auch auf das ausgegebene Budget aus. Daher muss der Experte in der Branche <strong>Design Can Gen\u00e7er Digitales Beratungsunternehmen <\/strong>helfen wir Ihnen, Anzeigen mit guten Conversions f\u00fcr die richtigen Zielgruppen zu schalten. Ohne Ihre SEO-Arbeit zu vernachl\u00e4ssigen, sorgen wir daf\u00fcr, dass Ihre Seite, die vor der Kampagne, vor der Website und nach dem Klick ge\u00f6ffnet wird, reibungslos funktioniert. Vergessen Sie nicht, dass eine gut vorbereitete Suchmaschinen-Werbekampagne es Ihnen erm\u00f6glicht, Ihre potenziellen Kunden leicht zu erreichen und eine gute Konversion zu erzielen.<\/p>\n<h2><a href=\"https:\/\/www.instagram.com\/designcangencer\/?next=\" target=\"_blank\" rel=\"noopener\"><strong>WAS SIND DIE VORTEILE VON SUCHMASCHINENWERBUNG?<\/strong><\/a><\/h2>\n<ul>\n<li>Steigert Ihre Markenbekanntheit,<\/li>\n<li>So k\u00f6nnen Sie potenzielle Kunden erreichen,<\/li>\n<li>Es hilft, den Besucherstrom auf Ihrer Website in kurzer Zeit zu erh\u00f6hen,<\/li>\n<li>Es erm\u00f6glicht Ihnen die direkte Kommunikation mit Ihren Kunden \u00fcber andere Kommunikationskan\u00e4le als das Internet,<\/li>\n<li>Es tr\u00e4gt dazu bei, Ihr Handelsvolumen zu erh\u00f6hen und Ihre Gewinnrate zu steigern.<\/li>\n<\/ul>\n<h2><strong>WIE SOLLTE DIE AUSWAHL DER SCHL\u00dcSSELW\u00d6RTER ERFOLGEN?<\/strong><\/h2>\n<p>Mit der richtigen Wahl der Schl\u00fcsselw\u00f6rter denken Sie an Ihre Kunden oder Nutzer.<\/p>\n<p>Verwendung negativer Schl\u00fcsselw\u00f6rter; Bei Google Ads ist es sehr wichtig, mit welchen W\u00f6rtern Sie angezeigt werden bzw. mit welchen W\u00f6rtern Sie nicht angezeigt werden.<\/p>\n<p>Schl\u00fcsselw\u00f6rter m\u00fcssen in Google-Anzeigen verwendet werden. Mit Hilfe von Keywords, die einfach und kostenlos verwendet werden k\u00f6nnen, k\u00f6nnen Schl\u00fcsselw\u00f6rter ausgew\u00e4hlt werden, die von Ihrer Zielgruppe h\u00e4ufig verwendet werden. Wir helfen Ihnen mit dem von Google kostenlos angebotenen Keyword-Tool. Auf diese Weise lassen sich leicht neue Keywords erstellen. Negative Keywords werden auf die gleiche Weise aufgerufen.<\/p>\n<h2><strong>WIE FUNKTIONIERT DIE SUCHMASCHINENWERBUNG?<\/strong><\/h2>\n<p>Das Auktions- oder Gebotssystem wird f\u00fcr die Schl\u00fcsselw\u00f6rter verwendet, die f\u00fcr die Produkte und Dienstleistungen festgelegt werden. Es ist zu beachten, dass Klicks und Gebote unterschiedlich sind. Wenn Sie z.B. 100tl f\u00fcr das ausgew\u00e4hlte Schl\u00fcsselwort bieten, bedeutet das nicht, dass jeder Klick mit 100tl berechnet wird. In welchen Bereichen Ihre Anzeigen angezeigt werden, h\u00e4ngt von der Auswahl der Schl\u00fcsselw\u00f6rter ab. F\u00fcr die Auswahl geeigneter Schl\u00fcsselw\u00f6rter ist eine detaillierte Recherche unbedingt erforderlich. Die Verwendung von Schl\u00fcsselw\u00f6rtern ohne Recherche kann dazu f\u00fchren, dass Ihnen Ihre Zielgruppe entgeht. Die richtige Auswahl von Schl\u00fcsselw\u00f6rtern kann Ihre Kosten reduzieren und die Platzierung Ihrer Anzeige erh\u00f6hen.<\/p>\n<p>Obwohl zielgerichtete Schl\u00fcsselw\u00f6rter und Cost-per-Click-Gebote wichtig sind, spielt der Quality Score (SERP) eine wichtige Rolle f\u00fcr das Ranking.<\/p>\n<h2><strong>WIE WIRD DIE QUALIT\u00c4TSBEWERTUNG IN DER SUCHMASCHINENWERBUNG ERMITTELT?<\/strong><\/h2>\n<p>Die Qualit\u00e4tsbewertung wird im Allgemeinen durch die Erfahrung der Nutzer, die erwartete Klickrate und die Relevanz der Anzeige bestimmt. Wenn die zu schaltende Anzeige f\u00fcr die von den Nutzern gesuchte Frage irrelevant ist, wird Ihre Qualit\u00e4tsbewertung niedrig ausfallen. Wenn die Nutzer nach dem Besuch Ihrer Website keine gute Erfahrung machen, wird Ihre Qualit\u00e4tsbewertung niedrig ausfallen. Die Klickrate, die Google f\u00fcr Ihre Anzeige erwartet, ist die erwartete Klickrate. Wenn Sie den Nutzern, die Ihre Website besuchen, ein gutes Erlebnis bieten, wird Ihre Qualit\u00e4tsbewertung optimiert. Es ist sehr wichtig, dass Ihre Website schnell funktioniert. Der Inhalt der verwendeten Anzeigentexte wird Ihre Klickrate erh\u00f6hen, wenn es sich um bemerkenswerte, relevante, CTR-Texte und Texte mit Keywords handelt.<\/p>\n<h2><strong>WELCHE BEDEUTUNG HABEN DIE ANZEIGENTEXTE IM GOOGLE-SUCHNETZWERK?<\/strong><\/h2>\n<p>Google-Suchanzeigen, bei denen die Konkurrenz gro\u00df ist. Als Design Can Gen\u00e7er Digital Consultancy Company setzen wir Ihre Anzeigenerweiterungen professionell ein und helfen Ihnen, sich von Ihren Mitbewerbern abzuheben. Bei der Erstellung der Anzeigentexte gibt es eine bestimmte Zeichenbegrenzung. Wir achten darauf, dass die zu verwendenden Anzeigentexte wirkungsvoll sind und dass der Inhalt darauf abzielt, Ihre Zielgruppe, Ihr Produkt und Ihre Rabatte zu erkl\u00e4ren. Auch Zus\u00e4tze wie Click-to-Call-Funktion, Countdown-Funktion f\u00fcr Ihre Kampagne, Telefonnummer und Preisinformationen werden in Ihre Anzeigen eingef\u00fcgt.<\/p>\n<h2><strong>WAS IST DAS ANZEIGENRANKING IN DER SUCHMASCHINENWERBUNG?<\/strong><\/h2>\n<p>Bei den Unternehmen besteht eine gro\u00dfe Nachfrage nach Suchmaschinenwerbung, die von Tag zu Tag beliebter wird.<\/p>\n<p>Das Werberanking bei Werbema\u00dfnahmen bestimmt, ob die erstellte Anzeige in den Suchergebnissen angezeigt werden kann. Elemente im Berechnungsprozess dieser Punktzahl;<\/p>\n<ul>\n<li>H\u00f6he des Angebots<\/li>\n<li>Erwartete Klickrate<\/li>\n<li>Relevanz der Anzeige<\/li>\n<li>Erfahrung mit Landing Pages<\/li>\n<li>Von der Suchmaschine festgelegte Schwellenwerte f\u00fcr das Anzeigenranking<\/li>\n<li>Standort des Nutzers, Ger\u00e4t, Zeitpunkt der Suche, Attribute der bei der Suche verwendeten Begriffe<\/li>\n<li>Andere Anzeigen auf dieser Seite<\/li>\n<\/ul>\n<h2><strong>WAS SIND DIE VORTEILE DER SUCHMASCHINENWERBUNG?<\/strong><\/h2>\n<p>Wir erm\u00f6glichen es Ihnen, mit Suchmaschinenwerbung vor potenziellen Kunden zu erscheinen, die Dienstleistungen und Produkte kaufen wollen. Das Ergebnis sind schnelle Konversionen und ein Gewinn f\u00fcr Sie. Wir helfen Ihnen, den Bekanntheitsgrad Ihrer Marke und die Eing\u00e4ngigkeit der Zielgruppe durch Suchmaschinenwerbung zu erh\u00f6hen.<\/p>\n<\/div><\/div><style type=\"text\/css\">.fusion-body .fusion-builder-column-0{width:100% !important;margin-top : 20px;margin-bottom : 20px;}.fusion-builder-column-0 > .fusion-column-wrapper {padding-top : 0px !important;padding-right : 0px !important;margin-right : 1.92%;padding-bottom : 0px !important;padding-left : 0px !important;margin-left : 1.92%;}@media only screen and (max-width:1024px) {.fusion-body .fusion-builder-column-0{width:100% !important;order : 0;}.fusion-builder-column-0 > .fusion-column-wrapper {margin-right : 1.92%;margin-left : 1.92%;}}@media only screen and (max-width:640px) {.fusion-body .fusion-builder-column-0{width:100% !important;order : 0;}.fusion-builder-column-0 > .fusion-column-wrapper {margin-right : 1.92%;margin-left : 1.92%;}}<\/style><\/div><\/div><style type=\"text\/css\">.fusion-body .fusion-flex-container.fusion-builder-row-1{ padding-top : 0px;margin-top : 0px;padding-right : 0px;padding-bottom : 0px;margin-bottom : 0px;padding-left : 0px;}<\/style><\/div>","protected":false},"excerpt":{"rendered":"","protected":false},"author":1,"featured_media":0,"parent":0,"menu_order":0,"comment_status":"closed","ping_status":"closed","template":"100-width.php","meta":{"om_disable_all_campaigns":false,"_monsterinsights_skip_tracking":false,"_monsterinsights_sitenote_active":false,"_monsterinsights_sitenote_note":"","_monsterinsights_sitenote_category":0,"footnotes":""},"class_list":["post-3675","page","type-page","status-publish","hentry"],"aioseo_notices":[],"_links":{"self":[{"href":"https:\/\/www.designcangencer.com\/de\/wp-json\/wp\/v2\/pages\/3675","targetHints":{"allow":["GET"]}}],"collection":[{"href":"https:\/\/www.designcangencer.com\/de\/wp-json\/wp\/v2\/pages"}],"about":[{"href":"https:\/\/www.designcangencer.com\/de\/wp-json\/wp\/v2\/types\/page"}],"author":[{"embeddable":true,"href":"https:\/\/www.designcangencer.com\/de\/wp-json\/wp\/v2\/users\/1"}],"replies":[{"embeddable":true,"href":"https:\/\/www.designcangencer.com\/de\/wp-json\/wp\/v2\/comments?post=3675"}],"version-history":[{"count":7,"href":"https:\/\/www.designcangencer.com\/de\/wp-json\/wp\/v2\/pages\/3675\/revisions"}],"predecessor-version":[{"id":4644,"href":"https:\/\/www.designcangencer.com\/de\/wp-json\/wp\/v2\/pages\/3675\/revisions\/4644"}],"wp:attachment":[{"href":"https:\/\/www.designcangencer.com\/de\/wp-json\/wp\/v2\/media?parent=3675"}],"curies":[{"name":"wp","href":"https:\/\/api.w.org\/{rel}","templated":true}]}}