{"id":3671,"date":"2023-08-02T10:16:04","date_gmt":"2023-08-02T10:16:04","guid":{"rendered":"https:\/\/www.designcangencer.com\/?page_id=3671"},"modified":"2025-01-25T23:06:26","modified_gmt":"2025-01-25T23:06:26","slug":"instagram-reklamlari","status":"publish","type":"page","link":"https:\/\/www.designcangencer.com\/de\/instagram-ads\/","title":{"rendered":"Instagram-Anzeigen"},"content":{"rendered":"<div class=\"fusion-fullwidth fullwidth-box fusion-builder-row-1 fusion-flex-container has-pattern-background has-mask-background nonhundred-percent-fullwidth non-hundred-percent-height-scrolling\" style=\"background-color: rgba(255,255,255,0);background-position: center center;background-repeat: no-repeat;border-width: 0px 0px 0px 0px;border-color:hsla(var(--awb-color8-h),var(--awb-color8-s),var(--awb-color8-l),calc( var(--awb-color8-a) - 92% ));border-style:solid;\" ><div class=\"fusion-builder-row fusion-row fusion-flex-align-items-flex-start\" style=\"max-width:1476.8px;margin-left: calc(-4% \/ 2 );margin-right: calc(-4% \/ 2 );\"><div class=\"fusion-layout-column fusion_builder_column fusion-builder-column-0 fusion_builder_column_1_1 1_1 fusion-flex-column\"><div class=\"fusion-column-wrapper fusion-flex-justify-content-flex-start fusion-content-layout-column\" style=\"background-position:left top;background-repeat:no-repeat;-webkit-background-size:cover;-moz-background-size:cover;-o-background-size:cover;background-size:cover;padding: 0px 0px 0px 0px;\"><div class=\"fusion-text fusion-text-1\"><h1><img decoding=\"async\" class=\"lazyload size-full wp-image-4448 aligncenter\" src=\"https:\/\/www.designcangencer.com\/wp-content\/uploads\/2024\/01\/instagram-reklam.jpg\" data-orig-src=\"https:\/\/www.designcangencer.com\/wp-content\/uploads\/2024\/01\/instagram-reklam.jpg\" alt=\"\" width=\"800\" height=\"533\" srcset=\"data:image\/svg+xml,%3Csvg%20xmlns%3D%27http%3A%2F%2Fwww.w3.org%2F2000%2Fsvg%27%20width%3D%27800%27%20height%3D%27533%27%20viewBox%3D%270%200%20800%20533%27%3E%3Crect%20width%3D%27800%27%20height%3D%27533%27%20fill-opacity%3D%220%22%2F%3E%3C%2Fsvg%3E\" data-srcset=\"https:\/\/www.designcangencer.com\/wp-content\/uploads\/2024\/01\/instagram-reklam-200x133.jpg 200w, https:\/\/www.designcangencer.com\/wp-content\/uploads\/2024\/01\/instagram-reklam-300x200.jpg 300w, https:\/\/www.designcangencer.com\/wp-content\/uploads\/2024\/01\/instagram-reklam-400x267.jpg 400w, https:\/\/www.designcangencer.com\/wp-content\/uploads\/2024\/01\/instagram-reklam-600x400.jpg 600w, https:\/\/www.designcangencer.com\/wp-content\/uploads\/2024\/01\/instagram-reklam-768x512.jpg 768w, https:\/\/www.designcangencer.com\/wp-content\/uploads\/2024\/01\/instagram-reklam.jpg 800w\" data-sizes=\"auto\" data-orig-sizes=\"(max-width: 800px) 100vw, 800px\" \/><\/h1>\n<h1>Vorteile von Instagram Ads<\/h1>\n<p>Sie erm\u00f6glicht es Marken, ein gro\u00dfes Publikum zu erreichen und effektiv zu interagieren. Hier sind die Vorteile, die es bietet:<\/p>\n<ol>\n<li><strong>Gro\u00dfe Publikumsreichweite<\/strong><br \/>\nInstagram erm\u00f6glicht es Marken, ein breites Publikum mit Milliarden von Nutzern weltweit zu erreichen.<\/li>\n<li><strong>Visueller Inhalt<\/strong><br \/>\nAuf der Plattform Instagram, auf der das Visuelle im Vordergrund steht, k\u00f6nnen Sie Ihre Produkte und Dienstleistungen durch visuelle Anzeigen wirksam bewerben.<\/li>\n<li><strong>Zielgerichtete Gelegenheiten<\/strong><br \/>\nEs ist m\u00f6glich, die von Ihnen festgelegte Zielgruppe anhand von demografischen Merkmalen, Interessen und Verhaltensweisen zu erreichen.<\/li>\n<li><strong>Neuausrichtung<\/strong><br \/>\nIndem Sie Nutzer ansprechen, die Ihre Website besuchen, aber nicht konvertieren, k\u00f6nnen Sie ihnen die Werbung erneut zeigen.<\/li>\n<li><strong>Konversionsverfolgung<\/strong><br \/>\nEs hilft Ihnen bei der Verfolgung von Konversionsdaten, indem es Ihnen erm\u00f6glicht, die Wirksamkeit Ihrer Kampagnen zu messen.<\/li>\n<\/ol>\n<h3><a href=\"https:\/\/www.instagram.com\/designcangencer\/?next=\" target=\"_blank\" rel=\"noopener\">Sind Instagram-Anzeigen wirksam?<\/a><\/h3>\n<p>Instagram ist eine der Social-Media-Plattformen mit der h\u00f6chsten Interaktionsrate. Denn durch die Kombination mit organischer Interaktion k\u00f6nnen Sie mit Anzeigen starke Ergebnisse erzielen. Dementsprechend k\u00f6nnen Sie \u00fcber organische Wege und Anzeigen effektiv mit Ihrer Zielgruppe kommunizieren.<\/p>\n<h3><a href=\"https:\/\/www.designcangencer.com\/de\/kommunikation\/\">Potenzielle Kunden organisch finden<\/a><\/h3>\n<p>Der Instagram-Algorithmus erm\u00f6glicht es Ihnen, Ihr Zielpublikum zu erreichen, indem Sie die richtigen Tags, Methoden zur Steigerung der Interaktion und regelm\u00e4\u00dfige Posts verwenden. Auf diese Weise k\u00f6nnen Sie Folgendes anwenden, um potenzielle Kunden organisch zu erreichen:<\/p>\n<ul>\n<li>Mit den richtigen Etiketten k\u00f6nnen Sie Ihre Sichtbarkeit erh\u00f6hen.<\/li>\n<li>Indem Sie interagieren, k\u00f6nnen Sie eine Chance schaffen, in den Entdeckungsbereich zu gelangen.<\/li>\n<li>Sie k\u00f6nnen Ihre Marke f\u00f6rdern, indem Sie Ihr Profil einfach und verst\u00e4ndlich halten.<\/li>\n<li>Wenn Sie irrelevante Inhalte vermeiden, k\u00f6nnen Sie die richtige Zielgruppe ansprechen.<\/li>\n<\/ul>\n<h3>Instagram-Werbemethoden<\/h3>\n<p>Es gibt verschiedene Werbeoptionen auf Instagram:<\/p>\n<ol>\n<li><strong>\u00dcberschrift und Textanzeigen<\/strong><br \/>\nSie k\u00f6nnen die Aufmerksamkeit Ihres Zielpublikums auf sich ziehen, indem Sie Titel und Text unter die Bilder setzen.<\/li>\n<li><strong>Visuelle Anzeigen<\/strong><br \/>\nSie k\u00f6nnen effektiv f\u00fcr Ihre Produkte oder Dienstleistungen werben, indem Sie sie mit visuellen Mitteln bewerben.<\/li>\n<li><strong>Video-Werbung<\/strong><br \/>\nSie werden in der Lage sein, Ihre Produkte mit dynamischen und bemerkenswerten Videoinhalten zu bewerben.<\/li>\n<li><strong>Karussell-Anzeigen<\/strong><br \/>\nSie k\u00f6nnen mehrere Bilder oder Videos zu einer einzigen Anzeige hinzuf\u00fcgen, so dass die Nutzer auf mehr Inhalte zugreifen k\u00f6nnen.<\/li>\n<li><strong>Gesponserte Geschichten<\/strong><br \/>\nAnzeigen im Format von Instagram Stories ziehen schnell die Aufmerksamkeit der Nutzer auf sich.<\/li>\n<\/ol>\n<h3>Wie verwendet man Instagram-Anzeigen?<\/h3>\n<p>Die Wahl des entsprechenden Modells ist sehr wichtig. Dementsprechend k\u00f6nnen Sie Ihre Anzeigen in verschiedenen Formaten wie Fotos, Videos, Gesch\u00e4ften oder Kooperationen von Urhebern erstellen.<\/p>\n<h3>Optionen f\u00fcr die Ausrichtung von Instagram-Anzeigen<\/h3>\n<p>Es stehen verschiedene Targeting-Optionen zur Verf\u00fcgung, um die richtige Zielgruppe anzusprechen. Je nach Ihren Zielen k\u00f6nnen Sie jedoch die folgenden Optionen nutzen:<\/p>\n<ul>\n<li><strong>Traffic-bezogene Kampagnen:<\/strong> Sie wird verwendet, um den Verkehr auf Ihre Website oder Anwendung zu lenken.<\/li>\n<li><strong>Gezielte Interaktionskampagnen:<\/strong> Sie f\u00f6rdern das Engagement, indem Sie die Anzahl der Likes und Kommentare erh\u00f6hen.<\/li>\n<li><strong>Kampagnen zur Suche nach potenziellen Kunden:<\/strong> Es wird bevorzugt, die Informationen der Nutzer schnell zu erfassen.<\/li>\n<li><strong>Gezielte Kampagnen f\u00fcr Nachrichten:<\/strong> Durch die direkte Kommunikation mit den Nutzern k\u00f6nnen Sie schnelles Feedback erhalten.<\/li>\n<li><strong>Kampagnen zur Umgestaltung:<\/strong> Zeigt Ihre Anzeigen den Zielgruppen, die mit gr\u00f6\u00dferer Wahrscheinlichkeit konvertieren werden.<\/li>\n<li><strong>Katalog-Kampagnen:<\/strong> Es hilft Ihnen, Ihren Umsatz zu steigern, indem es Ihre Produkte auf dynamische Weise bewirbt.<\/li>\n<\/ul>\n<h3>Bildauswahl und Targeting-Strategien<\/h3>\n<p>Visuelle Elemente spielen auf Instagram eine gro\u00dfe Rolle. Sie k\u00f6nnen die Aufmerksamkeit f\u00fcr Ihre Anzeigen erh\u00f6hen, indem Sie ansprechende Bilder und Videos verwenden, um das Engagement zu steigern. Die Optimierung von Anzeigen f\u00fcr Ihre Zielgruppe erh\u00f6ht die Erfolgsquote.<\/p>\n<p>Mit der richtigen Strategie wird sie zu einem wirkungsvollen Marketinginstrument. Die Festlegung Ihrer Kampagnenziele und die Verwendung der am besten geeigneten Anzeigentypen und Targeting-Optionen werden Ihnen helfen, erfolgreiche Ergebnisse zu erzielen.<\/p>\n<\/div><\/div><style type=\"text\/css\">.fusion-body .fusion-builder-column-0{width:100% !important;margin-top : 20px;margin-bottom : 20px;}.fusion-builder-column-0 > .fusion-column-wrapper {padding-top : 0px !important;padding-right : 0px !important;margin-right : 1.92%;padding-bottom : 0px !important;padding-left : 0px !important;margin-left : 1.92%;}@media only screen and (max-width:1024px) {.fusion-body .fusion-builder-column-0{width:100% !important;order : 0;}.fusion-builder-column-0 > .fusion-column-wrapper {margin-right : 1.92%;margin-left : 1.92%;}}@media only screen and (max-width:640px) {.fusion-body .fusion-builder-column-0{width:100% !important;order : 0;}.fusion-builder-column-0 > .fusion-column-wrapper {margin-right : 1.92%;margin-left : 1.92%;}}<\/style><\/div><\/div><style type=\"text\/css\">.fusion-body .fusion-flex-container.fusion-builder-row-1{ padding-top : 0px;margin-top : 0px;padding-right : 0px;padding-bottom : 0px;margin-bottom : 0px;padding-left : 0px;}<\/style><\/div>","protected":false},"excerpt":{"rendered":"","protected":false},"author":1,"featured_media":0,"parent":0,"menu_order":0,"comment_status":"closed","ping_status":"closed","template":"100-width.php","meta":{"om_disable_all_campaigns":false,"_monsterinsights_skip_tracking":false,"_monsterinsights_sitenote_active":false,"_monsterinsights_sitenote_note":"","_monsterinsights_sitenote_category":0,"footnotes":""},"class_list":["post-3671","page","type-page","status-publish","hentry"],"aioseo_notices":[],"_links":{"self":[{"href":"https:\/\/www.designcangencer.com\/de\/wp-json\/wp\/v2\/pages\/3671","targetHints":{"allow":["GET"]}}],"collection":[{"href":"https:\/\/www.designcangencer.com\/de\/wp-json\/wp\/v2\/pages"}],"about":[{"href":"https:\/\/www.designcangencer.com\/de\/wp-json\/wp\/v2\/types\/page"}],"author":[{"embeddable":true,"href":"https:\/\/www.designcangencer.com\/de\/wp-json\/wp\/v2\/users\/1"}],"replies":[{"embeddable":true,"href":"https:\/\/www.designcangencer.com\/de\/wp-json\/wp\/v2\/comments?post=3671"}],"version-history":[{"count":11,"href":"https:\/\/www.designcangencer.com\/de\/wp-json\/wp\/v2\/pages\/3671\/revisions"}],"predecessor-version":[{"id":4592,"href":"https:\/\/www.designcangencer.com\/de\/wp-json\/wp\/v2\/pages\/3671\/revisions\/4592"}],"wp:attachment":[{"href":"https:\/\/www.designcangencer.com\/de\/wp-json\/wp\/v2\/media?parent=3671"}],"curies":[{"name":"wp","href":"https:\/\/api.w.org\/{rel}","templated":true}]}}