{"id":3486,"date":"2023-07-14T08:22:27","date_gmt":"2023-07-14T08:22:27","guid":{"rendered":"https:\/\/www.designcangencer.com\/?page_id=3486"},"modified":"2025-02-13T16:05:34","modified_gmt":"2025-02-13T16:05:34","slug":"kisisel-verilerin-korunmasi-kanunu","status":"publish","type":"page","link":"https:\/\/www.designcangencer.com\/de\/datenschutzrecht\/","title":{"rendered":"Gesetz zum Schutz personenbezogener Daten"},"content":{"rendered":"<div class=\"fusion-fullwidth fullwidth-box fusion-builder-row-1 fusion-flex-container nonhundred-percent-fullwidth non-hundred-percent-height-scrolling\" style=\"background-color: rgba(255,255,255,0);background-position: center center;background-repeat: no-repeat;border-width: 0px 0px 0px 0px;border-color:hsla(var(--awb-color8-h),var(--awb-color8-s),var(--awb-color8-l),calc( var(--awb-color8-a) - 92% ));border-style:solid;\" ><div class=\"fusion-builder-row fusion-row fusion-flex-align-items-flex-start\" style=\"max-width:1476.8px;margin-left: calc(-4% \/ 2 );margin-right: calc(-4% \/ 2 );\"><div class=\"fusion-layout-column fusion_builder_column fusion-builder-column-0 fusion_builder_column_1_1 1_1 fusion-flex-column\"><div class=\"fusion-column-wrapper fusion-flex-justify-content-flex-start fusion-content-layout-column\" style=\"background-position:left top;background-blend-mode: overlay;background-repeat:no-repeat;-webkit-background-size:cover;-moz-background-size:cover;-o-background-size:cover;background-size:cover;padding: 0px 0px 0px 0px;\"><div class=\"fusion-text fusion-text-1\"><p><strong>Datenkontrolleur<\/strong><\/p>\n<p>Als Design Can Gen\u00e7er verarbeiten wir Ihre personenbezogenen Daten verantwortungsbewusst im Rahmen des KVKK (Gesetz zum Schutz personenbezogener Daten). Dieser Text wurde erstellt, um Sie dar\u00fcber zu informieren, wie wir Ihre pers\u00f6nlichen Daten sammeln, verwenden, speichern und sch\u00fctzen.<\/p>\n<p><strong>Zwecke der Erhebung und Verwendung personenbezogener Daten<\/strong><\/p>\n<p>Als Design Can Gen\u00e7er erheben wir Ihre pers\u00f6nlichen Daten, um mit Ihnen zu kommunizieren, unsere Dienstleistungen zu erbringen, Ihre Anfragen zu erf\u00fcllen, Ihre Fragen zu beantworten und aktuelle Informationen \u00fcber Sie weiterzugeben. Diese Daten k\u00f6nnen Ihre Kontaktinformationen wie Ihren Namen, Ihre E-Mail-Adresse und Ihre Telefonnummer umfassen.<\/p>\n<p><strong>Schutz und Speicherung von personenbezogenen Daten<\/strong><\/p>\n<p>Als Design Can Gen\u00e7er treffen wir die notwendigen technischen und organisatorischen Ma\u00dfnahmen, um Ihre personenbezogenen Daten sicher zu speichern. Wir setzen geeignete Sicherheitsma\u00dfnahmen ein, um den unbefugten Zugriff, den Verlust, die \u00c4nderung oder die Weitergabe von Daten zu verhindern.<\/p>\n<p><strong>Gemeinsame Nutzung personenbezogener Daten<\/strong><\/p>\n<p>Wir geben Ihre personenbezogenen Daten nicht an Dritte weiter, wenn dies gesetzlich vorgeschrieben ist oder Sie nicht ausdr\u00fccklich zustimmen. Wir k\u00f6nnen jedoch Informationen mit unseren Dienstleistern teilen, aber in diesem Fall ergreifen wir die notwendigen Ma\u00dfnahmen, um sicherzustellen, dass diese ihre Datenschutzrichtlinien einhalten.<\/p>\n<p><strong>Recht auf Zugang, Berichtigung und L\u00f6schung von personenbezogenen Daten<\/strong><\/p>\n<p>Im Rahmen von KVKK haben Sie das Recht auf Zugang, Berichtigung, L\u00f6schung und Aktualisierung Ihrer personenbezogenen Daten. Um diese Rechte auszu\u00fcben oder wenn Sie Fragen oder Bedenken bez\u00fcglich Ihrer personenbezogenen Daten haben, k\u00f6nnen Sie uns unter info@designcangencer.com kontaktieren.<\/p>\n<p><strong>Zeitraum der Verarbeitung personenbezogener Daten<\/strong><\/p>\n<p>Wir speichern Ihre personenbezogenen Daten im Rahmen der gesetzlichen Bestimmungen und zum Zwecke der Leistungserbringung. \u00dcber den Zeitraum hinaus, den wir f\u00fcr die Verarbeitung Ihrer Daten ben\u00f6tigen, werden Ihre Daten automatisch gel\u00f6scht oder anonymisiert.<\/p>\n<p><strong>Cookies und andere Tracking-Tools<\/strong><\/p>\n<p>Wir k\u00f6nnen Cookies und \u00e4hnliche Tracking-Tools auf unserer Website verwenden. Diese Tools werden verwendet, um die Leistung der Website zu analysieren, die Benutzerfreundlichkeit zu verbessern und Ihre Pr\u00e4ferenzen zu speichern. Weitere Informationen \u00fcber die Verwendung von Cookies k\u00f6nnen Sie in unserer Cookie-Richtlinie nachlesen.<\/p>\n<p><strong>Aktualisierungen der Datenschutzrichtlinie<\/strong><\/p>\n<p>Unsere Datenschutzrichtlinie kann bei Bedarf aktualisiert werden. Wir empfehlen Ihnen daher, sich von Zeit zu Zeit \u00fcber \u00c4nderungen unserer Richtlinie zu informieren.<\/p>\n<p>Als Design Can Gen\u00e7er unternehmen wir alle Anstrengungen, um die Sicherheit und Vertraulichkeit Ihrer pers\u00f6nlichen Daten zu sch\u00fctzen. Wir m\u00f6chten betonen, dass wir uns Ihrer Rechte, die Ihnen im Rahmen der KVKK angeboten werden, voll bewusst sind.<\/p>\n<p>Letztes Aktualisierungsdatum: [Aktuelles Datum]<\/p>\n<\/div><\/div><style type=\"text\/css\">.fusion-body .fusion-builder-column-0{width:100% !important;margin-top : 0px;margin-bottom : 0px;}.fusion-builder-column-0 > .fusion-column-wrapper {padding-top : 0px !important;padding-right : 0px !important;margin-right : 1.92%;padding-bottom : 0px !important;padding-left : 0px !important;margin-left : 1.92%;}@media only screen and (max-width:1024px) {.fusion-body .fusion-builder-column-0{width:100% !important;}.fusion-builder-column-0 > .fusion-column-wrapper {margin-right : 1.92%;margin-left : 1.92%;}}@media only screen and (max-width:640px) {.fusion-body .fusion-builder-column-0{width:100% !important;}.fusion-builder-column-0 > .fusion-column-wrapper {margin-right : 1.92%;margin-left : 1.92%;}}<\/style><\/div><\/div><style type=\"text\/css\">.fusion-body .fusion-flex-container.fusion-builder-row-1{ padding-top : 0px;margin-top : 0px;padding-right : 0px;padding-bottom : 0px;margin-bottom : 0px;padding-left : 0px;}<\/style><\/div>","protected":false},"excerpt":{"rendered":"","protected":false},"author":1,"featured_media":0,"parent":0,"menu_order":0,"comment_status":"closed","ping_status":"closed","template":"100-width.php","meta":{"om_disable_all_campaigns":false,"_monsterinsights_skip_tracking":false,"_monsterinsights_sitenote_active":false,"_monsterinsights_sitenote_note":"","_monsterinsights_sitenote_category":0,"footnotes":""},"class_list":["post-3486","page","type-page","status-publish","hentry"],"aioseo_notices":[],"_links":{"self":[{"href":"https:\/\/www.designcangencer.com\/de\/wp-json\/wp\/v2\/pages\/3486","targetHints":{"allow":["GET"]}}],"collection":[{"href":"https:\/\/www.designcangencer.com\/de\/wp-json\/wp\/v2\/pages"}],"about":[{"href":"https:\/\/www.designcangencer.com\/de\/wp-json\/wp\/v2\/types\/page"}],"author":[{"embeddable":true,"href":"https:\/\/www.designcangencer.com\/de\/wp-json\/wp\/v2\/users\/1"}],"replies":[{"embeddable":true,"href":"https:\/\/www.designcangencer.com\/de\/wp-json\/wp\/v2\/comments?post=3486"}],"version-history":[{"count":4,"href":"https:\/\/www.designcangencer.com\/de\/wp-json\/wp\/v2\/pages\/3486\/revisions"}],"predecessor-version":[{"id":4704,"href":"https:\/\/www.designcangencer.com\/de\/wp-json\/wp\/v2\/pages\/3486\/revisions\/4704"}],"wp:attachment":[{"href":"https:\/\/www.designcangencer.com\/de\/wp-json\/wp\/v2\/media?parent=3486"}],"curies":[{"name":"wp","href":"https:\/\/api.w.org\/{rel}","templated":true}]}}