{"id":3475,"date":"2023-07-14T08:15:03","date_gmt":"2023-07-14T08:15:03","guid":{"rendered":"https:\/\/www.designcangencer.com\/?page_id=3475"},"modified":"2025-02-13T15:57:35","modified_gmt":"2025-02-13T15:57:35","slug":"bilgi-guvenligi-politikasi","status":"publish","type":"page","link":"https:\/\/www.designcangencer.com\/de\/politik-der-informationssicherheit\/","title":{"rendered":"Politik der Informationssicherheit"},"content":{"rendered":"<div class=\"fusion-fullwidth fullwidth-box fusion-builder-row-1 fusion-flex-container nonhundred-percent-fullwidth non-hundred-percent-height-scrolling\" style=\"background-color: rgba(255,255,255,0);background-position: center center;background-repeat: no-repeat;border-width: 0px 0px 0px 0px;border-color:hsla(var(--awb-color8-h),var(--awb-color8-s),var(--awb-color8-l),calc( var(--awb-color8-a) - 92% ));border-style:solid;\" ><div class=\"fusion-builder-row fusion-row fusion-flex-align-items-flex-start\" style=\"max-width:1476.8px;margin-left: calc(-4% \/ 2 );margin-right: calc(-4% \/ 2 );\"><div class=\"fusion-layout-column fusion_builder_column fusion-builder-column-0 fusion_builder_column_1_1 1_1 fusion-flex-column\"><div class=\"fusion-column-wrapper fusion-flex-justify-content-flex-start fusion-content-layout-column\" style=\"background-position:left top;background-blend-mode: overlay;background-repeat:no-repeat;-webkit-background-size:cover;-moz-background-size:cover;-o-background-size:cover;background-size:cover;padding: 0px 0px 0px 0px;\"><div class=\"fusion-text fusion-text-1\"><p>Als Design Can Gen\u00e7er sind uns die Privatsph\u00e4re unserer Kunden und Besucher sowie die Sicherheit ihrer Daten wichtig. Diese Informationssicherheitspolitik wurde erstellt, um Informationen dar\u00fcber bereitzustellen, wie Ihre und die Daten unserer Nutzer gesammelt, verwendet, weitergegeben und gesch\u00fctzt werden.<\/p>\n<p><strong>1. die Erhebung und Nutzung von Informationen<\/strong><\/p>\n<p>Design Can Gen\u00e7er kann automatisch bestimmte Informationen sammeln, wenn Nutzer unsere Website besuchen. Diese Informationen k\u00f6nnen technische Daten wie IP-Adresse, Browsertyp, Betriebssystem, Datum und Uhrzeit des Besuchs umfassen. Diese Informationen werden verwendet, um die Leistung der Website zu analysieren, die Benutzerfreundlichkeit zu verbessern und die Sicherheit der Website zu gew\u00e4hrleisten.<\/p>\n<p>Wenn Nutzer die Kontaktformulare auf unserer Website verwenden, fragen wir au\u00dferdem nach pers\u00f6nlichen Daten wie Name, E-Mail-Adresse und Kontaktangaben. Diese Informationen werden verwendet, um Ihre Anfragen zu beantworten, Ihre W\u00fcnsche zu erf\u00fcllen und Sie mit Informationen zu versorgen. Im Einklang mit unserer Datenschutzpolitik bewahren wir diese Daten sicher auf und geben sie nicht ohne Ihre Zustimmung an Dritte weiter.<\/p>\n<p><strong>2) Informationsaustausch<\/strong><\/p>\n<p>Design Can Gen\u00e7er kann Kundendaten weitergeben, wenn dies aufgrund rechtlicher Verpflichtungen oder geltender Gesetze erforderlich ist. Ansonsten geben wir keine Kundeninformationen an Dritte zu kommerziellen Zwecken weiter oder verkaufen sie.<\/p>\n<p><strong>3. die Informationssicherheit<\/strong><\/p>\n<p>Design Can Gen\u00e7er setzt geeignete physische, elektronische und verwaltungstechnische Verfahren ein, um die Sicherheit der Kundendaten zu gew\u00e4hrleisten. Diese Verfahren sind so konzipiert, dass sie den unbefugten Zugang, die unbefugte Nutzung oder die unbefugte Offenlegung von Informationen verhindern.<\/p>\n<p><strong>4. kekse<\/strong><\/p>\n<p>Design Can Gen\u00e7er kann Cookies verwenden, um die Leistung der Website zu verbessern, die Benutzerfreundlichkeit zu erh\u00f6hen und Ihre Pr\u00e4ferenzen zu speichern. Sie k\u00f6nnen in Ihren Browsereinstellungen festlegen, ob Sie Cookies akzeptieren oder ablehnen. In einigen F\u00e4llen kann die Deaktivierung von Cookies jedoch dazu f\u00fchren, dass einige Funktionen unserer Website nicht richtig funktionieren.<\/p>\n<p><strong>5. externe Verbindungen<\/strong><\/p>\n<p>Unsere Website kann externe Links zu anderen Websites oder Ressourcen enthalten. Wir sind nicht verantwortlich f\u00fcr die Datenschutzrichtlinien oder den Inhalt dieser externen Links. Wir empfehlen Ihnen, die Datenschutzrichtlinien der jeweiligen Website zu lesen, bevor Sie den Links folgen.<\/p>\n<p><strong>6. aktualisierte Richtlinien<\/strong><\/p>\n<p>Die Informationssicherheitspolitik kann von Design Can Gen\u00e7er von Zeit zu Zeit \u00fcberpr\u00fcft und aktualisiert werden. Daher empfehlen wir Ihnen, unsere aktuellen Richtlinien zu beachten.<\/p>\n<p>Kontakt<\/p>\n<p>Wenn Sie Fragen oder Bedenken bez\u00fcglich der Informationssicherheitspolitik haben, wenden Sie sich bitte an info@designcangencer.com.<\/p>\n<p>Diese Informationssicherheitspolitik ist ab dem Datum ihrer letzten Aktualisierung g\u00fcltig.<\/p>\n<p>Letztes Aktualisierungsdatum: [Aktuell 14.07.2023]<\/p>\n<\/div><\/div><style type=\"text\/css\">.fusion-body .fusion-builder-column-0{width:100% !important;margin-top : 0px;margin-bottom : 0px;}.fusion-builder-column-0 > .fusion-column-wrapper {padding-top : 0px !important;padding-right : 0px !important;margin-right : 1.92%;padding-bottom : 0px !important;padding-left : 0px !important;margin-left : 1.92%;}@media only screen and (max-width:1024px) {.fusion-body .fusion-builder-column-0{width:100% !important;}.fusion-builder-column-0 > .fusion-column-wrapper {margin-right : 1.92%;margin-left : 1.92%;}}@media only screen and (max-width:640px) {.fusion-body .fusion-builder-column-0{width:100% !important;}.fusion-builder-column-0 > .fusion-column-wrapper {margin-right : 1.92%;margin-left : 1.92%;}}<\/style><\/div><\/div><style type=\"text\/css\">.fusion-body .fusion-flex-container.fusion-builder-row-1{ padding-top : 0px;margin-top : 0px;padding-right : 0px;padding-bottom : 0px;margin-bottom : 0px;padding-left : 0px;}<\/style><\/div>","protected":false},"excerpt":{"rendered":"","protected":false},"author":1,"featured_media":0,"parent":0,"menu_order":0,"comment_status":"closed","ping_status":"closed","template":"100-width.php","meta":{"om_disable_all_campaigns":false,"_monsterinsights_skip_tracking":false,"_monsterinsights_sitenote_active":false,"_monsterinsights_sitenote_note":"","_monsterinsights_sitenote_category":0,"footnotes":""},"class_list":["post-3475","page","type-page","status-publish","hentry"],"aioseo_notices":[],"_links":{"self":[{"href":"https:\/\/www.designcangencer.com\/de\/wp-json\/wp\/v2\/pages\/3475","targetHints":{"allow":["GET"]}}],"collection":[{"href":"https:\/\/www.designcangencer.com\/de\/wp-json\/wp\/v2\/pages"}],"about":[{"href":"https:\/\/www.designcangencer.com\/de\/wp-json\/wp\/v2\/types\/page"}],"author":[{"embeddable":true,"href":"https:\/\/www.designcangencer.com\/de\/wp-json\/wp\/v2\/users\/1"}],"replies":[{"embeddable":true,"href":"https:\/\/www.designcangencer.com\/de\/wp-json\/wp\/v2\/comments?post=3475"}],"version-history":[{"count":5,"href":"https:\/\/www.designcangencer.com\/de\/wp-json\/wp\/v2\/pages\/3475\/revisions"}],"predecessor-version":[{"id":4703,"href":"https:\/\/www.designcangencer.com\/de\/wp-json\/wp\/v2\/pages\/3475\/revisions\/4703"}],"wp:attachment":[{"href":"https:\/\/www.designcangencer.com\/de\/wp-json\/wp\/v2\/media?parent=3475"}],"curies":[{"name":"wp","href":"https:\/\/api.w.org\/{rel}","templated":true}]}}